{"id":296,"date":"2021-01-11T14:05:54","date_gmt":"2021-01-11T13:05:54","guid":{"rendered":"https:\/\/demistrecords.nl\/?post_type=product&#038;p=296"},"modified":"2022-07-06T12:05:38","modified_gmt":"2022-07-06T10:05:38","slug":"pg-lost-yes-i-am-remastered","status":"publish","type":"product","link":"https:\/\/demistrecords.nl\/de\/produkt\/pg-lost-yes-i-am-remastered\/","title":{"rendered":"PG.Lost &#8211; Yes I Am (Remastered)"},"content":{"rendered":"<p><iframe style=\"border: 0; width: 100%; height: 42px;\" src=\"https:\/\/bandcamp.com\/EmbeddedPlayer\/album=4220422996\/size=small\/bgcol=333333\/linkcol=0f91ff\/transparent=true\/\" seamless=\"\"><a href=\"https:\/\/pglost.bandcamp.com\/album\/yes-i-am-remastered\">Yes I Am (Remastered) by pg.lost<\/a><\/iframe><\/p>","protected":false},"excerpt":{"rendered":"<p>Die erste Version dieser remasterten Neuver\u00f6ffentlichung war in k\u00fcrzester Zeit ausverkauft. Dies ist die zweite Version auf Baby Blue Vinyl (weltweit auf nur 200 St\u00fcck limitiert) und wird mit einer 12-seitigen Brosch\u00fcre und einem Download des Live-Albums geliefert!<br \/>\nYes I Am ist das Deb\u00fctalbum von PG.Lost und hat dieses Schweden aus Norrk\u00f6ping sofort ins Rampenlicht ger\u00fcckt. Dieses Album erregte sofort die Aufmerksamkeit der Labels und brachte ihnen ihren ersten Plattenvertrag.<br \/>\nDas Re-Mastering dieser 12\"-EP wurde von niemand anderem als Magnus Lindberg (Russian Circles, Cult Of Luna usw.) durchgef\u00fchrt.<\/p>","protected":false},"featured_media":297,"comment_status":"closed","ping_status":"closed","template":"","meta":[],"product_brand":[],"product_cat":[17],"product_tag":[28],"class_list":{"0":"post-296","1":"product","2":"type-product","3":"status-publish","4":"has-post-thumbnail","6":"product_cat-vinyl-12-ep","7":"product_tag-post-rock","9":"first","10":"outofstock","11":"taxable","12":"shipping-taxable","13":"purchasable","14":"product-type-simple"},"bundled_by":[],"bundle_stock_status":"outofstock","bundle_stock_quantity":0,"bundle_virtual":false,"bundle_layout":"","bundle_add_to_cart_form_location":"","bundle_editable_in_cart":false,"bundle_sold_individually_context":"","bundle_item_grouping":"","bundle_min_size":"","bundle_max_size":"","bundle_price":[],"bundled_items":[],"bundle_sell_ids":[],"yoast_head":"<!-- This site is optimized with the Yoast SEO plugin v27.4 - https:\/\/yoast.com\/product\/yoast-seo-wordpress\/ -->\n<title>PG.Lost - Yes I Am (Remastered)<\/title>\n<meta name=\"description\" content=\"De eerste versie van deze geremasterde re-release was in no-time uitverkocht. Dit betreft de tweede versie op Baby Blue vinyl (gelimiteerd tot slechts 200 stuks wereldwijd) en komt inclusief een 12 pagina dikke booklet &amp; download van het live album! Yes I Am is het debuutalbum van PG.Lost en zette de zweden uit Norrk\u00f6ping direct in de spotlights. Dit album trok de onmiddellijk de aandacht van labels en bracht hun het eerste platencontract. De re-mastering van deze 12&quot; EP is gedaan door niemand minder dan Magnus Lindberg (o.a. Russian Circles, Cult Of Luna, etc.)\" \/>\n<meta name=\"robots\" content=\"index, follow, max-snippet:-1, max-image-preview:large, max-video-preview:-1\" \/>\n<link rel=\"canonical\" href=\"https:\/\/demistrecords.nl\/de\/produkt\/pg-lost-yes-i-am-remastered\/\" \/>\n<meta property=\"og:locale\" content=\"de_DE\" \/>\n<meta property=\"og:type\" content=\"article\" \/>\n<meta property=\"og:title\" content=\"PG.Lost - Yes I Am (Remastered)\" \/>\n<meta property=\"og:description\" content=\"De eerste versie van deze geremasterde re-release was in no-time uitverkocht. Dit betreft de tweede versie op Baby Blue vinyl (gelimiteerd tot slechts 200 stuks wereldwijd) en komt inclusief een 12 pagina dikke booklet &amp; download van het live album! Yes I Am is het debuutalbum van PG.Lost en zette de zweden uit Norrk\u00f6ping direct in de spotlights. Dit album trok de onmiddellijk de aandacht van labels en bracht hun het eerste platencontract. De re-mastering van deze 12&quot; EP is gedaan door niemand minder dan Magnus Lindberg (o.a. Russian Circles, Cult Of Luna, etc.)\" \/>\n<meta property=\"og:url\" content=\"https:\/\/demistrecords.nl\/de\/produkt\/pg-lost-yes-i-am-remastered\/\" \/>\n<meta property=\"og:site_name\" content=\"De Mist Records\" \/>\n<meta property=\"article:publisher\" content=\"https:\/\/www.facebook.com\/demistrecordsnl\" \/>\n<meta property=\"article:modified_time\" content=\"2022-07-06T10:05:38+00:00\" \/>\n<meta property=\"og:image\" content=\"https:\/\/demistrecords.nl\/wp-content\/uploads\/2021\/01\/pglost_yesiam_baby-blue_vinyl.jpg\" \/>\n\t<meta property=\"og:image:width\" content=\"2400\" \/>\n\t<meta property=\"og:image:height\" content=\"2400\" \/>\n\t<meta property=\"og:image:type\" content=\"image\/jpeg\" \/>\n<meta name=\"twitter:card\" content=\"summary_large_image\" \/>\n<meta name=\"twitter:site\" content=\"@deathroo1\" \/>\n<script type=\"application\/ld+json\" class=\"yoast-schema-graph\">{\"@context\":\"https:\\\/\\\/schema.org\",\"@graph\":[{\"@type\":[\"WebPage\",\"ItemPage\"],\"@id\":\"https:\\\/\\\/demistrecords.nl\\\/en\\\/product\\\/pg-lost-yes-i-am-remastered\\\/\",\"url\":\"https:\\\/\\\/demistrecords.nl\\\/en\\\/product\\\/pg-lost-yes-i-am-remastered\\\/\",\"name\":\"PG.Lost - Yes I Am (Remastered)\",\"isPartOf\":{\"@id\":\"https:\\\/\\\/demistrecords.nl\\\/#website\"},\"primaryImageOfPage\":{\"@id\":\"https:\\\/\\\/demistrecords.nl\\\/en\\\/product\\\/pg-lost-yes-i-am-remastered\\\/#primaryimage\"},\"image\":{\"@id\":\"https:\\\/\\\/demistrecords.nl\\\/en\\\/product\\\/pg-lost-yes-i-am-remastered\\\/#primaryimage\"},\"thumbnailUrl\":\"https:\\\/\\\/demistrecords.nl\\\/wp-content\\\/uploads\\\/2021\\\/01\\\/pglost_yesiam_baby-blue_vinyl.jpg\",\"datePublished\":\"2021-01-11T13:05:54+00:00\",\"dateModified\":\"2022-07-06T10:05:38+00:00\",\"description\":\"De eerste versie van deze geremasterde re-release was in no-time uitverkocht. Dit betreft de tweede versie op Baby Blue vinyl (gelimiteerd tot slechts 200 stuks wereldwijd) en komt inclusief een 12 pagina dikke booklet &amp; download van het live album! Yes I Am is het debuutalbum van PG.Lost en zette de zweden uit Norrk\u00f6ping direct in de spotlights. Dit album trok de onmiddellijk de aandacht van labels en bracht hun het eerste platencontract. De re-mastering van deze 12\\\" EP is gedaan door niemand minder dan Magnus Lindberg (o.a. Russian Circles, Cult Of Luna, etc.)\",\"breadcrumb\":{\"@id\":\"https:\\\/\\\/demistrecords.nl\\\/en\\\/product\\\/pg-lost-yes-i-am-remastered\\\/#breadcrumb\"},\"inLanguage\":\"de\",\"potentialAction\":[{\"@type\":\"ReadAction\",\"target\":[\"https:\\\/\\\/demistrecords.nl\\\/en\\\/product\\\/pg-lost-yes-i-am-remastered\\\/\"]}]},{\"@type\":\"ImageObject\",\"inLanguage\":\"de\",\"@id\":\"https:\\\/\\\/demistrecords.nl\\\/en\\\/product\\\/pg-lost-yes-i-am-remastered\\\/#primaryimage\",\"url\":\"https:\\\/\\\/demistrecords.nl\\\/wp-content\\\/uploads\\\/2021\\\/01\\\/pglost_yesiam_baby-blue_vinyl.jpg\",\"contentUrl\":\"https:\\\/\\\/demistrecords.nl\\\/wp-content\\\/uploads\\\/2021\\\/01\\\/pglost_yesiam_baby-blue_vinyl.jpg\",\"width\":2400,\"height\":2400},{\"@type\":\"BreadcrumbList\",\"@id\":\"https:\\\/\\\/demistrecords.nl\\\/en\\\/product\\\/pg-lost-yes-i-am-remastered\\\/#breadcrumb\",\"itemListElement\":[{\"@type\":\"ListItem\",\"position\":1,\"name\":\"Home\",\"item\":\"https:\\\/\\\/demistrecords.nl\\\/\"},{\"@type\":\"ListItem\",\"position\":2,\"name\":\"Shop\",\"item\":\"https:\\\/\\\/demistrecords.nl\\\/shop\\\/\"},{\"@type\":\"ListItem\",\"position\":3,\"name\":\"PG.Lost &#8211; Yes I Am (Remastered)\"}]},{\"@type\":\"WebSite\",\"@id\":\"https:\\\/\\\/demistrecords.nl\\\/#website\",\"url\":\"https:\\\/\\\/demistrecords.nl\\\/\",\"name\":\"De Mist Records\",\"description\":\"Post-rock and related music\",\"publisher\":{\"@id\":\"https:\\\/\\\/demistrecords.nl\\\/#organization\"},\"potentialAction\":[{\"@type\":\"SearchAction\",\"target\":{\"@type\":\"EntryPoint\",\"urlTemplate\":\"https:\\\/\\\/demistrecords.nl\\\/?s={search_term_string}\"},\"query-input\":{\"@type\":\"PropertyValueSpecification\",\"valueRequired\":true,\"valueName\":\"search_term_string\"}}],\"inLanguage\":\"de\"},{\"@type\":\"Organization\",\"@id\":\"https:\\\/\\\/demistrecords.nl\\\/#organization\",\"name\":\"De Mist Records\",\"url\":\"https:\\\/\\\/demistrecords.nl\\\/\",\"logo\":{\"@type\":\"ImageObject\",\"inLanguage\":\"de\",\"@id\":\"https:\\\/\\\/demistrecords.nl\\\/#\\\/schema\\\/logo\\\/image\\\/\",\"url\":\"https:\\\/\\\/demistrecords.nl\\\/wp-content\\\/uploads\\\/2020\\\/12\\\/logo-de-mist-records-rond.png\",\"contentUrl\":\"https:\\\/\\\/demistrecords.nl\\\/wp-content\\\/uploads\\\/2020\\\/12\\\/logo-de-mist-records-rond.png\",\"width\":500,\"height\":500,\"caption\":\"De Mist Records\"},\"image\":{\"@id\":\"https:\\\/\\\/demistrecords.nl\\\/#\\\/schema\\\/logo\\\/image\\\/\"},\"sameAs\":[\"https:\\\/\\\/www.facebook.com\\\/demistrecordsnl\",\"https:\\\/\\\/x.com\\\/deathroo1\",\"https:\\\/\\\/www.instagram.com\\\/demist_records\\\/\"]}]}<\/script>\n<!-- \/ Yoast SEO plugin. -->","yoast_head_json":{"title":"PG.Lost - Yes I Am (Remastered)","description":"De eerste versie van deze geremasterde re-release was in no-time uitverkocht. Dit betreft de tweede versie op Baby Blue vinyl (gelimiteerd tot slechts 200 stuks wereldwijd) en komt inclusief een 12 pagina dikke booklet &amp; download van het live album! Yes I Am is het debuutalbum van PG.Lost en zette de zweden uit Norrk\u00f6ping direct in de spotlights. Dit album trok de onmiddellijk de aandacht van labels en bracht hun het eerste platencontract. De re-mastering van deze 12\" EP is gedaan door niemand minder dan Magnus Lindberg (o.a. Russian Circles, Cult Of Luna, etc.)","robots":{"index":"index","follow":"follow","max-snippet":"max-snippet:-1","max-image-preview":"max-image-preview:large","max-video-preview":"max-video-preview:-1"},"canonical":"https:\/\/demistrecords.nl\/de\/produkt\/pg-lost-yes-i-am-remastered\/","og_locale":"de_DE","og_type":"article","og_title":"PG.Lost - Yes I Am (Remastered)","og_description":"De eerste versie van deze geremasterde re-release was in no-time uitverkocht. Dit betreft de tweede versie op Baby Blue vinyl (gelimiteerd tot slechts 200 stuks wereldwijd) en komt inclusief een 12 pagina dikke booklet &amp; download van het live album! Yes I Am is het debuutalbum van PG.Lost en zette de zweden uit Norrk\u00f6ping direct in de spotlights. Dit album trok de onmiddellijk de aandacht van labels en bracht hun het eerste platencontract. De re-mastering van deze 12\" EP is gedaan door niemand minder dan Magnus Lindberg (o.a. Russian Circles, Cult Of Luna, etc.)","og_url":"https:\/\/demistrecords.nl\/de\/produkt\/pg-lost-yes-i-am-remastered\/","og_site_name":"De Mist Records","article_publisher":"https:\/\/www.facebook.com\/demistrecordsnl","article_modified_time":"2022-07-06T10:05:38+00:00","og_image":[{"width":2400,"height":2400,"url":"https:\/\/demistrecords.nl\/wp-content\/uploads\/2021\/01\/pglost_yesiam_baby-blue_vinyl.jpg","type":"image\/jpeg"}],"twitter_card":"summary_large_image","twitter_site":"@deathroo1","schema":{"@context":"https:\/\/schema.org","@graph":[{"@type":["WebPage","ItemPage"],"@id":"https:\/\/demistrecords.nl\/en\/product\/pg-lost-yes-i-am-remastered\/","url":"https:\/\/demistrecords.nl\/en\/product\/pg-lost-yes-i-am-remastered\/","name":"PG.Lost - Yes I Am (Remastered)","isPartOf":{"@id":"https:\/\/demistrecords.nl\/#website"},"primaryImageOfPage":{"@id":"https:\/\/demistrecords.nl\/en\/product\/pg-lost-yes-i-am-remastered\/#primaryimage"},"image":{"@id":"https:\/\/demistrecords.nl\/en\/product\/pg-lost-yes-i-am-remastered\/#primaryimage"},"thumbnailUrl":"https:\/\/demistrecords.nl\/wp-content\/uploads\/2021\/01\/pglost_yesiam_baby-blue_vinyl.jpg","datePublished":"2021-01-11T13:05:54+00:00","dateModified":"2022-07-06T10:05:38+00:00","description":"De eerste versie van deze geremasterde re-release was in no-time uitverkocht. Dit betreft de tweede versie op Baby Blue vinyl (gelimiteerd tot slechts 200 stuks wereldwijd) en komt inclusief een 12 pagina dikke booklet &amp; download van het live album! Yes I Am is het debuutalbum van PG.Lost en zette de zweden uit Norrk\u00f6ping direct in de spotlights. Dit album trok de onmiddellijk de aandacht van labels en bracht hun het eerste platencontract. De re-mastering van deze 12\" EP is gedaan door niemand minder dan Magnus Lindberg (o.a. Russian Circles, Cult Of Luna, etc.)","breadcrumb":{"@id":"https:\/\/demistrecords.nl\/en\/product\/pg-lost-yes-i-am-remastered\/#breadcrumb"},"inLanguage":"de","potentialAction":[{"@type":"ReadAction","target":["https:\/\/demistrecords.nl\/en\/product\/pg-lost-yes-i-am-remastered\/"]}]},{"@type":"ImageObject","inLanguage":"de","@id":"https:\/\/demistrecords.nl\/en\/product\/pg-lost-yes-i-am-remastered\/#primaryimage","url":"https:\/\/demistrecords.nl\/wp-content\/uploads\/2021\/01\/pglost_yesiam_baby-blue_vinyl.jpg","contentUrl":"https:\/\/demistrecords.nl\/wp-content\/uploads\/2021\/01\/pglost_yesiam_baby-blue_vinyl.jpg","width":2400,"height":2400},{"@type":"BreadcrumbList","@id":"https:\/\/demistrecords.nl\/en\/product\/pg-lost-yes-i-am-remastered\/#breadcrumb","itemListElement":[{"@type":"ListItem","position":1,"name":"Home","item":"https:\/\/demistrecords.nl\/"},{"@type":"ListItem","position":2,"name":"Shop","item":"https:\/\/demistrecords.nl\/shop\/"},{"@type":"ListItem","position":3,"name":"PG.Lost &#8211; Yes I Am (Remastered)"}]},{"@type":"WebSite","@id":"https:\/\/demistrecords.nl\/#website","url":"https:\/\/demistrecords.nl\/","name":"De Mist Records","description":"Post-rock and related music","publisher":{"@id":"https:\/\/demistrecords.nl\/#organization"},"potentialAction":[{"@type":"SearchAction","target":{"@type":"EntryPoint","urlTemplate":"https:\/\/demistrecords.nl\/?s={search_term_string}"},"query-input":{"@type":"PropertyValueSpecification","valueRequired":true,"valueName":"search_term_string"}}],"inLanguage":"de"},{"@type":"Organization","@id":"https:\/\/demistrecords.nl\/#organization","name":"De Mist Records","url":"https:\/\/demistrecords.nl\/","logo":{"@type":"ImageObject","inLanguage":"de","@id":"https:\/\/demistrecords.nl\/#\/schema\/logo\/image\/","url":"https:\/\/demistrecords.nl\/wp-content\/uploads\/2020\/12\/logo-de-mist-records-rond.png","contentUrl":"https:\/\/demistrecords.nl\/wp-content\/uploads\/2020\/12\/logo-de-mist-records-rond.png","width":500,"height":500,"caption":"De Mist Records"},"image":{"@id":"https:\/\/demistrecords.nl\/#\/schema\/logo\/image\/"},"sameAs":["https:\/\/www.facebook.com\/demistrecordsnl","https:\/\/x.com\/deathroo1","https:\/\/www.instagram.com\/demist_records\/"]}]}},"_links":{"self":[{"href":"https:\/\/demistrecords.nl\/de\/wp-json\/wp\/v2\/product\/296","targetHints":{"allow":["GET"]}}],"collection":[{"href":"https:\/\/demistrecords.nl\/de\/wp-json\/wp\/v2\/product"}],"about":[{"href":"https:\/\/demistrecords.nl\/de\/wp-json\/wp\/v2\/types\/product"}],"replies":[{"embeddable":true,"href":"https:\/\/demistrecords.nl\/de\/wp-json\/wp\/v2\/comments?post=296"}],"wp:featuredmedia":[{"embeddable":true,"href":"https:\/\/demistrecords.nl\/de\/wp-json\/wp\/v2\/media\/297"}],"wp:attachment":[{"href":"https:\/\/demistrecords.nl\/de\/wp-json\/wp\/v2\/media?parent=296"}],"wp:term":[{"taxonomy":"product_brand","embeddable":true,"href":"https:\/\/demistrecords.nl\/de\/wp-json\/wp\/v2\/product_brand?post=296"},{"taxonomy":"product_cat","embeddable":true,"href":"https:\/\/demistrecords.nl\/de\/wp-json\/wp\/v2\/product_cat?post=296"},{"taxonomy":"product_tag","embeddable":true,"href":"https:\/\/demistrecords.nl\/de\/wp-json\/wp\/v2\/product_tag?post=296"}],"curies":[{"name":"wp","href":"https:\/\/api.w.org\/{rel}","templated":true}]}}