{"id":298,"date":"2021-01-11T14:32:26","date_gmt":"2021-01-11T13:32:26","guid":{"rendered":"https:\/\/demistrecords.nl\/?post_type=product&#038;p=298"},"modified":"2023-07-31T10:44:27","modified_gmt":"2023-07-31T08:44:27","slug":"caspian-tertia","status":"publish","type":"product","link":"https:\/\/demistrecords.nl\/de\/produkt\/caspian-tertia\/","title":{"rendered":"Caspian &#8211; Tertia"},"content":{"rendered":"<p><iframe style=\"border: 0; width: 100%; height: 42px;\" src=\"https:\/\/bandcamp.com\/EmbeddedPlayer\/album=4006129409\/size=small\/bgcol=333333\/linkcol=0f91ff\/transparent=true\/\" seamless=\"\"><a href=\"https:\/\/caspiantheband.bandcamp.com\/album\/tertia\">Tertia by Caspian<\/a><\/iframe><\/p>","protected":false},"excerpt":{"rendered":"<p>Tertia ist das zweite vollwertige Album, das die amerikanische Post-Rock-Band Caspian 2009 ver\u00f6ffentlichte. Das Album erhielt weltweit nur positive Kritiken und ist heutzutage eine Art Beispiel f\u00fcr viele Bands. Ein Album, das den Sound von Post Rock zu dieser Zeit f\u00fcr immer beeinflussen w\u00fcrde. Nachdem es 5 Jahre lang nicht verf\u00fcgbar war, wurde es endlich wieder ver\u00f6ffentlicht und kommt auf wundersch\u00f6nem La Vie En Rose Vinyl.<\/p>","protected":false},"featured_media":307,"comment_status":"closed","ping_status":"closed","template":"","meta":[],"product_brand":[],"product_cat":[16],"product_tag":[28],"class_list":{"0":"post-298","1":"product","2":"type-product","3":"status-publish","4":"has-post-thumbnail","6":"product_cat-vinyl-12-2xlp","7":"product_tag-post-rock","9":"first","10":"outofstock","11":"taxable","12":"shipping-taxable","13":"purchasable","14":"product-type-simple"},"bundled_by":[],"bundle_stock_status":"outofstock","bundle_stock_quantity":0,"bundle_virtual":false,"bundle_layout":"","bundle_add_to_cart_form_location":"","bundle_editable_in_cart":false,"bundle_sold_individually_context":"","bundle_item_grouping":"","bundle_min_size":"","bundle_max_size":"","bundle_price":[],"bundled_items":[],"bundle_sell_ids":[],"yoast_head":"<!-- This site is optimized with the Yoast SEO plugin v27.4 - https:\/\/yoast.com\/product\/yoast-seo-wordpress\/ -->\n<title>Caspian - Tertia<\/title>\n<meta name=\"description\" content=\"Tertia is het tweede volwaardige album dat de Amerikaanse post-rockband Caspian uitbracht in 2009. Het album ontving wereldwijd louter positieve kritieken en geldt tegenwoordig als een soort blauwdruk voor heel veel bands. Een album dat de sound van postrock destijds voorgoed zou be\u00efnvloeden. Na 5 jaar niet meer verkrijgbaar te zijn geweest is deze eindelijk opnieuw uitgebracht en wordt geleverd op prachtig La Vie En Rose vinyl.\" \/>\n<meta name=\"robots\" content=\"index, follow, max-snippet:-1, max-image-preview:large, max-video-preview:-1\" \/>\n<link rel=\"canonical\" href=\"https:\/\/demistrecords.nl\/de\/produkt\/caspian-tertia\/\" \/>\n<meta property=\"og:locale\" content=\"de_DE\" \/>\n<meta property=\"og:type\" content=\"article\" \/>\n<meta property=\"og:title\" content=\"Caspian - Tertia\" \/>\n<meta property=\"og:description\" content=\"Tertia is het tweede volwaardige album dat de Amerikaanse post-rockband Caspian uitbracht in 2009. Het album ontving wereldwijd louter positieve kritieken en geldt tegenwoordig als een soort blauwdruk voor heel veel bands. Een album dat de sound van postrock destijds voorgoed zou be\u00efnvloeden. Na 5 jaar niet meer verkrijgbaar te zijn geweest is deze eindelijk opnieuw uitgebracht en wordt geleverd op prachtig La Vie En Rose vinyl.\" \/>\n<meta property=\"og:url\" content=\"https:\/\/demistrecords.nl\/de\/produkt\/caspian-tertia\/\" \/>\n<meta property=\"og:site_name\" content=\"De Mist Records\" \/>\n<meta property=\"article:publisher\" content=\"https:\/\/www.facebook.com\/demistrecordsnl\" \/>\n<meta property=\"article:modified_time\" content=\"2023-07-31T08:44:27+00:00\" \/>\n<meta property=\"og:image\" content=\"https:\/\/demistrecords.nl\/wp-content\/uploads\/2021\/01\/Caspian-Tertia-LaVieEnRose-1x1-1.jpg\" \/>\n\t<meta property=\"og:image:width\" content=\"1080\" \/>\n\t<meta property=\"og:image:height\" content=\"1080\" \/>\n\t<meta property=\"og:image:type\" content=\"image\/jpeg\" \/>\n<meta name=\"twitter:card\" content=\"summary_large_image\" \/>\n<meta name=\"twitter:site\" content=\"@deathroo1\" \/>\n<meta name=\"twitter:label1\" content=\"Gesch\u00e4tzte Lesezeit\" \/>\n\t<meta name=\"twitter:data1\" content=\"1\u00a0Minute\" \/>\n<script type=\"application\/ld+json\" class=\"yoast-schema-graph\">{\"@context\":\"https:\\\/\\\/schema.org\",\"@graph\":[{\"@type\":[\"WebPage\",\"ItemPage\"],\"@id\":\"https:\\\/\\\/demistrecords.nl\\\/product\\\/caspian-tertia\\\/\",\"url\":\"https:\\\/\\\/demistrecords.nl\\\/product\\\/caspian-tertia\\\/\",\"name\":\"Caspian - Tertia\",\"isPartOf\":{\"@id\":\"https:\\\/\\\/demistrecords.nl\\\/#website\"},\"primaryImageOfPage\":{\"@id\":\"https:\\\/\\\/demistrecords.nl\\\/product\\\/caspian-tertia\\\/#primaryimage\"},\"image\":{\"@id\":\"https:\\\/\\\/demistrecords.nl\\\/product\\\/caspian-tertia\\\/#primaryimage\"},\"thumbnailUrl\":\"https:\\\/\\\/demistrecords.nl\\\/wp-content\\\/uploads\\\/2021\\\/01\\\/Caspian-Tertia-LaVieEnRose-1x1-1.jpg\",\"datePublished\":\"2021-01-11T13:32:26+00:00\",\"dateModified\":\"2023-07-31T08:44:27+00:00\",\"description\":\"Tertia is het tweede volwaardige album dat de Amerikaanse post-rockband Caspian uitbracht in 2009. Het album ontving wereldwijd louter positieve kritieken en geldt tegenwoordig als een soort blauwdruk voor heel veel bands. Een album dat de sound van postrock destijds voorgoed zou be\u00efnvloeden. Na 5 jaar niet meer verkrijgbaar te zijn geweest is deze eindelijk opnieuw uitgebracht en wordt geleverd op prachtig La Vie En Rose vinyl.\",\"breadcrumb\":{\"@id\":\"https:\\\/\\\/demistrecords.nl\\\/product\\\/caspian-tertia\\\/#breadcrumb\"},\"inLanguage\":\"de\",\"potentialAction\":[{\"@type\":\"ReadAction\",\"target\":[\"https:\\\/\\\/demistrecords.nl\\\/product\\\/caspian-tertia\\\/\"]}]},{\"@type\":\"ImageObject\",\"inLanguage\":\"de\",\"@id\":\"https:\\\/\\\/demistrecords.nl\\\/product\\\/caspian-tertia\\\/#primaryimage\",\"url\":\"https:\\\/\\\/demistrecords.nl\\\/wp-content\\\/uploads\\\/2021\\\/01\\\/Caspian-Tertia-LaVieEnRose-1x1-1.jpg\",\"contentUrl\":\"https:\\\/\\\/demistrecords.nl\\\/wp-content\\\/uploads\\\/2021\\\/01\\\/Caspian-Tertia-LaVieEnRose-1x1-1.jpg\",\"width\":1080,\"height\":1080},{\"@type\":\"BreadcrumbList\",\"@id\":\"https:\\\/\\\/demistrecords.nl\\\/product\\\/caspian-tertia\\\/#breadcrumb\",\"itemListElement\":[{\"@type\":\"ListItem\",\"position\":1,\"name\":\"Home\",\"item\":\"https:\\\/\\\/demistrecords.nl\\\/\"},{\"@type\":\"ListItem\",\"position\":2,\"name\":\"Shop\",\"item\":\"https:\\\/\\\/demistrecords.nl\\\/shop\\\/\"},{\"@type\":\"ListItem\",\"position\":3,\"name\":\"Caspian &#8211; Tertia\"}]},{\"@type\":\"WebSite\",\"@id\":\"https:\\\/\\\/demistrecords.nl\\\/#website\",\"url\":\"https:\\\/\\\/demistrecords.nl\\\/\",\"name\":\"De Mist Records\",\"description\":\"Post-rock and related music\",\"publisher\":{\"@id\":\"https:\\\/\\\/demistrecords.nl\\\/#organization\"},\"potentialAction\":[{\"@type\":\"SearchAction\",\"target\":{\"@type\":\"EntryPoint\",\"urlTemplate\":\"https:\\\/\\\/demistrecords.nl\\\/?s={search_term_string}\"},\"query-input\":{\"@type\":\"PropertyValueSpecification\",\"valueRequired\":true,\"valueName\":\"search_term_string\"}}],\"inLanguage\":\"de\"},{\"@type\":\"Organization\",\"@id\":\"https:\\\/\\\/demistrecords.nl\\\/#organization\",\"name\":\"De Mist Records\",\"url\":\"https:\\\/\\\/demistrecords.nl\\\/\",\"logo\":{\"@type\":\"ImageObject\",\"inLanguage\":\"de\",\"@id\":\"https:\\\/\\\/demistrecords.nl\\\/#\\\/schema\\\/logo\\\/image\\\/\",\"url\":\"https:\\\/\\\/demistrecords.nl\\\/wp-content\\\/uploads\\\/2020\\\/12\\\/logo-de-mist-records-rond.png\",\"contentUrl\":\"https:\\\/\\\/demistrecords.nl\\\/wp-content\\\/uploads\\\/2020\\\/12\\\/logo-de-mist-records-rond.png\",\"width\":500,\"height\":500,\"caption\":\"De Mist Records\"},\"image\":{\"@id\":\"https:\\\/\\\/demistrecords.nl\\\/#\\\/schema\\\/logo\\\/image\\\/\"},\"sameAs\":[\"https:\\\/\\\/www.facebook.com\\\/demistrecordsnl\",\"https:\\\/\\\/x.com\\\/deathroo1\",\"https:\\\/\\\/www.instagram.com\\\/demist_records\\\/\"]}]}<\/script>\n<!-- \/ Yoast SEO plugin. -->","yoast_head_json":{"title":"Caspian - Tertia","description":"Tertia ist das zweite vollwertige Album, das die amerikanische Post-Rock-Band Caspian 2009 ver\u00f6ffentlichte. Das Album erhielt weltweit nur positive Kritiken und ist heutzutage eine Art Beispiel f\u00fcr viele Bands. Ein Album, das den Sound von Post Rock zu dieser Zeit f\u00fcr immer beeinflussen w\u00fcrde. Nachdem es 5 Jahre lang nicht verf\u00fcgbar war, wurde es endlich wieder ver\u00f6ffentlicht und kommt auf wundersch\u00f6nem La Vie En Rose Vinyl.","robots":{"index":"index","follow":"follow","max-snippet":"max-snippet:-1","max-image-preview":"max-image-preview:large","max-video-preview":"max-video-preview:-1"},"canonical":"https:\/\/demistrecords.nl\/de\/produkt\/caspian-tertia\/","og_locale":"de_DE","og_type":"article","og_title":"Caspian - Tertia","og_description":"Tertia is het tweede volwaardige album dat de Amerikaanse post-rockband Caspian uitbracht in 2009. Het album ontving wereldwijd louter positieve kritieken en geldt tegenwoordig als een soort blauwdruk voor heel veel bands. Een album dat de sound van postrock destijds voorgoed zou be\u00efnvloeden. Na 5 jaar niet meer verkrijgbaar te zijn geweest is deze eindelijk opnieuw uitgebracht en wordt geleverd op prachtig La Vie En Rose vinyl.","og_url":"https:\/\/demistrecords.nl\/de\/produkt\/caspian-tertia\/","og_site_name":"De Mist Records","article_publisher":"https:\/\/www.facebook.com\/demistrecordsnl","article_modified_time":"2023-07-31T08:44:27+00:00","og_image":[{"width":1080,"height":1080,"url":"https:\/\/demistrecords.nl\/wp-content\/uploads\/2021\/01\/Caspian-Tertia-LaVieEnRose-1x1-1.jpg","type":"image\/jpeg"}],"twitter_card":"summary_large_image","twitter_site":"@deathroo1","twitter_misc":{"Gesch\u00e4tzte Lesezeit":"1\u00a0Minute"},"schema":{"@context":"https:\/\/schema.org","@graph":[{"@type":["WebPage","ItemPage"],"@id":"https:\/\/demistrecords.nl\/product\/caspian-tertia\/","url":"https:\/\/demistrecords.nl\/product\/caspian-tertia\/","name":"Caspian - Tertia","isPartOf":{"@id":"https:\/\/demistrecords.nl\/#website"},"primaryImageOfPage":{"@id":"https:\/\/demistrecords.nl\/product\/caspian-tertia\/#primaryimage"},"image":{"@id":"https:\/\/demistrecords.nl\/product\/caspian-tertia\/#primaryimage"},"thumbnailUrl":"https:\/\/demistrecords.nl\/wp-content\/uploads\/2021\/01\/Caspian-Tertia-LaVieEnRose-1x1-1.jpg","datePublished":"2021-01-11T13:32:26+00:00","dateModified":"2023-07-31T08:44:27+00:00","description":"Tertia ist das zweite vollwertige Album, das die amerikanische Post-Rock-Band Caspian 2009 ver\u00f6ffentlichte. Das Album erhielt weltweit nur positive Kritiken und ist heutzutage eine Art Beispiel f\u00fcr viele Bands. Ein Album, das den Sound von Post Rock zu dieser Zeit f\u00fcr immer beeinflussen w\u00fcrde. Nachdem es 5 Jahre lang nicht verf\u00fcgbar war, wurde es endlich wieder ver\u00f6ffentlicht und kommt auf wundersch\u00f6nem La Vie En Rose Vinyl.","breadcrumb":{"@id":"https:\/\/demistrecords.nl\/product\/caspian-tertia\/#breadcrumb"},"inLanguage":"de","potentialAction":[{"@type":"ReadAction","target":["https:\/\/demistrecords.nl\/product\/caspian-tertia\/"]}]},{"@type":"ImageObject","inLanguage":"de","@id":"https:\/\/demistrecords.nl\/product\/caspian-tertia\/#primaryimage","url":"https:\/\/demistrecords.nl\/wp-content\/uploads\/2021\/01\/Caspian-Tertia-LaVieEnRose-1x1-1.jpg","contentUrl":"https:\/\/demistrecords.nl\/wp-content\/uploads\/2021\/01\/Caspian-Tertia-LaVieEnRose-1x1-1.jpg","width":1080,"height":1080},{"@type":"BreadcrumbList","@id":"https:\/\/demistrecords.nl\/product\/caspian-tertia\/#breadcrumb","itemListElement":[{"@type":"ListItem","position":1,"name":"Home","item":"https:\/\/demistrecords.nl\/"},{"@type":"ListItem","position":2,"name":"Shop","item":"https:\/\/demistrecords.nl\/shop\/"},{"@type":"ListItem","position":3,"name":"Caspian &#8211; Tertia"}]},{"@type":"WebSite","@id":"https:\/\/demistrecords.nl\/#website","url":"https:\/\/demistrecords.nl\/","name":"De Mist Records","description":"Post-rock and related music","publisher":{"@id":"https:\/\/demistrecords.nl\/#organization"},"potentialAction":[{"@type":"SearchAction","target":{"@type":"EntryPoint","urlTemplate":"https:\/\/demistrecords.nl\/?s={search_term_string}"},"query-input":{"@type":"PropertyValueSpecification","valueRequired":true,"valueName":"search_term_string"}}],"inLanguage":"de"},{"@type":"Organization","@id":"https:\/\/demistrecords.nl\/#organization","name":"De Mist Records","url":"https:\/\/demistrecords.nl\/","logo":{"@type":"ImageObject","inLanguage":"de","@id":"https:\/\/demistrecords.nl\/#\/schema\/logo\/image\/","url":"https:\/\/demistrecords.nl\/wp-content\/uploads\/2020\/12\/logo-de-mist-records-rond.png","contentUrl":"https:\/\/demistrecords.nl\/wp-content\/uploads\/2020\/12\/logo-de-mist-records-rond.png","width":500,"height":500,"caption":"De Mist Records"},"image":{"@id":"https:\/\/demistrecords.nl\/#\/schema\/logo\/image\/"},"sameAs":["https:\/\/www.facebook.com\/demistrecordsnl","https:\/\/x.com\/deathroo1","https:\/\/www.instagram.com\/demist_records\/"]}]}},"_links":{"self":[{"href":"https:\/\/demistrecords.nl\/de\/wp-json\/wp\/v2\/product\/298","targetHints":{"allow":["GET"]}}],"collection":[{"href":"https:\/\/demistrecords.nl\/de\/wp-json\/wp\/v2\/product"}],"about":[{"href":"https:\/\/demistrecords.nl\/de\/wp-json\/wp\/v2\/types\/product"}],"replies":[{"embeddable":true,"href":"https:\/\/demistrecords.nl\/de\/wp-json\/wp\/v2\/comments?post=298"}],"wp:featuredmedia":[{"embeddable":true,"href":"https:\/\/demistrecords.nl\/de\/wp-json\/wp\/v2\/media\/307"}],"wp:attachment":[{"href":"https:\/\/demistrecords.nl\/de\/wp-json\/wp\/v2\/media?parent=298"}],"wp:term":[{"taxonomy":"product_brand","embeddable":true,"href":"https:\/\/demistrecords.nl\/de\/wp-json\/wp\/v2\/product_brand?post=298"},{"taxonomy":"product_cat","embeddable":true,"href":"https:\/\/demistrecords.nl\/de\/wp-json\/wp\/v2\/product_cat?post=298"},{"taxonomy":"product_tag","embeddable":true,"href":"https:\/\/demistrecords.nl\/de\/wp-json\/wp\/v2\/product_tag?post=298"}],"curies":[{"name":"wp","href":"https:\/\/api.w.org\/{rel}","templated":true}]}}