{"id":301,"date":"2021-01-11T14:42:56","date_gmt":"2021-01-11T13:42:56","guid":{"rendered":"https:\/\/demistrecords.nl\/?post_type=product&#038;p=301"},"modified":"2024-06-06T21:42:33","modified_gmt":"2024-06-06T19:42:33","slug":"caspian-the-four-trees","status":"publish","type":"product","link":"https:\/\/demistrecords.nl\/de\/produkt\/caspian-the-four-trees\/","title":{"rendered":"Caspian &#8211; The Four Trees"},"content":{"rendered":"<p><iframe style=\"border: 0; width: 100%; height: 42px;\" src=\"https:\/\/bandcamp.com\/EmbeddedPlayer\/album=206718269\/size=small\/bgcol=333333\/linkcol=0f91ff\/transparent=true\/\" seamless=\"\"><a href=\"https:\/\/caspiantheband.bandcamp.com\/album\/the-four-trees\">The Four Trees by Caspian<\/a><\/iframe><\/p>","protected":false},"excerpt":{"rendered":"<p>Einige werden sagen, dass Caspian dem Post-Rock-Genre auf diesem Album nichts Neues hinzuf\u00fcgt, andere werden damit zufrieden sein. Vielleicht ist das genau die St\u00e4rke des Albums, weil es so erkennbar ist. The Four Trees wurde 2007 als Deb\u00fctalbum ver\u00f6ffentlicht und ist seit langem nicht mehr auf Vinyl erh\u00e4ltlich. Ideal f\u00fcr den Start-Post-Rock-Fan, aber auch f\u00fcr den erfahrenen Fan, der ein St\u00fcck Geschichte zu Hause haben m\u00f6chte.<br \/>\nKommt auf wundersch\u00f6nem La Vie En Rose Vinyl.<\/p>\n<p>Tipp: Diese Aufnahme sollte laut abgespielt werden!<\/p>","protected":false},"featured_media":306,"comment_status":"closed","ping_status":"closed","template":"","meta":[],"product_brand":[],"product_cat":[16],"product_tag":[28],"class_list":{"0":"post-301","1":"product","2":"type-product","3":"status-publish","4":"has-post-thumbnail","6":"product_cat-vinyl-12-2xlp","7":"product_tag-post-rock","9":"first","10":"instock","11":"taxable","12":"shipping-taxable","13":"purchasable","14":"product-type-simple"},"bundled_by":[],"bundle_stock_status":"instock","bundle_stock_quantity":1,"bundle_virtual":false,"bundle_layout":"","bundle_add_to_cart_form_location":"","bundle_editable_in_cart":false,"bundle_sold_individually_context":"","bundle_item_grouping":"","bundle_min_size":"","bundle_max_size":"","bundle_price":[],"bundled_items":[],"bundle_sell_ids":[],"yoast_head":"<!-- This site is optimized with the Yoast SEO plugin v27.4 - https:\/\/yoast.com\/product\/yoast-seo-wordpress\/ -->\n<title>Caspian - The Four Trees<\/title>\n<meta name=\"description\" content=\"Sommigen zullen zeggen dat Caspian op dit album niets nieuws aan het genre post-rock toevoegt, anderen zullen daar juist blij mee zijn. Wellicht is dit juist de kracht van het album, omdat het zo herkenbaar is. Oorspronkelijk verscheen The Four Trees als debuut-full-length in 2007 en is lange tijd niet meer op vinyl verkrijgbaar geweest. Ideaal voor de beginnende postrock-fan, maar ook voor de doorgewinterde fan die een stukje geschiedenis in huis wil hebben. Wordt geleverd op prachtig La Vie En Rose vinyl.  Tip: Afspelen op hoog volume!\" \/>\n<meta name=\"robots\" content=\"index, follow, max-snippet:-1, max-image-preview:large, max-video-preview:-1\" \/>\n<link rel=\"canonical\" href=\"https:\/\/demistrecords.nl\/de\/produkt\/caspian-the-four-trees\/\" \/>\n<meta property=\"og:locale\" content=\"de_DE\" \/>\n<meta property=\"og:type\" content=\"article\" \/>\n<meta property=\"og:title\" content=\"Caspian - The Four Trees\" \/>\n<meta property=\"og:description\" content=\"Sommigen zullen zeggen dat Caspian op dit album niets nieuws aan het genre post-rock toevoegt, anderen zullen daar juist blij mee zijn. Wellicht is dit juist de kracht van het album, omdat het zo herkenbaar is. Oorspronkelijk verscheen The Four Trees als debuut-full-length in 2007 en is lange tijd niet meer op vinyl verkrijgbaar geweest. Ideaal voor de beginnende postrock-fan, maar ook voor de doorgewinterde fan die een stukje geschiedenis in huis wil hebben. Wordt geleverd op prachtig La Vie En Rose vinyl.  Tip: Afspelen op hoog volume!\" \/>\n<meta property=\"og:url\" content=\"https:\/\/demistrecords.nl\/de\/produkt\/caspian-the-four-trees\/\" \/>\n<meta property=\"og:site_name\" content=\"De Mist Records\" \/>\n<meta property=\"article:publisher\" content=\"https:\/\/www.facebook.com\/demistrecordsnl\" \/>\n<meta property=\"article:modified_time\" content=\"2024-06-06T19:42:33+00:00\" \/>\n<meta property=\"og:image\" content=\"https:\/\/demistrecords.nl\/wp-content\/uploads\/2021\/01\/Caspian-The-Four-Trees-1x1-1.jpg\" \/>\n\t<meta property=\"og:image:width\" content=\"1080\" \/>\n\t<meta property=\"og:image:height\" content=\"1080\" \/>\n\t<meta property=\"og:image:type\" content=\"image\/jpeg\" \/>\n<meta name=\"twitter:card\" content=\"summary_large_image\" \/>\n<meta name=\"twitter:site\" content=\"@deathroo1\" \/>\n<meta name=\"twitter:label1\" content=\"Gesch\u00e4tzte Lesezeit\" \/>\n\t<meta name=\"twitter:data1\" content=\"1\u00a0Minute\" \/>\n<script type=\"application\/ld+json\" class=\"yoast-schema-graph\">{\"@context\":\"https:\\\/\\\/schema.org\",\"@graph\":[{\"@type\":[\"WebPage\",\"ItemPage\"],\"@id\":\"https:\\\/\\\/demistrecords.nl\\\/product\\\/caspian-the-four-trees\\\/\",\"url\":\"https:\\\/\\\/demistrecords.nl\\\/product\\\/caspian-the-four-trees\\\/\",\"name\":\"Caspian - The Four Trees\",\"isPartOf\":{\"@id\":\"https:\\\/\\\/demistrecords.nl\\\/#website\"},\"primaryImageOfPage\":{\"@id\":\"https:\\\/\\\/demistrecords.nl\\\/product\\\/caspian-the-four-trees\\\/#primaryimage\"},\"image\":{\"@id\":\"https:\\\/\\\/demistrecords.nl\\\/product\\\/caspian-the-four-trees\\\/#primaryimage\"},\"thumbnailUrl\":\"https:\\\/\\\/demistrecords.nl\\\/wp-content\\\/uploads\\\/2021\\\/01\\\/Caspian-The-Four-Trees-1x1-1.jpg\",\"datePublished\":\"2021-01-11T13:42:56+00:00\",\"dateModified\":\"2024-06-06T19:42:33+00:00\",\"description\":\"Sommigen zullen zeggen dat Caspian op dit album niets nieuws aan het genre post-rock toevoegt, anderen zullen daar juist blij mee zijn. Wellicht is dit juist de kracht van het album, omdat het zo herkenbaar is. Oorspronkelijk verscheen The Four Trees als debuut-full-length in 2007 en is lange tijd niet meer op vinyl verkrijgbaar geweest. Ideaal voor de beginnende postrock-fan, maar ook voor de doorgewinterde fan die een stukje geschiedenis in huis wil hebben. Wordt geleverd op prachtig La Vie En Rose vinyl. Tip: Afspelen op hoog volume!\",\"breadcrumb\":{\"@id\":\"https:\\\/\\\/demistrecords.nl\\\/product\\\/caspian-the-four-trees\\\/#breadcrumb\"},\"inLanguage\":\"de\",\"potentialAction\":[{\"@type\":\"ReadAction\",\"target\":[\"https:\\\/\\\/demistrecords.nl\\\/product\\\/caspian-the-four-trees\\\/\"]}]},{\"@type\":\"ImageObject\",\"inLanguage\":\"de\",\"@id\":\"https:\\\/\\\/demistrecords.nl\\\/product\\\/caspian-the-four-trees\\\/#primaryimage\",\"url\":\"https:\\\/\\\/demistrecords.nl\\\/wp-content\\\/uploads\\\/2021\\\/01\\\/Caspian-The-Four-Trees-1x1-1.jpg\",\"contentUrl\":\"https:\\\/\\\/demistrecords.nl\\\/wp-content\\\/uploads\\\/2021\\\/01\\\/Caspian-The-Four-Trees-1x1-1.jpg\",\"width\":1080,\"height\":1080},{\"@type\":\"BreadcrumbList\",\"@id\":\"https:\\\/\\\/demistrecords.nl\\\/product\\\/caspian-the-four-trees\\\/#breadcrumb\",\"itemListElement\":[{\"@type\":\"ListItem\",\"position\":1,\"name\":\"Home\",\"item\":\"https:\\\/\\\/demistrecords.nl\\\/\"},{\"@type\":\"ListItem\",\"position\":2,\"name\":\"Shop\",\"item\":\"https:\\\/\\\/demistrecords.nl\\\/shop\\\/\"},{\"@type\":\"ListItem\",\"position\":3,\"name\":\"Caspian &#8211; The Four Trees\"}]},{\"@type\":\"WebSite\",\"@id\":\"https:\\\/\\\/demistrecords.nl\\\/#website\",\"url\":\"https:\\\/\\\/demistrecords.nl\\\/\",\"name\":\"De Mist Records\",\"description\":\"Post-rock and related music\",\"publisher\":{\"@id\":\"https:\\\/\\\/demistrecords.nl\\\/#organization\"},\"potentialAction\":[{\"@type\":\"SearchAction\",\"target\":{\"@type\":\"EntryPoint\",\"urlTemplate\":\"https:\\\/\\\/demistrecords.nl\\\/?s={search_term_string}\"},\"query-input\":{\"@type\":\"PropertyValueSpecification\",\"valueRequired\":true,\"valueName\":\"search_term_string\"}}],\"inLanguage\":\"de\"},{\"@type\":\"Organization\",\"@id\":\"https:\\\/\\\/demistrecords.nl\\\/#organization\",\"name\":\"De Mist Records\",\"url\":\"https:\\\/\\\/demistrecords.nl\\\/\",\"logo\":{\"@type\":\"ImageObject\",\"inLanguage\":\"de\",\"@id\":\"https:\\\/\\\/demistrecords.nl\\\/#\\\/schema\\\/logo\\\/image\\\/\",\"url\":\"https:\\\/\\\/demistrecords.nl\\\/wp-content\\\/uploads\\\/2020\\\/12\\\/logo-de-mist-records-rond.png\",\"contentUrl\":\"https:\\\/\\\/demistrecords.nl\\\/wp-content\\\/uploads\\\/2020\\\/12\\\/logo-de-mist-records-rond.png\",\"width\":500,\"height\":500,\"caption\":\"De Mist Records\"},\"image\":{\"@id\":\"https:\\\/\\\/demistrecords.nl\\\/#\\\/schema\\\/logo\\\/image\\\/\"},\"sameAs\":[\"https:\\\/\\\/www.facebook.com\\\/demistrecordsnl\",\"https:\\\/\\\/x.com\\\/deathroo1\",\"https:\\\/\\\/www.instagram.com\\\/demist_records\\\/\"]}]}<\/script>\n<!-- \/ Yoast SEO plugin. -->","yoast_head_json":{"title":"Caspian - The Four Trees","description":"Sommigen zullen zeggen dat Caspian op dit album niets nieuws aan het genre post-rock toevoegt, anderen zullen daar juist blij mee zijn. Wellicht is dit juist de kracht van het album, omdat het zo herkenbaar is. Oorspronkelijk verscheen The Four Trees als debuut-full-length in 2007 en is lange tijd niet meer op vinyl verkrijgbaar geweest. Ideaal voor de beginnende postrock-fan, maar ook voor de doorgewinterde fan die een stukje geschiedenis in huis wil hebben. Wordt geleverd op prachtig La Vie En Rose vinyl.  Tip: Afspelen op hoog volume!","robots":{"index":"index","follow":"follow","max-snippet":"max-snippet:-1","max-image-preview":"max-image-preview:large","max-video-preview":"max-video-preview:-1"},"canonical":"https:\/\/demistrecords.nl\/de\/produkt\/caspian-the-four-trees\/","og_locale":"de_DE","og_type":"article","og_title":"Caspian - The Four Trees","og_description":"Sommigen zullen zeggen dat Caspian op dit album niets nieuws aan het genre post-rock toevoegt, anderen zullen daar juist blij mee zijn. Wellicht is dit juist de kracht van het album, omdat het zo herkenbaar is. Oorspronkelijk verscheen The Four Trees als debuut-full-length in 2007 en is lange tijd niet meer op vinyl verkrijgbaar geweest. Ideaal voor de beginnende postrock-fan, maar ook voor de doorgewinterde fan die een stukje geschiedenis in huis wil hebben. Wordt geleverd op prachtig La Vie En Rose vinyl.  Tip: Afspelen op hoog volume!","og_url":"https:\/\/demistrecords.nl\/de\/produkt\/caspian-the-four-trees\/","og_site_name":"De Mist Records","article_publisher":"https:\/\/www.facebook.com\/demistrecordsnl","article_modified_time":"2024-06-06T19:42:33+00:00","og_image":[{"width":1080,"height":1080,"url":"https:\/\/demistrecords.nl\/wp-content\/uploads\/2021\/01\/Caspian-The-Four-Trees-1x1-1.jpg","type":"image\/jpeg"}],"twitter_card":"summary_large_image","twitter_site":"@deathroo1","twitter_misc":{"Gesch\u00e4tzte Lesezeit":"1\u00a0Minute"},"schema":{"@context":"https:\/\/schema.org","@graph":[{"@type":["WebPage","ItemPage"],"@id":"https:\/\/demistrecords.nl\/product\/caspian-the-four-trees\/","url":"https:\/\/demistrecords.nl\/product\/caspian-the-four-trees\/","name":"Caspian - The Four Trees","isPartOf":{"@id":"https:\/\/demistrecords.nl\/#website"},"primaryImageOfPage":{"@id":"https:\/\/demistrecords.nl\/product\/caspian-the-four-trees\/#primaryimage"},"image":{"@id":"https:\/\/demistrecords.nl\/product\/caspian-the-four-trees\/#primaryimage"},"thumbnailUrl":"https:\/\/demistrecords.nl\/wp-content\/uploads\/2021\/01\/Caspian-The-Four-Trees-1x1-1.jpg","datePublished":"2021-01-11T13:42:56+00:00","dateModified":"2024-06-06T19:42:33+00:00","description":"Sommigen zullen zeggen dat Caspian op dit album niets nieuws aan het genre post-rock toevoegt, anderen zullen daar juist blij mee zijn. Wellicht is dit juist de kracht van het album, omdat het zo herkenbaar is. Oorspronkelijk verscheen The Four Trees als debuut-full-length in 2007 en is lange tijd niet meer op vinyl verkrijgbaar geweest. Ideaal voor de beginnende postrock-fan, maar ook voor de doorgewinterde fan die een stukje geschiedenis in huis wil hebben. Wordt geleverd op prachtig La Vie En Rose vinyl. Tip: Afspelen op hoog volume!","breadcrumb":{"@id":"https:\/\/demistrecords.nl\/product\/caspian-the-four-trees\/#breadcrumb"},"inLanguage":"de","potentialAction":[{"@type":"ReadAction","target":["https:\/\/demistrecords.nl\/product\/caspian-the-four-trees\/"]}]},{"@type":"ImageObject","inLanguage":"de","@id":"https:\/\/demistrecords.nl\/product\/caspian-the-four-trees\/#primaryimage","url":"https:\/\/demistrecords.nl\/wp-content\/uploads\/2021\/01\/Caspian-The-Four-Trees-1x1-1.jpg","contentUrl":"https:\/\/demistrecords.nl\/wp-content\/uploads\/2021\/01\/Caspian-The-Four-Trees-1x1-1.jpg","width":1080,"height":1080},{"@type":"BreadcrumbList","@id":"https:\/\/demistrecords.nl\/product\/caspian-the-four-trees\/#breadcrumb","itemListElement":[{"@type":"ListItem","position":1,"name":"Home","item":"https:\/\/demistrecords.nl\/"},{"@type":"ListItem","position":2,"name":"Shop","item":"https:\/\/demistrecords.nl\/shop\/"},{"@type":"ListItem","position":3,"name":"Caspian &#8211; The Four Trees"}]},{"@type":"WebSite","@id":"https:\/\/demistrecords.nl\/#website","url":"https:\/\/demistrecords.nl\/","name":"De Mist Records","description":"Post-rock and related music","publisher":{"@id":"https:\/\/demistrecords.nl\/#organization"},"potentialAction":[{"@type":"SearchAction","target":{"@type":"EntryPoint","urlTemplate":"https:\/\/demistrecords.nl\/?s={search_term_string}"},"query-input":{"@type":"PropertyValueSpecification","valueRequired":true,"valueName":"search_term_string"}}],"inLanguage":"de"},{"@type":"Organization","@id":"https:\/\/demistrecords.nl\/#organization","name":"De Mist Records","url":"https:\/\/demistrecords.nl\/","logo":{"@type":"ImageObject","inLanguage":"de","@id":"https:\/\/demistrecords.nl\/#\/schema\/logo\/image\/","url":"https:\/\/demistrecords.nl\/wp-content\/uploads\/2020\/12\/logo-de-mist-records-rond.png","contentUrl":"https:\/\/demistrecords.nl\/wp-content\/uploads\/2020\/12\/logo-de-mist-records-rond.png","width":500,"height":500,"caption":"De Mist Records"},"image":{"@id":"https:\/\/demistrecords.nl\/#\/schema\/logo\/image\/"},"sameAs":["https:\/\/www.facebook.com\/demistrecordsnl","https:\/\/x.com\/deathroo1","https:\/\/www.instagram.com\/demist_records\/"]}]}},"_links":{"self":[{"href":"https:\/\/demistrecords.nl\/de\/wp-json\/wp\/v2\/product\/301","targetHints":{"allow":["GET"]}}],"collection":[{"href":"https:\/\/demistrecords.nl\/de\/wp-json\/wp\/v2\/product"}],"about":[{"href":"https:\/\/demistrecords.nl\/de\/wp-json\/wp\/v2\/types\/product"}],"replies":[{"embeddable":true,"href":"https:\/\/demistrecords.nl\/de\/wp-json\/wp\/v2\/comments?post=301"}],"wp:featuredmedia":[{"embeddable":true,"href":"https:\/\/demistrecords.nl\/de\/wp-json\/wp\/v2\/media\/306"}],"wp:attachment":[{"href":"https:\/\/demistrecords.nl\/de\/wp-json\/wp\/v2\/media?parent=301"}],"wp:term":[{"taxonomy":"product_brand","embeddable":true,"href":"https:\/\/demistrecords.nl\/de\/wp-json\/wp\/v2\/product_brand?post=301"},{"taxonomy":"product_cat","embeddable":true,"href":"https:\/\/demistrecords.nl\/de\/wp-json\/wp\/v2\/product_cat?post=301"},{"taxonomy":"product_tag","embeddable":true,"href":"https:\/\/demistrecords.nl\/de\/wp-json\/wp\/v2\/product_tag?post=301"}],"curies":[{"name":"wp","href":"https:\/\/api.w.org\/{rel}","templated":true}]}}