{"id":308,"date":"2021-01-11T16:49:07","date_gmt":"2021-01-11T15:49:07","guid":{"rendered":"https:\/\/demistrecords.nl\/?post_type=product&#038;p=308"},"modified":"2021-11-22T18:56:13","modified_gmt":"2021-11-22T17:56:13","slug":"this-will-destroy-you-this-will-destroy-you-10th-anniversary-edition","status":"publish","type":"product","link":"https:\/\/demistrecords.nl\/de\/produkt\/this-will-destroy-you-this-will-destroy-you-10th-anniversary-edition\/","title":{"rendered":"This Will Destroy You &#8211; This Will Destroy You (10th anniversary edition)"},"content":{"rendered":"<p><iframe style=\"border: 0; width: 100%; height: 42px;\" src=\"https:\/\/bandcamp.com\/EmbeddedPlayer\/album=2927411665\/size=small\/bgcol=333333\/linkcol=0f91ff\/transparent=true\/\" seamless=\"\"><a href=\"https:\/\/thiswilldestroyyou.bandcamp.com\/album\/s-t-10th-anniversary-edition\">S\/T (10th Anniversary Edition) by This Will Destroy You<\/a><\/iframe><\/p>","protected":false},"excerpt":{"rendered":"<p>Das selbstbetitelte Studioalbum von This Will Destroy You wurde urspr\u00fcnglich im Jahr 2008 ver\u00f6ffentlicht. Die 10-j\u00e4hrige Jubil\u00e4umsausgabe enth\u00e4lt den bisher nicht geh\u00f6rten Song \u201eLanguage Of Memory\u201c, der exklusiv f\u00fcr diese Ver\u00f6ffentlichung erh\u00e4ltlich ist (auf der zus\u00e4tzlichen 7\"-Single). Das Albumcover und die Verpackung enthalten eine brandneue Variation der Originalvorlage, die auf der Gatefold-H\u00fclle in atemberaubenden Farben in Schwarz und Pantone-Metallic-Gold gedruckt ist. Das Vinyl ist auch in Gold und Schwarz.<\/p>\n<p>Nur ein paar Dutzend dieser limitierten Auflage von 2000 St\u00fcck sind noch erh\u00e4ltlich.<\/p>","protected":false},"featured_media":309,"comment_status":"closed","ping_status":"closed","template":"","meta":[],"product_brand":[],"product_cat":[16,18],"product_tag":[28],"class_list":{"0":"post-308","1":"product","2":"type-product","3":"status-publish","4":"has-post-thumbnail","6":"product_cat-vinyl-12-2xlp","7":"product_cat-vinyl-7-ep","8":"product_tag-post-rock","10":"first","11":"outofstock","12":"taxable","13":"shipping-taxable","14":"purchasable","15":"product-type-simple"},"yoast_head":"<!-- This site is optimized with the Yoast SEO plugin v27.3 - https:\/\/yoast.com\/product\/yoast-seo-wordpress\/ -->\n<title>This Will Destroy You - This Will Destroy You (10th anniversary edition)<\/title>\n<meta name=\"description\" content=\"Het titelloze studioalbum van This Will Destroy You werd oorspronkelijk uitgebracht in 2008. De 10e jubileumeditie bevat het voorheen ongehoorde nummer &quot;Language Of Memory&quot; exclusief voor deze release (op de extra 7&quot; single). De albumart en de verpakking bevatten een gloednieuwe variatie op het originele artwork gedrukt op gatefold hoes in verbluffende zwarte en Pantone metallic-gouden kleuren. Het vinyl is eveneens in goud en zwart.  Van deze gelimiteerde uitgave van 2000 stuks zijn er nog maar enkele tientallen verkrijgbaar.\" \/>\n<meta name=\"robots\" content=\"index, follow, max-snippet:-1, max-image-preview:large, max-video-preview:-1\" \/>\n<link rel=\"canonical\" href=\"https:\/\/demistrecords.nl\/de\/produkt\/this-will-destroy-you-this-will-destroy-you-10th-anniversary-edition\/\" \/>\n<meta property=\"og:locale\" content=\"de_DE\" \/>\n<meta property=\"og:type\" content=\"article\" \/>\n<meta property=\"og:title\" content=\"This Will Destroy You - This Will Destroy You (10th anniversary edition)\" \/>\n<meta property=\"og:description\" content=\"Het titelloze studioalbum van This Will Destroy You werd oorspronkelijk uitgebracht in 2008. De 10e jubileumeditie bevat het voorheen ongehoorde nummer &quot;Language Of Memory&quot; exclusief voor deze release (op de extra 7&quot; single). De albumart en de verpakking bevatten een gloednieuwe variatie op het originele artwork gedrukt op gatefold hoes in verbluffende zwarte en Pantone metallic-gouden kleuren. Het vinyl is eveneens in goud en zwart.  Van deze gelimiteerde uitgave van 2000 stuks zijn er nog maar enkele tientallen verkrijgbaar.\" \/>\n<meta property=\"og:url\" content=\"https:\/\/demistrecords.nl\/de\/produkt\/this-will-destroy-you-this-will-destroy-you-10th-anniversary-edition\/\" \/>\n<meta property=\"og:site_name\" content=\"De Mist Records\" \/>\n<meta property=\"article:publisher\" content=\"https:\/\/www.facebook.com\/demistrecordsnl\" \/>\n<meta property=\"article:modified_time\" content=\"2021-11-22T17:56:13+00:00\" \/>\n<meta property=\"og:image\" content=\"https:\/\/demistrecords.nl\/wp-content\/uploads\/2021\/01\/This-Will-Destroy-You-This-Will-Destroy-You-10th-anniversary.jpg\" \/>\n\t<meta property=\"og:image:width\" content=\"1080\" \/>\n\t<meta property=\"og:image:height\" content=\"1080\" \/>\n\t<meta property=\"og:image:type\" content=\"image\/jpeg\" \/>\n<meta name=\"twitter:card\" content=\"summary_large_image\" \/>\n<meta name=\"twitter:site\" content=\"@deathroo1\" \/>\n<script type=\"application\/ld+json\" class=\"yoast-schema-graph\">{\"@context\":\"https:\\\/\\\/schema.org\",\"@graph\":[{\"@type\":[\"WebPage\",\"ItemPage\"],\"@id\":\"https:\\\/\\\/demistrecords.nl\\\/en\\\/product\\\/this-will-destroy-you-this-will-destroy-you-10th-anniversary-edition\\\/\",\"url\":\"https:\\\/\\\/demistrecords.nl\\\/en\\\/product\\\/this-will-destroy-you-this-will-destroy-you-10th-anniversary-edition\\\/\",\"name\":\"This Will Destroy You - This Will Destroy You (10th anniversary edition)\",\"isPartOf\":{\"@id\":\"https:\\\/\\\/demistrecords.nl\\\/#website\"},\"primaryImageOfPage\":{\"@id\":\"https:\\\/\\\/demistrecords.nl\\\/en\\\/product\\\/this-will-destroy-you-this-will-destroy-you-10th-anniversary-edition\\\/#primaryimage\"},\"image\":{\"@id\":\"https:\\\/\\\/demistrecords.nl\\\/en\\\/product\\\/this-will-destroy-you-this-will-destroy-you-10th-anniversary-edition\\\/#primaryimage\"},\"thumbnailUrl\":\"https:\\\/\\\/demistrecords.nl\\\/wp-content\\\/uploads\\\/2021\\\/01\\\/This-Will-Destroy-You-This-Will-Destroy-You-10th-anniversary.jpg\",\"datePublished\":\"2021-01-11T15:49:07+00:00\",\"dateModified\":\"2021-11-22T17:56:13+00:00\",\"description\":\"Het titelloze studioalbum van This Will Destroy You werd oorspronkelijk uitgebracht in 2008. De 10e jubileumeditie bevat het voorheen ongehoorde nummer \\\"Language Of Memory\\\" exclusief voor deze release (op de extra 7\\\" single). De albumart en de verpakking bevatten een gloednieuwe variatie op het originele artwork gedrukt op gatefold hoes in verbluffende zwarte en Pantone metallic-gouden kleuren. Het vinyl is eveneens in goud en zwart. Van deze gelimiteerde uitgave van 2000 stuks zijn er nog maar enkele tientallen verkrijgbaar.\",\"breadcrumb\":{\"@id\":\"https:\\\/\\\/demistrecords.nl\\\/en\\\/product\\\/this-will-destroy-you-this-will-destroy-you-10th-anniversary-edition\\\/#breadcrumb\"},\"inLanguage\":\"de\",\"potentialAction\":[{\"@type\":\"ReadAction\",\"target\":[\"https:\\\/\\\/demistrecords.nl\\\/en\\\/product\\\/this-will-destroy-you-this-will-destroy-you-10th-anniversary-edition\\\/\"]}]},{\"@type\":\"ImageObject\",\"inLanguage\":\"de\",\"@id\":\"https:\\\/\\\/demistrecords.nl\\\/en\\\/product\\\/this-will-destroy-you-this-will-destroy-you-10th-anniversary-edition\\\/#primaryimage\",\"url\":\"https:\\\/\\\/demistrecords.nl\\\/wp-content\\\/uploads\\\/2021\\\/01\\\/This-Will-Destroy-You-This-Will-Destroy-You-10th-anniversary.jpg\",\"contentUrl\":\"https:\\\/\\\/demistrecords.nl\\\/wp-content\\\/uploads\\\/2021\\\/01\\\/This-Will-Destroy-You-This-Will-Destroy-You-10th-anniversary.jpg\",\"width\":1080,\"height\":1080},{\"@type\":\"BreadcrumbList\",\"@id\":\"https:\\\/\\\/demistrecords.nl\\\/en\\\/product\\\/this-will-destroy-you-this-will-destroy-you-10th-anniversary-edition\\\/#breadcrumb\",\"itemListElement\":[{\"@type\":\"ListItem\",\"position\":1,\"name\":\"Home\",\"item\":\"https:\\\/\\\/demistrecords.nl\\\/\"},{\"@type\":\"ListItem\",\"position\":2,\"name\":\"Shop\",\"item\":\"https:\\\/\\\/demistrecords.nl\\\/shop\\\/\"},{\"@type\":\"ListItem\",\"position\":3,\"name\":\"This Will Destroy You &#8211; This Will Destroy You (10th anniversary edition)\"}]},{\"@type\":\"WebSite\",\"@id\":\"https:\\\/\\\/demistrecords.nl\\\/#website\",\"url\":\"https:\\\/\\\/demistrecords.nl\\\/\",\"name\":\"De Mist Records\",\"description\":\"Post-rock and related music\",\"publisher\":{\"@id\":\"https:\\\/\\\/demistrecords.nl\\\/#organization\"},\"potentialAction\":[{\"@type\":\"SearchAction\",\"target\":{\"@type\":\"EntryPoint\",\"urlTemplate\":\"https:\\\/\\\/demistrecords.nl\\\/?s={search_term_string}\"},\"query-input\":{\"@type\":\"PropertyValueSpecification\",\"valueRequired\":true,\"valueName\":\"search_term_string\"}}],\"inLanguage\":\"de\"},{\"@type\":\"Organization\",\"@id\":\"https:\\\/\\\/demistrecords.nl\\\/#organization\",\"name\":\"De Mist Records\",\"url\":\"https:\\\/\\\/demistrecords.nl\\\/\",\"logo\":{\"@type\":\"ImageObject\",\"inLanguage\":\"de\",\"@id\":\"https:\\\/\\\/demistrecords.nl\\\/#\\\/schema\\\/logo\\\/image\\\/\",\"url\":\"https:\\\/\\\/demistrecords.nl\\\/wp-content\\\/uploads\\\/2020\\\/12\\\/logo-de-mist-records-rond.png\",\"contentUrl\":\"https:\\\/\\\/demistrecords.nl\\\/wp-content\\\/uploads\\\/2020\\\/12\\\/logo-de-mist-records-rond.png\",\"width\":500,\"height\":500,\"caption\":\"De Mist Records\"},\"image\":{\"@id\":\"https:\\\/\\\/demistrecords.nl\\\/#\\\/schema\\\/logo\\\/image\\\/\"},\"sameAs\":[\"https:\\\/\\\/www.facebook.com\\\/demistrecordsnl\",\"https:\\\/\\\/x.com\\\/deathroo1\",\"https:\\\/\\\/www.instagram.com\\\/demist_records\\\/\"]}]}<\/script>\n<!-- \/ Yoast SEO plugin. -->","yoast_head_json":{"title":"This Will Destroy You - This Will Destroy You (10th anniversary edition)","description":"Het titelloze studioalbum van This Will Destroy You werd oorspronkelijk uitgebracht in 2008. De 10e jubileumeditie bevat het voorheen ongehoorde nummer \"Language Of Memory\" exclusief voor deze release (op de extra 7\" single). De albumart en de verpakking bevatten een gloednieuwe variatie op het originele artwork gedrukt op gatefold hoes in verbluffende zwarte en Pantone metallic-gouden kleuren. Het vinyl is eveneens in goud en zwart.  Van deze gelimiteerde uitgave van 2000 stuks zijn er nog maar enkele tientallen verkrijgbaar.","robots":{"index":"index","follow":"follow","max-snippet":"max-snippet:-1","max-image-preview":"max-image-preview:large","max-video-preview":"max-video-preview:-1"},"canonical":"https:\/\/demistrecords.nl\/de\/produkt\/this-will-destroy-you-this-will-destroy-you-10th-anniversary-edition\/","og_locale":"de_DE","og_type":"article","og_title":"This Will Destroy You - This Will Destroy You (10th anniversary edition)","og_description":"Het titelloze studioalbum van This Will Destroy You werd oorspronkelijk uitgebracht in 2008. De 10e jubileumeditie bevat het voorheen ongehoorde nummer \"Language Of Memory\" exclusief voor deze release (op de extra 7\" single). De albumart en de verpakking bevatten een gloednieuwe variatie op het originele artwork gedrukt op gatefold hoes in verbluffende zwarte en Pantone metallic-gouden kleuren. Het vinyl is eveneens in goud en zwart.  Van deze gelimiteerde uitgave van 2000 stuks zijn er nog maar enkele tientallen verkrijgbaar.","og_url":"https:\/\/demistrecords.nl\/de\/produkt\/this-will-destroy-you-this-will-destroy-you-10th-anniversary-edition\/","og_site_name":"De Mist Records","article_publisher":"https:\/\/www.facebook.com\/demistrecordsnl","article_modified_time":"2021-11-22T17:56:13+00:00","og_image":[{"width":1080,"height":1080,"url":"https:\/\/demistrecords.nl\/wp-content\/uploads\/2021\/01\/This-Will-Destroy-You-This-Will-Destroy-You-10th-anniversary.jpg","type":"image\/jpeg"}],"twitter_card":"summary_large_image","twitter_site":"@deathroo1","schema":{"@context":"https:\/\/schema.org","@graph":[{"@type":["WebPage","ItemPage"],"@id":"https:\/\/demistrecords.nl\/en\/product\/this-will-destroy-you-this-will-destroy-you-10th-anniversary-edition\/","url":"https:\/\/demistrecords.nl\/en\/product\/this-will-destroy-you-this-will-destroy-you-10th-anniversary-edition\/","name":"This Will Destroy You - This Will Destroy You (10th anniversary edition)","isPartOf":{"@id":"https:\/\/demistrecords.nl\/#website"},"primaryImageOfPage":{"@id":"https:\/\/demistrecords.nl\/en\/product\/this-will-destroy-you-this-will-destroy-you-10th-anniversary-edition\/#primaryimage"},"image":{"@id":"https:\/\/demistrecords.nl\/en\/product\/this-will-destroy-you-this-will-destroy-you-10th-anniversary-edition\/#primaryimage"},"thumbnailUrl":"https:\/\/demistrecords.nl\/wp-content\/uploads\/2021\/01\/This-Will-Destroy-You-This-Will-Destroy-You-10th-anniversary.jpg","datePublished":"2021-01-11T15:49:07+00:00","dateModified":"2021-11-22T17:56:13+00:00","description":"Het titelloze studioalbum van This Will Destroy You werd oorspronkelijk uitgebracht in 2008. De 10e jubileumeditie bevat het voorheen ongehoorde nummer \"Language Of Memory\" exclusief voor deze release (op de extra 7\" single). De albumart en de verpakking bevatten een gloednieuwe variatie op het originele artwork gedrukt op gatefold hoes in verbluffende zwarte en Pantone metallic-gouden kleuren. Het vinyl is eveneens in goud en zwart. Van deze gelimiteerde uitgave van 2000 stuks zijn er nog maar enkele tientallen verkrijgbaar.","breadcrumb":{"@id":"https:\/\/demistrecords.nl\/en\/product\/this-will-destroy-you-this-will-destroy-you-10th-anniversary-edition\/#breadcrumb"},"inLanguage":"de","potentialAction":[{"@type":"ReadAction","target":["https:\/\/demistrecords.nl\/en\/product\/this-will-destroy-you-this-will-destroy-you-10th-anniversary-edition\/"]}]},{"@type":"ImageObject","inLanguage":"de","@id":"https:\/\/demistrecords.nl\/en\/product\/this-will-destroy-you-this-will-destroy-you-10th-anniversary-edition\/#primaryimage","url":"https:\/\/demistrecords.nl\/wp-content\/uploads\/2021\/01\/This-Will-Destroy-You-This-Will-Destroy-You-10th-anniversary.jpg","contentUrl":"https:\/\/demistrecords.nl\/wp-content\/uploads\/2021\/01\/This-Will-Destroy-You-This-Will-Destroy-You-10th-anniversary.jpg","width":1080,"height":1080},{"@type":"BreadcrumbList","@id":"https:\/\/demistrecords.nl\/en\/product\/this-will-destroy-you-this-will-destroy-you-10th-anniversary-edition\/#breadcrumb","itemListElement":[{"@type":"ListItem","position":1,"name":"Home","item":"https:\/\/demistrecords.nl\/"},{"@type":"ListItem","position":2,"name":"Shop","item":"https:\/\/demistrecords.nl\/shop\/"},{"@type":"ListItem","position":3,"name":"This Will Destroy You &#8211; This Will Destroy You (10th anniversary edition)"}]},{"@type":"WebSite","@id":"https:\/\/demistrecords.nl\/#website","url":"https:\/\/demistrecords.nl\/","name":"De Mist Records","description":"Post-rock and related music","publisher":{"@id":"https:\/\/demistrecords.nl\/#organization"},"potentialAction":[{"@type":"SearchAction","target":{"@type":"EntryPoint","urlTemplate":"https:\/\/demistrecords.nl\/?s={search_term_string}"},"query-input":{"@type":"PropertyValueSpecification","valueRequired":true,"valueName":"search_term_string"}}],"inLanguage":"de"},{"@type":"Organization","@id":"https:\/\/demistrecords.nl\/#organization","name":"De Mist Records","url":"https:\/\/demistrecords.nl\/","logo":{"@type":"ImageObject","inLanguage":"de","@id":"https:\/\/demistrecords.nl\/#\/schema\/logo\/image\/","url":"https:\/\/demistrecords.nl\/wp-content\/uploads\/2020\/12\/logo-de-mist-records-rond.png","contentUrl":"https:\/\/demistrecords.nl\/wp-content\/uploads\/2020\/12\/logo-de-mist-records-rond.png","width":500,"height":500,"caption":"De Mist Records"},"image":{"@id":"https:\/\/demistrecords.nl\/#\/schema\/logo\/image\/"},"sameAs":["https:\/\/www.facebook.com\/demistrecordsnl","https:\/\/x.com\/deathroo1","https:\/\/www.instagram.com\/demist_records\/"]}]}},"_links":{"self":[{"href":"https:\/\/demistrecords.nl\/de\/wp-json\/wp\/v2\/product\/308","targetHints":{"allow":["GET"]}}],"collection":[{"href":"https:\/\/demistrecords.nl\/de\/wp-json\/wp\/v2\/product"}],"about":[{"href":"https:\/\/demistrecords.nl\/de\/wp-json\/wp\/v2\/types\/product"}],"replies":[{"embeddable":true,"href":"https:\/\/demistrecords.nl\/de\/wp-json\/wp\/v2\/comments?post=308"}],"wp:featuredmedia":[{"embeddable":true,"href":"https:\/\/demistrecords.nl\/de\/wp-json\/wp\/v2\/media\/309"}],"wp:attachment":[{"href":"https:\/\/demistrecords.nl\/de\/wp-json\/wp\/v2\/media?parent=308"}],"wp:term":[{"taxonomy":"product_brand","embeddable":true,"href":"https:\/\/demistrecords.nl\/de\/wp-json\/wp\/v2\/product_brand?post=308"},{"taxonomy":"product_cat","embeddable":true,"href":"https:\/\/demistrecords.nl\/de\/wp-json\/wp\/v2\/product_cat?post=308"},{"taxonomy":"product_tag","embeddable":true,"href":"https:\/\/demistrecords.nl\/de\/wp-json\/wp\/v2\/product_tag?post=308"}],"curies":[{"name":"wp","href":"https:\/\/api.w.org\/{rel}","templated":true}]}}