{"id":310,"date":"2021-01-11T17:18:17","date_gmt":"2021-01-11T16:18:17","guid":{"rendered":"https:\/\/demistrecords.nl\/?post_type=product&#038;p=310"},"modified":"2025-06-03T20:15:51","modified_gmt":"2025-06-03T18:15:51","slug":"the-end-of-the-ocean-aire","status":"publish","type":"product","link":"https:\/\/demistrecords.nl\/de\/produkt\/the-end-of-the-ocean-aire\/","title":{"rendered":"The End Of The Ocean &#8211; -aire"},"content":{"rendered":"<p><iframe style=\"border: 0; width: 100%; height: 42px;\" src=\"https:\/\/bandcamp.com\/EmbeddedPlayer\/album=1440867472\/size=small\/bgcol=333333\/linkcol=0f91ff\/transparent=true\/\" seamless=\"\"><a href=\"https:\/\/theendoftheocean.bandcamp.com\/album\/aire\">-aire by The End Of The Ocean<\/a><\/iframe><\/p>","protected":false},"excerpt":{"rendered":"<p>Dieses gro\u00dfartige Album wurde im Januar 2019 ver\u00f6ffentlicht und legte die Messlatte f\u00fcr viele Bands, die f\u00fcr dieses Jahr bereits ziemlich hoch waren. K\u00f6nnte dieses Album noch geschlagen werden? Fans des schwereren Post-Rocks k\u00f6nnen The End Of The Ocean sicherlich genie\u00dfen, obwohl die Band auf einigen Tracks auch etwas leiser klingt. Es macht das Album nur vielf\u00e4ltiger und zu Recht bei Kennern sehr beliebt.<\/p>\n<p>Kommt auf transparentem Vinyl.<\/p>\n<p>** Bitte beachten Sie, dass das Bild zu Illustrationszwecken ein Modell ist. Das gelieferte Album sieht etwas anders aus.<\/p>","protected":false},"featured_media":427,"comment_status":"closed","ping_status":"closed","template":"","meta":[],"product_brand":[],"product_cat":[15],"product_tag":[26,28],"class_list":{"0":"post-310","1":"product","2":"type-product","3":"status-publish","4":"has-post-thumbnail","6":"product_cat-vinyl-12-lp","7":"product_tag-post-metal","8":"product_tag-post-rock","10":"first","11":"outofstock","12":"taxable","13":"shipping-taxable","14":"purchasable","15":"product-type-simple"},"yoast_head":"<!-- This site is optimized with the Yoast SEO plugin v27.3 - https:\/\/yoast.com\/product\/yoast-seo-wordpress\/ -->\n<title>The End Of The Ocean - -aire<\/title>\n<meta name=\"description\" content=\"Dit geweldige album kwam uit in januari van 2019 en legde de lat voor heel wat bands meteen al behoorlijk hoog voor dat jaar. Zou dit album nog te kloppen zijn? Liefhebbers van de wat stevigere postrock kunnen met The End Of The Ocean zeker uit de voeten, al neemt de band op sommige tracks ook wel wat gas terug. Het maakt het album alleen maar meer divers en terecht erg gewild onder de kenners.  Wordt geleverd op transparant vinyl.  ** Let op, de afbeelding is een mockup ter illustratie, het geleverde album zal er iets anders uitzien.\" \/>\n<meta name=\"robots\" content=\"index, follow, max-snippet:-1, max-image-preview:large, max-video-preview:-1\" \/>\n<link rel=\"canonical\" href=\"https:\/\/demistrecords.nl\/de\/produkt\/the-end-of-the-ocean-aire\/\" \/>\n<meta property=\"og:locale\" content=\"de_DE\" \/>\n<meta property=\"og:type\" content=\"article\" \/>\n<meta property=\"og:title\" content=\"The End Of The Ocean - -aire\" \/>\n<meta property=\"og:description\" content=\"Dit geweldige album kwam uit in januari van 2019 en legde de lat voor heel wat bands meteen al behoorlijk hoog voor dat jaar. Zou dit album nog te kloppen zijn? Liefhebbers van de wat stevigere postrock kunnen met The End Of The Ocean zeker uit de voeten, al neemt de band op sommige tracks ook wel wat gas terug. Het maakt het album alleen maar meer divers en terecht erg gewild onder de kenners.  Wordt geleverd op transparant vinyl.  ** Let op, de afbeelding is een mockup ter illustratie, het geleverde album zal er iets anders uitzien.\" \/>\n<meta property=\"og:url\" content=\"https:\/\/demistrecords.nl\/de\/produkt\/the-end-of-the-ocean-aire\/\" \/>\n<meta property=\"og:site_name\" content=\"De Mist Records\" \/>\n<meta property=\"article:publisher\" content=\"https:\/\/www.facebook.com\/demistrecordsnl\" \/>\n<meta property=\"article:modified_time\" content=\"2025-06-03T18:15:51+00:00\" \/>\n<meta property=\"og:image\" content=\"https:\/\/demistrecords.nl\/wp-content\/uploads\/2021\/01\/The-End-Of-The-Ocean-aire-1.jpg\" \/>\n\t<meta property=\"og:image:width\" content=\"2120\" \/>\n\t<meta property=\"og:image:height\" content=\"2120\" \/>\n\t<meta property=\"og:image:type\" content=\"image\/jpeg\" \/>\n<meta name=\"twitter:card\" content=\"summary_large_image\" \/>\n<meta name=\"twitter:site\" content=\"@deathroo1\" \/>\n<meta name=\"twitter:label1\" content=\"Gesch\u00e4tzte Lesezeit\" \/>\n\t<meta name=\"twitter:data1\" content=\"1\u00a0Minute\" \/>\n<script type=\"application\/ld+json\" class=\"yoast-schema-graph\">{\"@context\":\"https:\\\/\\\/schema.org\",\"@graph\":[{\"@type\":[\"WebPage\",\"ItemPage\"],\"@id\":\"https:\\\/\\\/demistrecords.nl\\\/product\\\/the-end-of-the-ocean-aire\\\/\",\"url\":\"https:\\\/\\\/demistrecords.nl\\\/product\\\/the-end-of-the-ocean-aire\\\/\",\"name\":\"The End Of The Ocean - -aire\",\"isPartOf\":{\"@id\":\"https:\\\/\\\/demistrecords.nl\\\/#website\"},\"primaryImageOfPage\":{\"@id\":\"https:\\\/\\\/demistrecords.nl\\\/product\\\/the-end-of-the-ocean-aire\\\/#primaryimage\"},\"image\":{\"@id\":\"https:\\\/\\\/demistrecords.nl\\\/product\\\/the-end-of-the-ocean-aire\\\/#primaryimage\"},\"thumbnailUrl\":\"https:\\\/\\\/demistrecords.nl\\\/wp-content\\\/uploads\\\/2021\\\/01\\\/The-End-Of-The-Ocean-aire-1.jpg\",\"datePublished\":\"2021-01-11T16:18:17+00:00\",\"dateModified\":\"2025-06-03T18:15:51+00:00\",\"description\":\"Dit geweldige album kwam uit in januari van 2019 en legde de lat voor heel wat bands meteen al behoorlijk hoog voor dat jaar. Zou dit album nog te kloppen zijn? Liefhebbers van de wat stevigere postrock kunnen met The End Of The Ocean zeker uit de voeten, al neemt de band op sommige tracks ook wel wat gas terug. Het maakt het album alleen maar meer divers en terecht erg gewild onder de kenners. Wordt geleverd op transparant vinyl. ** Let op, de afbeelding is een mockup ter illustratie, het geleverde album zal er iets anders uitzien.\",\"breadcrumb\":{\"@id\":\"https:\\\/\\\/demistrecords.nl\\\/product\\\/the-end-of-the-ocean-aire\\\/#breadcrumb\"},\"inLanguage\":\"de\",\"potentialAction\":[{\"@type\":\"ReadAction\",\"target\":[\"https:\\\/\\\/demistrecords.nl\\\/product\\\/the-end-of-the-ocean-aire\\\/\"]}]},{\"@type\":\"ImageObject\",\"inLanguage\":\"de\",\"@id\":\"https:\\\/\\\/demistrecords.nl\\\/product\\\/the-end-of-the-ocean-aire\\\/#primaryimage\",\"url\":\"https:\\\/\\\/demistrecords.nl\\\/wp-content\\\/uploads\\\/2021\\\/01\\\/The-End-Of-The-Ocean-aire-1.jpg\",\"contentUrl\":\"https:\\\/\\\/demistrecords.nl\\\/wp-content\\\/uploads\\\/2021\\\/01\\\/The-End-Of-The-Ocean-aire-1.jpg\",\"width\":2120,\"height\":2120},{\"@type\":\"BreadcrumbList\",\"@id\":\"https:\\\/\\\/demistrecords.nl\\\/product\\\/the-end-of-the-ocean-aire\\\/#breadcrumb\",\"itemListElement\":[{\"@type\":\"ListItem\",\"position\":1,\"name\":\"Home\",\"item\":\"https:\\\/\\\/demistrecords.nl\\\/\"},{\"@type\":\"ListItem\",\"position\":2,\"name\":\"Shop\",\"item\":\"https:\\\/\\\/demistrecords.nl\\\/shop\\\/\"},{\"@type\":\"ListItem\",\"position\":3,\"name\":\"The End Of The Ocean &#8211; -aire\"}]},{\"@type\":\"WebSite\",\"@id\":\"https:\\\/\\\/demistrecords.nl\\\/#website\",\"url\":\"https:\\\/\\\/demistrecords.nl\\\/\",\"name\":\"De Mist Records\",\"description\":\"Post-rock and related music\",\"publisher\":{\"@id\":\"https:\\\/\\\/demistrecords.nl\\\/#organization\"},\"potentialAction\":[{\"@type\":\"SearchAction\",\"target\":{\"@type\":\"EntryPoint\",\"urlTemplate\":\"https:\\\/\\\/demistrecords.nl\\\/?s={search_term_string}\"},\"query-input\":{\"@type\":\"PropertyValueSpecification\",\"valueRequired\":true,\"valueName\":\"search_term_string\"}}],\"inLanguage\":\"de\"},{\"@type\":\"Organization\",\"@id\":\"https:\\\/\\\/demistrecords.nl\\\/#organization\",\"name\":\"De Mist Records\",\"url\":\"https:\\\/\\\/demistrecords.nl\\\/\",\"logo\":{\"@type\":\"ImageObject\",\"inLanguage\":\"de\",\"@id\":\"https:\\\/\\\/demistrecords.nl\\\/#\\\/schema\\\/logo\\\/image\\\/\",\"url\":\"https:\\\/\\\/demistrecords.nl\\\/wp-content\\\/uploads\\\/2020\\\/12\\\/logo-de-mist-records-rond.png\",\"contentUrl\":\"https:\\\/\\\/demistrecords.nl\\\/wp-content\\\/uploads\\\/2020\\\/12\\\/logo-de-mist-records-rond.png\",\"width\":500,\"height\":500,\"caption\":\"De Mist Records\"},\"image\":{\"@id\":\"https:\\\/\\\/demistrecords.nl\\\/#\\\/schema\\\/logo\\\/image\\\/\"},\"sameAs\":[\"https:\\\/\\\/www.facebook.com\\\/demistrecordsnl\",\"https:\\\/\\\/x.com\\\/deathroo1\",\"https:\\\/\\\/www.instagram.com\\\/demist_records\\\/\"]}]}<\/script>\n<!-- \/ Yoast SEO plugin. -->","yoast_head_json":{"title":"The End Of The Ocean - -aire","description":"Dit geweldige album kwam uit in januari van 2019 en legde de lat voor heel wat bands meteen al behoorlijk hoog voor dat jaar. Zou dit album nog te kloppen zijn? Liefhebbers van de wat stevigere postrock kunnen met The End Of The Ocean zeker uit de voeten, al neemt de band op sommige tracks ook wel wat gas terug. Het maakt het album alleen maar meer divers en terecht erg gewild onder de kenners.  Wordt geleverd op transparant vinyl.  ** Let op, de afbeelding is een mockup ter illustratie, het geleverde album zal er iets anders uitzien.","robots":{"index":"index","follow":"follow","max-snippet":"max-snippet:-1","max-image-preview":"max-image-preview:large","max-video-preview":"max-video-preview:-1"},"canonical":"https:\/\/demistrecords.nl\/de\/produkt\/the-end-of-the-ocean-aire\/","og_locale":"de_DE","og_type":"article","og_title":"The End Of The Ocean - -aire","og_description":"Dit geweldige album kwam uit in januari van 2019 en legde de lat voor heel wat bands meteen al behoorlijk hoog voor dat jaar. Zou dit album nog te kloppen zijn? Liefhebbers van de wat stevigere postrock kunnen met The End Of The Ocean zeker uit de voeten, al neemt de band op sommige tracks ook wel wat gas terug. Het maakt het album alleen maar meer divers en terecht erg gewild onder de kenners.  Wordt geleverd op transparant vinyl.  ** Let op, de afbeelding is een mockup ter illustratie, het geleverde album zal er iets anders uitzien.","og_url":"https:\/\/demistrecords.nl\/de\/produkt\/the-end-of-the-ocean-aire\/","og_site_name":"De Mist Records","article_publisher":"https:\/\/www.facebook.com\/demistrecordsnl","article_modified_time":"2025-06-03T18:15:51+00:00","og_image":[{"width":2120,"height":2120,"url":"https:\/\/demistrecords.nl\/wp-content\/uploads\/2021\/01\/The-End-Of-The-Ocean-aire-1.jpg","type":"image\/jpeg"}],"twitter_card":"summary_large_image","twitter_site":"@deathroo1","twitter_misc":{"Gesch\u00e4tzte Lesezeit":"1\u00a0Minute"},"schema":{"@context":"https:\/\/schema.org","@graph":[{"@type":["WebPage","ItemPage"],"@id":"https:\/\/demistrecords.nl\/product\/the-end-of-the-ocean-aire\/","url":"https:\/\/demistrecords.nl\/product\/the-end-of-the-ocean-aire\/","name":"The End Of The Ocean - -aire","isPartOf":{"@id":"https:\/\/demistrecords.nl\/#website"},"primaryImageOfPage":{"@id":"https:\/\/demistrecords.nl\/product\/the-end-of-the-ocean-aire\/#primaryimage"},"image":{"@id":"https:\/\/demistrecords.nl\/product\/the-end-of-the-ocean-aire\/#primaryimage"},"thumbnailUrl":"https:\/\/demistrecords.nl\/wp-content\/uploads\/2021\/01\/The-End-Of-The-Ocean-aire-1.jpg","datePublished":"2021-01-11T16:18:17+00:00","dateModified":"2025-06-03T18:15:51+00:00","description":"Dit geweldige album kwam uit in januari van 2019 en legde de lat voor heel wat bands meteen al behoorlijk hoog voor dat jaar. Zou dit album nog te kloppen zijn? Liefhebbers van de wat stevigere postrock kunnen met The End Of The Ocean zeker uit de voeten, al neemt de band op sommige tracks ook wel wat gas terug. Het maakt het album alleen maar meer divers en terecht erg gewild onder de kenners. Wordt geleverd op transparant vinyl. ** Let op, de afbeelding is een mockup ter illustratie, het geleverde album zal er iets anders uitzien.","breadcrumb":{"@id":"https:\/\/demistrecords.nl\/product\/the-end-of-the-ocean-aire\/#breadcrumb"},"inLanguage":"de","potentialAction":[{"@type":"ReadAction","target":["https:\/\/demistrecords.nl\/product\/the-end-of-the-ocean-aire\/"]}]},{"@type":"ImageObject","inLanguage":"de","@id":"https:\/\/demistrecords.nl\/product\/the-end-of-the-ocean-aire\/#primaryimage","url":"https:\/\/demistrecords.nl\/wp-content\/uploads\/2021\/01\/The-End-Of-The-Ocean-aire-1.jpg","contentUrl":"https:\/\/demistrecords.nl\/wp-content\/uploads\/2021\/01\/The-End-Of-The-Ocean-aire-1.jpg","width":2120,"height":2120},{"@type":"BreadcrumbList","@id":"https:\/\/demistrecords.nl\/product\/the-end-of-the-ocean-aire\/#breadcrumb","itemListElement":[{"@type":"ListItem","position":1,"name":"Home","item":"https:\/\/demistrecords.nl\/"},{"@type":"ListItem","position":2,"name":"Shop","item":"https:\/\/demistrecords.nl\/shop\/"},{"@type":"ListItem","position":3,"name":"The End Of The Ocean &#8211; -aire"}]},{"@type":"WebSite","@id":"https:\/\/demistrecords.nl\/#website","url":"https:\/\/demistrecords.nl\/","name":"De Mist Records","description":"Post-rock and related music","publisher":{"@id":"https:\/\/demistrecords.nl\/#organization"},"potentialAction":[{"@type":"SearchAction","target":{"@type":"EntryPoint","urlTemplate":"https:\/\/demistrecords.nl\/?s={search_term_string}"},"query-input":{"@type":"PropertyValueSpecification","valueRequired":true,"valueName":"search_term_string"}}],"inLanguage":"de"},{"@type":"Organization","@id":"https:\/\/demistrecords.nl\/#organization","name":"De Mist Records","url":"https:\/\/demistrecords.nl\/","logo":{"@type":"ImageObject","inLanguage":"de","@id":"https:\/\/demistrecords.nl\/#\/schema\/logo\/image\/","url":"https:\/\/demistrecords.nl\/wp-content\/uploads\/2020\/12\/logo-de-mist-records-rond.png","contentUrl":"https:\/\/demistrecords.nl\/wp-content\/uploads\/2020\/12\/logo-de-mist-records-rond.png","width":500,"height":500,"caption":"De Mist Records"},"image":{"@id":"https:\/\/demistrecords.nl\/#\/schema\/logo\/image\/"},"sameAs":["https:\/\/www.facebook.com\/demistrecordsnl","https:\/\/x.com\/deathroo1","https:\/\/www.instagram.com\/demist_records\/"]}]}},"_links":{"self":[{"href":"https:\/\/demistrecords.nl\/de\/wp-json\/wp\/v2\/product\/310","targetHints":{"allow":["GET"]}}],"collection":[{"href":"https:\/\/demistrecords.nl\/de\/wp-json\/wp\/v2\/product"}],"about":[{"href":"https:\/\/demistrecords.nl\/de\/wp-json\/wp\/v2\/types\/product"}],"replies":[{"embeddable":true,"href":"https:\/\/demistrecords.nl\/de\/wp-json\/wp\/v2\/comments?post=310"}],"wp:featuredmedia":[{"embeddable":true,"href":"https:\/\/demistrecords.nl\/de\/wp-json\/wp\/v2\/media\/427"}],"wp:attachment":[{"href":"https:\/\/demistrecords.nl\/de\/wp-json\/wp\/v2\/media?parent=310"}],"wp:term":[{"taxonomy":"product_brand","embeddable":true,"href":"https:\/\/demistrecords.nl\/de\/wp-json\/wp\/v2\/product_brand?post=310"},{"taxonomy":"product_cat","embeddable":true,"href":"https:\/\/demistrecords.nl\/de\/wp-json\/wp\/v2\/product_cat?post=310"},{"taxonomy":"product_tag","embeddable":true,"href":"https:\/\/demistrecords.nl\/de\/wp-json\/wp\/v2\/product_tag?post=310"}],"curies":[{"name":"wp","href":"https:\/\/api.w.org\/{rel}","templated":true}]}}