{"id":313,"date":"2021-01-11T17:46:18","date_gmt":"2021-01-11T16:46:18","guid":{"rendered":"https:\/\/demistrecords.nl\/?post_type=product&#038;p=313"},"modified":"2021-11-22T18:56:51","modified_gmt":"2021-11-22T17:56:51","slug":"russian-circles-empros","status":"publish","type":"product","link":"https:\/\/demistrecords.nl\/de\/produkt\/russian-circles-empros\/","title":{"rendered":"Russian Circles &#8211; Empros"},"content":{"rendered":"<p><iframe style=\"border: 0; width: 100%; height: 42px;\" src=\"https:\/\/bandcamp.com\/EmbeddedPlayer\/album=551531095\/size=small\/bgcol=333333\/linkcol=0f91ff\/transparent=true\/\" seamless=\"\"><a href=\"https:\/\/russiancircles.bandcamp.com\/album\/empros\">Empros by Russian Circles<\/a><\/iframe><\/p>","protected":false},"excerpt":{"rendered":"<p>Empros ist der Nachfolger des brillanten Albums Geneva, und auch hier zeigt die Band, was man mit einem einzigen starken Riff machen kann. Urspr\u00fcnglich im Jahr 2011 ver\u00f6ffentlicht, ist diese Version dieses begehrten Albums bereits \u00fcberall ausverkauft. Also sei schnell, denn weg = weg.<\/p>\n<p>Passt auf! Bild ist ein Modell. Die gelieferte Version sieht anders aus.<\/p>","protected":false},"featured_media":314,"comment_status":"closed","ping_status":"closed","template":"","meta":[],"product_brand":[],"product_cat":[15],"product_tag":[26],"class_list":{"0":"post-313","1":"product","2":"type-product","3":"status-publish","4":"has-post-thumbnail","6":"product_cat-vinyl-12-lp","7":"product_tag-post-metal","9":"first","10":"outofstock","11":"sold-individually","12":"taxable","13":"shipping-taxable","14":"purchasable","15":"product-type-simple"},"bundled_by":[],"bundle_stock_status":"outofstock","bundle_stock_quantity":0,"bundle_virtual":false,"bundle_layout":"","bundle_add_to_cart_form_location":"","bundle_editable_in_cart":false,"bundle_sold_individually_context":"","bundle_item_grouping":"","bundle_min_size":"","bundle_max_size":"","bundle_price":[],"bundled_items":[],"bundle_sell_ids":[],"yoast_head":"<!-- This site is optimized with the Yoast SEO plugin v27.4 - https:\/\/yoast.com\/product\/yoast-seo-wordpress\/ -->\n<title>Russian Circles - Empros<\/title>\n<meta name=\"description\" content=\"Als opvolger van het geniale album Geneva, en ook hier laat de band horen wat je met een enkele riff allemaal kunt doen. Oorspronkelijk uitgebracht in 2011, is deze versie van dit veel gezochte album inmiddels overal ook al weer uitverkocht. Wees er dus snel bij, want op=op.  Letop! Afbeelding is een mock-up. Uiteindelijk geleverde versie zal er anders uit zien.\" \/>\n<meta name=\"robots\" content=\"index, follow, max-snippet:-1, max-image-preview:large, max-video-preview:-1\" \/>\n<link rel=\"canonical\" href=\"https:\/\/demistrecords.nl\/de\/produkt\/russian-circles-empros\/\" \/>\n<meta property=\"og:locale\" content=\"de_DE\" \/>\n<meta property=\"og:type\" content=\"article\" \/>\n<meta property=\"og:title\" content=\"Russian Circles - Empros\" \/>\n<meta property=\"og:description\" content=\"Als opvolger van het geniale album Geneva, en ook hier laat de band horen wat je met een enkele riff allemaal kunt doen. Oorspronkelijk uitgebracht in 2011, is deze versie van dit veel gezochte album inmiddels overal ook al weer uitverkocht. Wees er dus snel bij, want op=op.  Letop! Afbeelding is een mock-up. Uiteindelijk geleverde versie zal er anders uit zien.\" \/>\n<meta property=\"og:url\" content=\"https:\/\/demistrecords.nl\/de\/produkt\/russian-circles-empros\/\" \/>\n<meta property=\"og:site_name\" content=\"De Mist Records\" \/>\n<meta property=\"article:publisher\" content=\"https:\/\/www.facebook.com\/demistrecordsnl\" \/>\n<meta property=\"article:modified_time\" content=\"2021-11-22T17:56:51+00:00\" \/>\n<meta property=\"og:image\" content=\"https:\/\/demistrecords.nl\/wp-content\/uploads\/2021\/01\/Russian-Circles-Empros.jpg\" \/>\n\t<meta property=\"og:image:width\" content=\"1080\" \/>\n\t<meta property=\"og:image:height\" content=\"1080\" \/>\n\t<meta property=\"og:image:type\" content=\"image\/jpeg\" \/>\n<meta name=\"twitter:card\" content=\"summary_large_image\" \/>\n<meta name=\"twitter:site\" content=\"@deathroo1\" \/>\n<script type=\"application\/ld+json\" class=\"yoast-schema-graph\">{\"@context\":\"https:\\\/\\\/schema.org\",\"@graph\":[{\"@type\":[\"WebPage\",\"ItemPage\"],\"@id\":\"https:\\\/\\\/demistrecords.nl\\\/en\\\/product\\\/russian-circles-empros\\\/\",\"url\":\"https:\\\/\\\/demistrecords.nl\\\/en\\\/product\\\/russian-circles-empros\\\/\",\"name\":\"Russian Circles - Empros\",\"isPartOf\":{\"@id\":\"https:\\\/\\\/demistrecords.nl\\\/#website\"},\"primaryImageOfPage\":{\"@id\":\"https:\\\/\\\/demistrecords.nl\\\/en\\\/product\\\/russian-circles-empros\\\/#primaryimage\"},\"image\":{\"@id\":\"https:\\\/\\\/demistrecords.nl\\\/en\\\/product\\\/russian-circles-empros\\\/#primaryimage\"},\"thumbnailUrl\":\"https:\\\/\\\/demistrecords.nl\\\/wp-content\\\/uploads\\\/2021\\\/01\\\/Russian-Circles-Empros.jpg\",\"datePublished\":\"2021-01-11T16:46:18+00:00\",\"dateModified\":\"2021-11-22T17:56:51+00:00\",\"description\":\"Als opvolger van het geniale album Geneva, en ook hier laat de band horen wat je met een enkele riff allemaal kunt doen. Oorspronkelijk uitgebracht in 2011, is deze versie van dit veel gezochte album inmiddels overal ook al weer uitverkocht. Wees er dus snel bij, want op=op. Letop! Afbeelding is een mock-up. Uiteindelijk geleverde versie zal er anders uit zien.\",\"breadcrumb\":{\"@id\":\"https:\\\/\\\/demistrecords.nl\\\/en\\\/product\\\/russian-circles-empros\\\/#breadcrumb\"},\"inLanguage\":\"de\",\"potentialAction\":[{\"@type\":\"ReadAction\",\"target\":[\"https:\\\/\\\/demistrecords.nl\\\/en\\\/product\\\/russian-circles-empros\\\/\"]}]},{\"@type\":\"ImageObject\",\"inLanguage\":\"de\",\"@id\":\"https:\\\/\\\/demistrecords.nl\\\/en\\\/product\\\/russian-circles-empros\\\/#primaryimage\",\"url\":\"https:\\\/\\\/demistrecords.nl\\\/wp-content\\\/uploads\\\/2021\\\/01\\\/Russian-Circles-Empros.jpg\",\"contentUrl\":\"https:\\\/\\\/demistrecords.nl\\\/wp-content\\\/uploads\\\/2021\\\/01\\\/Russian-Circles-Empros.jpg\",\"width\":1080,\"height\":1080},{\"@type\":\"BreadcrumbList\",\"@id\":\"https:\\\/\\\/demistrecords.nl\\\/en\\\/product\\\/russian-circles-empros\\\/#breadcrumb\",\"itemListElement\":[{\"@type\":\"ListItem\",\"position\":1,\"name\":\"Home\",\"item\":\"https:\\\/\\\/demistrecords.nl\\\/\"},{\"@type\":\"ListItem\",\"position\":2,\"name\":\"Shop\",\"item\":\"https:\\\/\\\/demistrecords.nl\\\/shop\\\/\"},{\"@type\":\"ListItem\",\"position\":3,\"name\":\"Russian Circles &#8211; Empros\"}]},{\"@type\":\"WebSite\",\"@id\":\"https:\\\/\\\/demistrecords.nl\\\/#website\",\"url\":\"https:\\\/\\\/demistrecords.nl\\\/\",\"name\":\"De Mist Records\",\"description\":\"Post-rock and related music\",\"publisher\":{\"@id\":\"https:\\\/\\\/demistrecords.nl\\\/#organization\"},\"potentialAction\":[{\"@type\":\"SearchAction\",\"target\":{\"@type\":\"EntryPoint\",\"urlTemplate\":\"https:\\\/\\\/demistrecords.nl\\\/?s={search_term_string}\"},\"query-input\":{\"@type\":\"PropertyValueSpecification\",\"valueRequired\":true,\"valueName\":\"search_term_string\"}}],\"inLanguage\":\"de\"},{\"@type\":\"Organization\",\"@id\":\"https:\\\/\\\/demistrecords.nl\\\/#organization\",\"name\":\"De Mist Records\",\"url\":\"https:\\\/\\\/demistrecords.nl\\\/\",\"logo\":{\"@type\":\"ImageObject\",\"inLanguage\":\"de\",\"@id\":\"https:\\\/\\\/demistrecords.nl\\\/#\\\/schema\\\/logo\\\/image\\\/\",\"url\":\"https:\\\/\\\/demistrecords.nl\\\/wp-content\\\/uploads\\\/2020\\\/12\\\/logo-de-mist-records-rond.png\",\"contentUrl\":\"https:\\\/\\\/demistrecords.nl\\\/wp-content\\\/uploads\\\/2020\\\/12\\\/logo-de-mist-records-rond.png\",\"width\":500,\"height\":500,\"caption\":\"De Mist Records\"},\"image\":{\"@id\":\"https:\\\/\\\/demistrecords.nl\\\/#\\\/schema\\\/logo\\\/image\\\/\"},\"sameAs\":[\"https:\\\/\\\/www.facebook.com\\\/demistrecordsnl\",\"https:\\\/\\\/x.com\\\/deathroo1\",\"https:\\\/\\\/www.instagram.com\\\/demist_records\\\/\"]}]}<\/script>\n<!-- \/ Yoast SEO plugin. -->","yoast_head_json":{"title":"Russian Circles - Empros","description":"Als opvolger van het geniale album Geneva, en ook hier laat de band horen wat je met een enkele riff allemaal kunt doen. Oorspronkelijk uitgebracht in 2011, is deze versie van dit veel gezochte album inmiddels overal ook al weer uitverkocht. Wees er dus snel bij, want op=op.  Letop! Afbeelding is een mock-up. Uiteindelijk geleverde versie zal er anders uit zien.","robots":{"index":"index","follow":"follow","max-snippet":"max-snippet:-1","max-image-preview":"max-image-preview:large","max-video-preview":"max-video-preview:-1"},"canonical":"https:\/\/demistrecords.nl\/de\/produkt\/russian-circles-empros\/","og_locale":"de_DE","og_type":"article","og_title":"Russian Circles - Empros","og_description":"Als opvolger van het geniale album Geneva, en ook hier laat de band horen wat je met een enkele riff allemaal kunt doen. Oorspronkelijk uitgebracht in 2011, is deze versie van dit veel gezochte album inmiddels overal ook al weer uitverkocht. Wees er dus snel bij, want op=op.  Letop! Afbeelding is een mock-up. Uiteindelijk geleverde versie zal er anders uit zien.","og_url":"https:\/\/demistrecords.nl\/de\/produkt\/russian-circles-empros\/","og_site_name":"De Mist Records","article_publisher":"https:\/\/www.facebook.com\/demistrecordsnl","article_modified_time":"2021-11-22T17:56:51+00:00","og_image":[{"width":1080,"height":1080,"url":"https:\/\/demistrecords.nl\/wp-content\/uploads\/2021\/01\/Russian-Circles-Empros.jpg","type":"image\/jpeg"}],"twitter_card":"summary_large_image","twitter_site":"@deathroo1","schema":{"@context":"https:\/\/schema.org","@graph":[{"@type":["WebPage","ItemPage"],"@id":"https:\/\/demistrecords.nl\/en\/product\/russian-circles-empros\/","url":"https:\/\/demistrecords.nl\/en\/product\/russian-circles-empros\/","name":"Russian Circles - Empros","isPartOf":{"@id":"https:\/\/demistrecords.nl\/#website"},"primaryImageOfPage":{"@id":"https:\/\/demistrecords.nl\/en\/product\/russian-circles-empros\/#primaryimage"},"image":{"@id":"https:\/\/demistrecords.nl\/en\/product\/russian-circles-empros\/#primaryimage"},"thumbnailUrl":"https:\/\/demistrecords.nl\/wp-content\/uploads\/2021\/01\/Russian-Circles-Empros.jpg","datePublished":"2021-01-11T16:46:18+00:00","dateModified":"2021-11-22T17:56:51+00:00","description":"Als opvolger van het geniale album Geneva, en ook hier laat de band horen wat je met een enkele riff allemaal kunt doen. Oorspronkelijk uitgebracht in 2011, is deze versie van dit veel gezochte album inmiddels overal ook al weer uitverkocht. Wees er dus snel bij, want op=op. Letop! Afbeelding is een mock-up. Uiteindelijk geleverde versie zal er anders uit zien.","breadcrumb":{"@id":"https:\/\/demistrecords.nl\/en\/product\/russian-circles-empros\/#breadcrumb"},"inLanguage":"de","potentialAction":[{"@type":"ReadAction","target":["https:\/\/demistrecords.nl\/en\/product\/russian-circles-empros\/"]}]},{"@type":"ImageObject","inLanguage":"de","@id":"https:\/\/demistrecords.nl\/en\/product\/russian-circles-empros\/#primaryimage","url":"https:\/\/demistrecords.nl\/wp-content\/uploads\/2021\/01\/Russian-Circles-Empros.jpg","contentUrl":"https:\/\/demistrecords.nl\/wp-content\/uploads\/2021\/01\/Russian-Circles-Empros.jpg","width":1080,"height":1080},{"@type":"BreadcrumbList","@id":"https:\/\/demistrecords.nl\/en\/product\/russian-circles-empros\/#breadcrumb","itemListElement":[{"@type":"ListItem","position":1,"name":"Home","item":"https:\/\/demistrecords.nl\/"},{"@type":"ListItem","position":2,"name":"Shop","item":"https:\/\/demistrecords.nl\/shop\/"},{"@type":"ListItem","position":3,"name":"Russian Circles &#8211; Empros"}]},{"@type":"WebSite","@id":"https:\/\/demistrecords.nl\/#website","url":"https:\/\/demistrecords.nl\/","name":"De Mist Records","description":"Post-rock and related music","publisher":{"@id":"https:\/\/demistrecords.nl\/#organization"},"potentialAction":[{"@type":"SearchAction","target":{"@type":"EntryPoint","urlTemplate":"https:\/\/demistrecords.nl\/?s={search_term_string}"},"query-input":{"@type":"PropertyValueSpecification","valueRequired":true,"valueName":"search_term_string"}}],"inLanguage":"de"},{"@type":"Organization","@id":"https:\/\/demistrecords.nl\/#organization","name":"De Mist Records","url":"https:\/\/demistrecords.nl\/","logo":{"@type":"ImageObject","inLanguage":"de","@id":"https:\/\/demistrecords.nl\/#\/schema\/logo\/image\/","url":"https:\/\/demistrecords.nl\/wp-content\/uploads\/2020\/12\/logo-de-mist-records-rond.png","contentUrl":"https:\/\/demistrecords.nl\/wp-content\/uploads\/2020\/12\/logo-de-mist-records-rond.png","width":500,"height":500,"caption":"De Mist Records"},"image":{"@id":"https:\/\/demistrecords.nl\/#\/schema\/logo\/image\/"},"sameAs":["https:\/\/www.facebook.com\/demistrecordsnl","https:\/\/x.com\/deathroo1","https:\/\/www.instagram.com\/demist_records\/"]}]}},"_links":{"self":[{"href":"https:\/\/demistrecords.nl\/de\/wp-json\/wp\/v2\/product\/313","targetHints":{"allow":["GET"]}}],"collection":[{"href":"https:\/\/demistrecords.nl\/de\/wp-json\/wp\/v2\/product"}],"about":[{"href":"https:\/\/demistrecords.nl\/de\/wp-json\/wp\/v2\/types\/product"}],"replies":[{"embeddable":true,"href":"https:\/\/demistrecords.nl\/de\/wp-json\/wp\/v2\/comments?post=313"}],"wp:featuredmedia":[{"embeddable":true,"href":"https:\/\/demistrecords.nl\/de\/wp-json\/wp\/v2\/media\/314"}],"wp:attachment":[{"href":"https:\/\/demistrecords.nl\/de\/wp-json\/wp\/v2\/media?parent=313"}],"wp:term":[{"taxonomy":"product_brand","embeddable":true,"href":"https:\/\/demistrecords.nl\/de\/wp-json\/wp\/v2\/product_brand?post=313"},{"taxonomy":"product_cat","embeddable":true,"href":"https:\/\/demistrecords.nl\/de\/wp-json\/wp\/v2\/product_cat?post=313"},{"taxonomy":"product_tag","embeddable":true,"href":"https:\/\/demistrecords.nl\/de\/wp-json\/wp\/v2\/product_tag?post=313"}],"curies":[{"name":"wp","href":"https:\/\/api.w.org\/{rel}","templated":true}]}}