{"id":319,"date":"2021-01-15T15:30:22","date_gmt":"2021-01-15T14:30:22","guid":{"rendered":"https:\/\/demistrecords.nl\/?post_type=product&#038;p=319"},"modified":"2022-12-17T17:33:34","modified_gmt":"2022-12-17T16:33:34","slug":"lost-in-a-detail-the-nothing-is-spreading","status":"publish","type":"product","link":"https:\/\/demistrecords.nl\/de\/produkt\/lost-in-a-detail-the-nothing-is-spreading\/","title":{"rendered":"Lost In A Detail &#8211; The Nothing Is Spreading"},"content":{"rendered":"<p><iframe style=\"border: 0; width: 100%; height: 42px;\" src=\"https:\/\/bandcamp.com\/EmbeddedPlayer\/album=286026817\/size=small\/bgcol=333333\/linkcol=0f91ff\/transparent=true\/\" seamless=\"\"><a href=\"https:\/\/lostinadetail.com\/album\/the-nothing-is-spreading\">The Nothing Is Spreading by LOST IN A DETAIL<\/a><\/iframe><\/p>","protected":false},"excerpt":{"rendered":"<p>Im September 2020 wurde das gro\u00dfartige Album The Nothing Is Spreading als Deb\u00fctalbum der Schweizer Post-Rock-Band Lost In A Detail ver\u00f6ffentlicht. Dieses Album wurde auf 180gr Vinyl in Milky Clear mit Black Smoke in einer limitierten Auflage von nur 100 St\u00fcck ver\u00f6ffentlicht.<br \/>\nWir haben es geschafft, nur eine kleine Anzahl dieser 100 St\u00fccke zu bekommen.<\/p>","protected":false},"featured_media":320,"comment_status":"closed","ping_status":"closed","template":"","meta":[],"product_brand":[],"product_cat":[23,15],"product_tag":[26,28],"class_list":{"0":"post-319","1":"product","2":"type-product","3":"status-publish","4":"has-post-thumbnail","6":"product_cat-exclusief","7":"product_cat-vinyl-12-lp","8":"product_tag-post-metal","9":"product_tag-post-rock","11":"first","12":"outofstock","13":"taxable","14":"shipping-taxable","15":"purchasable","16":"product-type-simple"},"yoast_head":"<!-- This site is optimized with the Yoast SEO plugin v27.3 - https:\/\/yoast.com\/product\/yoast-seo-wordpress\/ -->\n<title>Lost In A Detail - The Nothing Is Spreading<\/title>\n<meta name=\"description\" content=\"In september van 2020 verscheen het geweldige album The Nothing Is Spreading als debuutalbum van de Zwitserse postrockband Lost In A Detail. Dit album is op 180gr vinyl verschenen in Milky Clear met Black Smoke in een gelimiteerde oplage van slechts 100 stuks. Wij hebben de hand weten te leggen op slechts een klein aantal van de deze 100 stuks.\" \/>\n<meta name=\"robots\" content=\"index, follow, max-snippet:-1, max-image-preview:large, max-video-preview:-1\" \/>\n<link rel=\"canonical\" href=\"https:\/\/demistrecords.nl\/de\/produkt\/lost-in-a-detail-the-nothing-is-spreading\/\" \/>\n<meta property=\"og:locale\" content=\"de_DE\" \/>\n<meta property=\"og:type\" content=\"article\" \/>\n<meta property=\"og:title\" content=\"Lost In A Detail - The Nothing Is Spreading\" \/>\n<meta property=\"og:description\" content=\"In september van 2020 verscheen het geweldige album The Nothing Is Spreading als debuutalbum van de Zwitserse postrockband Lost In A Detail. Dit album is op 180gr vinyl verschenen in Milky Clear met Black Smoke in een gelimiteerde oplage van slechts 100 stuks. Wij hebben de hand weten te leggen op slechts een klein aantal van de deze 100 stuks.\" \/>\n<meta property=\"og:url\" content=\"https:\/\/demistrecords.nl\/de\/produkt\/lost-in-a-detail-the-nothing-is-spreading\/\" \/>\n<meta property=\"og:site_name\" content=\"De Mist Records\" \/>\n<meta property=\"article:publisher\" content=\"https:\/\/www.facebook.com\/demistrecordsnl\" \/>\n<meta property=\"article:modified_time\" content=\"2022-12-17T16:33:34+00:00\" \/>\n<meta property=\"og:image\" content=\"https:\/\/demistrecords.nl\/wp-content\/uploads\/2021\/01\/Lost-In-A-Detail-The-Nothing-Is-Spreading.jpg\" \/>\n\t<meta property=\"og:image:width\" content=\"1937\" \/>\n\t<meta property=\"og:image:height\" content=\"1937\" \/>\n\t<meta property=\"og:image:type\" content=\"image\/jpeg\" \/>\n<meta name=\"twitter:card\" content=\"summary_large_image\" \/>\n<meta name=\"twitter:site\" content=\"@deathroo1\" \/>\n<script type=\"application\/ld+json\" class=\"yoast-schema-graph\">{\"@context\":\"https:\\\/\\\/schema.org\",\"@graph\":[{\"@type\":[\"WebPage\",\"ItemPage\"],\"@id\":\"https:\\\/\\\/demistrecords.nl\\\/product\\\/lost-in-a-detail-the-nothing-is-spreading\\\/\",\"url\":\"https:\\\/\\\/demistrecords.nl\\\/product\\\/lost-in-a-detail-the-nothing-is-spreading\\\/\",\"name\":\"Lost In A Detail - The Nothing Is Spreading\",\"isPartOf\":{\"@id\":\"https:\\\/\\\/demistrecords.nl\\\/#website\"},\"primaryImageOfPage\":{\"@id\":\"https:\\\/\\\/demistrecords.nl\\\/product\\\/lost-in-a-detail-the-nothing-is-spreading\\\/#primaryimage\"},\"image\":{\"@id\":\"https:\\\/\\\/demistrecords.nl\\\/product\\\/lost-in-a-detail-the-nothing-is-spreading\\\/#primaryimage\"},\"thumbnailUrl\":\"https:\\\/\\\/demistrecords.nl\\\/wp-content\\\/uploads\\\/2021\\\/01\\\/Lost-In-A-Detail-The-Nothing-Is-Spreading.jpg\",\"datePublished\":\"2021-01-15T14:30:22+00:00\",\"dateModified\":\"2022-12-17T16:33:34+00:00\",\"description\":\"In september van 2020 verscheen het geweldige album The Nothing Is Spreading als debuutalbum van de Zwitserse postrockband Lost In A Detail. Dit album is op 180gr vinyl verschenen in Milky Clear met Black Smoke in een gelimiteerde oplage van slechts 100 stuks. Wij hebben de hand weten te leggen op slechts een klein aantal van de deze 100 stuks.\",\"breadcrumb\":{\"@id\":\"https:\\\/\\\/demistrecords.nl\\\/product\\\/lost-in-a-detail-the-nothing-is-spreading\\\/#breadcrumb\"},\"inLanguage\":\"de\",\"potentialAction\":[{\"@type\":\"ReadAction\",\"target\":[\"https:\\\/\\\/demistrecords.nl\\\/product\\\/lost-in-a-detail-the-nothing-is-spreading\\\/\"]}]},{\"@type\":\"ImageObject\",\"inLanguage\":\"de\",\"@id\":\"https:\\\/\\\/demistrecords.nl\\\/product\\\/lost-in-a-detail-the-nothing-is-spreading\\\/#primaryimage\",\"url\":\"https:\\\/\\\/demistrecords.nl\\\/wp-content\\\/uploads\\\/2021\\\/01\\\/Lost-In-A-Detail-The-Nothing-Is-Spreading.jpg\",\"contentUrl\":\"https:\\\/\\\/demistrecords.nl\\\/wp-content\\\/uploads\\\/2021\\\/01\\\/Lost-In-A-Detail-The-Nothing-Is-Spreading.jpg\",\"width\":1937,\"height\":1937},{\"@type\":\"BreadcrumbList\",\"@id\":\"https:\\\/\\\/demistrecords.nl\\\/product\\\/lost-in-a-detail-the-nothing-is-spreading\\\/#breadcrumb\",\"itemListElement\":[{\"@type\":\"ListItem\",\"position\":1,\"name\":\"Home\",\"item\":\"https:\\\/\\\/demistrecords.nl\\\/\"},{\"@type\":\"ListItem\",\"position\":2,\"name\":\"Shop\",\"item\":\"https:\\\/\\\/demistrecords.nl\\\/shop\\\/\"},{\"@type\":\"ListItem\",\"position\":3,\"name\":\"Lost In A Detail &#8211; The Nothing Is Spreading\"}]},{\"@type\":\"WebSite\",\"@id\":\"https:\\\/\\\/demistrecords.nl\\\/#website\",\"url\":\"https:\\\/\\\/demistrecords.nl\\\/\",\"name\":\"De Mist Records\",\"description\":\"Post-rock and related music\",\"publisher\":{\"@id\":\"https:\\\/\\\/demistrecords.nl\\\/#organization\"},\"potentialAction\":[{\"@type\":\"SearchAction\",\"target\":{\"@type\":\"EntryPoint\",\"urlTemplate\":\"https:\\\/\\\/demistrecords.nl\\\/?s={search_term_string}\"},\"query-input\":{\"@type\":\"PropertyValueSpecification\",\"valueRequired\":true,\"valueName\":\"search_term_string\"}}],\"inLanguage\":\"de\"},{\"@type\":\"Organization\",\"@id\":\"https:\\\/\\\/demistrecords.nl\\\/#organization\",\"name\":\"De Mist Records\",\"url\":\"https:\\\/\\\/demistrecords.nl\\\/\",\"logo\":{\"@type\":\"ImageObject\",\"inLanguage\":\"de\",\"@id\":\"https:\\\/\\\/demistrecords.nl\\\/#\\\/schema\\\/logo\\\/image\\\/\",\"url\":\"https:\\\/\\\/demistrecords.nl\\\/wp-content\\\/uploads\\\/2020\\\/12\\\/logo-de-mist-records-rond.png\",\"contentUrl\":\"https:\\\/\\\/demistrecords.nl\\\/wp-content\\\/uploads\\\/2020\\\/12\\\/logo-de-mist-records-rond.png\",\"width\":500,\"height\":500,\"caption\":\"De Mist Records\"},\"image\":{\"@id\":\"https:\\\/\\\/demistrecords.nl\\\/#\\\/schema\\\/logo\\\/image\\\/\"},\"sameAs\":[\"https:\\\/\\\/www.facebook.com\\\/demistrecordsnl\",\"https:\\\/\\\/x.com\\\/deathroo1\",\"https:\\\/\\\/www.instagram.com\\\/demist_records\\\/\"]}]}<\/script>\n<!-- \/ Yoast SEO plugin. -->","yoast_head_json":{"title":"Lost In A Detail - The Nothing Is Spreading","description":"In september van 2020 verscheen het geweldige album The Nothing Is Spreading als debuutalbum van de Zwitserse postrockband Lost In A Detail. Dit album is op 180gr vinyl verschenen in Milky Clear met Black Smoke in een gelimiteerde oplage van slechts 100 stuks. Wij hebben de hand weten te leggen op slechts een klein aantal van de deze 100 stuks.","robots":{"index":"index","follow":"follow","max-snippet":"max-snippet:-1","max-image-preview":"max-image-preview:large","max-video-preview":"max-video-preview:-1"},"canonical":"https:\/\/demistrecords.nl\/de\/produkt\/lost-in-a-detail-the-nothing-is-spreading\/","og_locale":"de_DE","og_type":"article","og_title":"Lost In A Detail - The Nothing Is Spreading","og_description":"In september van 2020 verscheen het geweldige album The Nothing Is Spreading als debuutalbum van de Zwitserse postrockband Lost In A Detail. Dit album is op 180gr vinyl verschenen in Milky Clear met Black Smoke in een gelimiteerde oplage van slechts 100 stuks. Wij hebben de hand weten te leggen op slechts een klein aantal van de deze 100 stuks.","og_url":"https:\/\/demistrecords.nl\/de\/produkt\/lost-in-a-detail-the-nothing-is-spreading\/","og_site_name":"De Mist Records","article_publisher":"https:\/\/www.facebook.com\/demistrecordsnl","article_modified_time":"2022-12-17T16:33:34+00:00","og_image":[{"width":1937,"height":1937,"url":"https:\/\/demistrecords.nl\/wp-content\/uploads\/2021\/01\/Lost-In-A-Detail-The-Nothing-Is-Spreading.jpg","type":"image\/jpeg"}],"twitter_card":"summary_large_image","twitter_site":"@deathroo1","schema":{"@context":"https:\/\/schema.org","@graph":[{"@type":["WebPage","ItemPage"],"@id":"https:\/\/demistrecords.nl\/product\/lost-in-a-detail-the-nothing-is-spreading\/","url":"https:\/\/demistrecords.nl\/product\/lost-in-a-detail-the-nothing-is-spreading\/","name":"Lost In A Detail - The Nothing Is Spreading","isPartOf":{"@id":"https:\/\/demistrecords.nl\/#website"},"primaryImageOfPage":{"@id":"https:\/\/demistrecords.nl\/product\/lost-in-a-detail-the-nothing-is-spreading\/#primaryimage"},"image":{"@id":"https:\/\/demistrecords.nl\/product\/lost-in-a-detail-the-nothing-is-spreading\/#primaryimage"},"thumbnailUrl":"https:\/\/demistrecords.nl\/wp-content\/uploads\/2021\/01\/Lost-In-A-Detail-The-Nothing-Is-Spreading.jpg","datePublished":"2021-01-15T14:30:22+00:00","dateModified":"2022-12-17T16:33:34+00:00","description":"In september van 2020 verscheen het geweldige album The Nothing Is Spreading als debuutalbum van de Zwitserse postrockband Lost In A Detail. Dit album is op 180gr vinyl verschenen in Milky Clear met Black Smoke in een gelimiteerde oplage van slechts 100 stuks. Wij hebben de hand weten te leggen op slechts een klein aantal van de deze 100 stuks.","breadcrumb":{"@id":"https:\/\/demistrecords.nl\/product\/lost-in-a-detail-the-nothing-is-spreading\/#breadcrumb"},"inLanguage":"de","potentialAction":[{"@type":"ReadAction","target":["https:\/\/demistrecords.nl\/product\/lost-in-a-detail-the-nothing-is-spreading\/"]}]},{"@type":"ImageObject","inLanguage":"de","@id":"https:\/\/demistrecords.nl\/product\/lost-in-a-detail-the-nothing-is-spreading\/#primaryimage","url":"https:\/\/demistrecords.nl\/wp-content\/uploads\/2021\/01\/Lost-In-A-Detail-The-Nothing-Is-Spreading.jpg","contentUrl":"https:\/\/demistrecords.nl\/wp-content\/uploads\/2021\/01\/Lost-In-A-Detail-The-Nothing-Is-Spreading.jpg","width":1937,"height":1937},{"@type":"BreadcrumbList","@id":"https:\/\/demistrecords.nl\/product\/lost-in-a-detail-the-nothing-is-spreading\/#breadcrumb","itemListElement":[{"@type":"ListItem","position":1,"name":"Home","item":"https:\/\/demistrecords.nl\/"},{"@type":"ListItem","position":2,"name":"Shop","item":"https:\/\/demistrecords.nl\/shop\/"},{"@type":"ListItem","position":3,"name":"Lost In A Detail &#8211; The Nothing Is Spreading"}]},{"@type":"WebSite","@id":"https:\/\/demistrecords.nl\/#website","url":"https:\/\/demistrecords.nl\/","name":"De Mist Records","description":"Post-rock and related music","publisher":{"@id":"https:\/\/demistrecords.nl\/#organization"},"potentialAction":[{"@type":"SearchAction","target":{"@type":"EntryPoint","urlTemplate":"https:\/\/demistrecords.nl\/?s={search_term_string}"},"query-input":{"@type":"PropertyValueSpecification","valueRequired":true,"valueName":"search_term_string"}}],"inLanguage":"de"},{"@type":"Organization","@id":"https:\/\/demistrecords.nl\/#organization","name":"De Mist Records","url":"https:\/\/demistrecords.nl\/","logo":{"@type":"ImageObject","inLanguage":"de","@id":"https:\/\/demistrecords.nl\/#\/schema\/logo\/image\/","url":"https:\/\/demistrecords.nl\/wp-content\/uploads\/2020\/12\/logo-de-mist-records-rond.png","contentUrl":"https:\/\/demistrecords.nl\/wp-content\/uploads\/2020\/12\/logo-de-mist-records-rond.png","width":500,"height":500,"caption":"De Mist Records"},"image":{"@id":"https:\/\/demistrecords.nl\/#\/schema\/logo\/image\/"},"sameAs":["https:\/\/www.facebook.com\/demistrecordsnl","https:\/\/x.com\/deathroo1","https:\/\/www.instagram.com\/demist_records\/"]}]}},"_links":{"self":[{"href":"https:\/\/demistrecords.nl\/de\/wp-json\/wp\/v2\/product\/319","targetHints":{"allow":["GET"]}}],"collection":[{"href":"https:\/\/demistrecords.nl\/de\/wp-json\/wp\/v2\/product"}],"about":[{"href":"https:\/\/demistrecords.nl\/de\/wp-json\/wp\/v2\/types\/product"}],"replies":[{"embeddable":true,"href":"https:\/\/demistrecords.nl\/de\/wp-json\/wp\/v2\/comments?post=319"}],"wp:featuredmedia":[{"embeddable":true,"href":"https:\/\/demistrecords.nl\/de\/wp-json\/wp\/v2\/media\/320"}],"wp:attachment":[{"href":"https:\/\/demistrecords.nl\/de\/wp-json\/wp\/v2\/media?parent=319"}],"wp:term":[{"taxonomy":"product_brand","embeddable":true,"href":"https:\/\/demistrecords.nl\/de\/wp-json\/wp\/v2\/product_brand?post=319"},{"taxonomy":"product_cat","embeddable":true,"href":"https:\/\/demistrecords.nl\/de\/wp-json\/wp\/v2\/product_cat?post=319"},{"taxonomy":"product_tag","embeddable":true,"href":"https:\/\/demistrecords.nl\/de\/wp-json\/wp\/v2\/product_tag?post=319"}],"curies":[{"name":"wp","href":"https:\/\/api.w.org\/{rel}","templated":true}]}}