{"id":323,"date":"2021-01-20T11:24:18","date_gmt":"2021-01-20T10:24:18","guid":{"rendered":"https:\/\/demistrecords.nl\/?post_type=product&#038;p=323"},"modified":"2021-11-22T18:58:12","modified_gmt":"2021-11-22T17:58:12","slug":"this-will-destroy-you-young-mountain","status":"publish","type":"product","link":"https:\/\/demistrecords.nl\/de\/produkt\/this-will-destroy-you-young-mountain\/","title":{"rendered":"This Will Destroy You &#8211; Young Mountain"},"content":{"rendered":"<p><iframe style=\"border: 0; width: 100%; height: 42px;\" src=\"https:\/\/bandcamp.com\/EmbeddedPlayer\/album=1352929364\/size=small\/bgcol=333333\/linkcol=0f91ff\/transparent=true\/\" seamless=\"\"><a href=\"https:\/\/thiswilldestroyyou.bandcamp.com\/album\/young-mountain\">Young Mountain by This Will Destroy You<\/a><\/iframe><\/p>\n<p>Tracklist:<br \/>\n1. Quiet<br \/>\n2. The World Is Our ____<br \/>\n3. I Believe In Your Victory<br \/>\n4. Grandfather Clock<br \/>\n5. Happiness Were All In It Together<br \/>\n6. There Are Some Remedies Worse Than The Disease<\/p>","protected":false},"excerpt":{"rendered":"<p>Endlich wieder lieferbar!<br \/>\nThis Will Destroy You's Young Mountain wurde urspr\u00fcnglich am 6.6.06 ver\u00f6ffentlicht und war das Deb\u00fctalbum dieser Instrumentalisten aus Los Angeles. Die Band schmiegte sich also mit einem Schlag zwischen die Top-Bands des Genres. In den Jahren seit dieser Ver\u00f6ffentlichung haben 'Young Mountain'-Songs ein Eigenleben erlangt und wurden in gro\u00dfen Filmen und Filmtrailern (\"The Purge\", \"The Taking Of Pellham 123\", \"Prom Night\" usw.) verwendet, und auch gebraucht f\u00fcr gro\u00dfe Sportereignisse wie Wimbledon, Super Bowl, World Series, Formel-1-Rennen, Stanley-Cup-Finale, Weltmeisterschaften usw.<\/p>\n<p><strong>**<\/strong> <em>Bitte beachten Sie, dass das Bild zu Illustrationszwecken ein Modell ist. Das gelieferte Album sieht etwas anders aus.<\/em><\/p>","protected":false},"featured_media":324,"comment_status":"closed","ping_status":"closed","template":"","meta":[],"product_brand":[],"product_cat":[15],"product_tag":[28],"class_list":{"0":"post-323","1":"product","2":"type-product","3":"status-publish","4":"has-post-thumbnail","6":"product_cat-vinyl-12-lp","7":"product_tag-post-rock","9":"first","10":"outofstock","11":"taxable","12":"shipping-taxable","13":"purchasable","14":"product-type-simple"},"bundled_by":[],"bundle_stock_status":"outofstock","bundle_stock_quantity":0,"bundle_virtual":false,"bundle_layout":"","bundle_add_to_cart_form_location":"","bundle_editable_in_cart":false,"bundle_sold_individually_context":"","bundle_item_grouping":"","bundle_min_size":"","bundle_max_size":"","bundle_price":[],"bundled_items":[],"bundle_sell_ids":[],"yoast_head":"<!-- This site is optimized with the Yoast SEO plugin v27.3 - https:\/\/yoast.com\/product\/yoast-seo-wordpress\/ -->\n<title>This Will Destroy You - Young Mountain<\/title>\n<meta name=\"description\" content=\"Eindelijk weer leverbaar! Young Mountain van This Will Destroy You werd oorspronkelijk uitgebracht op 6-6-06 en was het debuutalbum van deze instrumentalisten uit Los Angeles. De band nestelde zich daarmee met \u00e9\u00e9n klap tussen de topbands van het genre. In de jaren sinds deze release zijn de nummers van &#039;Young Mountain&#039; een eigen leven gaan leiden, waarbij ze gebruikt werden in grote films en filmtrailers (&quot;The Purge,&quot; &quot;The Taking Of Pellham 123,&quot; &quot;Prom Night,&quot; etc.), grote sportevenementen (Wimbledon, Super Bowl, World Series, Formula 1 Racing, Stanley Cup Finals, World Cup, etc.).  ** Let op, de afbeelding is een mockup ter illustratie, het geleverde album zal er iets anders uit zien.\" \/>\n<meta name=\"robots\" content=\"index, follow, max-snippet:-1, max-image-preview:large, max-video-preview:-1\" \/>\n<link rel=\"canonical\" href=\"https:\/\/demistrecords.nl\/de\/produkt\/this-will-destroy-you-young-mountain\/\" \/>\n<meta property=\"og:locale\" content=\"de_DE\" \/>\n<meta property=\"og:type\" content=\"article\" \/>\n<meta property=\"og:title\" content=\"This Will Destroy You - Young Mountain\" \/>\n<meta property=\"og:description\" content=\"Eindelijk weer leverbaar! Young Mountain van This Will Destroy You werd oorspronkelijk uitgebracht op 6-6-06 en was het debuutalbum van deze instrumentalisten uit Los Angeles. De band nestelde zich daarmee met \u00e9\u00e9n klap tussen de topbands van het genre. In de jaren sinds deze release zijn de nummers van &#039;Young Mountain&#039; een eigen leven gaan leiden, waarbij ze gebruikt werden in grote films en filmtrailers (&quot;The Purge,&quot; &quot;The Taking Of Pellham 123,&quot; &quot;Prom Night,&quot; etc.), grote sportevenementen (Wimbledon, Super Bowl, World Series, Formula 1 Racing, Stanley Cup Finals, World Cup, etc.).  ** Let op, de afbeelding is een mockup ter illustratie, het geleverde album zal er iets anders uit zien.\" \/>\n<meta property=\"og:url\" content=\"https:\/\/demistrecords.nl\/de\/produkt\/this-will-destroy-you-young-mountain\/\" \/>\n<meta property=\"og:site_name\" content=\"De Mist Records\" \/>\n<meta property=\"article:publisher\" content=\"https:\/\/www.facebook.com\/demistrecordsnl\" \/>\n<meta property=\"article:modified_time\" content=\"2021-11-22T17:58:12+00:00\" \/>\n<meta property=\"og:image\" content=\"https:\/\/demistrecords.nl\/wp-content\/uploads\/2021\/01\/This-Will-Destroy-You-Young-Mountain.jpg\" \/>\n\t<meta property=\"og:image:width\" content=\"2036\" \/>\n\t<meta property=\"og:image:height\" content=\"2036\" \/>\n\t<meta property=\"og:image:type\" content=\"image\/jpeg\" \/>\n<meta name=\"twitter:card\" content=\"summary_large_image\" \/>\n<meta name=\"twitter:site\" content=\"@deathroo1\" \/>\n<script type=\"application\/ld+json\" class=\"yoast-schema-graph\">{\"@context\":\"https:\\\/\\\/schema.org\",\"@graph\":[{\"@type\":[\"WebPage\",\"ItemPage\"],\"@id\":\"https:\\\/\\\/demistrecords.nl\\\/product\\\/this-will-destroy-you-young-mountain\\\/\",\"url\":\"https:\\\/\\\/demistrecords.nl\\\/product\\\/this-will-destroy-you-young-mountain\\\/\",\"name\":\"This Will Destroy You - Young Mountain\",\"isPartOf\":{\"@id\":\"https:\\\/\\\/demistrecords.nl\\\/#website\"},\"primaryImageOfPage\":{\"@id\":\"https:\\\/\\\/demistrecords.nl\\\/product\\\/this-will-destroy-you-young-mountain\\\/#primaryimage\"},\"image\":{\"@id\":\"https:\\\/\\\/demistrecords.nl\\\/product\\\/this-will-destroy-you-young-mountain\\\/#primaryimage\"},\"thumbnailUrl\":\"https:\\\/\\\/demistrecords.nl\\\/wp-content\\\/uploads\\\/2021\\\/01\\\/This-Will-Destroy-You-Young-Mountain.jpg\",\"datePublished\":\"2021-01-20T10:24:18+00:00\",\"dateModified\":\"2021-11-22T17:58:12+00:00\",\"description\":\"Eindelijk weer leverbaar! Young Mountain van This Will Destroy You werd oorspronkelijk uitgebracht op 6-6-06 en was het debuutalbum van deze instrumentalisten uit Los Angeles. De band nestelde zich daarmee met \u00e9\u00e9n klap tussen de topbands van het genre. In de jaren sinds deze release zijn de nummers van 'Young Mountain' een eigen leven gaan leiden, waarbij ze gebruikt werden in grote films en filmtrailers (\\\"The Purge,\\\" \\\"The Taking Of Pellham 123,\\\" \\\"Prom Night,\\\" etc.), grote sportevenementen (Wimbledon, Super Bowl, World Series, Formula 1 Racing, Stanley Cup Finals, World Cup, etc.). ** Let op, de afbeelding is een mockup ter illustratie, het geleverde album zal er iets anders uit zien.\",\"breadcrumb\":{\"@id\":\"https:\\\/\\\/demistrecords.nl\\\/product\\\/this-will-destroy-you-young-mountain\\\/#breadcrumb\"},\"inLanguage\":\"de\",\"potentialAction\":[{\"@type\":\"ReadAction\",\"target\":[\"https:\\\/\\\/demistrecords.nl\\\/product\\\/this-will-destroy-you-young-mountain\\\/\"]}]},{\"@type\":\"ImageObject\",\"inLanguage\":\"de\",\"@id\":\"https:\\\/\\\/demistrecords.nl\\\/product\\\/this-will-destroy-you-young-mountain\\\/#primaryimage\",\"url\":\"https:\\\/\\\/demistrecords.nl\\\/wp-content\\\/uploads\\\/2021\\\/01\\\/This-Will-Destroy-You-Young-Mountain.jpg\",\"contentUrl\":\"https:\\\/\\\/demistrecords.nl\\\/wp-content\\\/uploads\\\/2021\\\/01\\\/This-Will-Destroy-You-Young-Mountain.jpg\",\"width\":2036,\"height\":2036},{\"@type\":\"BreadcrumbList\",\"@id\":\"https:\\\/\\\/demistrecords.nl\\\/product\\\/this-will-destroy-you-young-mountain\\\/#breadcrumb\",\"itemListElement\":[{\"@type\":\"ListItem\",\"position\":1,\"name\":\"Home\",\"item\":\"https:\\\/\\\/demistrecords.nl\\\/\"},{\"@type\":\"ListItem\",\"position\":2,\"name\":\"Shop\",\"item\":\"https:\\\/\\\/demistrecords.nl\\\/shop\\\/\"},{\"@type\":\"ListItem\",\"position\":3,\"name\":\"This Will Destroy You &#8211; Young Mountain\"}]},{\"@type\":\"WebSite\",\"@id\":\"https:\\\/\\\/demistrecords.nl\\\/#website\",\"url\":\"https:\\\/\\\/demistrecords.nl\\\/\",\"name\":\"De Mist Records\",\"description\":\"Post-rock and related music\",\"publisher\":{\"@id\":\"https:\\\/\\\/demistrecords.nl\\\/#organization\"},\"potentialAction\":[{\"@type\":\"SearchAction\",\"target\":{\"@type\":\"EntryPoint\",\"urlTemplate\":\"https:\\\/\\\/demistrecords.nl\\\/?s={search_term_string}\"},\"query-input\":{\"@type\":\"PropertyValueSpecification\",\"valueRequired\":true,\"valueName\":\"search_term_string\"}}],\"inLanguage\":\"de\"},{\"@type\":\"Organization\",\"@id\":\"https:\\\/\\\/demistrecords.nl\\\/#organization\",\"name\":\"De Mist Records\",\"url\":\"https:\\\/\\\/demistrecords.nl\\\/\",\"logo\":{\"@type\":\"ImageObject\",\"inLanguage\":\"de\",\"@id\":\"https:\\\/\\\/demistrecords.nl\\\/#\\\/schema\\\/logo\\\/image\\\/\",\"url\":\"https:\\\/\\\/demistrecords.nl\\\/wp-content\\\/uploads\\\/2020\\\/12\\\/logo-de-mist-records-rond.png\",\"contentUrl\":\"https:\\\/\\\/demistrecords.nl\\\/wp-content\\\/uploads\\\/2020\\\/12\\\/logo-de-mist-records-rond.png\",\"width\":500,\"height\":500,\"caption\":\"De Mist Records\"},\"image\":{\"@id\":\"https:\\\/\\\/demistrecords.nl\\\/#\\\/schema\\\/logo\\\/image\\\/\"},\"sameAs\":[\"https:\\\/\\\/www.facebook.com\\\/demistrecordsnl\",\"https:\\\/\\\/x.com\\\/deathroo1\",\"https:\\\/\\\/www.instagram.com\\\/demist_records\\\/\"]}]}<\/script>\n<!-- \/ Yoast SEO plugin. -->","yoast_head_json":{"title":"This Will Destroy You - Young Mountain","description":"Eindelijk weer leverbaar! Young Mountain van This Will Destroy You werd oorspronkelijk uitgebracht op 6-6-06 en was het debuutalbum van deze instrumentalisten uit Los Angeles. De band nestelde zich daarmee met \u00e9\u00e9n klap tussen de topbands van het genre. In de jaren sinds deze release zijn de nummers van 'Young Mountain' een eigen leven gaan leiden, waarbij ze gebruikt werden in grote films en filmtrailers (\"The Purge,\" \"The Taking Of Pellham 123,\" \"Prom Night,\" etc.), grote sportevenementen (Wimbledon, Super Bowl, World Series, Formula 1 Racing, Stanley Cup Finals, World Cup, etc.).  ** Let op, de afbeelding is een mockup ter illustratie, het geleverde album zal er iets anders uit zien.","robots":{"index":"index","follow":"follow","max-snippet":"max-snippet:-1","max-image-preview":"max-image-preview:large","max-video-preview":"max-video-preview:-1"},"canonical":"https:\/\/demistrecords.nl\/de\/produkt\/this-will-destroy-you-young-mountain\/","og_locale":"de_DE","og_type":"article","og_title":"This Will Destroy You - Young Mountain","og_description":"Eindelijk weer leverbaar! Young Mountain van This Will Destroy You werd oorspronkelijk uitgebracht op 6-6-06 en was het debuutalbum van deze instrumentalisten uit Los Angeles. De band nestelde zich daarmee met \u00e9\u00e9n klap tussen de topbands van het genre. In de jaren sinds deze release zijn de nummers van 'Young Mountain' een eigen leven gaan leiden, waarbij ze gebruikt werden in grote films en filmtrailers (\"The Purge,\" \"The Taking Of Pellham 123,\" \"Prom Night,\" etc.), grote sportevenementen (Wimbledon, Super Bowl, World Series, Formula 1 Racing, Stanley Cup Finals, World Cup, etc.).  ** Let op, de afbeelding is een mockup ter illustratie, het geleverde album zal er iets anders uit zien.","og_url":"https:\/\/demistrecords.nl\/de\/produkt\/this-will-destroy-you-young-mountain\/","og_site_name":"De Mist Records","article_publisher":"https:\/\/www.facebook.com\/demistrecordsnl","article_modified_time":"2021-11-22T17:58:12+00:00","og_image":[{"width":2036,"height":2036,"url":"https:\/\/demistrecords.nl\/wp-content\/uploads\/2021\/01\/This-Will-Destroy-You-Young-Mountain.jpg","type":"image\/jpeg"}],"twitter_card":"summary_large_image","twitter_site":"@deathroo1","schema":{"@context":"https:\/\/schema.org","@graph":[{"@type":["WebPage","ItemPage"],"@id":"https:\/\/demistrecords.nl\/product\/this-will-destroy-you-young-mountain\/","url":"https:\/\/demistrecords.nl\/product\/this-will-destroy-you-young-mountain\/","name":"This Will Destroy You - Young Mountain","isPartOf":{"@id":"https:\/\/demistrecords.nl\/#website"},"primaryImageOfPage":{"@id":"https:\/\/demistrecords.nl\/product\/this-will-destroy-you-young-mountain\/#primaryimage"},"image":{"@id":"https:\/\/demistrecords.nl\/product\/this-will-destroy-you-young-mountain\/#primaryimage"},"thumbnailUrl":"https:\/\/demistrecords.nl\/wp-content\/uploads\/2021\/01\/This-Will-Destroy-You-Young-Mountain.jpg","datePublished":"2021-01-20T10:24:18+00:00","dateModified":"2021-11-22T17:58:12+00:00","description":"Eindelijk weer leverbaar! Young Mountain van This Will Destroy You werd oorspronkelijk uitgebracht op 6-6-06 en was het debuutalbum van deze instrumentalisten uit Los Angeles. De band nestelde zich daarmee met \u00e9\u00e9n klap tussen de topbands van het genre. In de jaren sinds deze release zijn de nummers van 'Young Mountain' een eigen leven gaan leiden, waarbij ze gebruikt werden in grote films en filmtrailers (\"The Purge,\" \"The Taking Of Pellham 123,\" \"Prom Night,\" etc.), grote sportevenementen (Wimbledon, Super Bowl, World Series, Formula 1 Racing, Stanley Cup Finals, World Cup, etc.). ** Let op, de afbeelding is een mockup ter illustratie, het geleverde album zal er iets anders uit zien.","breadcrumb":{"@id":"https:\/\/demistrecords.nl\/product\/this-will-destroy-you-young-mountain\/#breadcrumb"},"inLanguage":"de","potentialAction":[{"@type":"ReadAction","target":["https:\/\/demistrecords.nl\/product\/this-will-destroy-you-young-mountain\/"]}]},{"@type":"ImageObject","inLanguage":"de","@id":"https:\/\/demistrecords.nl\/product\/this-will-destroy-you-young-mountain\/#primaryimage","url":"https:\/\/demistrecords.nl\/wp-content\/uploads\/2021\/01\/This-Will-Destroy-You-Young-Mountain.jpg","contentUrl":"https:\/\/demistrecords.nl\/wp-content\/uploads\/2021\/01\/This-Will-Destroy-You-Young-Mountain.jpg","width":2036,"height":2036},{"@type":"BreadcrumbList","@id":"https:\/\/demistrecords.nl\/product\/this-will-destroy-you-young-mountain\/#breadcrumb","itemListElement":[{"@type":"ListItem","position":1,"name":"Home","item":"https:\/\/demistrecords.nl\/"},{"@type":"ListItem","position":2,"name":"Shop","item":"https:\/\/demistrecords.nl\/shop\/"},{"@type":"ListItem","position":3,"name":"This Will Destroy You &#8211; Young Mountain"}]},{"@type":"WebSite","@id":"https:\/\/demistrecords.nl\/#website","url":"https:\/\/demistrecords.nl\/","name":"De Mist Records","description":"Post-rock and related music","publisher":{"@id":"https:\/\/demistrecords.nl\/#organization"},"potentialAction":[{"@type":"SearchAction","target":{"@type":"EntryPoint","urlTemplate":"https:\/\/demistrecords.nl\/?s={search_term_string}"},"query-input":{"@type":"PropertyValueSpecification","valueRequired":true,"valueName":"search_term_string"}}],"inLanguage":"de"},{"@type":"Organization","@id":"https:\/\/demistrecords.nl\/#organization","name":"De Mist Records","url":"https:\/\/demistrecords.nl\/","logo":{"@type":"ImageObject","inLanguage":"de","@id":"https:\/\/demistrecords.nl\/#\/schema\/logo\/image\/","url":"https:\/\/demistrecords.nl\/wp-content\/uploads\/2020\/12\/logo-de-mist-records-rond.png","contentUrl":"https:\/\/demistrecords.nl\/wp-content\/uploads\/2020\/12\/logo-de-mist-records-rond.png","width":500,"height":500,"caption":"De Mist Records"},"image":{"@id":"https:\/\/demistrecords.nl\/#\/schema\/logo\/image\/"},"sameAs":["https:\/\/www.facebook.com\/demistrecordsnl","https:\/\/x.com\/deathroo1","https:\/\/www.instagram.com\/demist_records\/"]}]}},"_links":{"self":[{"href":"https:\/\/demistrecords.nl\/de\/wp-json\/wp\/v2\/product\/323","targetHints":{"allow":["GET"]}}],"collection":[{"href":"https:\/\/demistrecords.nl\/de\/wp-json\/wp\/v2\/product"}],"about":[{"href":"https:\/\/demistrecords.nl\/de\/wp-json\/wp\/v2\/types\/product"}],"replies":[{"embeddable":true,"href":"https:\/\/demistrecords.nl\/de\/wp-json\/wp\/v2\/comments?post=323"}],"wp:featuredmedia":[{"embeddable":true,"href":"https:\/\/demistrecords.nl\/de\/wp-json\/wp\/v2\/media\/324"}],"wp:attachment":[{"href":"https:\/\/demistrecords.nl\/de\/wp-json\/wp\/v2\/media?parent=323"}],"wp:term":[{"taxonomy":"product_brand","embeddable":true,"href":"https:\/\/demistrecords.nl\/de\/wp-json\/wp\/v2\/product_brand?post=323"},{"taxonomy":"product_cat","embeddable":true,"href":"https:\/\/demistrecords.nl\/de\/wp-json\/wp\/v2\/product_cat?post=323"},{"taxonomy":"product_tag","embeddable":true,"href":"https:\/\/demistrecords.nl\/de\/wp-json\/wp\/v2\/product_tag?post=323"}],"curies":[{"name":"wp","href":"https:\/\/api.w.org\/{rel}","templated":true}]}}