{"id":334,"date":"2021-01-25T13:26:44","date_gmt":"2021-01-25T12:26:44","guid":{"rendered":"https:\/\/demistrecords.nl\/?post_type=product&#038;p=334"},"modified":"2022-01-30T21:26:24","modified_gmt":"2022-01-30T20:26:24","slug":"mogwai-every-countrys-sun","status":"publish","type":"product","link":"https:\/\/demistrecords.nl\/de\/produkt\/mogwai-every-countrys-sun\/","title":{"rendered":"Mogwai &#8211; Every Country&#8217;s Sun"},"content":{"rendered":"<p><iframe style=\"border: 0; width: 100%; height: 42px;\" src=\"https:\/\/bandcamp.com\/EmbeddedPlayer\/album=3548762563\/size=small\/bgcol=333333\/linkcol=0f91ff\/license_id=915\/transparent=true\/\" seamless=\"\"><a href=\"https:\/\/mogwai.bandcamp.com\/album\/every-countrys-sun\">Every Country&#8217;s Sun by Mogwai<\/a><\/iframe><\/p>","protected":false},"excerpt":{"rendered":"<p>Every Country's Sun ist das 9. Album der Glasgow-Band und markiert in gewisser Weise eine neue Phase in der Bandgeschichte. Nicht zuletzt, weil sie seit 2015 als Quartett weitergingen, sondern auch den Sound der Band ver\u00e4nderten. Es wurde gemeiner. Dieses Album wurde urspr\u00fcnglich 2017 ver\u00f6ffentlicht, aber gl\u00fccklicherweise ist dieses essentielle Album nun wieder auf Vinyl erh\u00e4ltlich.<\/p>","protected":false},"featured_media":336,"comment_status":"closed","ping_status":"closed","template":"","meta":[],"product_brand":[],"product_cat":[16],"product_tag":[26,28],"class_list":{"0":"post-334","1":"product","2":"type-product","3":"status-publish","4":"has-post-thumbnail","6":"product_cat-vinyl-12-2xlp","7":"product_tag-post-metal","8":"product_tag-post-rock","10":"first","11":"outofstock","12":"taxable","13":"shipping-taxable","14":"purchasable","15":"product-type-simple"},"bundled_by":[],"bundle_stock_status":"outofstock","bundle_stock_quantity":0,"bundle_virtual":false,"bundle_layout":"","bundle_add_to_cart_form_location":"","bundle_editable_in_cart":false,"bundle_sold_individually_context":"","bundle_item_grouping":"","bundle_min_size":"","bundle_max_size":"","bundle_price":[],"bundled_items":[],"bundle_sell_ids":[],"yoast_head":"<!-- This site is optimized with the Yoast SEO plugin v27.4 - https:\/\/yoast.com\/product\/yoast-seo-wordpress\/ -->\n<title>Mogwai - Every Country&#039;s Sun<\/title>\n<meta name=\"description\" content=\"Every Country&#039;s Sun is het 9de album van de band uit Glasgow en betekende, in zekere zin, een nieuwe fase in de geschiedenis van de band. Niet in de laatste plaats omdat ze sinds 2015 als kwartet verder gingen, maar ook het geluid van de band veranderde. Het werd gemener. Oorspronkelijk is dit album in 2017 verschenen, maar inmiddels is dit essenti\u00eble album gelukkig weer op vinyl verkrijgbaar.\" \/>\n<meta name=\"robots\" content=\"index, follow, max-snippet:-1, max-image-preview:large, max-video-preview:-1\" \/>\n<link rel=\"canonical\" href=\"https:\/\/demistrecords.nl\/de\/produkt\/mogwai-every-countrys-sun\/\" \/>\n<meta property=\"og:locale\" content=\"de_DE\" \/>\n<meta property=\"og:type\" content=\"article\" \/>\n<meta property=\"og:title\" content=\"Mogwai - Every Country&#039;s Sun\" \/>\n<meta property=\"og:description\" content=\"Every Country&#039;s Sun is het 9de album van de band uit Glasgow en betekende, in zekere zin, een nieuwe fase in de geschiedenis van de band. Niet in de laatste plaats omdat ze sinds 2015 als kwartet verder gingen, maar ook het geluid van de band veranderde. Het werd gemener. Oorspronkelijk is dit album in 2017 verschenen, maar inmiddels is dit essenti\u00eble album gelukkig weer op vinyl verkrijgbaar.\" \/>\n<meta property=\"og:url\" content=\"https:\/\/demistrecords.nl\/de\/produkt\/mogwai-every-countrys-sun\/\" \/>\n<meta property=\"og:site_name\" content=\"De Mist Records\" \/>\n<meta property=\"article:publisher\" content=\"https:\/\/www.facebook.com\/demistrecordsnl\" \/>\n<meta property=\"article:modified_time\" content=\"2022-01-30T20:26:24+00:00\" \/>\n<meta property=\"og:image\" content=\"https:\/\/demistrecords.nl\/wp-content\/uploads\/2021\/01\/Mogwai-Every-Countrys-Sun.jpg\" \/>\n\t<meta property=\"og:image:width\" content=\"2120\" \/>\n\t<meta property=\"og:image:height\" content=\"2120\" \/>\n\t<meta property=\"og:image:type\" content=\"image\/jpeg\" \/>\n<meta name=\"twitter:card\" content=\"summary_large_image\" \/>\n<meta name=\"twitter:site\" content=\"@deathroo1\" \/>\n<script type=\"application\/ld+json\" class=\"yoast-schema-graph\">{\"@context\":\"https:\\\/\\\/schema.org\",\"@graph\":[{\"@type\":[\"WebPage\",\"ItemPage\"],\"@id\":\"https:\\\/\\\/demistrecords.nl\\\/product\\\/mogwai-every-countrys-sun\\\/\",\"url\":\"https:\\\/\\\/demistrecords.nl\\\/product\\\/mogwai-every-countrys-sun\\\/\",\"name\":\"Mogwai - Every Country's Sun\",\"isPartOf\":{\"@id\":\"https:\\\/\\\/demistrecords.nl\\\/#website\"},\"primaryImageOfPage\":{\"@id\":\"https:\\\/\\\/demistrecords.nl\\\/product\\\/mogwai-every-countrys-sun\\\/#primaryimage\"},\"image\":{\"@id\":\"https:\\\/\\\/demistrecords.nl\\\/product\\\/mogwai-every-countrys-sun\\\/#primaryimage\"},\"thumbnailUrl\":\"https:\\\/\\\/demistrecords.nl\\\/wp-content\\\/uploads\\\/2021\\\/01\\\/Mogwai-Every-Countrys-Sun.jpg\",\"datePublished\":\"2021-01-25T12:26:44+00:00\",\"dateModified\":\"2022-01-30T20:26:24+00:00\",\"description\":\"Every Country's Sun is het 9de album van de band uit Glasgow en betekende, in zekere zin, een nieuwe fase in de geschiedenis van de band. Niet in de laatste plaats omdat ze sinds 2015 als kwartet verder gingen, maar ook het geluid van de band veranderde. Het werd gemener. Oorspronkelijk is dit album in 2017 verschenen, maar inmiddels is dit essenti\u00eble album gelukkig weer op vinyl verkrijgbaar.\",\"breadcrumb\":{\"@id\":\"https:\\\/\\\/demistrecords.nl\\\/product\\\/mogwai-every-countrys-sun\\\/#breadcrumb\"},\"inLanguage\":\"de\",\"potentialAction\":[{\"@type\":\"ReadAction\",\"target\":[\"https:\\\/\\\/demistrecords.nl\\\/product\\\/mogwai-every-countrys-sun\\\/\"]}]},{\"@type\":\"ImageObject\",\"inLanguage\":\"de\",\"@id\":\"https:\\\/\\\/demistrecords.nl\\\/product\\\/mogwai-every-countrys-sun\\\/#primaryimage\",\"url\":\"https:\\\/\\\/demistrecords.nl\\\/wp-content\\\/uploads\\\/2021\\\/01\\\/Mogwai-Every-Countrys-Sun.jpg\",\"contentUrl\":\"https:\\\/\\\/demistrecords.nl\\\/wp-content\\\/uploads\\\/2021\\\/01\\\/Mogwai-Every-Countrys-Sun.jpg\",\"width\":2120,\"height\":2120},{\"@type\":\"BreadcrumbList\",\"@id\":\"https:\\\/\\\/demistrecords.nl\\\/product\\\/mogwai-every-countrys-sun\\\/#breadcrumb\",\"itemListElement\":[{\"@type\":\"ListItem\",\"position\":1,\"name\":\"Home\",\"item\":\"https:\\\/\\\/demistrecords.nl\\\/\"},{\"@type\":\"ListItem\",\"position\":2,\"name\":\"Shop\",\"item\":\"https:\\\/\\\/demistrecords.nl\\\/shop\\\/\"},{\"@type\":\"ListItem\",\"position\":3,\"name\":\"Mogwai &#8211; Every Country&#8217;s Sun\"}]},{\"@type\":\"WebSite\",\"@id\":\"https:\\\/\\\/demistrecords.nl\\\/#website\",\"url\":\"https:\\\/\\\/demistrecords.nl\\\/\",\"name\":\"De Mist Records\",\"description\":\"Post-rock and related music\",\"publisher\":{\"@id\":\"https:\\\/\\\/demistrecords.nl\\\/#organization\"},\"potentialAction\":[{\"@type\":\"SearchAction\",\"target\":{\"@type\":\"EntryPoint\",\"urlTemplate\":\"https:\\\/\\\/demistrecords.nl\\\/?s={search_term_string}\"},\"query-input\":{\"@type\":\"PropertyValueSpecification\",\"valueRequired\":true,\"valueName\":\"search_term_string\"}}],\"inLanguage\":\"de\"},{\"@type\":\"Organization\",\"@id\":\"https:\\\/\\\/demistrecords.nl\\\/#organization\",\"name\":\"De Mist Records\",\"url\":\"https:\\\/\\\/demistrecords.nl\\\/\",\"logo\":{\"@type\":\"ImageObject\",\"inLanguage\":\"de\",\"@id\":\"https:\\\/\\\/demistrecords.nl\\\/#\\\/schema\\\/logo\\\/image\\\/\",\"url\":\"https:\\\/\\\/demistrecords.nl\\\/wp-content\\\/uploads\\\/2020\\\/12\\\/logo-de-mist-records-rond.png\",\"contentUrl\":\"https:\\\/\\\/demistrecords.nl\\\/wp-content\\\/uploads\\\/2020\\\/12\\\/logo-de-mist-records-rond.png\",\"width\":500,\"height\":500,\"caption\":\"De Mist Records\"},\"image\":{\"@id\":\"https:\\\/\\\/demistrecords.nl\\\/#\\\/schema\\\/logo\\\/image\\\/\"},\"sameAs\":[\"https:\\\/\\\/www.facebook.com\\\/demistrecordsnl\",\"https:\\\/\\\/x.com\\\/deathroo1\",\"https:\\\/\\\/www.instagram.com\\\/demist_records\\\/\"]}]}<\/script>\n<!-- \/ Yoast SEO plugin. -->","yoast_head_json":{"title":"Mogwai - Every Country's Sun","description":"Every Country's Sun is het 9de album van de band uit Glasgow en betekende, in zekere zin, een nieuwe fase in de geschiedenis van de band. Niet in de laatste plaats omdat ze sinds 2015 als kwartet verder gingen, maar ook het geluid van de band veranderde. Het werd gemener. Oorspronkelijk is dit album in 2017 verschenen, maar inmiddels is dit essenti\u00eble album gelukkig weer op vinyl verkrijgbaar.","robots":{"index":"index","follow":"follow","max-snippet":"max-snippet:-1","max-image-preview":"max-image-preview:large","max-video-preview":"max-video-preview:-1"},"canonical":"https:\/\/demistrecords.nl\/de\/produkt\/mogwai-every-countrys-sun\/","og_locale":"de_DE","og_type":"article","og_title":"Mogwai - Every Country's Sun","og_description":"Every Country's Sun is het 9de album van de band uit Glasgow en betekende, in zekere zin, een nieuwe fase in de geschiedenis van de band. Niet in de laatste plaats omdat ze sinds 2015 als kwartet verder gingen, maar ook het geluid van de band veranderde. Het werd gemener. Oorspronkelijk is dit album in 2017 verschenen, maar inmiddels is dit essenti\u00eble album gelukkig weer op vinyl verkrijgbaar.","og_url":"https:\/\/demistrecords.nl\/de\/produkt\/mogwai-every-countrys-sun\/","og_site_name":"De Mist Records","article_publisher":"https:\/\/www.facebook.com\/demistrecordsnl","article_modified_time":"2022-01-30T20:26:24+00:00","og_image":[{"width":2120,"height":2120,"url":"https:\/\/demistrecords.nl\/wp-content\/uploads\/2021\/01\/Mogwai-Every-Countrys-Sun.jpg","type":"image\/jpeg"}],"twitter_card":"summary_large_image","twitter_site":"@deathroo1","schema":{"@context":"https:\/\/schema.org","@graph":[{"@type":["WebPage","ItemPage"],"@id":"https:\/\/demistrecords.nl\/product\/mogwai-every-countrys-sun\/","url":"https:\/\/demistrecords.nl\/product\/mogwai-every-countrys-sun\/","name":"Mogwai - Every Country's Sun","isPartOf":{"@id":"https:\/\/demistrecords.nl\/#website"},"primaryImageOfPage":{"@id":"https:\/\/demistrecords.nl\/product\/mogwai-every-countrys-sun\/#primaryimage"},"image":{"@id":"https:\/\/demistrecords.nl\/product\/mogwai-every-countrys-sun\/#primaryimage"},"thumbnailUrl":"https:\/\/demistrecords.nl\/wp-content\/uploads\/2021\/01\/Mogwai-Every-Countrys-Sun.jpg","datePublished":"2021-01-25T12:26:44+00:00","dateModified":"2022-01-30T20:26:24+00:00","description":"Every Country's Sun is het 9de album van de band uit Glasgow en betekende, in zekere zin, een nieuwe fase in de geschiedenis van de band. Niet in de laatste plaats omdat ze sinds 2015 als kwartet verder gingen, maar ook het geluid van de band veranderde. Het werd gemener. Oorspronkelijk is dit album in 2017 verschenen, maar inmiddels is dit essenti\u00eble album gelukkig weer op vinyl verkrijgbaar.","breadcrumb":{"@id":"https:\/\/demistrecords.nl\/product\/mogwai-every-countrys-sun\/#breadcrumb"},"inLanguage":"de","potentialAction":[{"@type":"ReadAction","target":["https:\/\/demistrecords.nl\/product\/mogwai-every-countrys-sun\/"]}]},{"@type":"ImageObject","inLanguage":"de","@id":"https:\/\/demistrecords.nl\/product\/mogwai-every-countrys-sun\/#primaryimage","url":"https:\/\/demistrecords.nl\/wp-content\/uploads\/2021\/01\/Mogwai-Every-Countrys-Sun.jpg","contentUrl":"https:\/\/demistrecords.nl\/wp-content\/uploads\/2021\/01\/Mogwai-Every-Countrys-Sun.jpg","width":2120,"height":2120},{"@type":"BreadcrumbList","@id":"https:\/\/demistrecords.nl\/product\/mogwai-every-countrys-sun\/#breadcrumb","itemListElement":[{"@type":"ListItem","position":1,"name":"Home","item":"https:\/\/demistrecords.nl\/"},{"@type":"ListItem","position":2,"name":"Shop","item":"https:\/\/demistrecords.nl\/shop\/"},{"@type":"ListItem","position":3,"name":"Mogwai &#8211; Every Country&#8217;s Sun"}]},{"@type":"WebSite","@id":"https:\/\/demistrecords.nl\/#website","url":"https:\/\/demistrecords.nl\/","name":"De Mist Records","description":"Post-rock and related music","publisher":{"@id":"https:\/\/demistrecords.nl\/#organization"},"potentialAction":[{"@type":"SearchAction","target":{"@type":"EntryPoint","urlTemplate":"https:\/\/demistrecords.nl\/?s={search_term_string}"},"query-input":{"@type":"PropertyValueSpecification","valueRequired":true,"valueName":"search_term_string"}}],"inLanguage":"de"},{"@type":"Organization","@id":"https:\/\/demistrecords.nl\/#organization","name":"De Mist Records","url":"https:\/\/demistrecords.nl\/","logo":{"@type":"ImageObject","inLanguage":"de","@id":"https:\/\/demistrecords.nl\/#\/schema\/logo\/image\/","url":"https:\/\/demistrecords.nl\/wp-content\/uploads\/2020\/12\/logo-de-mist-records-rond.png","contentUrl":"https:\/\/demistrecords.nl\/wp-content\/uploads\/2020\/12\/logo-de-mist-records-rond.png","width":500,"height":500,"caption":"De Mist Records"},"image":{"@id":"https:\/\/demistrecords.nl\/#\/schema\/logo\/image\/"},"sameAs":["https:\/\/www.facebook.com\/demistrecordsnl","https:\/\/x.com\/deathroo1","https:\/\/www.instagram.com\/demist_records\/"]}]}},"_links":{"self":[{"href":"https:\/\/demistrecords.nl\/de\/wp-json\/wp\/v2\/product\/334","targetHints":{"allow":["GET"]}}],"collection":[{"href":"https:\/\/demistrecords.nl\/de\/wp-json\/wp\/v2\/product"}],"about":[{"href":"https:\/\/demistrecords.nl\/de\/wp-json\/wp\/v2\/types\/product"}],"replies":[{"embeddable":true,"href":"https:\/\/demistrecords.nl\/de\/wp-json\/wp\/v2\/comments?post=334"}],"wp:featuredmedia":[{"embeddable":true,"href":"https:\/\/demistrecords.nl\/de\/wp-json\/wp\/v2\/media\/336"}],"wp:attachment":[{"href":"https:\/\/demistrecords.nl\/de\/wp-json\/wp\/v2\/media?parent=334"}],"wp:term":[{"taxonomy":"product_brand","embeddable":true,"href":"https:\/\/demistrecords.nl\/de\/wp-json\/wp\/v2\/product_brand?post=334"},{"taxonomy":"product_cat","embeddable":true,"href":"https:\/\/demistrecords.nl\/de\/wp-json\/wp\/v2\/product_cat?post=334"},{"taxonomy":"product_tag","embeddable":true,"href":"https:\/\/demistrecords.nl\/de\/wp-json\/wp\/v2\/product_tag?post=334"}],"curies":[{"name":"wp","href":"https:\/\/api.w.org\/{rel}","templated":true}]}}