{"id":337,"date":"2021-01-25T16:55:32","date_gmt":"2021-01-25T15:55:32","guid":{"rendered":"https:\/\/demistrecords.nl\/?post_type=product&#038;p=337"},"modified":"2021-12-12T17:12:32","modified_gmt":"2021-12-12T16:12:32","slug":"oh-hiroshima-oscillation","status":"publish","type":"product","link":"https:\/\/demistrecords.nl\/de\/produkt\/oh-hiroshima-oscillation\/","title":{"rendered":"Oh Hiroshima &#8211; Oscillation"},"content":{"rendered":"<p><iframe style=\"border: 0; width: 100%; height: 42px;\" src=\"https:\/\/bandcamp.com\/EmbeddedPlayer\/album=3444912439\/size=small\/bgcol=333333\/linkcol=0f91ff\/transparent=true\/\" seamless=\"\"><a href=\"https:\/\/ohhiroshima.bandcamp.com\/album\/oscillation\">Oscillation by Oh Hiroshima<\/a><\/iframe><\/p>","protected":false},"excerpt":{"rendered":"<p>Dieses dritte Album von Oh Hiroshma wurde von niemand anderem als Magnus Lindberg gemastert. Die schwedische Band hat vier Jahre daran gearbeitet und man h\u00f6rt das. Die Band hatte auch die fast unm\u00f6gliche Aufgabe, das 2015er Album In Silence We Yearn zu \u00fcbertreffen, aber sie schafften es gut.<br \/>\nSehr empfehlenswert f\u00fcr Fans von We Lost The Sea, Russian Circles, PG.Lost, Kokomo oder If These Trees Could Talk.<\/p>","protected":false},"featured_media":341,"comment_status":"closed","ping_status":"closed","template":"","meta":[],"product_brand":[],"product_cat":[16],"product_tag":[28,35],"class_list":{"0":"post-337","1":"product","2":"type-product","3":"status-publish","4":"has-post-thumbnail","6":"product_cat-vinyl-12-2xlp","7":"product_tag-post-rock","8":"product_tag-progrock","10":"first","11":"outofstock","12":"taxable","13":"shipping-taxable","14":"purchasable","15":"product-type-simple"},"yoast_head":"<!-- This site is optimized with the Yoast SEO plugin v27.3 - https:\/\/yoast.com\/product\/yoast-seo-wordpress\/ -->\n<title>Oh Hiroshima - Oscillation<\/title>\n<meta name=\"description\" content=\"Dit derde album van Oh Hiroshma is gemasterd door niemand minder dan Magnus Lindberg. De Zweedse band heeft er vier jaar aan gewerkt en dat is te horen. De band had ook de bijna onmogelijke taak om het album In Silence We Yearn uit 2015 te overtreffen, maar dat is ze prima gelukt. Een aanrader voor liefhebbers van We Lost The Sea, Russian Circles, PG.Lost, Kokomo of If These Trees Could Talk.\" \/>\n<meta name=\"robots\" content=\"index, follow, max-snippet:-1, max-image-preview:large, max-video-preview:-1\" \/>\n<link rel=\"canonical\" href=\"https:\/\/demistrecords.nl\/de\/produkt\/oh-hiroshima-oscillation\/\" \/>\n<meta property=\"og:locale\" content=\"de_DE\" \/>\n<meta property=\"og:type\" content=\"article\" \/>\n<meta property=\"og:title\" content=\"Oh Hiroshima - Oscillation\" \/>\n<meta property=\"og:description\" content=\"Dit derde album van Oh Hiroshma is gemasterd door niemand minder dan Magnus Lindberg. De Zweedse band heeft er vier jaar aan gewerkt en dat is te horen. De band had ook de bijna onmogelijke taak om het album In Silence We Yearn uit 2015 te overtreffen, maar dat is ze prima gelukt. Een aanrader voor liefhebbers van We Lost The Sea, Russian Circles, PG.Lost, Kokomo of If These Trees Could Talk.\" \/>\n<meta property=\"og:url\" content=\"https:\/\/demistrecords.nl\/de\/produkt\/oh-hiroshima-oscillation\/\" \/>\n<meta property=\"og:site_name\" content=\"De Mist Records\" \/>\n<meta property=\"article:publisher\" content=\"https:\/\/www.facebook.com\/demistrecordsnl\" \/>\n<meta property=\"article:modified_time\" content=\"2021-12-12T16:12:32+00:00\" \/>\n<meta property=\"og:image\" content=\"https:\/\/demistrecords.nl\/wp-content\/uploads\/2021\/01\/Oh-Hiroshima-Oscillation-1.jpg\" \/>\n\t<meta property=\"og:image:width\" content=\"2120\" \/>\n\t<meta property=\"og:image:height\" content=\"2120\" \/>\n\t<meta property=\"og:image:type\" content=\"image\/jpeg\" \/>\n<meta name=\"twitter:card\" content=\"summary_large_image\" \/>\n<meta name=\"twitter:site\" content=\"@deathroo1\" \/>\n<script type=\"application\/ld+json\" class=\"yoast-schema-graph\">{\"@context\":\"https:\\\/\\\/schema.org\",\"@graph\":[{\"@type\":[\"WebPage\",\"ItemPage\"],\"@id\":\"https:\\\/\\\/demistrecords.nl\\\/en\\\/product\\\/oh-hiroshima-oscillation\\\/\",\"url\":\"https:\\\/\\\/demistrecords.nl\\\/en\\\/product\\\/oh-hiroshima-oscillation\\\/\",\"name\":\"Oh Hiroshima - Oscillation\",\"isPartOf\":{\"@id\":\"https:\\\/\\\/demistrecords.nl\\\/#website\"},\"primaryImageOfPage\":{\"@id\":\"https:\\\/\\\/demistrecords.nl\\\/en\\\/product\\\/oh-hiroshima-oscillation\\\/#primaryimage\"},\"image\":{\"@id\":\"https:\\\/\\\/demistrecords.nl\\\/en\\\/product\\\/oh-hiroshima-oscillation\\\/#primaryimage\"},\"thumbnailUrl\":\"https:\\\/\\\/demistrecords.nl\\\/wp-content\\\/uploads\\\/2021\\\/01\\\/Oh-Hiroshima-Oscillation-1.jpg\",\"datePublished\":\"2021-01-25T15:55:32+00:00\",\"dateModified\":\"2021-12-12T16:12:32+00:00\",\"description\":\"Dit derde album van Oh Hiroshma is gemasterd door niemand minder dan Magnus Lindberg. De Zweedse band heeft er vier jaar aan gewerkt en dat is te horen. De band had ook de bijna onmogelijke taak om het album In Silence We Yearn uit 2015 te overtreffen, maar dat is ze prima gelukt. Een aanrader voor liefhebbers van We Lost The Sea, Russian Circles, PG.Lost, Kokomo of If These Trees Could Talk.\",\"breadcrumb\":{\"@id\":\"https:\\\/\\\/demistrecords.nl\\\/en\\\/product\\\/oh-hiroshima-oscillation\\\/#breadcrumb\"},\"inLanguage\":\"de\",\"potentialAction\":[{\"@type\":\"ReadAction\",\"target\":[\"https:\\\/\\\/demistrecords.nl\\\/en\\\/product\\\/oh-hiroshima-oscillation\\\/\"]}]},{\"@type\":\"ImageObject\",\"inLanguage\":\"de\",\"@id\":\"https:\\\/\\\/demistrecords.nl\\\/en\\\/product\\\/oh-hiroshima-oscillation\\\/#primaryimage\",\"url\":\"https:\\\/\\\/demistrecords.nl\\\/wp-content\\\/uploads\\\/2021\\\/01\\\/Oh-Hiroshima-Oscillation-1.jpg\",\"contentUrl\":\"https:\\\/\\\/demistrecords.nl\\\/wp-content\\\/uploads\\\/2021\\\/01\\\/Oh-Hiroshima-Oscillation-1.jpg\",\"width\":2120,\"height\":2120},{\"@type\":\"BreadcrumbList\",\"@id\":\"https:\\\/\\\/demistrecords.nl\\\/en\\\/product\\\/oh-hiroshima-oscillation\\\/#breadcrumb\",\"itemListElement\":[{\"@type\":\"ListItem\",\"position\":1,\"name\":\"Home\",\"item\":\"https:\\\/\\\/demistrecords.nl\\\/\"},{\"@type\":\"ListItem\",\"position\":2,\"name\":\"Shop\",\"item\":\"https:\\\/\\\/demistrecords.nl\\\/shop\\\/\"},{\"@type\":\"ListItem\",\"position\":3,\"name\":\"Oh Hiroshima &#8211; Oscillation\"}]},{\"@type\":\"WebSite\",\"@id\":\"https:\\\/\\\/demistrecords.nl\\\/#website\",\"url\":\"https:\\\/\\\/demistrecords.nl\\\/\",\"name\":\"De Mist Records\",\"description\":\"Post-rock and related music\",\"publisher\":{\"@id\":\"https:\\\/\\\/demistrecords.nl\\\/#organization\"},\"potentialAction\":[{\"@type\":\"SearchAction\",\"target\":{\"@type\":\"EntryPoint\",\"urlTemplate\":\"https:\\\/\\\/demistrecords.nl\\\/?s={search_term_string}\"},\"query-input\":{\"@type\":\"PropertyValueSpecification\",\"valueRequired\":true,\"valueName\":\"search_term_string\"}}],\"inLanguage\":\"de\"},{\"@type\":\"Organization\",\"@id\":\"https:\\\/\\\/demistrecords.nl\\\/#organization\",\"name\":\"De Mist Records\",\"url\":\"https:\\\/\\\/demistrecords.nl\\\/\",\"logo\":{\"@type\":\"ImageObject\",\"inLanguage\":\"de\",\"@id\":\"https:\\\/\\\/demistrecords.nl\\\/#\\\/schema\\\/logo\\\/image\\\/\",\"url\":\"https:\\\/\\\/demistrecords.nl\\\/wp-content\\\/uploads\\\/2020\\\/12\\\/logo-de-mist-records-rond.png\",\"contentUrl\":\"https:\\\/\\\/demistrecords.nl\\\/wp-content\\\/uploads\\\/2020\\\/12\\\/logo-de-mist-records-rond.png\",\"width\":500,\"height\":500,\"caption\":\"De Mist Records\"},\"image\":{\"@id\":\"https:\\\/\\\/demistrecords.nl\\\/#\\\/schema\\\/logo\\\/image\\\/\"},\"sameAs\":[\"https:\\\/\\\/www.facebook.com\\\/demistrecordsnl\",\"https:\\\/\\\/x.com\\\/deathroo1\",\"https:\\\/\\\/www.instagram.com\\\/demist_records\\\/\"]}]}<\/script>\n<!-- \/ Yoast SEO plugin. -->","yoast_head_json":{"title":"Oh Hiroshima - Oscillation","description":"Dit derde album van Oh Hiroshma is gemasterd door niemand minder dan Magnus Lindberg. De Zweedse band heeft er vier jaar aan gewerkt en dat is te horen. De band had ook de bijna onmogelijke taak om het album In Silence We Yearn uit 2015 te overtreffen, maar dat is ze prima gelukt. Een aanrader voor liefhebbers van We Lost The Sea, Russian Circles, PG.Lost, Kokomo of If These Trees Could Talk.","robots":{"index":"index","follow":"follow","max-snippet":"max-snippet:-1","max-image-preview":"max-image-preview:large","max-video-preview":"max-video-preview:-1"},"canonical":"https:\/\/demistrecords.nl\/de\/produkt\/oh-hiroshima-oscillation\/","og_locale":"de_DE","og_type":"article","og_title":"Oh Hiroshima - Oscillation","og_description":"Dit derde album van Oh Hiroshma is gemasterd door niemand minder dan Magnus Lindberg. De Zweedse band heeft er vier jaar aan gewerkt en dat is te horen. De band had ook de bijna onmogelijke taak om het album In Silence We Yearn uit 2015 te overtreffen, maar dat is ze prima gelukt. Een aanrader voor liefhebbers van We Lost The Sea, Russian Circles, PG.Lost, Kokomo of If These Trees Could Talk.","og_url":"https:\/\/demistrecords.nl\/de\/produkt\/oh-hiroshima-oscillation\/","og_site_name":"De Mist Records","article_publisher":"https:\/\/www.facebook.com\/demistrecordsnl","article_modified_time":"2021-12-12T16:12:32+00:00","og_image":[{"width":2120,"height":2120,"url":"https:\/\/demistrecords.nl\/wp-content\/uploads\/2021\/01\/Oh-Hiroshima-Oscillation-1.jpg","type":"image\/jpeg"}],"twitter_card":"summary_large_image","twitter_site":"@deathroo1","schema":{"@context":"https:\/\/schema.org","@graph":[{"@type":["WebPage","ItemPage"],"@id":"https:\/\/demistrecords.nl\/en\/product\/oh-hiroshima-oscillation\/","url":"https:\/\/demistrecords.nl\/en\/product\/oh-hiroshima-oscillation\/","name":"Oh Hiroshima - Oscillation","isPartOf":{"@id":"https:\/\/demistrecords.nl\/#website"},"primaryImageOfPage":{"@id":"https:\/\/demistrecords.nl\/en\/product\/oh-hiroshima-oscillation\/#primaryimage"},"image":{"@id":"https:\/\/demistrecords.nl\/en\/product\/oh-hiroshima-oscillation\/#primaryimage"},"thumbnailUrl":"https:\/\/demistrecords.nl\/wp-content\/uploads\/2021\/01\/Oh-Hiroshima-Oscillation-1.jpg","datePublished":"2021-01-25T15:55:32+00:00","dateModified":"2021-12-12T16:12:32+00:00","description":"Dit derde album van Oh Hiroshma is gemasterd door niemand minder dan Magnus Lindberg. De Zweedse band heeft er vier jaar aan gewerkt en dat is te horen. De band had ook de bijna onmogelijke taak om het album In Silence We Yearn uit 2015 te overtreffen, maar dat is ze prima gelukt. Een aanrader voor liefhebbers van We Lost The Sea, Russian Circles, PG.Lost, Kokomo of If These Trees Could Talk.","breadcrumb":{"@id":"https:\/\/demistrecords.nl\/en\/product\/oh-hiroshima-oscillation\/#breadcrumb"},"inLanguage":"de","potentialAction":[{"@type":"ReadAction","target":["https:\/\/demistrecords.nl\/en\/product\/oh-hiroshima-oscillation\/"]}]},{"@type":"ImageObject","inLanguage":"de","@id":"https:\/\/demistrecords.nl\/en\/product\/oh-hiroshima-oscillation\/#primaryimage","url":"https:\/\/demistrecords.nl\/wp-content\/uploads\/2021\/01\/Oh-Hiroshima-Oscillation-1.jpg","contentUrl":"https:\/\/demistrecords.nl\/wp-content\/uploads\/2021\/01\/Oh-Hiroshima-Oscillation-1.jpg","width":2120,"height":2120},{"@type":"BreadcrumbList","@id":"https:\/\/demistrecords.nl\/en\/product\/oh-hiroshima-oscillation\/#breadcrumb","itemListElement":[{"@type":"ListItem","position":1,"name":"Home","item":"https:\/\/demistrecords.nl\/"},{"@type":"ListItem","position":2,"name":"Shop","item":"https:\/\/demistrecords.nl\/shop\/"},{"@type":"ListItem","position":3,"name":"Oh Hiroshima &#8211; Oscillation"}]},{"@type":"WebSite","@id":"https:\/\/demistrecords.nl\/#website","url":"https:\/\/demistrecords.nl\/","name":"De Mist Records","description":"Post-rock and related music","publisher":{"@id":"https:\/\/demistrecords.nl\/#organization"},"potentialAction":[{"@type":"SearchAction","target":{"@type":"EntryPoint","urlTemplate":"https:\/\/demistrecords.nl\/?s={search_term_string}"},"query-input":{"@type":"PropertyValueSpecification","valueRequired":true,"valueName":"search_term_string"}}],"inLanguage":"de"},{"@type":"Organization","@id":"https:\/\/demistrecords.nl\/#organization","name":"De Mist Records","url":"https:\/\/demistrecords.nl\/","logo":{"@type":"ImageObject","inLanguage":"de","@id":"https:\/\/demistrecords.nl\/#\/schema\/logo\/image\/","url":"https:\/\/demistrecords.nl\/wp-content\/uploads\/2020\/12\/logo-de-mist-records-rond.png","contentUrl":"https:\/\/demistrecords.nl\/wp-content\/uploads\/2020\/12\/logo-de-mist-records-rond.png","width":500,"height":500,"caption":"De Mist Records"},"image":{"@id":"https:\/\/demistrecords.nl\/#\/schema\/logo\/image\/"},"sameAs":["https:\/\/www.facebook.com\/demistrecordsnl","https:\/\/x.com\/deathroo1","https:\/\/www.instagram.com\/demist_records\/"]}]}},"_links":{"self":[{"href":"https:\/\/demistrecords.nl\/de\/wp-json\/wp\/v2\/product\/337","targetHints":{"allow":["GET"]}}],"collection":[{"href":"https:\/\/demistrecords.nl\/de\/wp-json\/wp\/v2\/product"}],"about":[{"href":"https:\/\/demistrecords.nl\/de\/wp-json\/wp\/v2\/types\/product"}],"replies":[{"embeddable":true,"href":"https:\/\/demistrecords.nl\/de\/wp-json\/wp\/v2\/comments?post=337"}],"wp:featuredmedia":[{"embeddable":true,"href":"https:\/\/demistrecords.nl\/de\/wp-json\/wp\/v2\/media\/341"}],"wp:attachment":[{"href":"https:\/\/demistrecords.nl\/de\/wp-json\/wp\/v2\/media?parent=337"}],"wp:term":[{"taxonomy":"product_brand","embeddable":true,"href":"https:\/\/demistrecords.nl\/de\/wp-json\/wp\/v2\/product_brand?post=337"},{"taxonomy":"product_cat","embeddable":true,"href":"https:\/\/demistrecords.nl\/de\/wp-json\/wp\/v2\/product_cat?post=337"},{"taxonomy":"product_tag","embeddable":true,"href":"https:\/\/demistrecords.nl\/de\/wp-json\/wp\/v2\/product_tag?post=337"}],"curies":[{"name":"wp","href":"https:\/\/api.w.org\/{rel}","templated":true}]}}