{"id":344,"date":"2021-01-28T18:24:26","date_gmt":"2021-01-28T17:24:26","guid":{"rendered":"https:\/\/demistrecords.nl\/?post_type=product&#038;p=344"},"modified":"2024-03-18T13:26:53","modified_gmt":"2024-03-18T12:26:53","slug":"riah-autumnalia","status":"publish","type":"product","link":"https:\/\/demistrecords.nl\/de\/produkt\/riah-autumnalia\/","title":{"rendered":"Riah &#8211; Autumnalia"},"content":{"rendered":"<p><iframe style=\"border: 0; width: 100%; height: 42px;\" src=\"https:\/\/bandcamp.com\/EmbeddedPlayer\/album=817724597\/size=small\/bgcol=333333\/linkcol=0f91ff\/transparent=true\/\" seamless=\"\"><a href=\"https:\/\/riah.bandcamp.com\/album\/autumnalia\">Autumnalia by Riah<\/a><\/iframe><\/p>\n<p>Der Herbst bedeutet nicht immer das Ende einer Periode, sondern auch einen Neuanfang. Das ist die positive Botschaft, die man aus der Traurigkeit bekommt, die der Herbst zumindest verst\u00e4ndlich von Emotionen auswirft. Kurz gesagt, das ist die Botschaft, die die italienische Band Riah mit dem Album Autumnalia vermitteln will. Eine Mischung aus Post-Rock und Post-Metal, ohne irgendwo gezwungen zu klingen.<\/p>","protected":false},"excerpt":{"rendered":"<p>Dem Italiener Riah wurden nach der Ver\u00f6ffentlichung von Autumnalia goldene Berge versprochen, aber der bekannte Virus warf einen Schraubenschl\u00fcssel in die Werke, wodurch die Band die versprochenen Live-Auftritte absagen sah. Inzwischen w\u00fcrde man fast vergessen, was f\u00fcr ein fantastisches Album Autumnalia ist. F\u00fcr Fans von dunklerem atmosph\u00e4rischem Postrock, der von Zeit zu Zeit etwas schwerer sein kann.<\/p>","protected":false},"featured_media":348,"comment_status":"closed","ping_status":"closed","template":"","meta":[],"product_brand":[],"product_cat":[15],"product_tag":[],"class_list":{"0":"post-344","1":"product","2":"type-product","3":"status-publish","4":"has-post-thumbnail","6":"product_cat-vinyl-12-lp","8":"first","9":"outofstock","10":"sale","11":"taxable","12":"shipping-taxable","13":"purchasable","14":"product-type-simple"},"yoast_head":"<!-- This site is optimized with the Yoast SEO plugin v27.3 - https:\/\/yoast.com\/product\/yoast-seo-wordpress\/ -->\n<title>Riah - Autumnalia<\/title>\n<meta name=\"description\" content=\"Het Italiaanse Riah werd na het uitkomen van Autumnalia gouden bergen beloofd, maar het welbekende virus gooide roet in het eten, waardoor de band de beloofde live-optredens geannuleerd zag worden. Ondertussen zou je daardoor bijna vergeten wat voor fantastisch album Autumnalia is. Voor fans van wat duisterdere atmosferische postrock die af en toe ook best wat steviger mag zijn.\" \/>\n<meta name=\"robots\" content=\"index, follow, max-snippet:-1, max-image-preview:large, max-video-preview:-1\" \/>\n<link rel=\"canonical\" href=\"https:\/\/demistrecords.nl\/de\/produkt\/riah-autumnalia\/\" \/>\n<meta property=\"og:locale\" content=\"de_DE\" \/>\n<meta property=\"og:type\" content=\"article\" \/>\n<meta property=\"og:title\" content=\"Riah - Autumnalia\" \/>\n<meta property=\"og:description\" content=\"Het Italiaanse Riah werd na het uitkomen van Autumnalia gouden bergen beloofd, maar het welbekende virus gooide roet in het eten, waardoor de band de beloofde live-optredens geannuleerd zag worden. Ondertussen zou je daardoor bijna vergeten wat voor fantastisch album Autumnalia is. Voor fans van wat duisterdere atmosferische postrock die af en toe ook best wat steviger mag zijn.\" \/>\n<meta property=\"og:url\" content=\"https:\/\/demistrecords.nl\/de\/produkt\/riah-autumnalia\/\" \/>\n<meta property=\"og:site_name\" content=\"De Mist Records\" \/>\n<meta property=\"article:publisher\" content=\"https:\/\/www.facebook.com\/demistrecordsnl\" \/>\n<meta property=\"article:modified_time\" content=\"2024-03-18T12:26:53+00:00\" \/>\n<meta property=\"og:image\" content=\"https:\/\/demistrecords.nl\/wp-content\/uploads\/2021\/01\/Riah-Autumnalia.jpg\" \/>\n\t<meta property=\"og:image:width\" content=\"2120\" \/>\n\t<meta property=\"og:image:height\" content=\"2120\" \/>\n\t<meta property=\"og:image:type\" content=\"image\/jpeg\" \/>\n<meta name=\"twitter:card\" content=\"summary_large_image\" \/>\n<meta name=\"twitter:site\" content=\"@deathroo1\" \/>\n<script type=\"application\/ld+json\" class=\"yoast-schema-graph\">{\"@context\":\"https:\\\/\\\/schema.org\",\"@graph\":[{\"@type\":[\"WebPage\",\"ItemPage\"],\"@id\":\"https:\\\/\\\/demistrecords.nl\\\/product\\\/riah-autumnalia\\\/\",\"url\":\"https:\\\/\\\/demistrecords.nl\\\/product\\\/riah-autumnalia\\\/\",\"name\":\"Riah - Autumnalia\",\"isPartOf\":{\"@id\":\"https:\\\/\\\/demistrecords.nl\\\/#website\"},\"primaryImageOfPage\":{\"@id\":\"https:\\\/\\\/demistrecords.nl\\\/product\\\/riah-autumnalia\\\/#primaryimage\"},\"image\":{\"@id\":\"https:\\\/\\\/demistrecords.nl\\\/product\\\/riah-autumnalia\\\/#primaryimage\"},\"thumbnailUrl\":\"https:\\\/\\\/demistrecords.nl\\\/wp-content\\\/uploads\\\/2021\\\/01\\\/Riah-Autumnalia.jpg\",\"datePublished\":\"2021-01-28T17:24:26+00:00\",\"dateModified\":\"2024-03-18T12:26:53+00:00\",\"description\":\"Het Italiaanse Riah werd na het uitkomen van Autumnalia gouden bergen beloofd, maar het welbekende virus gooide roet in het eten, waardoor de band de beloofde live-optredens geannuleerd zag worden. Ondertussen zou je daardoor bijna vergeten wat voor fantastisch album Autumnalia is. Voor fans van wat duisterdere atmosferische postrock die af en toe ook best wat steviger mag zijn.\",\"breadcrumb\":{\"@id\":\"https:\\\/\\\/demistrecords.nl\\\/product\\\/riah-autumnalia\\\/#breadcrumb\"},\"inLanguage\":\"de\",\"potentialAction\":[{\"@type\":\"ReadAction\",\"target\":[\"https:\\\/\\\/demistrecords.nl\\\/product\\\/riah-autumnalia\\\/\"]}]},{\"@type\":\"ImageObject\",\"inLanguage\":\"de\",\"@id\":\"https:\\\/\\\/demistrecords.nl\\\/product\\\/riah-autumnalia\\\/#primaryimage\",\"url\":\"https:\\\/\\\/demistrecords.nl\\\/wp-content\\\/uploads\\\/2021\\\/01\\\/Riah-Autumnalia.jpg\",\"contentUrl\":\"https:\\\/\\\/demistrecords.nl\\\/wp-content\\\/uploads\\\/2021\\\/01\\\/Riah-Autumnalia.jpg\",\"width\":2120,\"height\":2120},{\"@type\":\"BreadcrumbList\",\"@id\":\"https:\\\/\\\/demistrecords.nl\\\/product\\\/riah-autumnalia\\\/#breadcrumb\",\"itemListElement\":[{\"@type\":\"ListItem\",\"position\":1,\"name\":\"Home\",\"item\":\"https:\\\/\\\/demistrecords.nl\\\/\"},{\"@type\":\"ListItem\",\"position\":2,\"name\":\"Shop\",\"item\":\"https:\\\/\\\/demistrecords.nl\\\/shop\\\/\"},{\"@type\":\"ListItem\",\"position\":3,\"name\":\"Riah &#8211; Autumnalia\"}]},{\"@type\":\"WebSite\",\"@id\":\"https:\\\/\\\/demistrecords.nl\\\/#website\",\"url\":\"https:\\\/\\\/demistrecords.nl\\\/\",\"name\":\"De Mist Records\",\"description\":\"Post-rock and related music\",\"publisher\":{\"@id\":\"https:\\\/\\\/demistrecords.nl\\\/#organization\"},\"potentialAction\":[{\"@type\":\"SearchAction\",\"target\":{\"@type\":\"EntryPoint\",\"urlTemplate\":\"https:\\\/\\\/demistrecords.nl\\\/?s={search_term_string}\"},\"query-input\":{\"@type\":\"PropertyValueSpecification\",\"valueRequired\":true,\"valueName\":\"search_term_string\"}}],\"inLanguage\":\"de\"},{\"@type\":\"Organization\",\"@id\":\"https:\\\/\\\/demistrecords.nl\\\/#organization\",\"name\":\"De Mist Records\",\"url\":\"https:\\\/\\\/demistrecords.nl\\\/\",\"logo\":{\"@type\":\"ImageObject\",\"inLanguage\":\"de\",\"@id\":\"https:\\\/\\\/demistrecords.nl\\\/#\\\/schema\\\/logo\\\/image\\\/\",\"url\":\"https:\\\/\\\/demistrecords.nl\\\/wp-content\\\/uploads\\\/2020\\\/12\\\/logo-de-mist-records-rond.png\",\"contentUrl\":\"https:\\\/\\\/demistrecords.nl\\\/wp-content\\\/uploads\\\/2020\\\/12\\\/logo-de-mist-records-rond.png\",\"width\":500,\"height\":500,\"caption\":\"De Mist Records\"},\"image\":{\"@id\":\"https:\\\/\\\/demistrecords.nl\\\/#\\\/schema\\\/logo\\\/image\\\/\"},\"sameAs\":[\"https:\\\/\\\/www.facebook.com\\\/demistrecordsnl\",\"https:\\\/\\\/x.com\\\/deathroo1\",\"https:\\\/\\\/www.instagram.com\\\/demist_records\\\/\"]}]}<\/script>\n<!-- \/ Yoast SEO plugin. -->","yoast_head_json":{"title":"Riah - Autumnalia","description":"Dem Italiener Riah wurden nach der Ver\u00f6ffentlichung von Autumnalia goldene Berge versprochen, aber der bekannte Virus warf einen Schraubenschl\u00fcssel in die Werke, wodurch die Band die versprochenen Live-Auftritte absagen sah. Inzwischen w\u00fcrde man fast vergessen, was f\u00fcr ein fantastisches Album Autumnalia ist. F\u00fcr Fans von dunklerem atmosph\u00e4rischem Postrock, der von Zeit zu Zeit etwas schwerer sein kann.","robots":{"index":"index","follow":"follow","max-snippet":"max-snippet:-1","max-image-preview":"max-image-preview:large","max-video-preview":"max-video-preview:-1"},"canonical":"https:\/\/demistrecords.nl\/de\/produkt\/riah-autumnalia\/","og_locale":"de_DE","og_type":"article","og_title":"Riah - Autumnalia","og_description":"Het Italiaanse Riah werd na het uitkomen van Autumnalia gouden bergen beloofd, maar het welbekende virus gooide roet in het eten, waardoor de band de beloofde live-optredens geannuleerd zag worden. Ondertussen zou je daardoor bijna vergeten wat voor fantastisch album Autumnalia is. Voor fans van wat duisterdere atmosferische postrock die af en toe ook best wat steviger mag zijn.","og_url":"https:\/\/demistrecords.nl\/de\/produkt\/riah-autumnalia\/","og_site_name":"De Mist Records","article_publisher":"https:\/\/www.facebook.com\/demistrecordsnl","article_modified_time":"2024-03-18T12:26:53+00:00","og_image":[{"width":2120,"height":2120,"url":"https:\/\/demistrecords.nl\/wp-content\/uploads\/2021\/01\/Riah-Autumnalia.jpg","type":"image\/jpeg"}],"twitter_card":"summary_large_image","twitter_site":"@deathroo1","schema":{"@context":"https:\/\/schema.org","@graph":[{"@type":["WebPage","ItemPage"],"@id":"https:\/\/demistrecords.nl\/product\/riah-autumnalia\/","url":"https:\/\/demistrecords.nl\/product\/riah-autumnalia\/","name":"Riah - Autumnalia","isPartOf":{"@id":"https:\/\/demistrecords.nl\/#website"},"primaryImageOfPage":{"@id":"https:\/\/demistrecords.nl\/product\/riah-autumnalia\/#primaryimage"},"image":{"@id":"https:\/\/demistrecords.nl\/product\/riah-autumnalia\/#primaryimage"},"thumbnailUrl":"https:\/\/demistrecords.nl\/wp-content\/uploads\/2021\/01\/Riah-Autumnalia.jpg","datePublished":"2021-01-28T17:24:26+00:00","dateModified":"2024-03-18T12:26:53+00:00","description":"Dem Italiener Riah wurden nach der Ver\u00f6ffentlichung von Autumnalia goldene Berge versprochen, aber der bekannte Virus warf einen Schraubenschl\u00fcssel in die Werke, wodurch die Band die versprochenen Live-Auftritte absagen sah. Inzwischen w\u00fcrde man fast vergessen, was f\u00fcr ein fantastisches Album Autumnalia ist. F\u00fcr Fans von dunklerem atmosph\u00e4rischem Postrock, der von Zeit zu Zeit etwas schwerer sein kann.","breadcrumb":{"@id":"https:\/\/demistrecords.nl\/product\/riah-autumnalia\/#breadcrumb"},"inLanguage":"de","potentialAction":[{"@type":"ReadAction","target":["https:\/\/demistrecords.nl\/product\/riah-autumnalia\/"]}]},{"@type":"ImageObject","inLanguage":"de","@id":"https:\/\/demistrecords.nl\/product\/riah-autumnalia\/#primaryimage","url":"https:\/\/demistrecords.nl\/wp-content\/uploads\/2021\/01\/Riah-Autumnalia.jpg","contentUrl":"https:\/\/demistrecords.nl\/wp-content\/uploads\/2021\/01\/Riah-Autumnalia.jpg","width":2120,"height":2120},{"@type":"BreadcrumbList","@id":"https:\/\/demistrecords.nl\/product\/riah-autumnalia\/#breadcrumb","itemListElement":[{"@type":"ListItem","position":1,"name":"Home","item":"https:\/\/demistrecords.nl\/"},{"@type":"ListItem","position":2,"name":"Shop","item":"https:\/\/demistrecords.nl\/shop\/"},{"@type":"ListItem","position":3,"name":"Riah &#8211; Autumnalia"}]},{"@type":"WebSite","@id":"https:\/\/demistrecords.nl\/#website","url":"https:\/\/demistrecords.nl\/","name":"De Mist Records","description":"Post-rock and related music","publisher":{"@id":"https:\/\/demistrecords.nl\/#organization"},"potentialAction":[{"@type":"SearchAction","target":{"@type":"EntryPoint","urlTemplate":"https:\/\/demistrecords.nl\/?s={search_term_string}"},"query-input":{"@type":"PropertyValueSpecification","valueRequired":true,"valueName":"search_term_string"}}],"inLanguage":"de"},{"@type":"Organization","@id":"https:\/\/demistrecords.nl\/#organization","name":"De Mist Records","url":"https:\/\/demistrecords.nl\/","logo":{"@type":"ImageObject","inLanguage":"de","@id":"https:\/\/demistrecords.nl\/#\/schema\/logo\/image\/","url":"https:\/\/demistrecords.nl\/wp-content\/uploads\/2020\/12\/logo-de-mist-records-rond.png","contentUrl":"https:\/\/demistrecords.nl\/wp-content\/uploads\/2020\/12\/logo-de-mist-records-rond.png","width":500,"height":500,"caption":"De Mist Records"},"image":{"@id":"https:\/\/demistrecords.nl\/#\/schema\/logo\/image\/"},"sameAs":["https:\/\/www.facebook.com\/demistrecordsnl","https:\/\/x.com\/deathroo1","https:\/\/www.instagram.com\/demist_records\/"]}]}},"_links":{"self":[{"href":"https:\/\/demistrecords.nl\/de\/wp-json\/wp\/v2\/product\/344","targetHints":{"allow":["GET"]}}],"collection":[{"href":"https:\/\/demistrecords.nl\/de\/wp-json\/wp\/v2\/product"}],"about":[{"href":"https:\/\/demistrecords.nl\/de\/wp-json\/wp\/v2\/types\/product"}],"replies":[{"embeddable":true,"href":"https:\/\/demistrecords.nl\/de\/wp-json\/wp\/v2\/comments?post=344"}],"wp:featuredmedia":[{"embeddable":true,"href":"https:\/\/demistrecords.nl\/de\/wp-json\/wp\/v2\/media\/348"}],"wp:attachment":[{"href":"https:\/\/demistrecords.nl\/de\/wp-json\/wp\/v2\/media?parent=344"}],"wp:term":[{"taxonomy":"product_brand","embeddable":true,"href":"https:\/\/demistrecords.nl\/de\/wp-json\/wp\/v2\/product_brand?post=344"},{"taxonomy":"product_cat","embeddable":true,"href":"https:\/\/demistrecords.nl\/de\/wp-json\/wp\/v2\/product_cat?post=344"},{"taxonomy":"product_tag","embeddable":true,"href":"https:\/\/demistrecords.nl\/de\/wp-json\/wp\/v2\/product_tag?post=344"}],"curies":[{"name":"wp","href":"https:\/\/api.w.org\/{rel}","templated":true}]}}