{"id":362,"date":"2021-02-01T12:36:51","date_gmt":"2021-02-01T11:36:51","guid":{"rendered":"https:\/\/demistrecords.nl\/?post_type=product&#038;p=362"},"modified":"2021-11-22T19:00:39","modified_gmt":"2021-11-22T18:00:39","slug":"old-solar-see","status":"publish","type":"product","link":"https:\/\/demistrecords.nl\/de\/produkt\/old-solar-see\/","title":{"rendered":"Old Solar &#8211; See"},"content":{"rendered":"<p><iframe style=\"border: 0; width: 100%; height: 42px;\" src=\"https:\/\/bandcamp.com\/EmbeddedPlayer\/album=4193288049\/size=small\/bgcol=333333\/linkcol=0f91ff\/transparent=true\/\" seamless=\"\"><a href=\"https:\/\/oldsolarmusic.bandcamp.com\/album\/see\">SEE by Old Solar<\/a><\/iframe><\/p>","protected":false},"excerpt":{"rendered":"<p>See ist das zweite Album von Old Solar und wurde im Januar 2019 in einer Auflage von nur 150 Exemplaren auf Vinyl ver\u00f6ffentlicht. Aufgrund der anhaltenden Nachfrage wurde diese zweite Pressung ein Jahr sp\u00e4ter wiederver\u00f6ffentlicht, diesmal in einer Auflage von 500 Exemplaren.<br \/>\nDas Album erz\u00e4hlt von den vier Jahreszeiten und den Emotionen und Nuancen, die diese Gezeiten mit sich bringen. Das f\u00fcnfte und letzte Lied When the Earth Remains rundet dieses musikalische Projekt ordentlich ab.<br \/>\nF\u00fcr Fans von: The End Of The Ocean, Lost In A Detail oder Coastlands.<\/p>","protected":false},"featured_media":363,"comment_status":"closed","ping_status":"closed","template":"","meta":[],"product_brand":[],"product_cat":[16],"product_tag":[26,28],"class_list":{"0":"post-362","1":"product","2":"type-product","3":"status-publish","4":"has-post-thumbnail","6":"product_cat-vinyl-12-2xlp","7":"product_tag-post-metal","8":"product_tag-post-rock","10":"first","11":"outofstock","12":"sold-individually","13":"taxable","14":"shipping-taxable","15":"purchasable","16":"product-type-simple"},"yoast_head":"<!-- This site is optimized with the Yoast SEO plugin v27.3 - https:\/\/yoast.com\/product\/yoast-seo-wordpress\/ -->\n<title>Old Solar - See<\/title>\n<meta name=\"description\" content=\"See is het tweede album van Old Solar en verscheen in januari 2019 op vinyl in een oplage van slechts 150 stuks. Deze tweede persing is vanwege de aanhoudende vraag een jaar later opnieuw uitgebracht, dit keer in een oplage van 500 stuks. Het album verhaalt over de vier seizoenen en de emoties en nuances die deze getijden met zich meebrengen. Het vijfde en laatste nummer While the Earth Remains rond dit muzikale project netjes af. Voor fans van: The End Of The Ocean, Lost In A Detail of Coastlands.\" \/>\n<meta name=\"robots\" content=\"index, follow, max-snippet:-1, max-image-preview:large, max-video-preview:-1\" \/>\n<link rel=\"canonical\" href=\"https:\/\/demistrecords.nl\/de\/produkt\/old-solar-see\/\" \/>\n<meta property=\"og:locale\" content=\"de_DE\" \/>\n<meta property=\"og:type\" content=\"article\" \/>\n<meta property=\"og:title\" content=\"Old Solar - See\" \/>\n<meta property=\"og:description\" content=\"See is het tweede album van Old Solar en verscheen in januari 2019 op vinyl in een oplage van slechts 150 stuks. Deze tweede persing is vanwege de aanhoudende vraag een jaar later opnieuw uitgebracht, dit keer in een oplage van 500 stuks. Het album verhaalt over de vier seizoenen en de emoties en nuances die deze getijden met zich meebrengen. Het vijfde en laatste nummer While the Earth Remains rond dit muzikale project netjes af. Voor fans van: The End Of The Ocean, Lost In A Detail of Coastlands.\" \/>\n<meta property=\"og:url\" content=\"https:\/\/demistrecords.nl\/de\/produkt\/old-solar-see\/\" \/>\n<meta property=\"og:site_name\" content=\"De Mist Records\" \/>\n<meta property=\"article:publisher\" content=\"https:\/\/www.facebook.com\/demistrecordsnl\" \/>\n<meta property=\"article:modified_time\" content=\"2021-11-22T18:00:39+00:00\" \/>\n<meta property=\"og:image\" content=\"https:\/\/demistrecords.nl\/wp-content\/uploads\/2021\/02\/Old-Solar-See.jpg\" \/>\n\t<meta property=\"og:image:width\" content=\"1800\" \/>\n\t<meta property=\"og:image:height\" content=\"1800\" \/>\n\t<meta property=\"og:image:type\" content=\"image\/jpeg\" \/>\n<meta name=\"twitter:card\" content=\"summary_large_image\" \/>\n<meta name=\"twitter:site\" content=\"@deathroo1\" \/>\n<script type=\"application\/ld+json\" class=\"yoast-schema-graph\">{\"@context\":\"https:\\\/\\\/schema.org\",\"@graph\":[{\"@type\":[\"WebPage\",\"ItemPage\"],\"@id\":\"https:\\\/\\\/demistrecords.nl\\\/en\\\/product\\\/old-solar-see\\\/\",\"url\":\"https:\\\/\\\/demistrecords.nl\\\/en\\\/product\\\/old-solar-see\\\/\",\"name\":\"Old Solar - See\",\"isPartOf\":{\"@id\":\"https:\\\/\\\/demistrecords.nl\\\/#website\"},\"primaryImageOfPage\":{\"@id\":\"https:\\\/\\\/demistrecords.nl\\\/en\\\/product\\\/old-solar-see\\\/#primaryimage\"},\"image\":{\"@id\":\"https:\\\/\\\/demistrecords.nl\\\/en\\\/product\\\/old-solar-see\\\/#primaryimage\"},\"thumbnailUrl\":\"https:\\\/\\\/demistrecords.nl\\\/wp-content\\\/uploads\\\/2021\\\/02\\\/Old-Solar-See.jpg\",\"datePublished\":\"2021-02-01T11:36:51+00:00\",\"dateModified\":\"2021-11-22T18:00:39+00:00\",\"description\":\"See is het tweede album van Old Solar en verscheen in januari 2019 op vinyl in een oplage van slechts 150 stuks. Deze tweede persing is vanwege de aanhoudende vraag een jaar later opnieuw uitgebracht, dit keer in een oplage van 500 stuks. Het album verhaalt over de vier seizoenen en de emoties en nuances die deze getijden met zich meebrengen. Het vijfde en laatste nummer While the Earth Remains rond dit muzikale project netjes af. Voor fans van: The End Of The Ocean, Lost In A Detail of Coastlands.\",\"breadcrumb\":{\"@id\":\"https:\\\/\\\/demistrecords.nl\\\/en\\\/product\\\/old-solar-see\\\/#breadcrumb\"},\"inLanguage\":\"de\",\"potentialAction\":[{\"@type\":\"ReadAction\",\"target\":[\"https:\\\/\\\/demistrecords.nl\\\/en\\\/product\\\/old-solar-see\\\/\"]}]},{\"@type\":\"ImageObject\",\"inLanguage\":\"de\",\"@id\":\"https:\\\/\\\/demistrecords.nl\\\/en\\\/product\\\/old-solar-see\\\/#primaryimage\",\"url\":\"https:\\\/\\\/demistrecords.nl\\\/wp-content\\\/uploads\\\/2021\\\/02\\\/Old-Solar-See.jpg\",\"contentUrl\":\"https:\\\/\\\/demistrecords.nl\\\/wp-content\\\/uploads\\\/2021\\\/02\\\/Old-Solar-See.jpg\",\"width\":1800,\"height\":1800},{\"@type\":\"BreadcrumbList\",\"@id\":\"https:\\\/\\\/demistrecords.nl\\\/en\\\/product\\\/old-solar-see\\\/#breadcrumb\",\"itemListElement\":[{\"@type\":\"ListItem\",\"position\":1,\"name\":\"Home\",\"item\":\"https:\\\/\\\/demistrecords.nl\\\/\"},{\"@type\":\"ListItem\",\"position\":2,\"name\":\"Shop\",\"item\":\"https:\\\/\\\/demistrecords.nl\\\/shop\\\/\"},{\"@type\":\"ListItem\",\"position\":3,\"name\":\"Old Solar &#8211; See\"}]},{\"@type\":\"WebSite\",\"@id\":\"https:\\\/\\\/demistrecords.nl\\\/#website\",\"url\":\"https:\\\/\\\/demistrecords.nl\\\/\",\"name\":\"De Mist Records\",\"description\":\"Post-rock and related music\",\"publisher\":{\"@id\":\"https:\\\/\\\/demistrecords.nl\\\/#organization\"},\"potentialAction\":[{\"@type\":\"SearchAction\",\"target\":{\"@type\":\"EntryPoint\",\"urlTemplate\":\"https:\\\/\\\/demistrecords.nl\\\/?s={search_term_string}\"},\"query-input\":{\"@type\":\"PropertyValueSpecification\",\"valueRequired\":true,\"valueName\":\"search_term_string\"}}],\"inLanguage\":\"de\"},{\"@type\":\"Organization\",\"@id\":\"https:\\\/\\\/demistrecords.nl\\\/#organization\",\"name\":\"De Mist Records\",\"url\":\"https:\\\/\\\/demistrecords.nl\\\/\",\"logo\":{\"@type\":\"ImageObject\",\"inLanguage\":\"de\",\"@id\":\"https:\\\/\\\/demistrecords.nl\\\/#\\\/schema\\\/logo\\\/image\\\/\",\"url\":\"https:\\\/\\\/demistrecords.nl\\\/wp-content\\\/uploads\\\/2020\\\/12\\\/logo-de-mist-records-rond.png\",\"contentUrl\":\"https:\\\/\\\/demistrecords.nl\\\/wp-content\\\/uploads\\\/2020\\\/12\\\/logo-de-mist-records-rond.png\",\"width\":500,\"height\":500,\"caption\":\"De Mist Records\"},\"image\":{\"@id\":\"https:\\\/\\\/demistrecords.nl\\\/#\\\/schema\\\/logo\\\/image\\\/\"},\"sameAs\":[\"https:\\\/\\\/www.facebook.com\\\/demistrecordsnl\",\"https:\\\/\\\/x.com\\\/deathroo1\",\"https:\\\/\\\/www.instagram.com\\\/demist_records\\\/\"]}]}<\/script>\n<!-- \/ Yoast SEO plugin. -->","yoast_head_json":{"title":"Old Solar - See","description":"See is het tweede album van Old Solar en verscheen in januari 2019 op vinyl in een oplage van slechts 150 stuks. Deze tweede persing is vanwege de aanhoudende vraag een jaar later opnieuw uitgebracht, dit keer in een oplage van 500 stuks. Het album verhaalt over de vier seizoenen en de emoties en nuances die deze getijden met zich meebrengen. Het vijfde en laatste nummer While the Earth Remains rond dit muzikale project netjes af. Voor fans van: The End Of The Ocean, Lost In A Detail of Coastlands.","robots":{"index":"index","follow":"follow","max-snippet":"max-snippet:-1","max-image-preview":"max-image-preview:large","max-video-preview":"max-video-preview:-1"},"canonical":"https:\/\/demistrecords.nl\/de\/produkt\/old-solar-see\/","og_locale":"de_DE","og_type":"article","og_title":"Old Solar - See","og_description":"See is het tweede album van Old Solar en verscheen in januari 2019 op vinyl in een oplage van slechts 150 stuks. Deze tweede persing is vanwege de aanhoudende vraag een jaar later opnieuw uitgebracht, dit keer in een oplage van 500 stuks. Het album verhaalt over de vier seizoenen en de emoties en nuances die deze getijden met zich meebrengen. Het vijfde en laatste nummer While the Earth Remains rond dit muzikale project netjes af. Voor fans van: The End Of The Ocean, Lost In A Detail of Coastlands.","og_url":"https:\/\/demistrecords.nl\/de\/produkt\/old-solar-see\/","og_site_name":"De Mist Records","article_publisher":"https:\/\/www.facebook.com\/demistrecordsnl","article_modified_time":"2021-11-22T18:00:39+00:00","og_image":[{"width":1800,"height":1800,"url":"https:\/\/demistrecords.nl\/wp-content\/uploads\/2021\/02\/Old-Solar-See.jpg","type":"image\/jpeg"}],"twitter_card":"summary_large_image","twitter_site":"@deathroo1","schema":{"@context":"https:\/\/schema.org","@graph":[{"@type":["WebPage","ItemPage"],"@id":"https:\/\/demistrecords.nl\/en\/product\/old-solar-see\/","url":"https:\/\/demistrecords.nl\/en\/product\/old-solar-see\/","name":"Old Solar - See","isPartOf":{"@id":"https:\/\/demistrecords.nl\/#website"},"primaryImageOfPage":{"@id":"https:\/\/demistrecords.nl\/en\/product\/old-solar-see\/#primaryimage"},"image":{"@id":"https:\/\/demistrecords.nl\/en\/product\/old-solar-see\/#primaryimage"},"thumbnailUrl":"https:\/\/demistrecords.nl\/wp-content\/uploads\/2021\/02\/Old-Solar-See.jpg","datePublished":"2021-02-01T11:36:51+00:00","dateModified":"2021-11-22T18:00:39+00:00","description":"See is het tweede album van Old Solar en verscheen in januari 2019 op vinyl in een oplage van slechts 150 stuks. Deze tweede persing is vanwege de aanhoudende vraag een jaar later opnieuw uitgebracht, dit keer in een oplage van 500 stuks. Het album verhaalt over de vier seizoenen en de emoties en nuances die deze getijden met zich meebrengen. Het vijfde en laatste nummer While the Earth Remains rond dit muzikale project netjes af. Voor fans van: The End Of The Ocean, Lost In A Detail of Coastlands.","breadcrumb":{"@id":"https:\/\/demistrecords.nl\/en\/product\/old-solar-see\/#breadcrumb"},"inLanguage":"de","potentialAction":[{"@type":"ReadAction","target":["https:\/\/demistrecords.nl\/en\/product\/old-solar-see\/"]}]},{"@type":"ImageObject","inLanguage":"de","@id":"https:\/\/demistrecords.nl\/en\/product\/old-solar-see\/#primaryimage","url":"https:\/\/demistrecords.nl\/wp-content\/uploads\/2021\/02\/Old-Solar-See.jpg","contentUrl":"https:\/\/demistrecords.nl\/wp-content\/uploads\/2021\/02\/Old-Solar-See.jpg","width":1800,"height":1800},{"@type":"BreadcrumbList","@id":"https:\/\/demistrecords.nl\/en\/product\/old-solar-see\/#breadcrumb","itemListElement":[{"@type":"ListItem","position":1,"name":"Home","item":"https:\/\/demistrecords.nl\/"},{"@type":"ListItem","position":2,"name":"Shop","item":"https:\/\/demistrecords.nl\/shop\/"},{"@type":"ListItem","position":3,"name":"Old Solar &#8211; See"}]},{"@type":"WebSite","@id":"https:\/\/demistrecords.nl\/#website","url":"https:\/\/demistrecords.nl\/","name":"De Mist Records","description":"Post-rock and related music","publisher":{"@id":"https:\/\/demistrecords.nl\/#organization"},"potentialAction":[{"@type":"SearchAction","target":{"@type":"EntryPoint","urlTemplate":"https:\/\/demistrecords.nl\/?s={search_term_string}"},"query-input":{"@type":"PropertyValueSpecification","valueRequired":true,"valueName":"search_term_string"}}],"inLanguage":"de"},{"@type":"Organization","@id":"https:\/\/demistrecords.nl\/#organization","name":"De Mist Records","url":"https:\/\/demistrecords.nl\/","logo":{"@type":"ImageObject","inLanguage":"de","@id":"https:\/\/demistrecords.nl\/#\/schema\/logo\/image\/","url":"https:\/\/demistrecords.nl\/wp-content\/uploads\/2020\/12\/logo-de-mist-records-rond.png","contentUrl":"https:\/\/demistrecords.nl\/wp-content\/uploads\/2020\/12\/logo-de-mist-records-rond.png","width":500,"height":500,"caption":"De Mist Records"},"image":{"@id":"https:\/\/demistrecords.nl\/#\/schema\/logo\/image\/"},"sameAs":["https:\/\/www.facebook.com\/demistrecordsnl","https:\/\/x.com\/deathroo1","https:\/\/www.instagram.com\/demist_records\/"]}]}},"_links":{"self":[{"href":"https:\/\/demistrecords.nl\/de\/wp-json\/wp\/v2\/product\/362","targetHints":{"allow":["GET"]}}],"collection":[{"href":"https:\/\/demistrecords.nl\/de\/wp-json\/wp\/v2\/product"}],"about":[{"href":"https:\/\/demistrecords.nl\/de\/wp-json\/wp\/v2\/types\/product"}],"replies":[{"embeddable":true,"href":"https:\/\/demistrecords.nl\/de\/wp-json\/wp\/v2\/comments?post=362"}],"wp:featuredmedia":[{"embeddable":true,"href":"https:\/\/demistrecords.nl\/de\/wp-json\/wp\/v2\/media\/363"}],"wp:attachment":[{"href":"https:\/\/demistrecords.nl\/de\/wp-json\/wp\/v2\/media?parent=362"}],"wp:term":[{"taxonomy":"product_brand","embeddable":true,"href":"https:\/\/demistrecords.nl\/de\/wp-json\/wp\/v2\/product_brand?post=362"},{"taxonomy":"product_cat","embeddable":true,"href":"https:\/\/demistrecords.nl\/de\/wp-json\/wp\/v2\/product_cat?post=362"},{"taxonomy":"product_tag","embeddable":true,"href":"https:\/\/demistrecords.nl\/de\/wp-json\/wp\/v2\/product_tag?post=362"}],"curies":[{"name":"wp","href":"https:\/\/api.w.org\/{rel}","templated":true}]}}