{"id":365,"date":"2021-02-01T13:50:37","date_gmt":"2021-02-01T12:50:37","guid":{"rendered":"https:\/\/demistrecords.nl\/?post_type=product&#038;p=365"},"modified":"2023-12-25T14:19:42","modified_gmt":"2023-12-25T13:19:42","slug":"i-hear-sirens-stella-mori","status":"publish","type":"product","link":"https:\/\/demistrecords.nl\/de\/produkt\/i-hear-sirens-stella-mori\/","title":{"rendered":"I Hear Sirens &#8211; Stella Mori"},"content":{"rendered":"<p><iframe style=\"border: 0; width: 100%; height: 42px;\" src=\"https:\/\/bandcamp.com\/EmbeddedPlayer\/album=1027324625\/size=small\/bgcol=333333\/linkcol=0f91ff\/transparent=true\/\" seamless=\"\"><a href=\"https:\/\/ihearsirens.bandcamp.com\/album\/stella-mori\">Stella Mori by I Hear Sirens<\/a><\/iframe><\/p>","protected":false},"excerpt":{"rendered":"<p>Der Albumtitel Stella Mori bedeutet eigentlich \"sterbender Stern\". Im Falle von I Hear Sirens sollte es allerdings genau das Gegenteil bedeuten, da sie die Band als aufsteigender Stern auf die musikalische Karte gesetzt hat. Die geschichteten Strukturen, der Bombast, aber auch die Ruhe und die Art und Weise, wie die Band H\u00f6hepunkte baut, sind wahrlich von Meisterklasse.<br \/>\nFans von We Lost The Sea, Caspian, Lost In A Detail sowie Russian Circles and Ranges werden dieses Album zu sch\u00e4tzen wissen.<\/p>\n<p>Kommt in der EU-Version: Gatefold-Cover auf sch\u00f6nem 180-Gramm-Vinyl: transparentes Gr\u00fcn mit schwarzen Splattern. Nur 250 Exemplare dieser europ\u00e4ischen Zweitpressung sind erh\u00e4ltlich. <\/p>","protected":false},"featured_media":1406,"comment_status":"closed","ping_status":"closed","template":"","meta":[],"product_brand":[],"product_cat":[23,15],"product_tag":[26,28],"class_list":{"0":"post-365","1":"product","2":"type-product","3":"status-publish","4":"has-post-thumbnail","6":"product_cat-exclusief","7":"product_cat-vinyl-12-lp","8":"product_tag-post-metal","9":"product_tag-post-rock","11":"first","12":"outofstock","13":"taxable","14":"shipping-taxable","15":"purchasable","16":"product-type-simple"},"bundled_by":[],"bundle_stock_status":"outofstock","bundle_stock_quantity":0,"bundle_virtual":false,"bundle_layout":"","bundle_add_to_cart_form_location":"","bundle_editable_in_cart":false,"bundle_sold_individually_context":"","bundle_item_grouping":"","bundle_min_size":"","bundle_max_size":"","bundle_price":[],"bundled_items":[],"bundle_sell_ids":[],"yoast_head":"<!-- This site is optimized with the Yoast SEO plugin v27.3 - https:\/\/yoast.com\/product\/yoast-seo-wordpress\/ -->\n<title>I Hear Sirens - Stella Mori<\/title>\n<meta name=\"description\" content=\"De albumtitel Stella Mori betekent eigenlijk &#039;stervende ster&#039;. Echter, in het geval van I Hear Sirens zou het juist het tegenovergestelde moeten betekenen, omdat het de band als een rijzende ster op de muzikale kaart zette. De gelaagde structuren, de bombast, maar ook de rust en de manier waarop de band climaxen opbouwt, zijn echt van meesterlijke klasse. Fans van We Lost The Sea, Caspian, Lost In A Detail, maar ook van Russian Circles en Ranges, zullen dit album weten te waarderen.  Wordt geleverd in EU variant: gatefold cover op prachtig 180grams vinyl: transparent green met black splatter. Van deze Europese versie van tweede persing zijn er slechts 250 beschikbaar.\" \/>\n<meta name=\"robots\" content=\"index, follow, max-snippet:-1, max-image-preview:large, max-video-preview:-1\" \/>\n<link rel=\"canonical\" href=\"https:\/\/demistrecords.nl\/de\/produkt\/i-hear-sirens-stella-mori\/\" \/>\n<meta property=\"og:locale\" content=\"de_DE\" \/>\n<meta property=\"og:type\" content=\"article\" \/>\n<meta property=\"og:title\" content=\"I Hear Sirens - Stella Mori\" \/>\n<meta property=\"og:description\" content=\"De albumtitel Stella Mori betekent eigenlijk &#039;stervende ster&#039;. Echter, in het geval van I Hear Sirens zou het juist het tegenovergestelde moeten betekenen, omdat het de band als een rijzende ster op de muzikale kaart zette. De gelaagde structuren, de bombast, maar ook de rust en de manier waarop de band climaxen opbouwt, zijn echt van meesterlijke klasse. Fans van We Lost The Sea, Caspian, Lost In A Detail, maar ook van Russian Circles en Ranges, zullen dit album weten te waarderen.  Wordt geleverd in EU variant: gatefold cover op prachtig 180grams vinyl: transparent green met black splatter. Van deze Europese versie van tweede persing zijn er slechts 250 beschikbaar.\" \/>\n<meta property=\"og:url\" content=\"https:\/\/demistrecords.nl\/de\/produkt\/i-hear-sirens-stella-mori\/\" \/>\n<meta property=\"og:site_name\" content=\"De Mist Records\" \/>\n<meta property=\"article:publisher\" content=\"https:\/\/www.facebook.com\/demistrecordsnl\" \/>\n<meta property=\"article:modified_time\" content=\"2023-12-25T13:19:42+00:00\" \/>\n<meta property=\"og:image\" content=\"https:\/\/demistrecords.nl\/wp-content\/uploads\/2021\/02\/I-Hear-Sirens-Stella-Mori-Green-with-black-splatter.jpg\" \/>\n\t<meta property=\"og:image:width\" content=\"2120\" \/>\n\t<meta property=\"og:image:height\" content=\"2120\" \/>\n\t<meta property=\"og:image:type\" content=\"image\/jpeg\" \/>\n<meta name=\"twitter:card\" content=\"summary_large_image\" \/>\n<meta name=\"twitter:site\" content=\"@deathroo1\" \/>\n<script type=\"application\/ld+json\" class=\"yoast-schema-graph\">{\"@context\":\"https:\\\/\\\/schema.org\",\"@graph\":[{\"@type\":[\"WebPage\",\"ItemPage\"],\"@id\":\"https:\\\/\\\/demistrecords.nl\\\/product\\\/i-hear-sirens-stella-mori\\\/\",\"url\":\"https:\\\/\\\/demistrecords.nl\\\/product\\\/i-hear-sirens-stella-mori\\\/\",\"name\":\"I Hear Sirens - Stella Mori\",\"isPartOf\":{\"@id\":\"https:\\\/\\\/demistrecords.nl\\\/#website\"},\"primaryImageOfPage\":{\"@id\":\"https:\\\/\\\/demistrecords.nl\\\/product\\\/i-hear-sirens-stella-mori\\\/#primaryimage\"},\"image\":{\"@id\":\"https:\\\/\\\/demistrecords.nl\\\/product\\\/i-hear-sirens-stella-mori\\\/#primaryimage\"},\"thumbnailUrl\":\"https:\\\/\\\/demistrecords.nl\\\/wp-content\\\/uploads\\\/2021\\\/02\\\/I-Hear-Sirens-Stella-Mori-Green-with-black-splatter.jpg\",\"datePublished\":\"2021-02-01T12:50:37+00:00\",\"dateModified\":\"2023-12-25T13:19:42+00:00\",\"description\":\"De albumtitel Stella Mori betekent eigenlijk 'stervende ster'. Echter, in het geval van I Hear Sirens zou het juist het tegenovergestelde moeten betekenen, omdat het de band als een rijzende ster op de muzikale kaart zette. De gelaagde structuren, de bombast, maar ook de rust en de manier waarop de band climaxen opbouwt, zijn echt van meesterlijke klasse. Fans van We Lost The Sea, Caspian, Lost In A Detail, maar ook van Russian Circles en Ranges, zullen dit album weten te waarderen. Wordt geleverd in EU variant: gatefold cover op prachtig 180grams vinyl: transparent green met black splatter. Van deze Europese versie van tweede persing zijn er slechts 250 beschikbaar.\",\"breadcrumb\":{\"@id\":\"https:\\\/\\\/demistrecords.nl\\\/product\\\/i-hear-sirens-stella-mori\\\/#breadcrumb\"},\"inLanguage\":\"de\",\"potentialAction\":[{\"@type\":\"ReadAction\",\"target\":[\"https:\\\/\\\/demistrecords.nl\\\/product\\\/i-hear-sirens-stella-mori\\\/\"]}]},{\"@type\":\"ImageObject\",\"inLanguage\":\"de\",\"@id\":\"https:\\\/\\\/demistrecords.nl\\\/product\\\/i-hear-sirens-stella-mori\\\/#primaryimage\",\"url\":\"https:\\\/\\\/demistrecords.nl\\\/wp-content\\\/uploads\\\/2021\\\/02\\\/I-Hear-Sirens-Stella-Mori-Green-with-black-splatter.jpg\",\"contentUrl\":\"https:\\\/\\\/demistrecords.nl\\\/wp-content\\\/uploads\\\/2021\\\/02\\\/I-Hear-Sirens-Stella-Mori-Green-with-black-splatter.jpg\",\"width\":2120,\"height\":2120},{\"@type\":\"BreadcrumbList\",\"@id\":\"https:\\\/\\\/demistrecords.nl\\\/product\\\/i-hear-sirens-stella-mori\\\/#breadcrumb\",\"itemListElement\":[{\"@type\":\"ListItem\",\"position\":1,\"name\":\"Home\",\"item\":\"https:\\\/\\\/demistrecords.nl\\\/\"},{\"@type\":\"ListItem\",\"position\":2,\"name\":\"Shop\",\"item\":\"https:\\\/\\\/demistrecords.nl\\\/shop\\\/\"},{\"@type\":\"ListItem\",\"position\":3,\"name\":\"I Hear Sirens &#8211; Stella Mori\"}]},{\"@type\":\"WebSite\",\"@id\":\"https:\\\/\\\/demistrecords.nl\\\/#website\",\"url\":\"https:\\\/\\\/demistrecords.nl\\\/\",\"name\":\"De Mist Records\",\"description\":\"Post-rock and related music\",\"publisher\":{\"@id\":\"https:\\\/\\\/demistrecords.nl\\\/#organization\"},\"potentialAction\":[{\"@type\":\"SearchAction\",\"target\":{\"@type\":\"EntryPoint\",\"urlTemplate\":\"https:\\\/\\\/demistrecords.nl\\\/?s={search_term_string}\"},\"query-input\":{\"@type\":\"PropertyValueSpecification\",\"valueRequired\":true,\"valueName\":\"search_term_string\"}}],\"inLanguage\":\"de\"},{\"@type\":\"Organization\",\"@id\":\"https:\\\/\\\/demistrecords.nl\\\/#organization\",\"name\":\"De Mist Records\",\"url\":\"https:\\\/\\\/demistrecords.nl\\\/\",\"logo\":{\"@type\":\"ImageObject\",\"inLanguage\":\"de\",\"@id\":\"https:\\\/\\\/demistrecords.nl\\\/#\\\/schema\\\/logo\\\/image\\\/\",\"url\":\"https:\\\/\\\/demistrecords.nl\\\/wp-content\\\/uploads\\\/2020\\\/12\\\/logo-de-mist-records-rond.png\",\"contentUrl\":\"https:\\\/\\\/demistrecords.nl\\\/wp-content\\\/uploads\\\/2020\\\/12\\\/logo-de-mist-records-rond.png\",\"width\":500,\"height\":500,\"caption\":\"De Mist Records\"},\"image\":{\"@id\":\"https:\\\/\\\/demistrecords.nl\\\/#\\\/schema\\\/logo\\\/image\\\/\"},\"sameAs\":[\"https:\\\/\\\/www.facebook.com\\\/demistrecordsnl\",\"https:\\\/\\\/x.com\\\/deathroo1\",\"https:\\\/\\\/www.instagram.com\\\/demist_records\\\/\"]}]}<\/script>\n<!-- \/ Yoast SEO plugin. -->","yoast_head_json":{"title":"I Hear Sirens - Stella Mori","description":"De albumtitel Stella Mori betekent eigenlijk 'stervende ster'. Echter, in het geval van I Hear Sirens zou het juist het tegenovergestelde moeten betekenen, omdat het de band als een rijzende ster op de muzikale kaart zette. De gelaagde structuren, de bombast, maar ook de rust en de manier waarop de band climaxen opbouwt, zijn echt van meesterlijke klasse. Fans van We Lost The Sea, Caspian, Lost In A Detail, maar ook van Russian Circles en Ranges, zullen dit album weten te waarderen.  Wordt geleverd in EU variant: gatefold cover op prachtig 180grams vinyl: transparent green met black splatter. Van deze Europese versie van tweede persing zijn er slechts 250 beschikbaar.","robots":{"index":"index","follow":"follow","max-snippet":"max-snippet:-1","max-image-preview":"max-image-preview:large","max-video-preview":"max-video-preview:-1"},"canonical":"https:\/\/demistrecords.nl\/de\/produkt\/i-hear-sirens-stella-mori\/","og_locale":"de_DE","og_type":"article","og_title":"I Hear Sirens - Stella Mori","og_description":"De albumtitel Stella Mori betekent eigenlijk 'stervende ster'. Echter, in het geval van I Hear Sirens zou het juist het tegenovergestelde moeten betekenen, omdat het de band als een rijzende ster op de muzikale kaart zette. De gelaagde structuren, de bombast, maar ook de rust en de manier waarop de band climaxen opbouwt, zijn echt van meesterlijke klasse. Fans van We Lost The Sea, Caspian, Lost In A Detail, maar ook van Russian Circles en Ranges, zullen dit album weten te waarderen.  Wordt geleverd in EU variant: gatefold cover op prachtig 180grams vinyl: transparent green met black splatter. Van deze Europese versie van tweede persing zijn er slechts 250 beschikbaar.","og_url":"https:\/\/demistrecords.nl\/de\/produkt\/i-hear-sirens-stella-mori\/","og_site_name":"De Mist Records","article_publisher":"https:\/\/www.facebook.com\/demistrecordsnl","article_modified_time":"2023-12-25T13:19:42+00:00","og_image":[{"width":2120,"height":2120,"url":"https:\/\/demistrecords.nl\/wp-content\/uploads\/2021\/02\/I-Hear-Sirens-Stella-Mori-Green-with-black-splatter.jpg","type":"image\/jpeg"}],"twitter_card":"summary_large_image","twitter_site":"@deathroo1","schema":{"@context":"https:\/\/schema.org","@graph":[{"@type":["WebPage","ItemPage"],"@id":"https:\/\/demistrecords.nl\/product\/i-hear-sirens-stella-mori\/","url":"https:\/\/demistrecords.nl\/product\/i-hear-sirens-stella-mori\/","name":"I Hear Sirens - Stella Mori","isPartOf":{"@id":"https:\/\/demistrecords.nl\/#website"},"primaryImageOfPage":{"@id":"https:\/\/demistrecords.nl\/product\/i-hear-sirens-stella-mori\/#primaryimage"},"image":{"@id":"https:\/\/demistrecords.nl\/product\/i-hear-sirens-stella-mori\/#primaryimage"},"thumbnailUrl":"https:\/\/demistrecords.nl\/wp-content\/uploads\/2021\/02\/I-Hear-Sirens-Stella-Mori-Green-with-black-splatter.jpg","datePublished":"2021-02-01T12:50:37+00:00","dateModified":"2023-12-25T13:19:42+00:00","description":"De albumtitel Stella Mori betekent eigenlijk 'stervende ster'. Echter, in het geval van I Hear Sirens zou het juist het tegenovergestelde moeten betekenen, omdat het de band als een rijzende ster op de muzikale kaart zette. De gelaagde structuren, de bombast, maar ook de rust en de manier waarop de band climaxen opbouwt, zijn echt van meesterlijke klasse. Fans van We Lost The Sea, Caspian, Lost In A Detail, maar ook van Russian Circles en Ranges, zullen dit album weten te waarderen. Wordt geleverd in EU variant: gatefold cover op prachtig 180grams vinyl: transparent green met black splatter. Van deze Europese versie van tweede persing zijn er slechts 250 beschikbaar.","breadcrumb":{"@id":"https:\/\/demistrecords.nl\/product\/i-hear-sirens-stella-mori\/#breadcrumb"},"inLanguage":"de","potentialAction":[{"@type":"ReadAction","target":["https:\/\/demistrecords.nl\/product\/i-hear-sirens-stella-mori\/"]}]},{"@type":"ImageObject","inLanguage":"de","@id":"https:\/\/demistrecords.nl\/product\/i-hear-sirens-stella-mori\/#primaryimage","url":"https:\/\/demistrecords.nl\/wp-content\/uploads\/2021\/02\/I-Hear-Sirens-Stella-Mori-Green-with-black-splatter.jpg","contentUrl":"https:\/\/demistrecords.nl\/wp-content\/uploads\/2021\/02\/I-Hear-Sirens-Stella-Mori-Green-with-black-splatter.jpg","width":2120,"height":2120},{"@type":"BreadcrumbList","@id":"https:\/\/demistrecords.nl\/product\/i-hear-sirens-stella-mori\/#breadcrumb","itemListElement":[{"@type":"ListItem","position":1,"name":"Home","item":"https:\/\/demistrecords.nl\/"},{"@type":"ListItem","position":2,"name":"Shop","item":"https:\/\/demistrecords.nl\/shop\/"},{"@type":"ListItem","position":3,"name":"I Hear Sirens &#8211; Stella Mori"}]},{"@type":"WebSite","@id":"https:\/\/demistrecords.nl\/#website","url":"https:\/\/demistrecords.nl\/","name":"De Mist Records","description":"Post-rock and related music","publisher":{"@id":"https:\/\/demistrecords.nl\/#organization"},"potentialAction":[{"@type":"SearchAction","target":{"@type":"EntryPoint","urlTemplate":"https:\/\/demistrecords.nl\/?s={search_term_string}"},"query-input":{"@type":"PropertyValueSpecification","valueRequired":true,"valueName":"search_term_string"}}],"inLanguage":"de"},{"@type":"Organization","@id":"https:\/\/demistrecords.nl\/#organization","name":"De Mist Records","url":"https:\/\/demistrecords.nl\/","logo":{"@type":"ImageObject","inLanguage":"de","@id":"https:\/\/demistrecords.nl\/#\/schema\/logo\/image\/","url":"https:\/\/demistrecords.nl\/wp-content\/uploads\/2020\/12\/logo-de-mist-records-rond.png","contentUrl":"https:\/\/demistrecords.nl\/wp-content\/uploads\/2020\/12\/logo-de-mist-records-rond.png","width":500,"height":500,"caption":"De Mist Records"},"image":{"@id":"https:\/\/demistrecords.nl\/#\/schema\/logo\/image\/"},"sameAs":["https:\/\/www.facebook.com\/demistrecordsnl","https:\/\/x.com\/deathroo1","https:\/\/www.instagram.com\/demist_records\/"]}]}},"_links":{"self":[{"href":"https:\/\/demistrecords.nl\/de\/wp-json\/wp\/v2\/product\/365","targetHints":{"allow":["GET"]}}],"collection":[{"href":"https:\/\/demistrecords.nl\/de\/wp-json\/wp\/v2\/product"}],"about":[{"href":"https:\/\/demistrecords.nl\/de\/wp-json\/wp\/v2\/types\/product"}],"replies":[{"embeddable":true,"href":"https:\/\/demistrecords.nl\/de\/wp-json\/wp\/v2\/comments?post=365"}],"wp:featuredmedia":[{"embeddable":true,"href":"https:\/\/demistrecords.nl\/de\/wp-json\/wp\/v2\/media\/1406"}],"wp:attachment":[{"href":"https:\/\/demistrecords.nl\/de\/wp-json\/wp\/v2\/media?parent=365"}],"wp:term":[{"taxonomy":"product_brand","embeddable":true,"href":"https:\/\/demistrecords.nl\/de\/wp-json\/wp\/v2\/product_brand?post=365"},{"taxonomy":"product_cat","embeddable":true,"href":"https:\/\/demistrecords.nl\/de\/wp-json\/wp\/v2\/product_cat?post=365"},{"taxonomy":"product_tag","embeddable":true,"href":"https:\/\/demistrecords.nl\/de\/wp-json\/wp\/v2\/product_tag?post=365"}],"curies":[{"name":"wp","href":"https:\/\/api.w.org\/{rel}","templated":true}]}}