{"id":367,"date":"2021-02-01T14:05:38","date_gmt":"2021-02-01T13:05:38","guid":{"rendered":"https:\/\/demistrecords.nl\/?post_type=product&#038;p=367"},"modified":"2021-11-22T19:02:25","modified_gmt":"2021-11-22T18:02:25","slug":"eleanora-mere","status":"publish","type":"product","link":"https:\/\/demistrecords.nl\/de\/produkt\/eleanora-mere\/","title":{"rendered":"Eleanora &#8211; Mere"},"content":{"rendered":"<p><iframe style=\"border: 0; width: 100%; height: 42px;\" src=\"https:\/\/bandcamp.com\/EmbeddedPlayer\/album=3430920689\/size=small\/bgcol=333333\/linkcol=0f91ff\/transparent=true\/\" seamless=\"\"><a href=\"https:\/\/eleanoramusic.bandcamp.com\/album\/mere-2\">MERE by Eleanora<\/a><\/iframe><\/p>","protected":false},"excerpt":{"rendered":"<p>Limitiert auf nur 300 St\u00fcck weltweit.<br \/>\nKommt auf T\u00fcrkis mit schwarz \/ wei\u00df marmoriertem 180 Gramm Vinyl.<\/p>\n<p>Eleanora aus Gent (Belgien) macht eine harte Mischung aus Screamo, Post-Hardcore und Post-Metal. Nicht f\u00fcr schwache Nerven. Zwar muss man auch sagen, dass der Band das Gaspedal nicht immer tiefer als tief h\u00e4lt. Dies schafft R\u00e4ume f\u00fcr sch\u00f6ne verweilende St\u00fccke, die sich sch\u00f6n zu einem H\u00f6hepunkt aufbauen.<\/p>\n<p>Mere wurde am 6. November 2020 ver\u00f6ffentlicht und ist jetzt fast ausverkauft.<\/p>","protected":false},"featured_media":368,"comment_status":"closed","ping_status":"closed","template":"","meta":[],"product_brand":[],"product_cat":[15],"product_tag":[26,34,36],"class_list":{"0":"post-367","1":"product","2":"type-product","3":"status-publish","4":"has-post-thumbnail","6":"product_cat-vinyl-12-lp","7":"product_tag-post-metal","8":"product_tag-posthardcore","9":"product_tag-sludge","11":"first","12":"outofstock","13":"taxable","14":"shipping-taxable","15":"purchasable","16":"product-type-simple"},"bundled_by":[],"bundle_stock_status":"outofstock","bundle_stock_quantity":0,"bundle_virtual":false,"bundle_layout":"","bundle_add_to_cart_form_location":"","bundle_editable_in_cart":false,"bundle_sold_individually_context":"","bundle_item_grouping":"","bundle_min_size":"","bundle_max_size":"","bundle_price":[],"bundled_items":[],"bundle_sell_ids":[],"yoast_head":"<!-- This site is optimized with the Yoast SEO plugin v27.4 - https:\/\/yoast.com\/product\/yoast-seo-wordpress\/ -->\n<title>Eleanora - Mere<\/title>\n<meta name=\"description\" content=\"Gelimiteerd tot slechts 300 stuks wereldwijd. Wordt geleverd op turquoise met zwart\/wit gemarmerd 180grams vinyl.  Eleanora uit Gent maakt een snoeiharde mix tussen screamo, post-hardcore en post-metal. Niet voor tere zieltjes dus. Alhoewel ook gezegd moet worden dat de band lang niet altijd het gaspedaal dieper dan diep ingedrukt houdt. Zo ontstaan er ruimtes voor mooie slepende stukken die prachtig opbouwen naar een climax.  Mere is verschenen op 6 november van 2020 en is inmiddels bijna uitverkocht.\" \/>\n<meta name=\"robots\" content=\"index, follow, max-snippet:-1, max-image-preview:large, max-video-preview:-1\" \/>\n<link rel=\"canonical\" href=\"https:\/\/demistrecords.nl\/de\/produkt\/eleanora-mere\/\" \/>\n<meta property=\"og:locale\" content=\"de_DE\" \/>\n<meta property=\"og:type\" content=\"article\" \/>\n<meta property=\"og:title\" content=\"Eleanora - Mere\" \/>\n<meta property=\"og:description\" content=\"Gelimiteerd tot slechts 300 stuks wereldwijd. Wordt geleverd op turquoise met zwart\/wit gemarmerd 180grams vinyl.  Eleanora uit Gent maakt een snoeiharde mix tussen screamo, post-hardcore en post-metal. Niet voor tere zieltjes dus. Alhoewel ook gezegd moet worden dat de band lang niet altijd het gaspedaal dieper dan diep ingedrukt houdt. Zo ontstaan er ruimtes voor mooie slepende stukken die prachtig opbouwen naar een climax.  Mere is verschenen op 6 november van 2020 en is inmiddels bijna uitverkocht.\" \/>\n<meta property=\"og:url\" content=\"https:\/\/demistrecords.nl\/de\/produkt\/eleanora-mere\/\" \/>\n<meta property=\"og:site_name\" content=\"De Mist Records\" \/>\n<meta property=\"article:publisher\" content=\"https:\/\/www.facebook.com\/demistrecordsnl\" \/>\n<meta property=\"article:modified_time\" content=\"2021-11-22T18:02:25+00:00\" \/>\n<meta property=\"og:image\" content=\"https:\/\/demistrecords.nl\/wp-content\/uploads\/2021\/02\/Eleanora-Mere.jpg\" \/>\n\t<meta property=\"og:image:width\" content=\"1541\" \/>\n\t<meta property=\"og:image:height\" content=\"1541\" \/>\n\t<meta property=\"og:image:type\" content=\"image\/jpeg\" \/>\n<meta name=\"twitter:card\" content=\"summary_large_image\" \/>\n<meta name=\"twitter:site\" content=\"@deathroo1\" \/>\n<script type=\"application\/ld+json\" class=\"yoast-schema-graph\">{\"@context\":\"https:\\\/\\\/schema.org\",\"@graph\":[{\"@type\":[\"WebPage\",\"ItemPage\"],\"@id\":\"https:\\\/\\\/demistrecords.nl\\\/product\\\/eleanora-mere\\\/\",\"url\":\"https:\\\/\\\/demistrecords.nl\\\/product\\\/eleanora-mere\\\/\",\"name\":\"Eleanora - Mere\",\"isPartOf\":{\"@id\":\"https:\\\/\\\/demistrecords.nl\\\/#website\"},\"primaryImageOfPage\":{\"@id\":\"https:\\\/\\\/demistrecords.nl\\\/product\\\/eleanora-mere\\\/#primaryimage\"},\"image\":{\"@id\":\"https:\\\/\\\/demistrecords.nl\\\/product\\\/eleanora-mere\\\/#primaryimage\"},\"thumbnailUrl\":\"https:\\\/\\\/demistrecords.nl\\\/wp-content\\\/uploads\\\/2021\\\/02\\\/Eleanora-Mere.jpg\",\"datePublished\":\"2021-02-01T13:05:38+00:00\",\"dateModified\":\"2021-11-22T18:02:25+00:00\",\"description\":\"Gelimiteerd tot slechts 300 stuks wereldwijd. Wordt geleverd op turquoise met zwart\\\/wit gemarmerd 180grams vinyl. Eleanora uit Gent maakt een snoeiharde mix tussen screamo, post-hardcore en post-metal. Niet voor tere zieltjes dus. Alhoewel ook gezegd moet worden dat de band lang niet altijd het gaspedaal dieper dan diep ingedrukt houdt. Zo ontstaan er ruimtes voor mooie slepende stukken die prachtig opbouwen naar een climax. Mere is verschenen op 6 november van 2020 en is inmiddels bijna uitverkocht.\",\"breadcrumb\":{\"@id\":\"https:\\\/\\\/demistrecords.nl\\\/product\\\/eleanora-mere\\\/#breadcrumb\"},\"inLanguage\":\"de\",\"potentialAction\":[{\"@type\":\"ReadAction\",\"target\":[\"https:\\\/\\\/demistrecords.nl\\\/product\\\/eleanora-mere\\\/\"]}]},{\"@type\":\"ImageObject\",\"inLanguage\":\"de\",\"@id\":\"https:\\\/\\\/demistrecords.nl\\\/product\\\/eleanora-mere\\\/#primaryimage\",\"url\":\"https:\\\/\\\/demistrecords.nl\\\/wp-content\\\/uploads\\\/2021\\\/02\\\/Eleanora-Mere.jpg\",\"contentUrl\":\"https:\\\/\\\/demistrecords.nl\\\/wp-content\\\/uploads\\\/2021\\\/02\\\/Eleanora-Mere.jpg\",\"width\":1541,\"height\":1541},{\"@type\":\"BreadcrumbList\",\"@id\":\"https:\\\/\\\/demistrecords.nl\\\/product\\\/eleanora-mere\\\/#breadcrumb\",\"itemListElement\":[{\"@type\":\"ListItem\",\"position\":1,\"name\":\"Home\",\"item\":\"https:\\\/\\\/demistrecords.nl\\\/\"},{\"@type\":\"ListItem\",\"position\":2,\"name\":\"Shop\",\"item\":\"https:\\\/\\\/demistrecords.nl\\\/shop\\\/\"},{\"@type\":\"ListItem\",\"position\":3,\"name\":\"Eleanora &#8211; Mere\"}]},{\"@type\":\"WebSite\",\"@id\":\"https:\\\/\\\/demistrecords.nl\\\/#website\",\"url\":\"https:\\\/\\\/demistrecords.nl\\\/\",\"name\":\"De Mist Records\",\"description\":\"Post-rock and related music\",\"publisher\":{\"@id\":\"https:\\\/\\\/demistrecords.nl\\\/#organization\"},\"potentialAction\":[{\"@type\":\"SearchAction\",\"target\":{\"@type\":\"EntryPoint\",\"urlTemplate\":\"https:\\\/\\\/demistrecords.nl\\\/?s={search_term_string}\"},\"query-input\":{\"@type\":\"PropertyValueSpecification\",\"valueRequired\":true,\"valueName\":\"search_term_string\"}}],\"inLanguage\":\"de\"},{\"@type\":\"Organization\",\"@id\":\"https:\\\/\\\/demistrecords.nl\\\/#organization\",\"name\":\"De Mist Records\",\"url\":\"https:\\\/\\\/demistrecords.nl\\\/\",\"logo\":{\"@type\":\"ImageObject\",\"inLanguage\":\"de\",\"@id\":\"https:\\\/\\\/demistrecords.nl\\\/#\\\/schema\\\/logo\\\/image\\\/\",\"url\":\"https:\\\/\\\/demistrecords.nl\\\/wp-content\\\/uploads\\\/2020\\\/12\\\/logo-de-mist-records-rond.png\",\"contentUrl\":\"https:\\\/\\\/demistrecords.nl\\\/wp-content\\\/uploads\\\/2020\\\/12\\\/logo-de-mist-records-rond.png\",\"width\":500,\"height\":500,\"caption\":\"De Mist Records\"},\"image\":{\"@id\":\"https:\\\/\\\/demistrecords.nl\\\/#\\\/schema\\\/logo\\\/image\\\/\"},\"sameAs\":[\"https:\\\/\\\/www.facebook.com\\\/demistrecordsnl\",\"https:\\\/\\\/x.com\\\/deathroo1\",\"https:\\\/\\\/www.instagram.com\\\/demist_records\\\/\"]}]}<\/script>\n<!-- \/ Yoast SEO plugin. -->","yoast_head_json":{"title":"Eleanora - Mere","description":"Gelimiteerd tot slechts 300 stuks wereldwijd. Wordt geleverd op turquoise met zwart\/wit gemarmerd 180grams vinyl.  Eleanora uit Gent maakt een snoeiharde mix tussen screamo, post-hardcore en post-metal. Niet voor tere zieltjes dus. Alhoewel ook gezegd moet worden dat de band lang niet altijd het gaspedaal dieper dan diep ingedrukt houdt. Zo ontstaan er ruimtes voor mooie slepende stukken die prachtig opbouwen naar een climax.  Mere is verschenen op 6 november van 2020 en is inmiddels bijna uitverkocht.","robots":{"index":"index","follow":"follow","max-snippet":"max-snippet:-1","max-image-preview":"max-image-preview:large","max-video-preview":"max-video-preview:-1"},"canonical":"https:\/\/demistrecords.nl\/de\/produkt\/eleanora-mere\/","og_locale":"de_DE","og_type":"article","og_title":"Eleanora - Mere","og_description":"Gelimiteerd tot slechts 300 stuks wereldwijd. Wordt geleverd op turquoise met zwart\/wit gemarmerd 180grams vinyl.  Eleanora uit Gent maakt een snoeiharde mix tussen screamo, post-hardcore en post-metal. Niet voor tere zieltjes dus. Alhoewel ook gezegd moet worden dat de band lang niet altijd het gaspedaal dieper dan diep ingedrukt houdt. Zo ontstaan er ruimtes voor mooie slepende stukken die prachtig opbouwen naar een climax.  Mere is verschenen op 6 november van 2020 en is inmiddels bijna uitverkocht.","og_url":"https:\/\/demistrecords.nl\/de\/produkt\/eleanora-mere\/","og_site_name":"De Mist Records","article_publisher":"https:\/\/www.facebook.com\/demistrecordsnl","article_modified_time":"2021-11-22T18:02:25+00:00","og_image":[{"width":1541,"height":1541,"url":"https:\/\/demistrecords.nl\/wp-content\/uploads\/2021\/02\/Eleanora-Mere.jpg","type":"image\/jpeg"}],"twitter_card":"summary_large_image","twitter_site":"@deathroo1","schema":{"@context":"https:\/\/schema.org","@graph":[{"@type":["WebPage","ItemPage"],"@id":"https:\/\/demistrecords.nl\/product\/eleanora-mere\/","url":"https:\/\/demistrecords.nl\/product\/eleanora-mere\/","name":"Eleanora - Mere","isPartOf":{"@id":"https:\/\/demistrecords.nl\/#website"},"primaryImageOfPage":{"@id":"https:\/\/demistrecords.nl\/product\/eleanora-mere\/#primaryimage"},"image":{"@id":"https:\/\/demistrecords.nl\/product\/eleanora-mere\/#primaryimage"},"thumbnailUrl":"https:\/\/demistrecords.nl\/wp-content\/uploads\/2021\/02\/Eleanora-Mere.jpg","datePublished":"2021-02-01T13:05:38+00:00","dateModified":"2021-11-22T18:02:25+00:00","description":"Gelimiteerd tot slechts 300 stuks wereldwijd. Wordt geleverd op turquoise met zwart\/wit gemarmerd 180grams vinyl. Eleanora uit Gent maakt een snoeiharde mix tussen screamo, post-hardcore en post-metal. Niet voor tere zieltjes dus. Alhoewel ook gezegd moet worden dat de band lang niet altijd het gaspedaal dieper dan diep ingedrukt houdt. Zo ontstaan er ruimtes voor mooie slepende stukken die prachtig opbouwen naar een climax. Mere is verschenen op 6 november van 2020 en is inmiddels bijna uitverkocht.","breadcrumb":{"@id":"https:\/\/demistrecords.nl\/product\/eleanora-mere\/#breadcrumb"},"inLanguage":"de","potentialAction":[{"@type":"ReadAction","target":["https:\/\/demistrecords.nl\/product\/eleanora-mere\/"]}]},{"@type":"ImageObject","inLanguage":"de","@id":"https:\/\/demistrecords.nl\/product\/eleanora-mere\/#primaryimage","url":"https:\/\/demistrecords.nl\/wp-content\/uploads\/2021\/02\/Eleanora-Mere.jpg","contentUrl":"https:\/\/demistrecords.nl\/wp-content\/uploads\/2021\/02\/Eleanora-Mere.jpg","width":1541,"height":1541},{"@type":"BreadcrumbList","@id":"https:\/\/demistrecords.nl\/product\/eleanora-mere\/#breadcrumb","itemListElement":[{"@type":"ListItem","position":1,"name":"Home","item":"https:\/\/demistrecords.nl\/"},{"@type":"ListItem","position":2,"name":"Shop","item":"https:\/\/demistrecords.nl\/shop\/"},{"@type":"ListItem","position":3,"name":"Eleanora &#8211; Mere"}]},{"@type":"WebSite","@id":"https:\/\/demistrecords.nl\/#website","url":"https:\/\/demistrecords.nl\/","name":"De Mist Records","description":"Post-rock and related music","publisher":{"@id":"https:\/\/demistrecords.nl\/#organization"},"potentialAction":[{"@type":"SearchAction","target":{"@type":"EntryPoint","urlTemplate":"https:\/\/demistrecords.nl\/?s={search_term_string}"},"query-input":{"@type":"PropertyValueSpecification","valueRequired":true,"valueName":"search_term_string"}}],"inLanguage":"de"},{"@type":"Organization","@id":"https:\/\/demistrecords.nl\/#organization","name":"De Mist Records","url":"https:\/\/demistrecords.nl\/","logo":{"@type":"ImageObject","inLanguage":"de","@id":"https:\/\/demistrecords.nl\/#\/schema\/logo\/image\/","url":"https:\/\/demistrecords.nl\/wp-content\/uploads\/2020\/12\/logo-de-mist-records-rond.png","contentUrl":"https:\/\/demistrecords.nl\/wp-content\/uploads\/2020\/12\/logo-de-mist-records-rond.png","width":500,"height":500,"caption":"De Mist Records"},"image":{"@id":"https:\/\/demistrecords.nl\/#\/schema\/logo\/image\/"},"sameAs":["https:\/\/www.facebook.com\/demistrecordsnl","https:\/\/x.com\/deathroo1","https:\/\/www.instagram.com\/demist_records\/"]}]}},"_links":{"self":[{"href":"https:\/\/demistrecords.nl\/de\/wp-json\/wp\/v2\/product\/367","targetHints":{"allow":["GET"]}}],"collection":[{"href":"https:\/\/demistrecords.nl\/de\/wp-json\/wp\/v2\/product"}],"about":[{"href":"https:\/\/demistrecords.nl\/de\/wp-json\/wp\/v2\/types\/product"}],"replies":[{"embeddable":true,"href":"https:\/\/demistrecords.nl\/de\/wp-json\/wp\/v2\/comments?post=367"}],"wp:featuredmedia":[{"embeddable":true,"href":"https:\/\/demistrecords.nl\/de\/wp-json\/wp\/v2\/media\/368"}],"wp:attachment":[{"href":"https:\/\/demistrecords.nl\/de\/wp-json\/wp\/v2\/media?parent=367"}],"wp:term":[{"taxonomy":"product_brand","embeddable":true,"href":"https:\/\/demistrecords.nl\/de\/wp-json\/wp\/v2\/product_brand?post=367"},{"taxonomy":"product_cat","embeddable":true,"href":"https:\/\/demistrecords.nl\/de\/wp-json\/wp\/v2\/product_cat?post=367"},{"taxonomy":"product_tag","embeddable":true,"href":"https:\/\/demistrecords.nl\/de\/wp-json\/wp\/v2\/product_tag?post=367"}],"curies":[{"name":"wp","href":"https:\/\/api.w.org\/{rel}","templated":true}]}}