{"id":376,"date":"2021-02-04T22:13:13","date_gmt":"2021-02-04T21:13:13","guid":{"rendered":"https:\/\/demistrecords.nl\/?post_type=product&#038;p=376"},"modified":"2025-02-01T18:05:14","modified_gmt":"2025-02-01T17:05:14","slug":"les-discrets-predateurs","status":"publish","type":"product","link":"https:\/\/demistrecords.nl\/de\/produkt\/les-discrets-predateurs\/","title":{"rendered":"Les Discrets &#8211; Pr\u00e9dateurs"},"content":{"rendered":"<p><iframe style=\"border: 0; width: 100%; height: 42px;\" src=\"https:\/\/bandcamp.com\/EmbeddedPlayer\/album=1442114795\/size=small\/bgcol=333333\/linkcol=0f91ff\/transparent=true\/\" seamless=\"\"><a href=\"https:\/\/les-discrets.bandcamp.com\/album\/pr-dateurs\">Pr\u00e9dateurs by Les Discrets<\/a><\/iframe><\/p>","protected":false},"excerpt":{"rendered":"<p>Pr\u00e9dateurs ist das Album, das Sie aufgelegt haben, wenn es schon sp\u00e4t am Abend ist. Nach einem anstrengenden hektischen Tag k\u00f6nnen Sie einen ruhigen Moment bei einem Drink genie\u00dfen und die Gedanken verstreichen lassen. Pr\u00e9dateurs k\u00f6nnten auch das Album sein, das an einem regnerischen Tag hinter dem Lenkrad sitzt, w\u00e4hrend der Asphalt niemals endet. Also genie\u00dfen, ohne nachzudenken. Ein Album, das Sie immer wieder aus Ihrer Plattensammlung herausholt, weil es das Gef\u00fchl hat, die Zeit sei stehen geblieben.<br \/>\nWenn dich jemand fragt, was unter filmischem Post-Rock zu verstehen ist, lege dieses Album f\u00fcr ihn an.<\/p>","protected":false},"featured_media":378,"comment_status":"closed","ping_status":"closed","template":"","meta":[],"product_brand":[],"product_cat":[15],"product_tag":[38,28,37],"class_list":{"0":"post-376","1":"product","2":"type-product","3":"status-publish","4":"has-post-thumbnail","6":"product_cat-vinyl-12-lp","7":"product_tag-doom","8":"product_tag-post-rock","9":"product_tag-shoegaze","11":"first","12":"outofstock","13":"taxable","14":"shipping-taxable","15":"purchasable","16":"product-type-simple"},"yoast_head":"<!-- This site is optimized with the Yoast SEO plugin v27.3 - https:\/\/yoast.com\/product\/yoast-seo-wordpress\/ -->\n<title>Les Discrets - Pr\u00e9dateurs<\/title>\n<meta name=\"description\" content=\"Pr\u00e9dateurs is het album dat je opzet als het al laat in de avond is, na een drukke hectische dag, even rustig genieten met een drankje, de gedachten voorbij laten gaan. Pr\u00e9dateurs kan ook dat album zijn voor achter het stuur op een regenachtige dag, terwijl het asfalt maar geen einde kent. Gedachteloos genieten dus. Een album dat je steeds weer uit je platenkast trekt, omdat het je het gevoel geeft dat de tijd stil staat. Als iemand je vraagt wat er wordt bedoeld met cinematische postrock, dan zet je dit album voor ze op.\" \/>\n<meta name=\"robots\" content=\"index, follow, max-snippet:-1, max-image-preview:large, max-video-preview:-1\" \/>\n<link rel=\"canonical\" href=\"https:\/\/demistrecords.nl\/de\/produkt\/les-discrets-predateurs\/\" \/>\n<meta property=\"og:locale\" content=\"de_DE\" \/>\n<meta property=\"og:type\" content=\"article\" \/>\n<meta property=\"og:title\" content=\"Les Discrets - Pr\u00e9dateurs\" \/>\n<meta property=\"og:description\" content=\"Pr\u00e9dateurs is het album dat je opzet als het al laat in de avond is, na een drukke hectische dag, even rustig genieten met een drankje, de gedachten voorbij laten gaan. Pr\u00e9dateurs kan ook dat album zijn voor achter het stuur op een regenachtige dag, terwijl het asfalt maar geen einde kent. Gedachteloos genieten dus. Een album dat je steeds weer uit je platenkast trekt, omdat het je het gevoel geeft dat de tijd stil staat. Als iemand je vraagt wat er wordt bedoeld met cinematische postrock, dan zet je dit album voor ze op.\" \/>\n<meta property=\"og:url\" content=\"https:\/\/demistrecords.nl\/de\/produkt\/les-discrets-predateurs\/\" \/>\n<meta property=\"og:site_name\" content=\"De Mist Records\" \/>\n<meta property=\"article:publisher\" content=\"https:\/\/www.facebook.com\/demistrecordsnl\" \/>\n<meta property=\"article:modified_time\" content=\"2025-02-01T17:05:14+00:00\" \/>\n<meta property=\"og:image\" content=\"https:\/\/demistrecords.nl\/wp-content\/uploads\/2021\/02\/Les-Discrets-Predateurs.jpg\" \/>\n\t<meta property=\"og:image:width\" content=\"2120\" \/>\n\t<meta property=\"og:image:height\" content=\"2120\" \/>\n\t<meta property=\"og:image:type\" content=\"image\/jpeg\" \/>\n<meta name=\"twitter:card\" content=\"summary_large_image\" \/>\n<meta name=\"twitter:site\" content=\"@deathroo1\" \/>\n<script type=\"application\/ld+json\" class=\"yoast-schema-graph\">{\"@context\":\"https:\\\/\\\/schema.org\",\"@graph\":[{\"@type\":[\"WebPage\",\"ItemPage\"],\"@id\":\"https:\\\/\\\/demistrecords.nl\\\/product\\\/les-discrets-predateurs\\\/\",\"url\":\"https:\\\/\\\/demistrecords.nl\\\/product\\\/les-discrets-predateurs\\\/\",\"name\":\"Les Discrets - Pr\u00e9dateurs\",\"isPartOf\":{\"@id\":\"https:\\\/\\\/demistrecords.nl\\\/#website\"},\"primaryImageOfPage\":{\"@id\":\"https:\\\/\\\/demistrecords.nl\\\/product\\\/les-discrets-predateurs\\\/#primaryimage\"},\"image\":{\"@id\":\"https:\\\/\\\/demistrecords.nl\\\/product\\\/les-discrets-predateurs\\\/#primaryimage\"},\"thumbnailUrl\":\"https:\\\/\\\/demistrecords.nl\\\/wp-content\\\/uploads\\\/2021\\\/02\\\/Les-Discrets-Predateurs.jpg\",\"datePublished\":\"2021-02-04T21:13:13+00:00\",\"dateModified\":\"2025-02-01T17:05:14+00:00\",\"description\":\"Pr\u00e9dateurs is het album dat je opzet als het al laat in de avond is, na een drukke hectische dag, even rustig genieten met een drankje, de gedachten voorbij laten gaan. Pr\u00e9dateurs kan ook dat album zijn voor achter het stuur op een regenachtige dag, terwijl het asfalt maar geen einde kent. Gedachteloos genieten dus. Een album dat je steeds weer uit je platenkast trekt, omdat het je het gevoel geeft dat de tijd stil staat. Als iemand je vraagt wat er wordt bedoeld met cinematische postrock, dan zet je dit album voor ze op.\",\"breadcrumb\":{\"@id\":\"https:\\\/\\\/demistrecords.nl\\\/product\\\/les-discrets-predateurs\\\/#breadcrumb\"},\"inLanguage\":\"de\",\"potentialAction\":[{\"@type\":\"ReadAction\",\"target\":[\"https:\\\/\\\/demistrecords.nl\\\/product\\\/les-discrets-predateurs\\\/\"]}]},{\"@type\":\"ImageObject\",\"inLanguage\":\"de\",\"@id\":\"https:\\\/\\\/demistrecords.nl\\\/product\\\/les-discrets-predateurs\\\/#primaryimage\",\"url\":\"https:\\\/\\\/demistrecords.nl\\\/wp-content\\\/uploads\\\/2021\\\/02\\\/Les-Discrets-Predateurs.jpg\",\"contentUrl\":\"https:\\\/\\\/demistrecords.nl\\\/wp-content\\\/uploads\\\/2021\\\/02\\\/Les-Discrets-Predateurs.jpg\",\"width\":2120,\"height\":2120},{\"@type\":\"BreadcrumbList\",\"@id\":\"https:\\\/\\\/demistrecords.nl\\\/product\\\/les-discrets-predateurs\\\/#breadcrumb\",\"itemListElement\":[{\"@type\":\"ListItem\",\"position\":1,\"name\":\"Home\",\"item\":\"https:\\\/\\\/demistrecords.nl\\\/\"},{\"@type\":\"ListItem\",\"position\":2,\"name\":\"Shop\",\"item\":\"https:\\\/\\\/demistrecords.nl\\\/shop\\\/\"},{\"@type\":\"ListItem\",\"position\":3,\"name\":\"Les Discrets &#8211; Pr\u00e9dateurs\"}]},{\"@type\":\"WebSite\",\"@id\":\"https:\\\/\\\/demistrecords.nl\\\/#website\",\"url\":\"https:\\\/\\\/demistrecords.nl\\\/\",\"name\":\"De Mist Records\",\"description\":\"Post-rock and related music\",\"publisher\":{\"@id\":\"https:\\\/\\\/demistrecords.nl\\\/#organization\"},\"potentialAction\":[{\"@type\":\"SearchAction\",\"target\":{\"@type\":\"EntryPoint\",\"urlTemplate\":\"https:\\\/\\\/demistrecords.nl\\\/?s={search_term_string}\"},\"query-input\":{\"@type\":\"PropertyValueSpecification\",\"valueRequired\":true,\"valueName\":\"search_term_string\"}}],\"inLanguage\":\"de\"},{\"@type\":\"Organization\",\"@id\":\"https:\\\/\\\/demistrecords.nl\\\/#organization\",\"name\":\"De Mist Records\",\"url\":\"https:\\\/\\\/demistrecords.nl\\\/\",\"logo\":{\"@type\":\"ImageObject\",\"inLanguage\":\"de\",\"@id\":\"https:\\\/\\\/demistrecords.nl\\\/#\\\/schema\\\/logo\\\/image\\\/\",\"url\":\"https:\\\/\\\/demistrecords.nl\\\/wp-content\\\/uploads\\\/2020\\\/12\\\/logo-de-mist-records-rond.png\",\"contentUrl\":\"https:\\\/\\\/demistrecords.nl\\\/wp-content\\\/uploads\\\/2020\\\/12\\\/logo-de-mist-records-rond.png\",\"width\":500,\"height\":500,\"caption\":\"De Mist Records\"},\"image\":{\"@id\":\"https:\\\/\\\/demistrecords.nl\\\/#\\\/schema\\\/logo\\\/image\\\/\"},\"sameAs\":[\"https:\\\/\\\/www.facebook.com\\\/demistrecordsnl\",\"https:\\\/\\\/x.com\\\/deathroo1\",\"https:\\\/\\\/www.instagram.com\\\/demist_records\\\/\"]}]}<\/script>\n<!-- \/ Yoast SEO plugin. -->","yoast_head_json":{"title":"Les Discrets - Pr\u00e9dateurs","description":"Pr\u00e9dateurs is het album dat je opzet als het al laat in de avond is, na een drukke hectische dag, even rustig genieten met een drankje, de gedachten voorbij laten gaan. Pr\u00e9dateurs kan ook dat album zijn voor achter het stuur op een regenachtige dag, terwijl het asfalt maar geen einde kent. Gedachteloos genieten dus. Een album dat je steeds weer uit je platenkast trekt, omdat het je het gevoel geeft dat de tijd stil staat. Als iemand je vraagt wat er wordt bedoeld met cinematische postrock, dan zet je dit album voor ze op.","robots":{"index":"index","follow":"follow","max-snippet":"max-snippet:-1","max-image-preview":"max-image-preview:large","max-video-preview":"max-video-preview:-1"},"canonical":"https:\/\/demistrecords.nl\/de\/produkt\/les-discrets-predateurs\/","og_locale":"de_DE","og_type":"article","og_title":"Les Discrets - Pr\u00e9dateurs","og_description":"Pr\u00e9dateurs is het album dat je opzet als het al laat in de avond is, na een drukke hectische dag, even rustig genieten met een drankje, de gedachten voorbij laten gaan. Pr\u00e9dateurs kan ook dat album zijn voor achter het stuur op een regenachtige dag, terwijl het asfalt maar geen einde kent. Gedachteloos genieten dus. Een album dat je steeds weer uit je platenkast trekt, omdat het je het gevoel geeft dat de tijd stil staat. Als iemand je vraagt wat er wordt bedoeld met cinematische postrock, dan zet je dit album voor ze op.","og_url":"https:\/\/demistrecords.nl\/de\/produkt\/les-discrets-predateurs\/","og_site_name":"De Mist Records","article_publisher":"https:\/\/www.facebook.com\/demistrecordsnl","article_modified_time":"2025-02-01T17:05:14+00:00","og_image":[{"width":2120,"height":2120,"url":"https:\/\/demistrecords.nl\/wp-content\/uploads\/2021\/02\/Les-Discrets-Predateurs.jpg","type":"image\/jpeg"}],"twitter_card":"summary_large_image","twitter_site":"@deathroo1","schema":{"@context":"https:\/\/schema.org","@graph":[{"@type":["WebPage","ItemPage"],"@id":"https:\/\/demistrecords.nl\/product\/les-discrets-predateurs\/","url":"https:\/\/demistrecords.nl\/product\/les-discrets-predateurs\/","name":"Les Discrets - Pr\u00e9dateurs","isPartOf":{"@id":"https:\/\/demistrecords.nl\/#website"},"primaryImageOfPage":{"@id":"https:\/\/demistrecords.nl\/product\/les-discrets-predateurs\/#primaryimage"},"image":{"@id":"https:\/\/demistrecords.nl\/product\/les-discrets-predateurs\/#primaryimage"},"thumbnailUrl":"https:\/\/demistrecords.nl\/wp-content\/uploads\/2021\/02\/Les-Discrets-Predateurs.jpg","datePublished":"2021-02-04T21:13:13+00:00","dateModified":"2025-02-01T17:05:14+00:00","description":"Pr\u00e9dateurs is het album dat je opzet als het al laat in de avond is, na een drukke hectische dag, even rustig genieten met een drankje, de gedachten voorbij laten gaan. Pr\u00e9dateurs kan ook dat album zijn voor achter het stuur op een regenachtige dag, terwijl het asfalt maar geen einde kent. Gedachteloos genieten dus. Een album dat je steeds weer uit je platenkast trekt, omdat het je het gevoel geeft dat de tijd stil staat. Als iemand je vraagt wat er wordt bedoeld met cinematische postrock, dan zet je dit album voor ze op.","breadcrumb":{"@id":"https:\/\/demistrecords.nl\/product\/les-discrets-predateurs\/#breadcrumb"},"inLanguage":"de","potentialAction":[{"@type":"ReadAction","target":["https:\/\/demistrecords.nl\/product\/les-discrets-predateurs\/"]}]},{"@type":"ImageObject","inLanguage":"de","@id":"https:\/\/demistrecords.nl\/product\/les-discrets-predateurs\/#primaryimage","url":"https:\/\/demistrecords.nl\/wp-content\/uploads\/2021\/02\/Les-Discrets-Predateurs.jpg","contentUrl":"https:\/\/demistrecords.nl\/wp-content\/uploads\/2021\/02\/Les-Discrets-Predateurs.jpg","width":2120,"height":2120},{"@type":"BreadcrumbList","@id":"https:\/\/demistrecords.nl\/product\/les-discrets-predateurs\/#breadcrumb","itemListElement":[{"@type":"ListItem","position":1,"name":"Home","item":"https:\/\/demistrecords.nl\/"},{"@type":"ListItem","position":2,"name":"Shop","item":"https:\/\/demistrecords.nl\/shop\/"},{"@type":"ListItem","position":3,"name":"Les Discrets &#8211; Pr\u00e9dateurs"}]},{"@type":"WebSite","@id":"https:\/\/demistrecords.nl\/#website","url":"https:\/\/demistrecords.nl\/","name":"De Mist Records","description":"Post-rock and related music","publisher":{"@id":"https:\/\/demistrecords.nl\/#organization"},"potentialAction":[{"@type":"SearchAction","target":{"@type":"EntryPoint","urlTemplate":"https:\/\/demistrecords.nl\/?s={search_term_string}"},"query-input":{"@type":"PropertyValueSpecification","valueRequired":true,"valueName":"search_term_string"}}],"inLanguage":"de"},{"@type":"Organization","@id":"https:\/\/demistrecords.nl\/#organization","name":"De Mist Records","url":"https:\/\/demistrecords.nl\/","logo":{"@type":"ImageObject","inLanguage":"de","@id":"https:\/\/demistrecords.nl\/#\/schema\/logo\/image\/","url":"https:\/\/demistrecords.nl\/wp-content\/uploads\/2020\/12\/logo-de-mist-records-rond.png","contentUrl":"https:\/\/demistrecords.nl\/wp-content\/uploads\/2020\/12\/logo-de-mist-records-rond.png","width":500,"height":500,"caption":"De Mist Records"},"image":{"@id":"https:\/\/demistrecords.nl\/#\/schema\/logo\/image\/"},"sameAs":["https:\/\/www.facebook.com\/demistrecordsnl","https:\/\/x.com\/deathroo1","https:\/\/www.instagram.com\/demist_records\/"]}]}},"_links":{"self":[{"href":"https:\/\/demistrecords.nl\/de\/wp-json\/wp\/v2\/product\/376","targetHints":{"allow":["GET"]}}],"collection":[{"href":"https:\/\/demistrecords.nl\/de\/wp-json\/wp\/v2\/product"}],"about":[{"href":"https:\/\/demistrecords.nl\/de\/wp-json\/wp\/v2\/types\/product"}],"replies":[{"embeddable":true,"href":"https:\/\/demistrecords.nl\/de\/wp-json\/wp\/v2\/comments?post=376"}],"wp:featuredmedia":[{"embeddable":true,"href":"https:\/\/demistrecords.nl\/de\/wp-json\/wp\/v2\/media\/378"}],"wp:attachment":[{"href":"https:\/\/demistrecords.nl\/de\/wp-json\/wp\/v2\/media?parent=376"}],"wp:term":[{"taxonomy":"product_brand","embeddable":true,"href":"https:\/\/demistrecords.nl\/de\/wp-json\/wp\/v2\/product_brand?post=376"},{"taxonomy":"product_cat","embeddable":true,"href":"https:\/\/demistrecords.nl\/de\/wp-json\/wp\/v2\/product_cat?post=376"},{"taxonomy":"product_tag","embeddable":true,"href":"https:\/\/demistrecords.nl\/de\/wp-json\/wp\/v2\/product_tag?post=376"}],"curies":[{"name":"wp","href":"https:\/\/api.w.org\/{rel}","templated":true}]}}