{"id":379,"date":"2021-02-04T23:08:01","date_gmt":"2021-02-04T22:08:01","guid":{"rendered":"https:\/\/demistrecords.nl\/?post_type=product&#038;p=379"},"modified":"2021-11-29T16:20:18","modified_gmt":"2021-11-29T15:20:18","slug":"alcest-kodama","status":"publish","type":"product","link":"https:\/\/demistrecords.nl\/de\/produkt\/alcest-kodama\/","title":{"rendered":"Alcest &#8211; Kodama"},"content":{"rendered":"<p><iframe style=\"border: 0; width: 100%; height: 42px;\" src=\"https:\/\/bandcamp.com\/EmbeddedPlayer\/album=3672356025\/size=small\/bgcol=333333\/linkcol=0f91ff\/transparent=true\/\" seamless=\"\"><a href=\"https:\/\/alcest.bandcamp.com\/album\/kodama\">Kodama by Alcest<\/a><\/iframe><\/p>","protected":false},"excerpt":{"rendered":"<p>Kommt auf Kristalklares 180gr Vinyl.<\/p>\n<p>Wenn Sie Blackgaze sagen, werden Sie zweifellos Alcest sagen. Aber lassen Sie sich von dem schwarzen Teil nicht verleumden, denn es reibt sich regelm\u00e4\u00dfig gegen dieses Genre, landet aber selten darin. Der gr\u00f6\u00dfte Teil des Albums besteht aus einem \u00fcberzeugenden Shoegaze, bei dem der Gesang oft einen kontrastierenden Effekt hat. Alcest ist die Band um St\u00e9phane Paut, auch bekannt als Neige, und er nimmt dich in seine Traumwelt und Erinnerungen. Kodama ist japanisch f\u00fcr \u201eFreigeist\u201c und dieser Titel h\u00e4tte nicht eing\u00e4ngiger sein k\u00f6nnen, denn dieses Album bringt dich wirklich aus dir heraus.<\/p>\n<p>Passt auf! Das Bild ist ein Mockup, das Vinyl ist komplett farblos (Crystal Clear).<\/p>","protected":false},"featured_media":377,"comment_status":"closed","ping_status":"closed","template":"","meta":[],"product_brand":[],"product_cat":[15],"product_tag":[],"class_list":{"0":"post-379","1":"product","2":"type-product","3":"status-publish","4":"has-post-thumbnail","6":"product_cat-vinyl-12-lp","8":"first","9":"outofstock","10":"taxable","11":"shipping-taxable","12":"purchasable","13":"product-type-simple"},"yoast_head":"<!-- This site is optimized with the Yoast SEO plugin v27.3 - https:\/\/yoast.com\/product\/yoast-seo-wordpress\/ -->\n<title>Alcest - Kodama<\/title>\n<meta name=\"description\" content=\"Wordt geleverd op crystal clear 180grams vinyl.  Zeg je blackgaze, dan zeg je ongetwijfeld ook Alcest. Maar laat het deel black je niet misleiden, want schuurt wel regelmatig langs dat genre, maar komt er zelden in terecht. Het overgrote deel van het album bestaat uit meeslepende shoegaze, waarop de zangpartijen vaak een contrasterende werking hebben. Alcest is de band rondom St\u00e9phane Paut, alias Neige, en hij neemt je mee in zijn droomwereld en herinneringen. Kodama is Japans voor &#039;vrije geest&#039; en die titel had niet pakkender gekozen geworden, want dit album neemt je echt even mee buiten jezelf.  Let op! De afbeelding is een mockup, het vinyl is volledig kleurloos (crystal clear).\" \/>\n<meta name=\"robots\" content=\"index, follow, max-snippet:-1, max-image-preview:large, max-video-preview:-1\" \/>\n<link rel=\"canonical\" href=\"https:\/\/demistrecords.nl\/de\/produkt\/alcest-kodama\/\" \/>\n<meta property=\"og:locale\" content=\"de_DE\" \/>\n<meta property=\"og:type\" content=\"article\" \/>\n<meta property=\"og:title\" content=\"Alcest - Kodama\" \/>\n<meta property=\"og:description\" content=\"Wordt geleverd op crystal clear 180grams vinyl.  Zeg je blackgaze, dan zeg je ongetwijfeld ook Alcest. Maar laat het deel black je niet misleiden, want schuurt wel regelmatig langs dat genre, maar komt er zelden in terecht. Het overgrote deel van het album bestaat uit meeslepende shoegaze, waarop de zangpartijen vaak een contrasterende werking hebben. Alcest is de band rondom St\u00e9phane Paut, alias Neige, en hij neemt je mee in zijn droomwereld en herinneringen. Kodama is Japans voor &#039;vrije geest&#039; en die titel had niet pakkender gekozen geworden, want dit album neemt je echt even mee buiten jezelf.  Let op! De afbeelding is een mockup, het vinyl is volledig kleurloos (crystal clear).\" \/>\n<meta property=\"og:url\" content=\"https:\/\/demistrecords.nl\/de\/produkt\/alcest-kodama\/\" \/>\n<meta property=\"og:site_name\" content=\"De Mist Records\" \/>\n<meta property=\"article:publisher\" content=\"https:\/\/www.facebook.com\/demistrecordsnl\" \/>\n<meta property=\"article:modified_time\" content=\"2021-11-29T15:20:18+00:00\" \/>\n<meta property=\"og:image\" content=\"https:\/\/demistrecords.nl\/wp-content\/uploads\/2021\/02\/Alcest-Kodama.jpg\" \/>\n\t<meta property=\"og:image:width\" content=\"2120\" \/>\n\t<meta property=\"og:image:height\" content=\"2120\" \/>\n\t<meta property=\"og:image:type\" content=\"image\/jpeg\" \/>\n<meta name=\"twitter:card\" content=\"summary_large_image\" \/>\n<meta name=\"twitter:site\" content=\"@deathroo1\" \/>\n<script type=\"application\/ld+json\" class=\"yoast-schema-graph\">{\"@context\":\"https:\\\/\\\/schema.org\",\"@graph\":[{\"@type\":[\"WebPage\",\"ItemPage\"],\"@id\":\"https:\\\/\\\/demistrecords.nl\\\/de\\\/produkt\\\/alcest-kodama\\\/\",\"url\":\"https:\\\/\\\/demistrecords.nl\\\/de\\\/produkt\\\/alcest-kodama\\\/\",\"name\":\"Alcest - Kodama\",\"isPartOf\":{\"@id\":\"https:\\\/\\\/demistrecords.nl\\\/#website\"},\"primaryImageOfPage\":{\"@id\":\"https:\\\/\\\/demistrecords.nl\\\/de\\\/produkt\\\/alcest-kodama\\\/#primaryimage\"},\"image\":{\"@id\":\"https:\\\/\\\/demistrecords.nl\\\/de\\\/produkt\\\/alcest-kodama\\\/#primaryimage\"},\"thumbnailUrl\":\"https:\\\/\\\/demistrecords.nl\\\/wp-content\\\/uploads\\\/2021\\\/02\\\/Alcest-Kodama.jpg\",\"datePublished\":\"2021-02-04T22:08:01+00:00\",\"dateModified\":\"2021-11-29T15:20:18+00:00\",\"description\":\"Wordt geleverd op crystal clear 180grams vinyl. Zeg je blackgaze, dan zeg je ongetwijfeld ook Alcest. Maar laat het deel black je niet misleiden, want schuurt wel regelmatig langs dat genre, maar komt er zelden in terecht. Het overgrote deel van het album bestaat uit meeslepende shoegaze, waarop de zangpartijen vaak een contrasterende werking hebben. Alcest is de band rondom St\u00e9phane Paut, alias Neige, en hij neemt je mee in zijn droomwereld en herinneringen. Kodama is Japans voor 'vrije geest' en die titel had niet pakkender gekozen geworden, want dit album neemt je echt even mee buiten jezelf. Let op! De afbeelding is een mockup, het vinyl is volledig kleurloos (crystal clear).\",\"breadcrumb\":{\"@id\":\"https:\\\/\\\/demistrecords.nl\\\/de\\\/produkt\\\/alcest-kodama\\\/#breadcrumb\"},\"inLanguage\":\"de\",\"potentialAction\":[{\"@type\":\"ReadAction\",\"target\":[\"https:\\\/\\\/demistrecords.nl\\\/de\\\/produkt\\\/alcest-kodama\\\/\"]}]},{\"@type\":\"ImageObject\",\"inLanguage\":\"de\",\"@id\":\"https:\\\/\\\/demistrecords.nl\\\/de\\\/produkt\\\/alcest-kodama\\\/#primaryimage\",\"url\":\"https:\\\/\\\/demistrecords.nl\\\/wp-content\\\/uploads\\\/2021\\\/02\\\/Alcest-Kodama.jpg\",\"contentUrl\":\"https:\\\/\\\/demistrecords.nl\\\/wp-content\\\/uploads\\\/2021\\\/02\\\/Alcest-Kodama.jpg\",\"width\":2120,\"height\":2120},{\"@type\":\"BreadcrumbList\",\"@id\":\"https:\\\/\\\/demistrecords.nl\\\/de\\\/produkt\\\/alcest-kodama\\\/#breadcrumb\",\"itemListElement\":[{\"@type\":\"ListItem\",\"position\":1,\"name\":\"Home\",\"item\":\"https:\\\/\\\/demistrecords.nl\\\/\"},{\"@type\":\"ListItem\",\"position\":2,\"name\":\"Shop\",\"item\":\"https:\\\/\\\/demistrecords.nl\\\/shop\\\/\"},{\"@type\":\"ListItem\",\"position\":3,\"name\":\"Alcest &#8211; Kodama\"}]},{\"@type\":\"WebSite\",\"@id\":\"https:\\\/\\\/demistrecords.nl\\\/#website\",\"url\":\"https:\\\/\\\/demistrecords.nl\\\/\",\"name\":\"De Mist Records\",\"description\":\"Post-rock and related music\",\"publisher\":{\"@id\":\"https:\\\/\\\/demistrecords.nl\\\/#organization\"},\"potentialAction\":[{\"@type\":\"SearchAction\",\"target\":{\"@type\":\"EntryPoint\",\"urlTemplate\":\"https:\\\/\\\/demistrecords.nl\\\/?s={search_term_string}\"},\"query-input\":{\"@type\":\"PropertyValueSpecification\",\"valueRequired\":true,\"valueName\":\"search_term_string\"}}],\"inLanguage\":\"de\"},{\"@type\":\"Organization\",\"@id\":\"https:\\\/\\\/demistrecords.nl\\\/#organization\",\"name\":\"De Mist Records\",\"url\":\"https:\\\/\\\/demistrecords.nl\\\/\",\"logo\":{\"@type\":\"ImageObject\",\"inLanguage\":\"de\",\"@id\":\"https:\\\/\\\/demistrecords.nl\\\/#\\\/schema\\\/logo\\\/image\\\/\",\"url\":\"https:\\\/\\\/demistrecords.nl\\\/wp-content\\\/uploads\\\/2020\\\/12\\\/logo-de-mist-records-rond.png\",\"contentUrl\":\"https:\\\/\\\/demistrecords.nl\\\/wp-content\\\/uploads\\\/2020\\\/12\\\/logo-de-mist-records-rond.png\",\"width\":500,\"height\":500,\"caption\":\"De Mist Records\"},\"image\":{\"@id\":\"https:\\\/\\\/demistrecords.nl\\\/#\\\/schema\\\/logo\\\/image\\\/\"},\"sameAs\":[\"https:\\\/\\\/www.facebook.com\\\/demistrecordsnl\",\"https:\\\/\\\/x.com\\\/deathroo1\",\"https:\\\/\\\/www.instagram.com\\\/demist_records\\\/\"]}]}<\/script>\n<!-- \/ Yoast SEO plugin. -->","yoast_head_json":{"title":"Alcest - Kodama","description":"Wordt geleverd op crystal clear 180grams vinyl.  Zeg je blackgaze, dan zeg je ongetwijfeld ook Alcest. Maar laat het deel black je niet misleiden, want schuurt wel regelmatig langs dat genre, maar komt er zelden in terecht. Het overgrote deel van het album bestaat uit meeslepende shoegaze, waarop de zangpartijen vaak een contrasterende werking hebben. Alcest is de band rondom St\u00e9phane Paut, alias Neige, en hij neemt je mee in zijn droomwereld en herinneringen. Kodama is Japans voor 'vrije geest' en die titel had niet pakkender gekozen geworden, want dit album neemt je echt even mee buiten jezelf.  Let op! De afbeelding is een mockup, het vinyl is volledig kleurloos (crystal clear).","robots":{"index":"index","follow":"follow","max-snippet":"max-snippet:-1","max-image-preview":"max-image-preview:large","max-video-preview":"max-video-preview:-1"},"canonical":"https:\/\/demistrecords.nl\/de\/produkt\/alcest-kodama\/","og_locale":"de_DE","og_type":"article","og_title":"Alcest - Kodama","og_description":"Wordt geleverd op crystal clear 180grams vinyl.  Zeg je blackgaze, dan zeg je ongetwijfeld ook Alcest. Maar laat het deel black je niet misleiden, want schuurt wel regelmatig langs dat genre, maar komt er zelden in terecht. Het overgrote deel van het album bestaat uit meeslepende shoegaze, waarop de zangpartijen vaak een contrasterende werking hebben. Alcest is de band rondom St\u00e9phane Paut, alias Neige, en hij neemt je mee in zijn droomwereld en herinneringen. Kodama is Japans voor 'vrije geest' en die titel had niet pakkender gekozen geworden, want dit album neemt je echt even mee buiten jezelf.  Let op! De afbeelding is een mockup, het vinyl is volledig kleurloos (crystal clear).","og_url":"https:\/\/demistrecords.nl\/de\/produkt\/alcest-kodama\/","og_site_name":"De Mist Records","article_publisher":"https:\/\/www.facebook.com\/demistrecordsnl","article_modified_time":"2021-11-29T15:20:18+00:00","og_image":[{"width":2120,"height":2120,"url":"https:\/\/demistrecords.nl\/wp-content\/uploads\/2021\/02\/Alcest-Kodama.jpg","type":"image\/jpeg"}],"twitter_card":"summary_large_image","twitter_site":"@deathroo1","schema":{"@context":"https:\/\/schema.org","@graph":[{"@type":["WebPage","ItemPage"],"@id":"https:\/\/demistrecords.nl\/de\/produkt\/alcest-kodama\/","url":"https:\/\/demistrecords.nl\/de\/produkt\/alcest-kodama\/","name":"Alcest - Kodama","isPartOf":{"@id":"https:\/\/demistrecords.nl\/#website"},"primaryImageOfPage":{"@id":"https:\/\/demistrecords.nl\/de\/produkt\/alcest-kodama\/#primaryimage"},"image":{"@id":"https:\/\/demistrecords.nl\/de\/produkt\/alcest-kodama\/#primaryimage"},"thumbnailUrl":"https:\/\/demistrecords.nl\/wp-content\/uploads\/2021\/02\/Alcest-Kodama.jpg","datePublished":"2021-02-04T22:08:01+00:00","dateModified":"2021-11-29T15:20:18+00:00","description":"Wordt geleverd op crystal clear 180grams vinyl. Zeg je blackgaze, dan zeg je ongetwijfeld ook Alcest. Maar laat het deel black je niet misleiden, want schuurt wel regelmatig langs dat genre, maar komt er zelden in terecht. Het overgrote deel van het album bestaat uit meeslepende shoegaze, waarop de zangpartijen vaak een contrasterende werking hebben. Alcest is de band rondom St\u00e9phane Paut, alias Neige, en hij neemt je mee in zijn droomwereld en herinneringen. Kodama is Japans voor 'vrije geest' en die titel had niet pakkender gekozen geworden, want dit album neemt je echt even mee buiten jezelf. Let op! De afbeelding is een mockup, het vinyl is volledig kleurloos (crystal clear).","breadcrumb":{"@id":"https:\/\/demistrecords.nl\/de\/produkt\/alcest-kodama\/#breadcrumb"},"inLanguage":"de","potentialAction":[{"@type":"ReadAction","target":["https:\/\/demistrecords.nl\/de\/produkt\/alcest-kodama\/"]}]},{"@type":"ImageObject","inLanguage":"de","@id":"https:\/\/demistrecords.nl\/de\/produkt\/alcest-kodama\/#primaryimage","url":"https:\/\/demistrecords.nl\/wp-content\/uploads\/2021\/02\/Alcest-Kodama.jpg","contentUrl":"https:\/\/demistrecords.nl\/wp-content\/uploads\/2021\/02\/Alcest-Kodama.jpg","width":2120,"height":2120},{"@type":"BreadcrumbList","@id":"https:\/\/demistrecords.nl\/de\/produkt\/alcest-kodama\/#breadcrumb","itemListElement":[{"@type":"ListItem","position":1,"name":"Home","item":"https:\/\/demistrecords.nl\/"},{"@type":"ListItem","position":2,"name":"Shop","item":"https:\/\/demistrecords.nl\/shop\/"},{"@type":"ListItem","position":3,"name":"Alcest &#8211; Kodama"}]},{"@type":"WebSite","@id":"https:\/\/demistrecords.nl\/#website","url":"https:\/\/demistrecords.nl\/","name":"De Mist Records","description":"Post-rock and related music","publisher":{"@id":"https:\/\/demistrecords.nl\/#organization"},"potentialAction":[{"@type":"SearchAction","target":{"@type":"EntryPoint","urlTemplate":"https:\/\/demistrecords.nl\/?s={search_term_string}"},"query-input":{"@type":"PropertyValueSpecification","valueRequired":true,"valueName":"search_term_string"}}],"inLanguage":"de"},{"@type":"Organization","@id":"https:\/\/demistrecords.nl\/#organization","name":"De Mist Records","url":"https:\/\/demistrecords.nl\/","logo":{"@type":"ImageObject","inLanguage":"de","@id":"https:\/\/demistrecords.nl\/#\/schema\/logo\/image\/","url":"https:\/\/demistrecords.nl\/wp-content\/uploads\/2020\/12\/logo-de-mist-records-rond.png","contentUrl":"https:\/\/demistrecords.nl\/wp-content\/uploads\/2020\/12\/logo-de-mist-records-rond.png","width":500,"height":500,"caption":"De Mist Records"},"image":{"@id":"https:\/\/demistrecords.nl\/#\/schema\/logo\/image\/"},"sameAs":["https:\/\/www.facebook.com\/demistrecordsnl","https:\/\/x.com\/deathroo1","https:\/\/www.instagram.com\/demist_records\/"]}]}},"_links":{"self":[{"href":"https:\/\/demistrecords.nl\/de\/wp-json\/wp\/v2\/product\/379","targetHints":{"allow":["GET"]}}],"collection":[{"href":"https:\/\/demistrecords.nl\/de\/wp-json\/wp\/v2\/product"}],"about":[{"href":"https:\/\/demistrecords.nl\/de\/wp-json\/wp\/v2\/types\/product"}],"replies":[{"embeddable":true,"href":"https:\/\/demistrecords.nl\/de\/wp-json\/wp\/v2\/comments?post=379"}],"wp:featuredmedia":[{"embeddable":true,"href":"https:\/\/demistrecords.nl\/de\/wp-json\/wp\/v2\/media\/377"}],"wp:attachment":[{"href":"https:\/\/demistrecords.nl\/de\/wp-json\/wp\/v2\/media?parent=379"}],"wp:term":[{"taxonomy":"product_brand","embeddable":true,"href":"https:\/\/demistrecords.nl\/de\/wp-json\/wp\/v2\/product_brand?post=379"},{"taxonomy":"product_cat","embeddable":true,"href":"https:\/\/demistrecords.nl\/de\/wp-json\/wp\/v2\/product_cat?post=379"},{"taxonomy":"product_tag","embeddable":true,"href":"https:\/\/demistrecords.nl\/de\/wp-json\/wp\/v2\/product_tag?post=379"}],"curies":[{"name":"wp","href":"https:\/\/api.w.org\/{rel}","templated":true}]}}