{"id":381,"date":"2021-02-05T12:29:23","date_gmt":"2021-02-05T11:29:23","guid":{"rendered":"https:\/\/demistrecords.nl\/?post_type=product&#038;p=381"},"modified":"2022-02-04T09:17:34","modified_gmt":"2022-02-04T08:17:34","slug":"e-l-r-maenad","status":"publish","type":"product","link":"https:\/\/demistrecords.nl\/de\/produkt\/e-l-r-maenad\/","title":{"rendered":"E-L-R &#8211; M\u00e6nad"},"content":{"rendered":"<p><iframe style=\"border: 0; width: 100%; height: 42px;\" src=\"https:\/\/bandcamp.com\/EmbeddedPlayer\/album=1806734417\/size=small\/bgcol=333333\/linkcol=0f91ff\/transparent=true\/\" seamless=\"\"><a href=\"https:\/\/e-l-r.bandcamp.com\/album\/m-nad\">M\u00e6nad by E-L-R<\/a><\/iframe><\/p>","protected":false},"excerpt":{"rendered":"<p>Kommt auf wundersch\u00f6nem 180 Gramm orange Vinyl.<\/p>\n<p>E-L-R ist eine Drei-Mann-Formation aus der Schweiz und macht spannende Post-Doom. Dieses Album enth\u00e4lt wundersch\u00f6ne atmosph\u00e4rische Parts und hypnotische Rhythmen, aber auch schwere Gitarrenpartien. Auf M\u00e6nad singt Ryanne van Dorst (Dool) auf dem Lied Lunar Nights und wir h\u00f6ren Colin H van Eeckhout (Amenra) in Above The Mountains There Is Light und er spielt in der Intro des Albums den Hurdy Gurdy. Eine wunderbare spirituelle Erfahrung erwartet dich bei M\u00e6nad.<\/p>\n<p>Dieses Deb\u00fctalbum war der Durchbruch von E-L-R und wurde aufgrund dieses Erfolgs mehrmals neu gepresst.<\/p>","protected":false},"featured_media":383,"comment_status":"closed","ping_status":"closed","template":"","meta":[],"product_brand":[],"product_cat":[15],"product_tag":[38,28],"class_list":{"0":"post-381","1":"product","2":"type-product","3":"status-publish","4":"has-post-thumbnail","6":"product_cat-vinyl-12-lp","7":"product_tag-doom","8":"product_tag-post-rock","10":"first","11":"outofstock","12":"taxable","13":"shipping-taxable","14":"purchasable","15":"product-type-simple"},"bundled_by":[],"bundle_stock_status":"outofstock","bundle_stock_quantity":0,"bundle_virtual":false,"bundle_layout":"","bundle_add_to_cart_form_location":"","bundle_editable_in_cart":false,"bundle_sold_individually_context":"","bundle_item_grouping":"","bundle_min_size":"","bundle_max_size":"","bundle_price":[],"bundled_items":[],"bundle_sell_ids":[],"yoast_head":"<!-- This site is optimized with the Yoast SEO plugin v27.3 - https:\/\/yoast.com\/product\/yoast-seo-wordpress\/ -->\n<title>E-L-R - M\u00e6nad<\/title>\n<meta name=\"description\" content=\"Wordt geleverd op prachtig 180grams oranje vinyl.  E-L-R is een driemans-formatie uit Zwitserland en maakt opzwepende post-doom. Dit album herbergt prachtige atmosferisch stukken en hypnotiserende ritmes, maar ook heavy gitaarpartijen. Op M\u00e6nad zingt\u00a0 Ryanne van Dorst (Dool) mee op het nummer Lunar Nights en horen we Colin H van Eeckhout (Amenra) zingen in Above The Mountains There Is Light en speelt hij de hurdy gurdy in het intro van het album. Op M\u00e6nad staat je een heerlijke spirituele beleving te wachten.  Dit debuutalbum zorgde voor de doorbraak van E-L-R en is wegens dit succes al meerdere keren opnieuw geperst.\" \/>\n<meta name=\"robots\" content=\"index, follow, max-snippet:-1, max-image-preview:large, max-video-preview:-1\" \/>\n<link rel=\"canonical\" href=\"https:\/\/demistrecords.nl\/de\/produkt\/e-l-r-maenad\/\" \/>\n<meta property=\"og:locale\" content=\"de_DE\" \/>\n<meta property=\"og:type\" content=\"article\" \/>\n<meta property=\"og:title\" content=\"E-L-R - M\u00e6nad\" \/>\n<meta property=\"og:description\" content=\"Wordt geleverd op prachtig 180grams oranje vinyl.  E-L-R is een driemans-formatie uit Zwitserland en maakt opzwepende post-doom. Dit album herbergt prachtige atmosferisch stukken en hypnotiserende ritmes, maar ook heavy gitaarpartijen. Op M\u00e6nad zingt\u00a0 Ryanne van Dorst (Dool) mee op het nummer Lunar Nights en horen we Colin H van Eeckhout (Amenra) zingen in Above The Mountains There Is Light en speelt hij de hurdy gurdy in het intro van het album. Op M\u00e6nad staat je een heerlijke spirituele beleving te wachten.  Dit debuutalbum zorgde voor de doorbraak van E-L-R en is wegens dit succes al meerdere keren opnieuw geperst.\" \/>\n<meta property=\"og:url\" content=\"https:\/\/demistrecords.nl\/de\/produkt\/e-l-r-maenad\/\" \/>\n<meta property=\"og:site_name\" content=\"De Mist Records\" \/>\n<meta property=\"article:publisher\" content=\"https:\/\/www.facebook.com\/demistrecordsnl\" \/>\n<meta property=\"article:modified_time\" content=\"2022-02-04T08:17:34+00:00\" \/>\n<meta property=\"og:image\" content=\"https:\/\/demistrecords.nl\/wp-content\/uploads\/2021\/02\/E-L-R-Maenad.jpg\" \/>\n\t<meta property=\"og:image:width\" content=\"2120\" \/>\n\t<meta property=\"og:image:height\" content=\"2120\" \/>\n\t<meta property=\"og:image:type\" content=\"image\/jpeg\" \/>\n<meta name=\"twitter:card\" content=\"summary_large_image\" \/>\n<meta name=\"twitter:site\" content=\"@deathroo1\" \/>\n<script type=\"application\/ld+json\" class=\"yoast-schema-graph\">{\"@context\":\"https:\\\/\\\/schema.org\",\"@graph\":[{\"@type\":[\"WebPage\",\"ItemPage\"],\"@id\":\"https:\\\/\\\/demistrecords.nl\\\/en\\\/product\\\/e-l-r-maenad\\\/\",\"url\":\"https:\\\/\\\/demistrecords.nl\\\/en\\\/product\\\/e-l-r-maenad\\\/\",\"name\":\"E-L-R - M\u00e6nad\",\"isPartOf\":{\"@id\":\"https:\\\/\\\/demistrecords.nl\\\/#website\"},\"primaryImageOfPage\":{\"@id\":\"https:\\\/\\\/demistrecords.nl\\\/en\\\/product\\\/e-l-r-maenad\\\/#primaryimage\"},\"image\":{\"@id\":\"https:\\\/\\\/demistrecords.nl\\\/en\\\/product\\\/e-l-r-maenad\\\/#primaryimage\"},\"thumbnailUrl\":\"https:\\\/\\\/demistrecords.nl\\\/wp-content\\\/uploads\\\/2021\\\/02\\\/E-L-R-Maenad.jpg\",\"datePublished\":\"2021-02-05T11:29:23+00:00\",\"dateModified\":\"2022-02-04T08:17:34+00:00\",\"description\":\"Wordt geleverd op prachtig 180grams oranje vinyl. E-L-R is een driemans-formatie uit Zwitserland en maakt opzwepende post-doom. Dit album herbergt prachtige atmosferisch stukken en hypnotiserende ritmes, maar ook heavy gitaarpartijen. Op M\u00e6nad zingt\u00a0 Ryanne van Dorst (Dool) mee op het nummer Lunar Nights en horen we Colin H van Eeckhout (Amenra) zingen in Above The Mountains There Is Light en speelt hij de hurdy gurdy in het intro van het album. Op M\u00e6nad staat je een heerlijke spirituele beleving te wachten. Dit debuutalbum zorgde voor de doorbraak van E-L-R en is wegens dit succes al meerdere keren opnieuw geperst.\",\"breadcrumb\":{\"@id\":\"https:\\\/\\\/demistrecords.nl\\\/en\\\/product\\\/e-l-r-maenad\\\/#breadcrumb\"},\"inLanguage\":\"de\",\"potentialAction\":[{\"@type\":\"ReadAction\",\"target\":[\"https:\\\/\\\/demistrecords.nl\\\/en\\\/product\\\/e-l-r-maenad\\\/\"]}]},{\"@type\":\"ImageObject\",\"inLanguage\":\"de\",\"@id\":\"https:\\\/\\\/demistrecords.nl\\\/en\\\/product\\\/e-l-r-maenad\\\/#primaryimage\",\"url\":\"https:\\\/\\\/demistrecords.nl\\\/wp-content\\\/uploads\\\/2021\\\/02\\\/E-L-R-Maenad.jpg\",\"contentUrl\":\"https:\\\/\\\/demistrecords.nl\\\/wp-content\\\/uploads\\\/2021\\\/02\\\/E-L-R-Maenad.jpg\",\"width\":2120,\"height\":2120},{\"@type\":\"BreadcrumbList\",\"@id\":\"https:\\\/\\\/demistrecords.nl\\\/en\\\/product\\\/e-l-r-maenad\\\/#breadcrumb\",\"itemListElement\":[{\"@type\":\"ListItem\",\"position\":1,\"name\":\"Home\",\"item\":\"https:\\\/\\\/demistrecords.nl\\\/\"},{\"@type\":\"ListItem\",\"position\":2,\"name\":\"Shop\",\"item\":\"https:\\\/\\\/demistrecords.nl\\\/shop\\\/\"},{\"@type\":\"ListItem\",\"position\":3,\"name\":\"E-L-R &#8211; M\u00e6nad\"}]},{\"@type\":\"WebSite\",\"@id\":\"https:\\\/\\\/demistrecords.nl\\\/#website\",\"url\":\"https:\\\/\\\/demistrecords.nl\\\/\",\"name\":\"De Mist Records\",\"description\":\"Post-rock and related music\",\"publisher\":{\"@id\":\"https:\\\/\\\/demistrecords.nl\\\/#organization\"},\"potentialAction\":[{\"@type\":\"SearchAction\",\"target\":{\"@type\":\"EntryPoint\",\"urlTemplate\":\"https:\\\/\\\/demistrecords.nl\\\/?s={search_term_string}\"},\"query-input\":{\"@type\":\"PropertyValueSpecification\",\"valueRequired\":true,\"valueName\":\"search_term_string\"}}],\"inLanguage\":\"de\"},{\"@type\":\"Organization\",\"@id\":\"https:\\\/\\\/demistrecords.nl\\\/#organization\",\"name\":\"De Mist Records\",\"url\":\"https:\\\/\\\/demistrecords.nl\\\/\",\"logo\":{\"@type\":\"ImageObject\",\"inLanguage\":\"de\",\"@id\":\"https:\\\/\\\/demistrecords.nl\\\/#\\\/schema\\\/logo\\\/image\\\/\",\"url\":\"https:\\\/\\\/demistrecords.nl\\\/wp-content\\\/uploads\\\/2020\\\/12\\\/logo-de-mist-records-rond.png\",\"contentUrl\":\"https:\\\/\\\/demistrecords.nl\\\/wp-content\\\/uploads\\\/2020\\\/12\\\/logo-de-mist-records-rond.png\",\"width\":500,\"height\":500,\"caption\":\"De Mist Records\"},\"image\":{\"@id\":\"https:\\\/\\\/demistrecords.nl\\\/#\\\/schema\\\/logo\\\/image\\\/\"},\"sameAs\":[\"https:\\\/\\\/www.facebook.com\\\/demistrecordsnl\",\"https:\\\/\\\/x.com\\\/deathroo1\",\"https:\\\/\\\/www.instagram.com\\\/demist_records\\\/\"]}]}<\/script>\n<!-- \/ Yoast SEO plugin. -->","yoast_head_json":{"title":"E-L-R - M\u00e6nad","description":"Wordt geleverd op prachtig 180grams oranje vinyl.  E-L-R is een driemans-formatie uit Zwitserland en maakt opzwepende post-doom. Dit album herbergt prachtige atmosferisch stukken en hypnotiserende ritmes, maar ook heavy gitaarpartijen. Op M\u00e6nad zingt\u00a0 Ryanne van Dorst (Dool) mee op het nummer Lunar Nights en horen we Colin H van Eeckhout (Amenra) zingen in Above The Mountains There Is Light en speelt hij de hurdy gurdy in het intro van het album. Op M\u00e6nad staat je een heerlijke spirituele beleving te wachten.  Dit debuutalbum zorgde voor de doorbraak van E-L-R en is wegens dit succes al meerdere keren opnieuw geperst.","robots":{"index":"index","follow":"follow","max-snippet":"max-snippet:-1","max-image-preview":"max-image-preview:large","max-video-preview":"max-video-preview:-1"},"canonical":"https:\/\/demistrecords.nl\/de\/produkt\/e-l-r-maenad\/","og_locale":"de_DE","og_type":"article","og_title":"E-L-R - M\u00e6nad","og_description":"Wordt geleverd op prachtig 180grams oranje vinyl.  E-L-R is een driemans-formatie uit Zwitserland en maakt opzwepende post-doom. Dit album herbergt prachtige atmosferisch stukken en hypnotiserende ritmes, maar ook heavy gitaarpartijen. Op M\u00e6nad zingt\u00a0 Ryanne van Dorst (Dool) mee op het nummer Lunar Nights en horen we Colin H van Eeckhout (Amenra) zingen in Above The Mountains There Is Light en speelt hij de hurdy gurdy in het intro van het album. Op M\u00e6nad staat je een heerlijke spirituele beleving te wachten.  Dit debuutalbum zorgde voor de doorbraak van E-L-R en is wegens dit succes al meerdere keren opnieuw geperst.","og_url":"https:\/\/demistrecords.nl\/de\/produkt\/e-l-r-maenad\/","og_site_name":"De Mist Records","article_publisher":"https:\/\/www.facebook.com\/demistrecordsnl","article_modified_time":"2022-02-04T08:17:34+00:00","og_image":[{"width":2120,"height":2120,"url":"https:\/\/demistrecords.nl\/wp-content\/uploads\/2021\/02\/E-L-R-Maenad.jpg","type":"image\/jpeg"}],"twitter_card":"summary_large_image","twitter_site":"@deathroo1","schema":{"@context":"https:\/\/schema.org","@graph":[{"@type":["WebPage","ItemPage"],"@id":"https:\/\/demistrecords.nl\/en\/product\/e-l-r-maenad\/","url":"https:\/\/demistrecords.nl\/en\/product\/e-l-r-maenad\/","name":"E-L-R - M\u00e6nad","isPartOf":{"@id":"https:\/\/demistrecords.nl\/#website"},"primaryImageOfPage":{"@id":"https:\/\/demistrecords.nl\/en\/product\/e-l-r-maenad\/#primaryimage"},"image":{"@id":"https:\/\/demistrecords.nl\/en\/product\/e-l-r-maenad\/#primaryimage"},"thumbnailUrl":"https:\/\/demistrecords.nl\/wp-content\/uploads\/2021\/02\/E-L-R-Maenad.jpg","datePublished":"2021-02-05T11:29:23+00:00","dateModified":"2022-02-04T08:17:34+00:00","description":"Wordt geleverd op prachtig 180grams oranje vinyl. E-L-R is een driemans-formatie uit Zwitserland en maakt opzwepende post-doom. Dit album herbergt prachtige atmosferisch stukken en hypnotiserende ritmes, maar ook heavy gitaarpartijen. Op M\u00e6nad zingt\u00a0 Ryanne van Dorst (Dool) mee op het nummer Lunar Nights en horen we Colin H van Eeckhout (Amenra) zingen in Above The Mountains There Is Light en speelt hij de hurdy gurdy in het intro van het album. Op M\u00e6nad staat je een heerlijke spirituele beleving te wachten. Dit debuutalbum zorgde voor de doorbraak van E-L-R en is wegens dit succes al meerdere keren opnieuw geperst.","breadcrumb":{"@id":"https:\/\/demistrecords.nl\/en\/product\/e-l-r-maenad\/#breadcrumb"},"inLanguage":"de","potentialAction":[{"@type":"ReadAction","target":["https:\/\/demistrecords.nl\/en\/product\/e-l-r-maenad\/"]}]},{"@type":"ImageObject","inLanguage":"de","@id":"https:\/\/demistrecords.nl\/en\/product\/e-l-r-maenad\/#primaryimage","url":"https:\/\/demistrecords.nl\/wp-content\/uploads\/2021\/02\/E-L-R-Maenad.jpg","contentUrl":"https:\/\/demistrecords.nl\/wp-content\/uploads\/2021\/02\/E-L-R-Maenad.jpg","width":2120,"height":2120},{"@type":"BreadcrumbList","@id":"https:\/\/demistrecords.nl\/en\/product\/e-l-r-maenad\/#breadcrumb","itemListElement":[{"@type":"ListItem","position":1,"name":"Home","item":"https:\/\/demistrecords.nl\/"},{"@type":"ListItem","position":2,"name":"Shop","item":"https:\/\/demistrecords.nl\/shop\/"},{"@type":"ListItem","position":3,"name":"E-L-R &#8211; M\u00e6nad"}]},{"@type":"WebSite","@id":"https:\/\/demistrecords.nl\/#website","url":"https:\/\/demistrecords.nl\/","name":"De Mist Records","description":"Post-rock and related music","publisher":{"@id":"https:\/\/demistrecords.nl\/#organization"},"potentialAction":[{"@type":"SearchAction","target":{"@type":"EntryPoint","urlTemplate":"https:\/\/demistrecords.nl\/?s={search_term_string}"},"query-input":{"@type":"PropertyValueSpecification","valueRequired":true,"valueName":"search_term_string"}}],"inLanguage":"de"},{"@type":"Organization","@id":"https:\/\/demistrecords.nl\/#organization","name":"De Mist Records","url":"https:\/\/demistrecords.nl\/","logo":{"@type":"ImageObject","inLanguage":"de","@id":"https:\/\/demistrecords.nl\/#\/schema\/logo\/image\/","url":"https:\/\/demistrecords.nl\/wp-content\/uploads\/2020\/12\/logo-de-mist-records-rond.png","contentUrl":"https:\/\/demistrecords.nl\/wp-content\/uploads\/2020\/12\/logo-de-mist-records-rond.png","width":500,"height":500,"caption":"De Mist Records"},"image":{"@id":"https:\/\/demistrecords.nl\/#\/schema\/logo\/image\/"},"sameAs":["https:\/\/www.facebook.com\/demistrecordsnl","https:\/\/x.com\/deathroo1","https:\/\/www.instagram.com\/demist_records\/"]}]}},"_links":{"self":[{"href":"https:\/\/demistrecords.nl\/de\/wp-json\/wp\/v2\/product\/381","targetHints":{"allow":["GET"]}}],"collection":[{"href":"https:\/\/demistrecords.nl\/de\/wp-json\/wp\/v2\/product"}],"about":[{"href":"https:\/\/demistrecords.nl\/de\/wp-json\/wp\/v2\/types\/product"}],"replies":[{"embeddable":true,"href":"https:\/\/demistrecords.nl\/de\/wp-json\/wp\/v2\/comments?post=381"}],"wp:featuredmedia":[{"embeddable":true,"href":"https:\/\/demistrecords.nl\/de\/wp-json\/wp\/v2\/media\/383"}],"wp:attachment":[{"href":"https:\/\/demistrecords.nl\/de\/wp-json\/wp\/v2\/media?parent=381"}],"wp:term":[{"taxonomy":"product_brand","embeddable":true,"href":"https:\/\/demistrecords.nl\/de\/wp-json\/wp\/v2\/product_brand?post=381"},{"taxonomy":"product_cat","embeddable":true,"href":"https:\/\/demistrecords.nl\/de\/wp-json\/wp\/v2\/product_cat?post=381"},{"taxonomy":"product_tag","embeddable":true,"href":"https:\/\/demistrecords.nl\/de\/wp-json\/wp\/v2\/product_tag?post=381"}],"curies":[{"name":"wp","href":"https:\/\/api.w.org\/{rel}","templated":true}]}}