{"id":388,"date":"2021-02-05T13:34:36","date_gmt":"2021-02-05T12:34:36","guid":{"rendered":"https:\/\/demistrecords.nl\/?post_type=product&#038;p=388"},"modified":"2022-09-06T15:17:22","modified_gmt":"2022-09-06T13:17:22","slug":"glerakur-the-mountains-are-beautiful-now","status":"publish","type":"product","link":"https:\/\/demistrecords.nl\/de\/produkt\/glerakur-the-mountains-are-beautiful-now\/","title":{"rendered":"GlerAkur &#8211; The Mountains Are Beautiful Now"},"content":{"rendered":"<p><iframe style=\"border: 0; width: 100%; height: 42px;\" src=\"https:\/\/bandcamp.com\/EmbeddedPlayer\/album=2262369783\/size=small\/bgcol=333333\/linkcol=0f91ff\/transparent=true\/\" seamless=\"\"><a href=\"https:\/\/glerakur.bandcamp.com\/album\/the-mountains-are-beautiful-now\">The Mountains Are Beautiful Now by GlerAkur<\/a><\/iframe><\/p>","protected":false},"excerpt":{"rendered":"<p>GlerAkur ist die Idee des Isl\u00e4nders Elvar Geir S\u00e6varsson. The Mountains Are Beautiful Now wurde im Keller des isl\u00e4ndischen Nationalheaters mit 4 Gitarristen, zwei Schlagzeugern und einem Bassisten aufgenommen. Rolling Stone beschrieb die Musik als eine perfekte Mischung zwischen Metallica und Pink Floyd. Bombastische, hypnotische Trommeln treiben die Gitarren an und ziehen die Musik langsam aber stetig in die L\u00e4nge. Dieses Album enth\u00e4lt f\u00fcnf lange, atmosph\u00e4rische Soundtracks, die sorgf\u00e4ltig in Schichten aufgebaut sind. Infolgedessen entdeckt man mit jeder Runde etwas Neues.<\/p>","protected":false},"featured_media":389,"comment_status":"closed","ping_status":"closed","template":"","meta":[],"product_brand":[],"product_cat":[15],"product_tag":[31,26,28,37],"class_list":{"0":"post-388","1":"product","2":"type-product","3":"status-publish","4":"has-post-thumbnail","6":"product_cat-vinyl-12-lp","7":"product_tag-ambient","8":"product_tag-post-metal","9":"product_tag-post-rock","10":"product_tag-shoegaze","12":"first","13":"outofstock","14":"taxable","15":"shipping-taxable","16":"purchasable","17":"product-type-simple"},"bundled_by":[],"bundle_stock_status":"outofstock","bundle_stock_quantity":0,"bundle_virtual":false,"bundle_layout":"","bundle_add_to_cart_form_location":"","bundle_editable_in_cart":false,"bundle_sold_individually_context":"","bundle_item_grouping":"","bundle_min_size":"","bundle_max_size":"","bundle_price":[],"bundled_items":[],"bundle_sell_ids":[],"yoast_head":"<!-- This site is optimized with the Yoast SEO plugin v27.3 - https:\/\/yoast.com\/product\/yoast-seo-wordpress\/ -->\n<title>GlerAkur - The Mountains Are Beautiful Now<\/title>\n<meta name=\"description\" content=\"GlerAkur is het geesteskind van de IJslander Elvar Geir S\u00e6varsson. The Mountains Are Beautiful Now is opgenomen in de kelders van het IJslandse nationale theater met 4 gitaristen, twee drummers en een bassist. Rolling Stone omschreef de muziek als een volmaakte mix tussen Metallica en Pink Floyd. Bombastische, hypnotiserende drums stuwen de gitaren op en slepen de muziek langzaam maar gestaag voort. Dit album omvat vijf lange sfeervol uitgesponnen soundtracks, die zorgvuldig in lagen opgebouwd zijn. Daardoor ontdek je bij elke draaibeurt weer iets nieuws.\" \/>\n<meta name=\"robots\" content=\"index, follow, max-snippet:-1, max-image-preview:large, max-video-preview:-1\" \/>\n<link rel=\"canonical\" href=\"https:\/\/demistrecords.nl\/de\/produkt\/glerakur-the-mountains-are-beautiful-now\/\" \/>\n<meta property=\"og:locale\" content=\"de_DE\" \/>\n<meta property=\"og:type\" content=\"article\" \/>\n<meta property=\"og:title\" content=\"GlerAkur - The Mountains Are Beautiful Now\" \/>\n<meta property=\"og:description\" content=\"GlerAkur is het geesteskind van de IJslander Elvar Geir S\u00e6varsson. The Mountains Are Beautiful Now is opgenomen in de kelders van het IJslandse nationale theater met 4 gitaristen, twee drummers en een bassist. Rolling Stone omschreef de muziek als een volmaakte mix tussen Metallica en Pink Floyd. Bombastische, hypnotiserende drums stuwen de gitaren op en slepen de muziek langzaam maar gestaag voort. Dit album omvat vijf lange sfeervol uitgesponnen soundtracks, die zorgvuldig in lagen opgebouwd zijn. Daardoor ontdek je bij elke draaibeurt weer iets nieuws.\" \/>\n<meta property=\"og:url\" content=\"https:\/\/demistrecords.nl\/de\/produkt\/glerakur-the-mountains-are-beautiful-now\/\" \/>\n<meta property=\"og:site_name\" content=\"De Mist Records\" \/>\n<meta property=\"article:publisher\" content=\"https:\/\/www.facebook.com\/demistrecordsnl\" \/>\n<meta property=\"article:modified_time\" content=\"2022-09-06T13:17:22+00:00\" \/>\n<meta property=\"og:image\" content=\"https:\/\/demistrecords.nl\/wp-content\/uploads\/2021\/02\/GlerAkur-The-mountains-are-beautiful-now.jpg\" \/>\n\t<meta property=\"og:image:width\" content=\"2120\" \/>\n\t<meta property=\"og:image:height\" content=\"2120\" \/>\n\t<meta property=\"og:image:type\" content=\"image\/jpeg\" \/>\n<meta name=\"twitter:card\" content=\"summary_large_image\" \/>\n<meta name=\"twitter:site\" content=\"@deathroo1\" \/>\n<meta name=\"twitter:label1\" content=\"Gesch\u00e4tzte Lesezeit\" \/>\n\t<meta name=\"twitter:data1\" content=\"1\u00a0Minute\" \/>\n<script type=\"application\/ld+json\" class=\"yoast-schema-graph\">{\"@context\":\"https:\\\/\\\/schema.org\",\"@graph\":[{\"@type\":[\"WebPage\",\"ItemPage\"],\"@id\":\"https:\\\/\\\/demistrecords.nl\\\/en\\\/product\\\/glerakur-the-mountains-are-beautiful-now\\\/\",\"url\":\"https:\\\/\\\/demistrecords.nl\\\/en\\\/product\\\/glerakur-the-mountains-are-beautiful-now\\\/\",\"name\":\"GlerAkur - The Mountains Are Beautiful Now\",\"isPartOf\":{\"@id\":\"https:\\\/\\\/demistrecords.nl\\\/#website\"},\"primaryImageOfPage\":{\"@id\":\"https:\\\/\\\/demistrecords.nl\\\/en\\\/product\\\/glerakur-the-mountains-are-beautiful-now\\\/#primaryimage\"},\"image\":{\"@id\":\"https:\\\/\\\/demistrecords.nl\\\/en\\\/product\\\/glerakur-the-mountains-are-beautiful-now\\\/#primaryimage\"},\"thumbnailUrl\":\"https:\\\/\\\/demistrecords.nl\\\/wp-content\\\/uploads\\\/2021\\\/02\\\/GlerAkur-The-mountains-are-beautiful-now.jpg\",\"datePublished\":\"2021-02-05T12:34:36+00:00\",\"dateModified\":\"2022-09-06T13:17:22+00:00\",\"description\":\"GlerAkur is het geesteskind van de IJslander Elvar Geir S\u00e6varsson. The Mountains Are Beautiful Now is opgenomen in de kelders van het IJslandse nationale theater met 4 gitaristen, twee drummers en een bassist. Rolling Stone omschreef de muziek als een volmaakte mix tussen Metallica en Pink Floyd. Bombastische, hypnotiserende drums stuwen de gitaren op en slepen de muziek langzaam maar gestaag voort. Dit album omvat vijf lange sfeervol uitgesponnen soundtracks, die zorgvuldig in lagen opgebouwd zijn. Daardoor ontdek je bij elke draaibeurt weer iets nieuws.\",\"breadcrumb\":{\"@id\":\"https:\\\/\\\/demistrecords.nl\\\/en\\\/product\\\/glerakur-the-mountains-are-beautiful-now\\\/#breadcrumb\"},\"inLanguage\":\"de\",\"potentialAction\":[{\"@type\":\"ReadAction\",\"target\":[\"https:\\\/\\\/demistrecords.nl\\\/en\\\/product\\\/glerakur-the-mountains-are-beautiful-now\\\/\"]}]},{\"@type\":\"ImageObject\",\"inLanguage\":\"de\",\"@id\":\"https:\\\/\\\/demistrecords.nl\\\/en\\\/product\\\/glerakur-the-mountains-are-beautiful-now\\\/#primaryimage\",\"url\":\"https:\\\/\\\/demistrecords.nl\\\/wp-content\\\/uploads\\\/2021\\\/02\\\/GlerAkur-The-mountains-are-beautiful-now.jpg\",\"contentUrl\":\"https:\\\/\\\/demistrecords.nl\\\/wp-content\\\/uploads\\\/2021\\\/02\\\/GlerAkur-The-mountains-are-beautiful-now.jpg\",\"width\":2120,\"height\":2120},{\"@type\":\"BreadcrumbList\",\"@id\":\"https:\\\/\\\/demistrecords.nl\\\/en\\\/product\\\/glerakur-the-mountains-are-beautiful-now\\\/#breadcrumb\",\"itemListElement\":[{\"@type\":\"ListItem\",\"position\":1,\"name\":\"Home\",\"item\":\"https:\\\/\\\/demistrecords.nl\\\/\"},{\"@type\":\"ListItem\",\"position\":2,\"name\":\"Shop\",\"item\":\"https:\\\/\\\/demistrecords.nl\\\/shop\\\/\"},{\"@type\":\"ListItem\",\"position\":3,\"name\":\"GlerAkur &#8211; The Mountains Are Beautiful Now\"}]},{\"@type\":\"WebSite\",\"@id\":\"https:\\\/\\\/demistrecords.nl\\\/#website\",\"url\":\"https:\\\/\\\/demistrecords.nl\\\/\",\"name\":\"De Mist Records\",\"description\":\"Post-rock and related music\",\"publisher\":{\"@id\":\"https:\\\/\\\/demistrecords.nl\\\/#organization\"},\"potentialAction\":[{\"@type\":\"SearchAction\",\"target\":{\"@type\":\"EntryPoint\",\"urlTemplate\":\"https:\\\/\\\/demistrecords.nl\\\/?s={search_term_string}\"},\"query-input\":{\"@type\":\"PropertyValueSpecification\",\"valueRequired\":true,\"valueName\":\"search_term_string\"}}],\"inLanguage\":\"de\"},{\"@type\":\"Organization\",\"@id\":\"https:\\\/\\\/demistrecords.nl\\\/#organization\",\"name\":\"De Mist Records\",\"url\":\"https:\\\/\\\/demistrecords.nl\\\/\",\"logo\":{\"@type\":\"ImageObject\",\"inLanguage\":\"de\",\"@id\":\"https:\\\/\\\/demistrecords.nl\\\/#\\\/schema\\\/logo\\\/image\\\/\",\"url\":\"https:\\\/\\\/demistrecords.nl\\\/wp-content\\\/uploads\\\/2020\\\/12\\\/logo-de-mist-records-rond.png\",\"contentUrl\":\"https:\\\/\\\/demistrecords.nl\\\/wp-content\\\/uploads\\\/2020\\\/12\\\/logo-de-mist-records-rond.png\",\"width\":500,\"height\":500,\"caption\":\"De Mist Records\"},\"image\":{\"@id\":\"https:\\\/\\\/demistrecords.nl\\\/#\\\/schema\\\/logo\\\/image\\\/\"},\"sameAs\":[\"https:\\\/\\\/www.facebook.com\\\/demistrecordsnl\",\"https:\\\/\\\/x.com\\\/deathroo1\",\"https:\\\/\\\/www.instagram.com\\\/demist_records\\\/\"]}]}<\/script>\n<!-- \/ Yoast SEO plugin. -->","yoast_head_json":{"title":"GlerAkur - The Mountains Are Beautiful Now","description":"GlerAkur ist die Idee des Isl\u00e4nders Elvar Geir S\u00e6varsson. The Mountains Are Beautiful Now wurde im Keller des isl\u00e4ndischen Nationalheaters mit 4 Gitarristen, zwei Schlagzeugern und einem Bassisten aufgenommen. Rolling Stone beschrieb die Musik als eine perfekte Mischung zwischen Metallica und Pink Floyd. Bombastische, hypnotische Trommeln treiben die Gitarren an und ziehen die Musik langsam aber stetig in die L\u00e4nge. Dieses Album enth\u00e4lt f\u00fcnf lange, atmosph\u00e4rische Soundtracks, die sorgf\u00e4ltig in Schichten aufgebaut sind. Infolgedessen entdeckt man mit jeder Runde etwas Neues.","robots":{"index":"index","follow":"follow","max-snippet":"max-snippet:-1","max-image-preview":"max-image-preview:large","max-video-preview":"max-video-preview:-1"},"canonical":"https:\/\/demistrecords.nl\/de\/produkt\/glerakur-the-mountains-are-beautiful-now\/","og_locale":"de_DE","og_type":"article","og_title":"GlerAkur - The Mountains Are Beautiful Now","og_description":"GlerAkur is het geesteskind van de IJslander Elvar Geir S\u00e6varsson. The Mountains Are Beautiful Now is opgenomen in de kelders van het IJslandse nationale theater met 4 gitaristen, twee drummers en een bassist. Rolling Stone omschreef de muziek als een volmaakte mix tussen Metallica en Pink Floyd. Bombastische, hypnotiserende drums stuwen de gitaren op en slepen de muziek langzaam maar gestaag voort. Dit album omvat vijf lange sfeervol uitgesponnen soundtracks, die zorgvuldig in lagen opgebouwd zijn. Daardoor ontdek je bij elke draaibeurt weer iets nieuws.","og_url":"https:\/\/demistrecords.nl\/de\/produkt\/glerakur-the-mountains-are-beautiful-now\/","og_site_name":"De Mist Records","article_publisher":"https:\/\/www.facebook.com\/demistrecordsnl","article_modified_time":"2022-09-06T13:17:22+00:00","og_image":[{"width":2120,"height":2120,"url":"https:\/\/demistrecords.nl\/wp-content\/uploads\/2021\/02\/GlerAkur-The-mountains-are-beautiful-now.jpg","type":"image\/jpeg"}],"twitter_card":"summary_large_image","twitter_site":"@deathroo1","twitter_misc":{"Gesch\u00e4tzte Lesezeit":"1\u00a0Minute"},"schema":{"@context":"https:\/\/schema.org","@graph":[{"@type":["WebPage","ItemPage"],"@id":"https:\/\/demistrecords.nl\/en\/product\/glerakur-the-mountains-are-beautiful-now\/","url":"https:\/\/demistrecords.nl\/en\/product\/glerakur-the-mountains-are-beautiful-now\/","name":"GlerAkur - The Mountains Are Beautiful Now","isPartOf":{"@id":"https:\/\/demistrecords.nl\/#website"},"primaryImageOfPage":{"@id":"https:\/\/demistrecords.nl\/en\/product\/glerakur-the-mountains-are-beautiful-now\/#primaryimage"},"image":{"@id":"https:\/\/demistrecords.nl\/en\/product\/glerakur-the-mountains-are-beautiful-now\/#primaryimage"},"thumbnailUrl":"https:\/\/demistrecords.nl\/wp-content\/uploads\/2021\/02\/GlerAkur-The-mountains-are-beautiful-now.jpg","datePublished":"2021-02-05T12:34:36+00:00","dateModified":"2022-09-06T13:17:22+00:00","description":"GlerAkur ist die Idee des Isl\u00e4nders Elvar Geir S\u00e6varsson. The Mountains Are Beautiful Now wurde im Keller des isl\u00e4ndischen Nationalheaters mit 4 Gitarristen, zwei Schlagzeugern und einem Bassisten aufgenommen. Rolling Stone beschrieb die Musik als eine perfekte Mischung zwischen Metallica und Pink Floyd. Bombastische, hypnotische Trommeln treiben die Gitarren an und ziehen die Musik langsam aber stetig in die L\u00e4nge. Dieses Album enth\u00e4lt f\u00fcnf lange, atmosph\u00e4rische Soundtracks, die sorgf\u00e4ltig in Schichten aufgebaut sind. Infolgedessen entdeckt man mit jeder Runde etwas Neues.","breadcrumb":{"@id":"https:\/\/demistrecords.nl\/en\/product\/glerakur-the-mountains-are-beautiful-now\/#breadcrumb"},"inLanguage":"de","potentialAction":[{"@type":"ReadAction","target":["https:\/\/demistrecords.nl\/en\/product\/glerakur-the-mountains-are-beautiful-now\/"]}]},{"@type":"ImageObject","inLanguage":"de","@id":"https:\/\/demistrecords.nl\/en\/product\/glerakur-the-mountains-are-beautiful-now\/#primaryimage","url":"https:\/\/demistrecords.nl\/wp-content\/uploads\/2021\/02\/GlerAkur-The-mountains-are-beautiful-now.jpg","contentUrl":"https:\/\/demistrecords.nl\/wp-content\/uploads\/2021\/02\/GlerAkur-The-mountains-are-beautiful-now.jpg","width":2120,"height":2120},{"@type":"BreadcrumbList","@id":"https:\/\/demistrecords.nl\/en\/product\/glerakur-the-mountains-are-beautiful-now\/#breadcrumb","itemListElement":[{"@type":"ListItem","position":1,"name":"Home","item":"https:\/\/demistrecords.nl\/"},{"@type":"ListItem","position":2,"name":"Shop","item":"https:\/\/demistrecords.nl\/shop\/"},{"@type":"ListItem","position":3,"name":"GlerAkur &#8211; The Mountains Are Beautiful Now"}]},{"@type":"WebSite","@id":"https:\/\/demistrecords.nl\/#website","url":"https:\/\/demistrecords.nl\/","name":"De Mist Records","description":"Post-rock and related music","publisher":{"@id":"https:\/\/demistrecords.nl\/#organization"},"potentialAction":[{"@type":"SearchAction","target":{"@type":"EntryPoint","urlTemplate":"https:\/\/demistrecords.nl\/?s={search_term_string}"},"query-input":{"@type":"PropertyValueSpecification","valueRequired":true,"valueName":"search_term_string"}}],"inLanguage":"de"},{"@type":"Organization","@id":"https:\/\/demistrecords.nl\/#organization","name":"De Mist Records","url":"https:\/\/demistrecords.nl\/","logo":{"@type":"ImageObject","inLanguage":"de","@id":"https:\/\/demistrecords.nl\/#\/schema\/logo\/image\/","url":"https:\/\/demistrecords.nl\/wp-content\/uploads\/2020\/12\/logo-de-mist-records-rond.png","contentUrl":"https:\/\/demistrecords.nl\/wp-content\/uploads\/2020\/12\/logo-de-mist-records-rond.png","width":500,"height":500,"caption":"De Mist Records"},"image":{"@id":"https:\/\/demistrecords.nl\/#\/schema\/logo\/image\/"},"sameAs":["https:\/\/www.facebook.com\/demistrecordsnl","https:\/\/x.com\/deathroo1","https:\/\/www.instagram.com\/demist_records\/"]}]}},"_links":{"self":[{"href":"https:\/\/demistrecords.nl\/de\/wp-json\/wp\/v2\/product\/388","targetHints":{"allow":["GET"]}}],"collection":[{"href":"https:\/\/demistrecords.nl\/de\/wp-json\/wp\/v2\/product"}],"about":[{"href":"https:\/\/demistrecords.nl\/de\/wp-json\/wp\/v2\/types\/product"}],"replies":[{"embeddable":true,"href":"https:\/\/demistrecords.nl\/de\/wp-json\/wp\/v2\/comments?post=388"}],"wp:featuredmedia":[{"embeddable":true,"href":"https:\/\/demistrecords.nl\/de\/wp-json\/wp\/v2\/media\/389"}],"wp:attachment":[{"href":"https:\/\/demistrecords.nl\/de\/wp-json\/wp\/v2\/media?parent=388"}],"wp:term":[{"taxonomy":"product_brand","embeddable":true,"href":"https:\/\/demistrecords.nl\/de\/wp-json\/wp\/v2\/product_brand?post=388"},{"taxonomy":"product_cat","embeddable":true,"href":"https:\/\/demistrecords.nl\/de\/wp-json\/wp\/v2\/product_cat?post=388"},{"taxonomy":"product_tag","embeddable":true,"href":"https:\/\/demistrecords.nl\/de\/wp-json\/wp\/v2\/product_tag?post=388"}],"curies":[{"name":"wp","href":"https:\/\/api.w.org\/{rel}","templated":true}]}}