{"id":396,"date":"2021-02-10T14:51:16","date_gmt":"2021-02-10T13:51:16","guid":{"rendered":"https:\/\/demistrecords.nl\/?post_type=product&#038;p=396"},"modified":"2022-07-09T17:57:27","modified_gmt":"2022-07-09T15:57:27","slug":"all-shall-be-well-zwartgroen","status":"publish","type":"product","link":"https:\/\/demistrecords.nl\/de\/produkt\/all-shall-be-well-zwartgroen\/","title":{"rendered":"All Shall Be Well &#8211; Zwartgroen"},"content":{"rendered":"<p><iframe style=\"border: 0; width: 100%; height: 42px;\" src=\"https:\/\/bandcamp.com\/EmbeddedPlayer\/album=4231567902\/size=small\/bgcol=333333\/linkcol=0f91ff\/transparent=true\/\" seamless=\"\"><a href=\"https:\/\/allshallbewell.bandcamp.com\/album\/zwartgroen\">ZWARTGROEN by All shall be well (and all shall be well and all manner of things shall be well)<\/a><\/iframe><\/p>\n<p>Diese eigenwillige Band aus Haarlem kreiert ihre eigene Welt innerhalb des Genres, weil sie sich nicht an Stilregeln halten. Und deshalb liebst oder hasst du sie nat\u00fcrlich. Zumindest bei Zwartgroen brechen sie nicht mit ihrer eigenen Tradition: Sie kombinieren zwei Farben als Albumtitel. Aufgrund der komplexen Struktur der Songs ist das Album nur schwer zu beschreiben. Oder um mit einem Track-Titel \u00fcber Zwartgroen zu sprechen: Eines Tages werde ich die richtigen Worte finden und sie werden einfach sein. Ich glaube, ich kenne dieses einfache Wort schon: s\u00fcchtig.<\/p>","protected":false},"excerpt":{"rendered":"<p>Diese Band stammt aus Haarlem und operiert offiziell unter dem vollen Namen All shall be well (and all shall be well and all manner of things shall be well) und macht filmischen Post-Rock. Zwartgroen (Schwarzgr\u00fcn) ist das dritte Album der Band in voller L\u00e4nge und wurde im Februar 2020 ver\u00f6ffentlicht und kommt auf limitiertem 180 Gramm gr\u00fcnem Vinyl.<\/p>","protected":false},"featured_media":397,"comment_status":"closed","ping_status":"closed","template":"","meta":[],"product_brand":[],"product_cat":[15],"product_tag":[28],"class_list":{"0":"post-396","1":"product","2":"type-product","3":"status-publish","4":"has-post-thumbnail","6":"product_cat-vinyl-12-lp","7":"product_tag-post-rock","9":"first","10":"outofstock","11":"taxable","12":"shipping-taxable","13":"purchasable","14":"product-type-simple"},"yoast_head":"<!-- This site is optimized with the Yoast SEO plugin v27.3 - https:\/\/yoast.com\/product\/yoast-seo-wordpress\/ -->\n<title>All Shall Be Well - Zwartgroen<\/title>\n<meta name=\"description\" content=\"Deze band is afkomstig uit Haarlem en officieel opererend onder de volledige naam All shall be well (and all shall be well and all manner of things shall be well) en maken cinematic postrock. Zwartgroen is het derde volledige album van de band en verscheen in februari 2020. Zwartgroen wordt geleverd op gelimiteerd 180grams groen vinyl.\" \/>\n<meta name=\"robots\" content=\"index, follow, max-snippet:-1, max-image-preview:large, max-video-preview:-1\" \/>\n<link rel=\"canonical\" href=\"https:\/\/demistrecords.nl\/de\/produkt\/all-shall-be-well-zwartgroen\/\" \/>\n<meta property=\"og:locale\" content=\"de_DE\" \/>\n<meta property=\"og:type\" content=\"article\" \/>\n<meta property=\"og:title\" content=\"All Shall Be Well - Zwartgroen\" \/>\n<meta property=\"og:description\" content=\"Deze band is afkomstig uit Haarlem en officieel opererend onder de volledige naam All shall be well (and all shall be well and all manner of things shall be well) en maken cinematic postrock. Zwartgroen is het derde volledige album van de band en verscheen in februari 2020. Zwartgroen wordt geleverd op gelimiteerd 180grams groen vinyl.\" \/>\n<meta property=\"og:url\" content=\"https:\/\/demistrecords.nl\/de\/produkt\/all-shall-be-well-zwartgroen\/\" \/>\n<meta property=\"og:site_name\" content=\"De Mist Records\" \/>\n<meta property=\"article:publisher\" content=\"https:\/\/www.facebook.com\/demistrecordsnl\" \/>\n<meta property=\"article:modified_time\" content=\"2022-07-09T15:57:27+00:00\" \/>\n<meta property=\"og:image\" content=\"https:\/\/demistrecords.nl\/wp-content\/uploads\/2021\/02\/All-Shall-Be-Well-Zwartgroen.jpg\" \/>\n\t<meta property=\"og:image:width\" content=\"2120\" \/>\n\t<meta property=\"og:image:height\" content=\"2120\" \/>\n\t<meta property=\"og:image:type\" content=\"image\/jpeg\" \/>\n<meta name=\"twitter:card\" content=\"summary_large_image\" \/>\n<meta name=\"twitter:site\" content=\"@deathroo1\" \/>\n<meta name=\"twitter:label1\" content=\"Gesch\u00e4tzte Lesezeit\" \/>\n\t<meta name=\"twitter:data1\" content=\"1\u00a0Minute\" \/>\n<script type=\"application\/ld+json\" class=\"yoast-schema-graph\">{\"@context\":\"https:\\\/\\\/schema.org\",\"@graph\":[{\"@type\":[\"WebPage\",\"ItemPage\"],\"@id\":\"https:\\\/\\\/demistrecords.nl\\\/product\\\/all-shall-be-well-zwartgroen\\\/\",\"url\":\"https:\\\/\\\/demistrecords.nl\\\/product\\\/all-shall-be-well-zwartgroen\\\/\",\"name\":\"All Shall Be Well - Zwartgroen\",\"isPartOf\":{\"@id\":\"https:\\\/\\\/demistrecords.nl\\\/#website\"},\"primaryImageOfPage\":{\"@id\":\"https:\\\/\\\/demistrecords.nl\\\/product\\\/all-shall-be-well-zwartgroen\\\/#primaryimage\"},\"image\":{\"@id\":\"https:\\\/\\\/demistrecords.nl\\\/product\\\/all-shall-be-well-zwartgroen\\\/#primaryimage\"},\"thumbnailUrl\":\"https:\\\/\\\/demistrecords.nl\\\/wp-content\\\/uploads\\\/2021\\\/02\\\/All-Shall-Be-Well-Zwartgroen.jpg\",\"datePublished\":\"2021-02-10T13:51:16+00:00\",\"dateModified\":\"2022-07-09T15:57:27+00:00\",\"description\":\"Deze band is afkomstig uit Haarlem en officieel opererend onder de volledige naam All shall be well (and all shall be well and all manner of things shall be well) en maken cinematic postrock. Zwartgroen is het derde volledige album van de band en verscheen in februari 2020. Zwartgroen wordt geleverd op gelimiteerd 180grams groen vinyl.\",\"breadcrumb\":{\"@id\":\"https:\\\/\\\/demistrecords.nl\\\/product\\\/all-shall-be-well-zwartgroen\\\/#breadcrumb\"},\"inLanguage\":\"de\",\"potentialAction\":[{\"@type\":\"ReadAction\",\"target\":[\"https:\\\/\\\/demistrecords.nl\\\/product\\\/all-shall-be-well-zwartgroen\\\/\"]}]},{\"@type\":\"ImageObject\",\"inLanguage\":\"de\",\"@id\":\"https:\\\/\\\/demistrecords.nl\\\/product\\\/all-shall-be-well-zwartgroen\\\/#primaryimage\",\"url\":\"https:\\\/\\\/demistrecords.nl\\\/wp-content\\\/uploads\\\/2021\\\/02\\\/All-Shall-Be-Well-Zwartgroen.jpg\",\"contentUrl\":\"https:\\\/\\\/demistrecords.nl\\\/wp-content\\\/uploads\\\/2021\\\/02\\\/All-Shall-Be-Well-Zwartgroen.jpg\",\"width\":2120,\"height\":2120},{\"@type\":\"BreadcrumbList\",\"@id\":\"https:\\\/\\\/demistrecords.nl\\\/product\\\/all-shall-be-well-zwartgroen\\\/#breadcrumb\",\"itemListElement\":[{\"@type\":\"ListItem\",\"position\":1,\"name\":\"Home\",\"item\":\"https:\\\/\\\/demistrecords.nl\\\/\"},{\"@type\":\"ListItem\",\"position\":2,\"name\":\"Shop\",\"item\":\"https:\\\/\\\/demistrecords.nl\\\/shop\\\/\"},{\"@type\":\"ListItem\",\"position\":3,\"name\":\"All Shall Be Well &#8211; Zwartgroen\"}]},{\"@type\":\"WebSite\",\"@id\":\"https:\\\/\\\/demistrecords.nl\\\/#website\",\"url\":\"https:\\\/\\\/demistrecords.nl\\\/\",\"name\":\"De Mist Records\",\"description\":\"Post-rock and related music\",\"publisher\":{\"@id\":\"https:\\\/\\\/demistrecords.nl\\\/#organization\"},\"potentialAction\":[{\"@type\":\"SearchAction\",\"target\":{\"@type\":\"EntryPoint\",\"urlTemplate\":\"https:\\\/\\\/demistrecords.nl\\\/?s={search_term_string}\"},\"query-input\":{\"@type\":\"PropertyValueSpecification\",\"valueRequired\":true,\"valueName\":\"search_term_string\"}}],\"inLanguage\":\"de\"},{\"@type\":\"Organization\",\"@id\":\"https:\\\/\\\/demistrecords.nl\\\/#organization\",\"name\":\"De Mist Records\",\"url\":\"https:\\\/\\\/demistrecords.nl\\\/\",\"logo\":{\"@type\":\"ImageObject\",\"inLanguage\":\"de\",\"@id\":\"https:\\\/\\\/demistrecords.nl\\\/#\\\/schema\\\/logo\\\/image\\\/\",\"url\":\"https:\\\/\\\/demistrecords.nl\\\/wp-content\\\/uploads\\\/2020\\\/12\\\/logo-de-mist-records-rond.png\",\"contentUrl\":\"https:\\\/\\\/demistrecords.nl\\\/wp-content\\\/uploads\\\/2020\\\/12\\\/logo-de-mist-records-rond.png\",\"width\":500,\"height\":500,\"caption\":\"De Mist Records\"},\"image\":{\"@id\":\"https:\\\/\\\/demistrecords.nl\\\/#\\\/schema\\\/logo\\\/image\\\/\"},\"sameAs\":[\"https:\\\/\\\/www.facebook.com\\\/demistrecordsnl\",\"https:\\\/\\\/x.com\\\/deathroo1\",\"https:\\\/\\\/www.instagram.com\\\/demist_records\\\/\"]}]}<\/script>\n<!-- \/ Yoast SEO plugin. -->","yoast_head_json":{"title":"All Shall Be Well - Zwartgroen","description":"Diese Band stammt aus Haarlem und operiert offiziell unter dem vollen Namen All shall be well (and all shall be well and all manner of things shall be well) und macht filmischen Post-Rock. Zwartgroen (Schwarzgr\u00fcn) ist das dritte Album der Band in voller L\u00e4nge und wurde im Februar 2020 ver\u00f6ffentlicht und kommt auf limitiertem 180 Gramm gr\u00fcnem Vinyl.","robots":{"index":"index","follow":"follow","max-snippet":"max-snippet:-1","max-image-preview":"max-image-preview:large","max-video-preview":"max-video-preview:-1"},"canonical":"https:\/\/demistrecords.nl\/de\/produkt\/all-shall-be-well-zwartgroen\/","og_locale":"de_DE","og_type":"article","og_title":"All Shall Be Well - Zwartgroen","og_description":"Deze band is afkomstig uit Haarlem en officieel opererend onder de volledige naam All shall be well (and all shall be well and all manner of things shall be well) en maken cinematic postrock. Zwartgroen is het derde volledige album van de band en verscheen in februari 2020. Zwartgroen wordt geleverd op gelimiteerd 180grams groen vinyl.","og_url":"https:\/\/demistrecords.nl\/de\/produkt\/all-shall-be-well-zwartgroen\/","og_site_name":"De Mist Records","article_publisher":"https:\/\/www.facebook.com\/demistrecordsnl","article_modified_time":"2022-07-09T15:57:27+00:00","og_image":[{"width":2120,"height":2120,"url":"https:\/\/demistrecords.nl\/wp-content\/uploads\/2021\/02\/All-Shall-Be-Well-Zwartgroen.jpg","type":"image\/jpeg"}],"twitter_card":"summary_large_image","twitter_site":"@deathroo1","twitter_misc":{"Gesch\u00e4tzte Lesezeit":"1\u00a0Minute"},"schema":{"@context":"https:\/\/schema.org","@graph":[{"@type":["WebPage","ItemPage"],"@id":"https:\/\/demistrecords.nl\/product\/all-shall-be-well-zwartgroen\/","url":"https:\/\/demistrecords.nl\/product\/all-shall-be-well-zwartgroen\/","name":"All Shall Be Well - Zwartgroen","isPartOf":{"@id":"https:\/\/demistrecords.nl\/#website"},"primaryImageOfPage":{"@id":"https:\/\/demistrecords.nl\/product\/all-shall-be-well-zwartgroen\/#primaryimage"},"image":{"@id":"https:\/\/demistrecords.nl\/product\/all-shall-be-well-zwartgroen\/#primaryimage"},"thumbnailUrl":"https:\/\/demistrecords.nl\/wp-content\/uploads\/2021\/02\/All-Shall-Be-Well-Zwartgroen.jpg","datePublished":"2021-02-10T13:51:16+00:00","dateModified":"2022-07-09T15:57:27+00:00","description":"Diese Band stammt aus Haarlem und operiert offiziell unter dem vollen Namen All shall be well (and all shall be well and all manner of things shall be well) und macht filmischen Post-Rock. Zwartgroen (Schwarzgr\u00fcn) ist das dritte Album der Band in voller L\u00e4nge und wurde im Februar 2020 ver\u00f6ffentlicht und kommt auf limitiertem 180 Gramm gr\u00fcnem Vinyl.","breadcrumb":{"@id":"https:\/\/demistrecords.nl\/product\/all-shall-be-well-zwartgroen\/#breadcrumb"},"inLanguage":"de","potentialAction":[{"@type":"ReadAction","target":["https:\/\/demistrecords.nl\/product\/all-shall-be-well-zwartgroen\/"]}]},{"@type":"ImageObject","inLanguage":"de","@id":"https:\/\/demistrecords.nl\/product\/all-shall-be-well-zwartgroen\/#primaryimage","url":"https:\/\/demistrecords.nl\/wp-content\/uploads\/2021\/02\/All-Shall-Be-Well-Zwartgroen.jpg","contentUrl":"https:\/\/demistrecords.nl\/wp-content\/uploads\/2021\/02\/All-Shall-Be-Well-Zwartgroen.jpg","width":2120,"height":2120},{"@type":"BreadcrumbList","@id":"https:\/\/demistrecords.nl\/product\/all-shall-be-well-zwartgroen\/#breadcrumb","itemListElement":[{"@type":"ListItem","position":1,"name":"Home","item":"https:\/\/demistrecords.nl\/"},{"@type":"ListItem","position":2,"name":"Shop","item":"https:\/\/demistrecords.nl\/shop\/"},{"@type":"ListItem","position":3,"name":"All Shall Be Well &#8211; Zwartgroen"}]},{"@type":"WebSite","@id":"https:\/\/demistrecords.nl\/#website","url":"https:\/\/demistrecords.nl\/","name":"De Mist Records","description":"Post-rock and related music","publisher":{"@id":"https:\/\/demistrecords.nl\/#organization"},"potentialAction":[{"@type":"SearchAction","target":{"@type":"EntryPoint","urlTemplate":"https:\/\/demistrecords.nl\/?s={search_term_string}"},"query-input":{"@type":"PropertyValueSpecification","valueRequired":true,"valueName":"search_term_string"}}],"inLanguage":"de"},{"@type":"Organization","@id":"https:\/\/demistrecords.nl\/#organization","name":"De Mist Records","url":"https:\/\/demistrecords.nl\/","logo":{"@type":"ImageObject","inLanguage":"de","@id":"https:\/\/demistrecords.nl\/#\/schema\/logo\/image\/","url":"https:\/\/demistrecords.nl\/wp-content\/uploads\/2020\/12\/logo-de-mist-records-rond.png","contentUrl":"https:\/\/demistrecords.nl\/wp-content\/uploads\/2020\/12\/logo-de-mist-records-rond.png","width":500,"height":500,"caption":"De Mist Records"},"image":{"@id":"https:\/\/demistrecords.nl\/#\/schema\/logo\/image\/"},"sameAs":["https:\/\/www.facebook.com\/demistrecordsnl","https:\/\/x.com\/deathroo1","https:\/\/www.instagram.com\/demist_records\/"]}]}},"_links":{"self":[{"href":"https:\/\/demistrecords.nl\/de\/wp-json\/wp\/v2\/product\/396","targetHints":{"allow":["GET"]}}],"collection":[{"href":"https:\/\/demistrecords.nl\/de\/wp-json\/wp\/v2\/product"}],"about":[{"href":"https:\/\/demistrecords.nl\/de\/wp-json\/wp\/v2\/types\/product"}],"replies":[{"embeddable":true,"href":"https:\/\/demistrecords.nl\/de\/wp-json\/wp\/v2\/comments?post=396"}],"wp:featuredmedia":[{"embeddable":true,"href":"https:\/\/demistrecords.nl\/de\/wp-json\/wp\/v2\/media\/397"}],"wp:attachment":[{"href":"https:\/\/demistrecords.nl\/de\/wp-json\/wp\/v2\/media?parent=396"}],"wp:term":[{"taxonomy":"product_brand","embeddable":true,"href":"https:\/\/demistrecords.nl\/de\/wp-json\/wp\/v2\/product_brand?post=396"},{"taxonomy":"product_cat","embeddable":true,"href":"https:\/\/demistrecords.nl\/de\/wp-json\/wp\/v2\/product_cat?post=396"},{"taxonomy":"product_tag","embeddable":true,"href":"https:\/\/demistrecords.nl\/de\/wp-json\/wp\/v2\/product_tag?post=396"}],"curies":[{"name":"wp","href":"https:\/\/api.w.org\/{rel}","templated":true}]}}