{"id":424,"date":"2021-02-26T15:44:49","date_gmt":"2021-02-26T14:44:49","guid":{"rendered":"https:\/\/demistrecords.nl\/?post_type=product&#038;p=424"},"modified":"2021-11-23T17:13:30","modified_gmt":"2021-11-23T16:13:30","slug":"5x-transparante-lp-hoezen","status":"publish","type":"product","link":"https:\/\/demistrecords.nl\/de\/produkt\/5x-transparante-lp-hoezen\/","title":{"rendered":"5x transparente LP-Schutzh\u00fcllen - schwerer Qualit\u00e4t"},"content":{"rendered":"<ul>\n<li style=\"list-style-type: none;\">\n<ul>\n<li>Sterke, dikke kwaliteit platenhoezen<\/li>\n<li>In deze hoezen passen ook dubbel LP\u2019s<\/li>\n<li>De album hoes blijft perfect zichtbaar<\/li>\n<li>Polyethyleen, 150 Micron<\/li>\n<\/ul>\n<\/li>\n<\/ul>\n<p>Ook verkrijgbaar <strong>per <a href=\"https:\/\/demistrecords.nl\/de\/produkt\/10x-transparante-lp-hoezen\/\">10 stuks<\/a><\/strong><\/p>","protected":false},"excerpt":{"rendered":"<p>Die meisten unserer Alben werden in Schrumpffolie geliefert oder ohne Schutzh\u00fclle geliefert. Sobald Sie diese Schrumpffolie entfernt haben, ist Ihr Cover der LP nicht mehr vor Besch\u00e4digungen gesch\u00fctzt.<\/p>\n<p>Diese transparenten Abdeckungen haben eine Dicke von 150 Mikron und sind daher st\u00e4rker als Standardqualit\u00e4tsabdeckungen.<\/p>\n<p>Geeignet f\u00fcr normale LPs und Doppel-LPs.<\/p>\n<p><strong>Der Preis ist pro 5 St\u00fcck.<\/strong><\/p>\n<p>Ook verkrijgbaar <strong>per <a href=\"https:\/\/demistrecords.nl\/de\/produkt\/10x-transparante-lp-hoezen\/\">10 stuks<\/a><\/strong><\/p>\n<p>(Bild ist ein Mockup f\u00fcr Illustration)<\/p>","protected":false},"featured_media":425,"comment_status":"closed","ping_status":"closed","template":"","meta":[],"product_brand":[],"product_cat":[39],"product_tag":[],"class_list":{"0":"post-424","1":"product","2":"type-product","3":"status-publish","4":"has-post-thumbnail","6":"product_cat-accesoires","8":"first","9":"instock","10":"taxable","11":"shipping-taxable","12":"purchasable","13":"product-type-simple"},"bundled_by":[],"bundle_stock_status":"instock","bundle_stock_quantity":null,"bundle_virtual":false,"bundle_layout":"","bundle_add_to_cart_form_location":"","bundle_editable_in_cart":false,"bundle_sold_individually_context":"","bundle_item_grouping":"","bundle_min_size":"","bundle_max_size":"","bundle_price":[],"bundled_items":[],"bundle_sell_ids":[],"yoast_head":"<!-- This site is optimized with the Yoast SEO plugin v27.4 - https:\/\/yoast.com\/product\/yoast-seo-wordpress\/ -->\n<title>5x Transparante LP Hoezen - dikke kwaliteit<\/title>\n<meta name=\"description\" content=\"Sommige van onze albums worden gesealed in krimpfolie geleverd en hebben dus geen beschermhoes. Eenmaal uit die krimpfolie heeft jouw de cover van de LP dus geen bescherming meer tegen beschadigingen. Bestel daarom deze\u00a05 extra dikke beschermhoezen voor LP\u2019s.  Deze transparante hoezen hebben een dikte van 150 micron en zijn daardoor steviger dan standaard kwaliteit hoezen.  Geschikt voor normale LP\u2019s en dubbel LP\u2019s.  Prijs is per 5 stuks.  Ook verkrijgbaar per 10 stuks  (Afbeelding is een mockup ter illustratie)\" \/>\n<meta name=\"robots\" content=\"index, follow, max-snippet:-1, max-image-preview:large, max-video-preview:-1\" \/>\n<link rel=\"canonical\" href=\"https:\/\/demistrecords.nl\/de\/produkt\/5x-transparante-lp-hoezen\/\" \/>\n<meta property=\"og:locale\" content=\"de_DE\" \/>\n<meta property=\"og:type\" content=\"article\" \/>\n<meta property=\"og:title\" content=\"5x Transparante LP Hoezen - dikke kwaliteit\" \/>\n<meta property=\"og:description\" content=\"Sommige van onze albums worden gesealed in krimpfolie geleverd en hebben dus geen beschermhoes. Eenmaal uit die krimpfolie heeft jouw de cover van de LP dus geen bescherming meer tegen beschadigingen. Bestel daarom deze\u00a05 extra dikke beschermhoezen voor LP\u2019s.  Deze transparante hoezen hebben een dikte van 150 micron en zijn daardoor steviger dan standaard kwaliteit hoezen.  Geschikt voor normale LP\u2019s en dubbel LP\u2019s.  Prijs is per 5 stuks.  Ook verkrijgbaar per 10 stuks  (Afbeelding is een mockup ter illustratie)\" \/>\n<meta property=\"og:url\" content=\"https:\/\/demistrecords.nl\/de\/produkt\/5x-transparante-lp-hoezen\/\" \/>\n<meta property=\"og:site_name\" content=\"De Mist Records\" \/>\n<meta property=\"article:publisher\" content=\"https:\/\/www.facebook.com\/demistrecordsnl\" \/>\n<meta property=\"article:modified_time\" content=\"2021-11-23T16:13:30+00:00\" \/>\n<meta property=\"og:image\" content=\"https:\/\/demistrecords.nl\/wp-content\/uploads\/2021\/02\/5x-plastic-LP-hoezen-150micron.png\" \/>\n\t<meta property=\"og:image:width\" content=\"2000\" \/>\n\t<meta property=\"og:image:height\" content=\"2000\" \/>\n\t<meta property=\"og:image:type\" content=\"image\/png\" \/>\n<meta name=\"twitter:card\" content=\"summary_large_image\" \/>\n<meta name=\"twitter:site\" content=\"@deathroo1\" \/>\n<meta name=\"twitter:label1\" content=\"Gesch\u00e4tzte Lesezeit\" \/>\n\t<meta name=\"twitter:data1\" content=\"1\u00a0Minute\" \/>\n<script type=\"application\/ld+json\" class=\"yoast-schema-graph\">{\"@context\":\"https:\\\/\\\/schema.org\",\"@graph\":[{\"@type\":[\"WebPage\",\"ItemPage\"],\"@id\":\"https:\\\/\\\/demistrecords.nl\\\/product\\\/5x-transparante-lp-hoezen\\\/\",\"url\":\"https:\\\/\\\/demistrecords.nl\\\/product\\\/5x-transparante-lp-hoezen\\\/\",\"name\":\"5x Transparante LP Hoezen - dikke kwaliteit\",\"isPartOf\":{\"@id\":\"https:\\\/\\\/demistrecords.nl\\\/#website\"},\"primaryImageOfPage\":{\"@id\":\"https:\\\/\\\/demistrecords.nl\\\/product\\\/5x-transparante-lp-hoezen\\\/#primaryimage\"},\"image\":{\"@id\":\"https:\\\/\\\/demistrecords.nl\\\/product\\\/5x-transparante-lp-hoezen\\\/#primaryimage\"},\"thumbnailUrl\":\"https:\\\/\\\/demistrecords.nl\\\/wp-content\\\/uploads\\\/2021\\\/02\\\/5x-plastic-LP-hoezen-150micron.png\",\"datePublished\":\"2021-02-26T14:44:49+00:00\",\"dateModified\":\"2021-11-23T16:13:30+00:00\",\"description\":\"Sommige van onze albums worden gesealed in krimpfolie geleverd en hebben dus geen beschermhoes. Eenmaal uit die krimpfolie heeft jouw de cover van de LP dus geen bescherming meer tegen beschadigingen. Bestel daarom deze\u00a05 extra dikke beschermhoezen voor LP\u2019s. Deze transparante hoezen hebben een dikte van 150 micron en zijn daardoor steviger dan standaard kwaliteit hoezen. Geschikt voor normale LP\u2019s en dubbel LP\u2019s. Prijs is per 5 stuks. Ook verkrijgbaar per 10 stuks (Afbeelding is een mockup ter illustratie)\",\"breadcrumb\":{\"@id\":\"https:\\\/\\\/demistrecords.nl\\\/product\\\/5x-transparante-lp-hoezen\\\/#breadcrumb\"},\"inLanguage\":\"de\",\"potentialAction\":[{\"@type\":\"ReadAction\",\"target\":[\"https:\\\/\\\/demistrecords.nl\\\/product\\\/5x-transparante-lp-hoezen\\\/\"]}]},{\"@type\":\"ImageObject\",\"inLanguage\":\"de\",\"@id\":\"https:\\\/\\\/demistrecords.nl\\\/product\\\/5x-transparante-lp-hoezen\\\/#primaryimage\",\"url\":\"https:\\\/\\\/demistrecords.nl\\\/wp-content\\\/uploads\\\/2021\\\/02\\\/5x-plastic-LP-hoezen-150micron.png\",\"contentUrl\":\"https:\\\/\\\/demistrecords.nl\\\/wp-content\\\/uploads\\\/2021\\\/02\\\/5x-plastic-LP-hoezen-150micron.png\",\"width\":2000,\"height\":2000},{\"@type\":\"BreadcrumbList\",\"@id\":\"https:\\\/\\\/demistrecords.nl\\\/product\\\/5x-transparante-lp-hoezen\\\/#breadcrumb\",\"itemListElement\":[{\"@type\":\"ListItem\",\"position\":1,\"name\":\"Home\",\"item\":\"https:\\\/\\\/demistrecords.nl\\\/\"},{\"@type\":\"ListItem\",\"position\":2,\"name\":\"Shop\",\"item\":\"https:\\\/\\\/demistrecords.nl\\\/shop\\\/\"},{\"@type\":\"ListItem\",\"position\":3,\"name\":\"5x Transparante LP Hoezen &#8211; dikke kwaliteit\"}]},{\"@type\":\"WebSite\",\"@id\":\"https:\\\/\\\/demistrecords.nl\\\/#website\",\"url\":\"https:\\\/\\\/demistrecords.nl\\\/\",\"name\":\"De Mist Records\",\"description\":\"Post-rock and related music\",\"publisher\":{\"@id\":\"https:\\\/\\\/demistrecords.nl\\\/#organization\"},\"potentialAction\":[{\"@type\":\"SearchAction\",\"target\":{\"@type\":\"EntryPoint\",\"urlTemplate\":\"https:\\\/\\\/demistrecords.nl\\\/?s={search_term_string}\"},\"query-input\":{\"@type\":\"PropertyValueSpecification\",\"valueRequired\":true,\"valueName\":\"search_term_string\"}}],\"inLanguage\":\"de\"},{\"@type\":\"Organization\",\"@id\":\"https:\\\/\\\/demistrecords.nl\\\/#organization\",\"name\":\"De Mist Records\",\"url\":\"https:\\\/\\\/demistrecords.nl\\\/\",\"logo\":{\"@type\":\"ImageObject\",\"inLanguage\":\"de\",\"@id\":\"https:\\\/\\\/demistrecords.nl\\\/#\\\/schema\\\/logo\\\/image\\\/\",\"url\":\"https:\\\/\\\/demistrecords.nl\\\/wp-content\\\/uploads\\\/2020\\\/12\\\/logo-de-mist-records-rond.png\",\"contentUrl\":\"https:\\\/\\\/demistrecords.nl\\\/wp-content\\\/uploads\\\/2020\\\/12\\\/logo-de-mist-records-rond.png\",\"width\":500,\"height\":500,\"caption\":\"De Mist Records\"},\"image\":{\"@id\":\"https:\\\/\\\/demistrecords.nl\\\/#\\\/schema\\\/logo\\\/image\\\/\"},\"sameAs\":[\"https:\\\/\\\/www.facebook.com\\\/demistrecordsnl\",\"https:\\\/\\\/x.com\\\/deathroo1\",\"https:\\\/\\\/www.instagram.com\\\/demist_records\\\/\"]}]}<\/script>\n<!-- \/ Yoast SEO plugin. -->","yoast_head_json":{"title":"5x Transparante LP Hoezen - dikke kwaliteit","description":"Sommige van onze albums worden gesealed in krimpfolie geleverd en hebben dus geen beschermhoes. Eenmaal uit die krimpfolie heeft jouw de cover van de LP dus geen bescherming meer tegen beschadigingen. Bestel daarom deze\u00a05 extra dikke beschermhoezen voor LP\u2019s.  Deze transparante hoezen hebben een dikte van 150 micron en zijn daardoor steviger dan standaard kwaliteit hoezen.  Geschikt voor normale LP\u2019s en dubbel LP\u2019s.  Prijs is per 5 stuks.  Ook verkrijgbaar per 10 stuks  (Afbeelding is een mockup ter illustratie)","robots":{"index":"index","follow":"follow","max-snippet":"max-snippet:-1","max-image-preview":"max-image-preview:large","max-video-preview":"max-video-preview:-1"},"canonical":"https:\/\/demistrecords.nl\/de\/produkt\/5x-transparante-lp-hoezen\/","og_locale":"de_DE","og_type":"article","og_title":"5x Transparante LP Hoezen - dikke kwaliteit","og_description":"Sommige van onze albums worden gesealed in krimpfolie geleverd en hebben dus geen beschermhoes. Eenmaal uit die krimpfolie heeft jouw de cover van de LP dus geen bescherming meer tegen beschadigingen. Bestel daarom deze\u00a05 extra dikke beschermhoezen voor LP\u2019s.  Deze transparante hoezen hebben een dikte van 150 micron en zijn daardoor steviger dan standaard kwaliteit hoezen.  Geschikt voor normale LP\u2019s en dubbel LP\u2019s.  Prijs is per 5 stuks.  Ook verkrijgbaar per 10 stuks  (Afbeelding is een mockup ter illustratie)","og_url":"https:\/\/demistrecords.nl\/de\/produkt\/5x-transparante-lp-hoezen\/","og_site_name":"De Mist Records","article_publisher":"https:\/\/www.facebook.com\/demistrecordsnl","article_modified_time":"2021-11-23T16:13:30+00:00","og_image":[{"width":2000,"height":2000,"url":"https:\/\/demistrecords.nl\/wp-content\/uploads\/2021\/02\/5x-plastic-LP-hoezen-150micron.png","type":"image\/png"}],"twitter_card":"summary_large_image","twitter_site":"@deathroo1","twitter_misc":{"Gesch\u00e4tzte Lesezeit":"1\u00a0Minute"},"schema":{"@context":"https:\/\/schema.org","@graph":[{"@type":["WebPage","ItemPage"],"@id":"https:\/\/demistrecords.nl\/product\/5x-transparante-lp-hoezen\/","url":"https:\/\/demistrecords.nl\/product\/5x-transparante-lp-hoezen\/","name":"5x Transparante LP Hoezen - dikke kwaliteit","isPartOf":{"@id":"https:\/\/demistrecords.nl\/#website"},"primaryImageOfPage":{"@id":"https:\/\/demistrecords.nl\/product\/5x-transparante-lp-hoezen\/#primaryimage"},"image":{"@id":"https:\/\/demistrecords.nl\/product\/5x-transparante-lp-hoezen\/#primaryimage"},"thumbnailUrl":"https:\/\/demistrecords.nl\/wp-content\/uploads\/2021\/02\/5x-plastic-LP-hoezen-150micron.png","datePublished":"2021-02-26T14:44:49+00:00","dateModified":"2021-11-23T16:13:30+00:00","description":"Sommige van onze albums worden gesealed in krimpfolie geleverd en hebben dus geen beschermhoes. Eenmaal uit die krimpfolie heeft jouw de cover van de LP dus geen bescherming meer tegen beschadigingen. Bestel daarom deze\u00a05 extra dikke beschermhoezen voor LP\u2019s. Deze transparante hoezen hebben een dikte van 150 micron en zijn daardoor steviger dan standaard kwaliteit hoezen. Geschikt voor normale LP\u2019s en dubbel LP\u2019s. Prijs is per 5 stuks. Ook verkrijgbaar per 10 stuks (Afbeelding is een mockup ter illustratie)","breadcrumb":{"@id":"https:\/\/demistrecords.nl\/product\/5x-transparante-lp-hoezen\/#breadcrumb"},"inLanguage":"de","potentialAction":[{"@type":"ReadAction","target":["https:\/\/demistrecords.nl\/product\/5x-transparante-lp-hoezen\/"]}]},{"@type":"ImageObject","inLanguage":"de","@id":"https:\/\/demistrecords.nl\/product\/5x-transparante-lp-hoezen\/#primaryimage","url":"https:\/\/demistrecords.nl\/wp-content\/uploads\/2021\/02\/5x-plastic-LP-hoezen-150micron.png","contentUrl":"https:\/\/demistrecords.nl\/wp-content\/uploads\/2021\/02\/5x-plastic-LP-hoezen-150micron.png","width":2000,"height":2000},{"@type":"BreadcrumbList","@id":"https:\/\/demistrecords.nl\/product\/5x-transparante-lp-hoezen\/#breadcrumb","itemListElement":[{"@type":"ListItem","position":1,"name":"Home","item":"https:\/\/demistrecords.nl\/"},{"@type":"ListItem","position":2,"name":"Shop","item":"https:\/\/demistrecords.nl\/shop\/"},{"@type":"ListItem","position":3,"name":"5x Transparante LP Hoezen &#8211; dikke kwaliteit"}]},{"@type":"WebSite","@id":"https:\/\/demistrecords.nl\/#website","url":"https:\/\/demistrecords.nl\/","name":"De Mist Records","description":"Post-rock and related music","publisher":{"@id":"https:\/\/demistrecords.nl\/#organization"},"potentialAction":[{"@type":"SearchAction","target":{"@type":"EntryPoint","urlTemplate":"https:\/\/demistrecords.nl\/?s={search_term_string}"},"query-input":{"@type":"PropertyValueSpecification","valueRequired":true,"valueName":"search_term_string"}}],"inLanguage":"de"},{"@type":"Organization","@id":"https:\/\/demistrecords.nl\/#organization","name":"De Mist Records","url":"https:\/\/demistrecords.nl\/","logo":{"@type":"ImageObject","inLanguage":"de","@id":"https:\/\/demistrecords.nl\/#\/schema\/logo\/image\/","url":"https:\/\/demistrecords.nl\/wp-content\/uploads\/2020\/12\/logo-de-mist-records-rond.png","contentUrl":"https:\/\/demistrecords.nl\/wp-content\/uploads\/2020\/12\/logo-de-mist-records-rond.png","width":500,"height":500,"caption":"De Mist Records"},"image":{"@id":"https:\/\/demistrecords.nl\/#\/schema\/logo\/image\/"},"sameAs":["https:\/\/www.facebook.com\/demistrecordsnl","https:\/\/x.com\/deathroo1","https:\/\/www.instagram.com\/demist_records\/"]}]}},"_links":{"self":[{"href":"https:\/\/demistrecords.nl\/de\/wp-json\/wp\/v2\/product\/424","targetHints":{"allow":["GET"]}}],"collection":[{"href":"https:\/\/demistrecords.nl\/de\/wp-json\/wp\/v2\/product"}],"about":[{"href":"https:\/\/demistrecords.nl\/de\/wp-json\/wp\/v2\/types\/product"}],"replies":[{"embeddable":true,"href":"https:\/\/demistrecords.nl\/de\/wp-json\/wp\/v2\/comments?post=424"}],"wp:featuredmedia":[{"embeddable":true,"href":"https:\/\/demistrecords.nl\/de\/wp-json\/wp\/v2\/media\/425"}],"wp:attachment":[{"href":"https:\/\/demistrecords.nl\/de\/wp-json\/wp\/v2\/media?parent=424"}],"wp:term":[{"taxonomy":"product_brand","embeddable":true,"href":"https:\/\/demistrecords.nl\/de\/wp-json\/wp\/v2\/product_brand?post=424"},{"taxonomy":"product_cat","embeddable":true,"href":"https:\/\/demistrecords.nl\/de\/wp-json\/wp\/v2\/product_cat?post=424"},{"taxonomy":"product_tag","embeddable":true,"href":"https:\/\/demistrecords.nl\/de\/wp-json\/wp\/v2\/product_tag?post=424"}],"curies":[{"name":"wp","href":"https:\/\/api.w.org\/{rel}","templated":true}]}}