{"id":430,"date":"2021-03-01T11:56:34","date_gmt":"2021-03-01T10:56:34","guid":{"rendered":"https:\/\/demistrecords.nl\/?post_type=product&#038;p=430"},"modified":"2021-11-22T18:46:51","modified_gmt":"2021-11-22T17:46:51","slug":"collapse-under-the-empire-everything-we-will-leave-beyond-us","status":"publish","type":"product","link":"https:\/\/demistrecords.nl\/de\/produkt\/collapse-under-the-empire-everything-we-will-leave-beyond-us\/","title":{"rendered":"Collapse Under The Empire &#8211; Everything We Will Leave Beyond Us"},"content":{"rendered":"<p><iframe style=\"border: 0; width: 100%; height: 42px;\" src=\"https:\/\/bandcamp.com\/EmbeddedPlayer\/album=1638022317\/size=small\/bgcol=333333\/linkcol=0f91ff\/transparent=true\/\" seamless=\"\"><a href=\"https:\/\/collapseundertheempire.bandcamp.com\/album\/everything-we-will-leave-beyond-us-album\">Everything We Will Leave Beyond Us (Album) by Collapse Under The Empire<\/a><\/iframe><\/p>","protected":false},"excerpt":{"rendered":"<p>Limitierte Iced und Sand Edition<br \/>\nWeltweite Auflage: 200 St\u00fcck<br \/>\n180 Gramm Vinyl, Gatefold-Cover und poly-lined Innenh\u00fclle<br \/>\nV\u00d6: 20.11.2020<\/p>\n<p>Mit ihrer achten Ver\u00f6ffentlichung bringt Collapse Under The Empire eine dunkle Welt, die au\u00dfer Kontrolle geraten ist. \u00dcberall Hotspots, vor allem das Corona-Virus, Umweltzerst\u00f6rung, die Gier der Menschheit, Ungerechtigkeit, Ausbeutung, Armut, Krieg und Widerstand. Die 8 neuen Songs zeigen diese Entwicklung in dunklen Soundscapes, apokalyptischen Gitarren und epischen Synth-Sounds, die die Tracks zu eine riesigen  Wall Of Sound aufstapeln. Das Mischen, Mastern und das gesamte Sounddesign \u00fcbernahm Toma Moon.<\/p>\n<p>Passt auf! Bild von Cover und Platte sind ein Modell. Das Foto zeigt die tats\u00e4chliche Albumfarbe.<\/p>","protected":false},"featured_media":431,"comment_status":"closed","ping_status":"closed","template":"","meta":[],"product_brand":[],"product_cat":[15],"product_tag":[],"class_list":{"0":"post-430","1":"product","2":"type-product","3":"status-publish","4":"has-post-thumbnail","6":"product_cat-vinyl-12-lp","8":"first","9":"outofstock","10":"taxable","11":"shipping-taxable","12":"purchasable","13":"product-type-variable","14":"has-default-attributes"},"bundled_by":[],"bundle_stock_status":"outofstock","bundle_stock_quantity":null,"bundle_virtual":false,"bundle_layout":"","bundle_add_to_cart_form_location":"","bundle_editable_in_cart":false,"bundle_sold_individually_context":"","bundle_item_grouping":"","bundle_min_size":"","bundle_max_size":"","bundle_price":[],"bundled_items":[],"bundle_sell_ids":[],"yoast_head":"<!-- This site is optimized with the Yoast SEO plugin v27.5 - https:\/\/yoast.com\/product\/yoast-seo-wordpress\/ -->\n<title>Collapse Under The Empire - Everything We Will Leave Beyond Us<\/title>\n<meta name=\"description\" content=\"Gelimiteerde Iced en Sand edition Wereldwijde oplage: 200 stuks 180grams vinyl, gatefold cover en poly-lined innersleeve Release: 20 november 2020  Met hun 8e volledige album heeft Collapse Under The Empire een donkere wereld die uit de hand is gelopen op muziek gezet. Overal hotspots, vooral het coronavirus, vernietiging van het milieu, de hebzucht van de mensheid, onrecht, uitbuiting, armoede, oorlog en verzet. De 8 nieuwe titels laten deze ontwikkeling zien door donkere soundscapes, apocalyptische gitaren en epische synthesizergeluiden op te stapelen tot een enorme wall of sound. De mix, mastering en de &#039;overall sound design&#039; werd gedaan door Toma Moon.  Let op! Afbeelding van hoes en plaat zijn een mockup. De foto geeft daadwerkelijke kleur van album weer.\" \/>\n<meta name=\"robots\" content=\"index, follow, max-snippet:-1, max-image-preview:large, max-video-preview:-1\" \/>\n<link rel=\"canonical\" href=\"https:\/\/demistrecords.nl\/de\/produkt\/collapse-under-the-empire-everything-we-will-leave-beyond-us\/\" \/>\n<meta property=\"og:locale\" content=\"de_DE\" \/>\n<meta property=\"og:type\" content=\"article\" \/>\n<meta property=\"og:title\" content=\"Collapse Under The Empire - Everything We Will Leave Beyond Us\" \/>\n<meta property=\"og:description\" content=\"Gelimiteerde Iced en Sand edition Wereldwijde oplage: 200 stuks 180grams vinyl, gatefold cover en poly-lined innersleeve Release: 20 november 2020  Met hun 8e volledige album heeft Collapse Under The Empire een donkere wereld die uit de hand is gelopen op muziek gezet. Overal hotspots, vooral het coronavirus, vernietiging van het milieu, de hebzucht van de mensheid, onrecht, uitbuiting, armoede, oorlog en verzet. De 8 nieuwe titels laten deze ontwikkeling zien door donkere soundscapes, apocalyptische gitaren en epische synthesizergeluiden op te stapelen tot een enorme wall of sound. De mix, mastering en de &#039;overall sound design&#039; werd gedaan door Toma Moon.  Let op! Afbeelding van hoes en plaat zijn een mockup. De foto geeft daadwerkelijke kleur van album weer.\" \/>\n<meta property=\"og:url\" content=\"https:\/\/demistrecords.nl\/de\/produkt\/collapse-under-the-empire-everything-we-will-leave-beyond-us\/\" \/>\n<meta property=\"og:site_name\" content=\"De Mist Records\" \/>\n<meta property=\"article:publisher\" content=\"https:\/\/www.facebook.com\/demistrecordsnl\" \/>\n<meta property=\"article:modified_time\" content=\"2021-11-22T17:46:51+00:00\" \/>\n<meta property=\"og:image\" content=\"https:\/\/demistrecords.nl\/wp-content\/uploads\/2021\/03\/Collapse-Under-The-Empire-Everything-We-Will-Leave-Beyond-Us.jpg\" \/>\n\t<meta property=\"og:image:width\" content=\"2120\" \/>\n\t<meta property=\"og:image:height\" content=\"2120\" \/>\n\t<meta property=\"og:image:type\" content=\"image\/jpeg\" \/>\n<meta name=\"twitter:card\" content=\"summary_large_image\" \/>\n<meta name=\"twitter:site\" content=\"@deathroo1\" \/>\n<script type=\"application\/ld+json\" class=\"yoast-schema-graph\">{\"@context\":\"https:\\\/\\\/schema.org\",\"@graph\":[{\"@type\":[\"WebPage\",\"ItemPage\"],\"@id\":\"https:\\\/\\\/demistrecords.nl\\\/en\\\/product\\\/collapse-under-the-empire-everything-we-will-leave-beyond-us\\\/\",\"url\":\"https:\\\/\\\/demistrecords.nl\\\/en\\\/product\\\/collapse-under-the-empire-everything-we-will-leave-beyond-us\\\/\",\"name\":\"Collapse Under The Empire - Everything We Will Leave Beyond Us\",\"isPartOf\":{\"@id\":\"https:\\\/\\\/demistrecords.nl\\\/#website\"},\"primaryImageOfPage\":{\"@id\":\"https:\\\/\\\/demistrecords.nl\\\/en\\\/product\\\/collapse-under-the-empire-everything-we-will-leave-beyond-us\\\/#primaryimage\"},\"image\":{\"@id\":\"https:\\\/\\\/demistrecords.nl\\\/en\\\/product\\\/collapse-under-the-empire-everything-we-will-leave-beyond-us\\\/#primaryimage\"},\"thumbnailUrl\":\"https:\\\/\\\/demistrecords.nl\\\/wp-content\\\/uploads\\\/2021\\\/03\\\/Collapse-Under-The-Empire-Everything-We-Will-Leave-Beyond-Us.jpg\",\"datePublished\":\"2021-03-01T10:56:34+00:00\",\"dateModified\":\"2021-11-22T17:46:51+00:00\",\"description\":\"Gelimiteerde Iced en Sand edition Wereldwijde oplage: 200 stuks 180grams vinyl, gatefold cover en poly-lined innersleeve Release: 20 november 2020 Met hun 8e volledige album heeft Collapse Under The Empire een donkere wereld die uit de hand is gelopen op muziek gezet. Overal hotspots, vooral het coronavirus, vernietiging van het milieu, de hebzucht van de mensheid, onrecht, uitbuiting, armoede, oorlog en verzet. De 8 nieuwe titels laten deze ontwikkeling zien door donkere soundscapes, apocalyptische gitaren en epische synthesizergeluiden op te stapelen tot een enorme wall of sound. De mix, mastering en de 'overall sound design' werd gedaan door Toma Moon. Let op! Afbeelding van hoes en plaat zijn een mockup. De foto geeft daadwerkelijke kleur van album weer.\",\"breadcrumb\":{\"@id\":\"https:\\\/\\\/demistrecords.nl\\\/en\\\/product\\\/collapse-under-the-empire-everything-we-will-leave-beyond-us\\\/#breadcrumb\"},\"inLanguage\":\"de\",\"potentialAction\":[{\"@type\":\"ReadAction\",\"target\":[\"https:\\\/\\\/demistrecords.nl\\\/en\\\/product\\\/collapse-under-the-empire-everything-we-will-leave-beyond-us\\\/\"]}]},{\"@type\":\"ImageObject\",\"inLanguage\":\"de\",\"@id\":\"https:\\\/\\\/demistrecords.nl\\\/en\\\/product\\\/collapse-under-the-empire-everything-we-will-leave-beyond-us\\\/#primaryimage\",\"url\":\"https:\\\/\\\/demistrecords.nl\\\/wp-content\\\/uploads\\\/2021\\\/03\\\/Collapse-Under-The-Empire-Everything-We-Will-Leave-Beyond-Us.jpg\",\"contentUrl\":\"https:\\\/\\\/demistrecords.nl\\\/wp-content\\\/uploads\\\/2021\\\/03\\\/Collapse-Under-The-Empire-Everything-We-Will-Leave-Beyond-Us.jpg\",\"width\":2120,\"height\":2120},{\"@type\":\"BreadcrumbList\",\"@id\":\"https:\\\/\\\/demistrecords.nl\\\/en\\\/product\\\/collapse-under-the-empire-everything-we-will-leave-beyond-us\\\/#breadcrumb\",\"itemListElement\":[{\"@type\":\"ListItem\",\"position\":1,\"name\":\"Home\",\"item\":\"https:\\\/\\\/demistrecords.nl\\\/\"},{\"@type\":\"ListItem\",\"position\":2,\"name\":\"Shop\",\"item\":\"https:\\\/\\\/demistrecords.nl\\\/shop\\\/\"},{\"@type\":\"ListItem\",\"position\":3,\"name\":\"Collapse Under The Empire &#8211; Everything We Will Leave Beyond Us\"}]},{\"@type\":\"WebSite\",\"@id\":\"https:\\\/\\\/demistrecords.nl\\\/#website\",\"url\":\"https:\\\/\\\/demistrecords.nl\\\/\",\"name\":\"De Mist Records\",\"description\":\"Post-rock and related music\",\"publisher\":{\"@id\":\"https:\\\/\\\/demistrecords.nl\\\/#organization\"},\"potentialAction\":[{\"@type\":\"SearchAction\",\"target\":{\"@type\":\"EntryPoint\",\"urlTemplate\":\"https:\\\/\\\/demistrecords.nl\\\/?s={search_term_string}\"},\"query-input\":{\"@type\":\"PropertyValueSpecification\",\"valueRequired\":true,\"valueName\":\"search_term_string\"}}],\"inLanguage\":\"de\"},{\"@type\":\"Organization\",\"@id\":\"https:\\\/\\\/demistrecords.nl\\\/#organization\",\"name\":\"De Mist Records\",\"url\":\"https:\\\/\\\/demistrecords.nl\\\/\",\"logo\":{\"@type\":\"ImageObject\",\"inLanguage\":\"de\",\"@id\":\"https:\\\/\\\/demistrecords.nl\\\/#\\\/schema\\\/logo\\\/image\\\/\",\"url\":\"https:\\\/\\\/demistrecords.nl\\\/wp-content\\\/uploads\\\/2020\\\/12\\\/logo-de-mist-records-rond.png\",\"contentUrl\":\"https:\\\/\\\/demistrecords.nl\\\/wp-content\\\/uploads\\\/2020\\\/12\\\/logo-de-mist-records-rond.png\",\"width\":500,\"height\":500,\"caption\":\"De Mist Records\"},\"image\":{\"@id\":\"https:\\\/\\\/demistrecords.nl\\\/#\\\/schema\\\/logo\\\/image\\\/\"},\"sameAs\":[\"https:\\\/\\\/www.facebook.com\\\/demistrecordsnl\",\"https:\\\/\\\/x.com\\\/deathroo1\",\"https:\\\/\\\/www.instagram.com\\\/demist_records\\\/\"]}]}<\/script>\n<!-- \/ Yoast SEO plugin. -->","yoast_head_json":{"title":"Collapse Under The Empire - Everything We Will Leave Beyond Us","description":"Gelimiteerde Iced en Sand edition Wereldwijde oplage: 200 stuks 180grams vinyl, gatefold cover en poly-lined innersleeve Release: 20 november 2020  Met hun 8e volledige album heeft Collapse Under The Empire een donkere wereld die uit de hand is gelopen op muziek gezet. Overal hotspots, vooral het coronavirus, vernietiging van het milieu, de hebzucht van de mensheid, onrecht, uitbuiting, armoede, oorlog en verzet. De 8 nieuwe titels laten deze ontwikkeling zien door donkere soundscapes, apocalyptische gitaren en epische synthesizergeluiden op te stapelen tot een enorme wall of sound. De mix, mastering en de 'overall sound design' werd gedaan door Toma Moon.  Let op! Afbeelding van hoes en plaat zijn een mockup. De foto geeft daadwerkelijke kleur van album weer.","robots":{"index":"index","follow":"follow","max-snippet":"max-snippet:-1","max-image-preview":"max-image-preview:large","max-video-preview":"max-video-preview:-1"},"canonical":"https:\/\/demistrecords.nl\/de\/produkt\/collapse-under-the-empire-everything-we-will-leave-beyond-us\/","og_locale":"de_DE","og_type":"article","og_title":"Collapse Under The Empire - Everything We Will Leave Beyond Us","og_description":"Gelimiteerde Iced en Sand edition Wereldwijde oplage: 200 stuks 180grams vinyl, gatefold cover en poly-lined innersleeve Release: 20 november 2020  Met hun 8e volledige album heeft Collapse Under The Empire een donkere wereld die uit de hand is gelopen op muziek gezet. Overal hotspots, vooral het coronavirus, vernietiging van het milieu, de hebzucht van de mensheid, onrecht, uitbuiting, armoede, oorlog en verzet. De 8 nieuwe titels laten deze ontwikkeling zien door donkere soundscapes, apocalyptische gitaren en epische synthesizergeluiden op te stapelen tot een enorme wall of sound. De mix, mastering en de 'overall sound design' werd gedaan door Toma Moon.  Let op! Afbeelding van hoes en plaat zijn een mockup. De foto geeft daadwerkelijke kleur van album weer.","og_url":"https:\/\/demistrecords.nl\/de\/produkt\/collapse-under-the-empire-everything-we-will-leave-beyond-us\/","og_site_name":"De Mist Records","article_publisher":"https:\/\/www.facebook.com\/demistrecordsnl","article_modified_time":"2021-11-22T17:46:51+00:00","og_image":[{"width":2120,"height":2120,"url":"https:\/\/demistrecords.nl\/wp-content\/uploads\/2021\/03\/Collapse-Under-The-Empire-Everything-We-Will-Leave-Beyond-Us.jpg","type":"image\/jpeg"}],"twitter_card":"summary_large_image","twitter_site":"@deathroo1","schema":{"@context":"https:\/\/schema.org","@graph":[{"@type":["WebPage","ItemPage"],"@id":"https:\/\/demistrecords.nl\/en\/product\/collapse-under-the-empire-everything-we-will-leave-beyond-us\/","url":"https:\/\/demistrecords.nl\/en\/product\/collapse-under-the-empire-everything-we-will-leave-beyond-us\/","name":"Collapse Under The Empire - Everything We Will Leave Beyond Us","isPartOf":{"@id":"https:\/\/demistrecords.nl\/#website"},"primaryImageOfPage":{"@id":"https:\/\/demistrecords.nl\/en\/product\/collapse-under-the-empire-everything-we-will-leave-beyond-us\/#primaryimage"},"image":{"@id":"https:\/\/demistrecords.nl\/en\/product\/collapse-under-the-empire-everything-we-will-leave-beyond-us\/#primaryimage"},"thumbnailUrl":"https:\/\/demistrecords.nl\/wp-content\/uploads\/2021\/03\/Collapse-Under-The-Empire-Everything-We-Will-Leave-Beyond-Us.jpg","datePublished":"2021-03-01T10:56:34+00:00","dateModified":"2021-11-22T17:46:51+00:00","description":"Gelimiteerde Iced en Sand edition Wereldwijde oplage: 200 stuks 180grams vinyl, gatefold cover en poly-lined innersleeve Release: 20 november 2020 Met hun 8e volledige album heeft Collapse Under The Empire een donkere wereld die uit de hand is gelopen op muziek gezet. Overal hotspots, vooral het coronavirus, vernietiging van het milieu, de hebzucht van de mensheid, onrecht, uitbuiting, armoede, oorlog en verzet. De 8 nieuwe titels laten deze ontwikkeling zien door donkere soundscapes, apocalyptische gitaren en epische synthesizergeluiden op te stapelen tot een enorme wall of sound. De mix, mastering en de 'overall sound design' werd gedaan door Toma Moon. Let op! Afbeelding van hoes en plaat zijn een mockup. De foto geeft daadwerkelijke kleur van album weer.","breadcrumb":{"@id":"https:\/\/demistrecords.nl\/en\/product\/collapse-under-the-empire-everything-we-will-leave-beyond-us\/#breadcrumb"},"inLanguage":"de","potentialAction":[{"@type":"ReadAction","target":["https:\/\/demistrecords.nl\/en\/product\/collapse-under-the-empire-everything-we-will-leave-beyond-us\/"]}]},{"@type":"ImageObject","inLanguage":"de","@id":"https:\/\/demistrecords.nl\/en\/product\/collapse-under-the-empire-everything-we-will-leave-beyond-us\/#primaryimage","url":"https:\/\/demistrecords.nl\/wp-content\/uploads\/2021\/03\/Collapse-Under-The-Empire-Everything-We-Will-Leave-Beyond-Us.jpg","contentUrl":"https:\/\/demistrecords.nl\/wp-content\/uploads\/2021\/03\/Collapse-Under-The-Empire-Everything-We-Will-Leave-Beyond-Us.jpg","width":2120,"height":2120},{"@type":"BreadcrumbList","@id":"https:\/\/demistrecords.nl\/en\/product\/collapse-under-the-empire-everything-we-will-leave-beyond-us\/#breadcrumb","itemListElement":[{"@type":"ListItem","position":1,"name":"Home","item":"https:\/\/demistrecords.nl\/"},{"@type":"ListItem","position":2,"name":"Shop","item":"https:\/\/demistrecords.nl\/shop\/"},{"@type":"ListItem","position":3,"name":"Collapse Under The Empire &#8211; Everything We Will Leave Beyond Us"}]},{"@type":"WebSite","@id":"https:\/\/demistrecords.nl\/#website","url":"https:\/\/demistrecords.nl\/","name":"De Mist Records","description":"Post-rock and related music","publisher":{"@id":"https:\/\/demistrecords.nl\/#organization"},"potentialAction":[{"@type":"SearchAction","target":{"@type":"EntryPoint","urlTemplate":"https:\/\/demistrecords.nl\/?s={search_term_string}"},"query-input":{"@type":"PropertyValueSpecification","valueRequired":true,"valueName":"search_term_string"}}],"inLanguage":"de"},{"@type":"Organization","@id":"https:\/\/demistrecords.nl\/#organization","name":"De Mist Records","url":"https:\/\/demistrecords.nl\/","logo":{"@type":"ImageObject","inLanguage":"de","@id":"https:\/\/demistrecords.nl\/#\/schema\/logo\/image\/","url":"https:\/\/demistrecords.nl\/wp-content\/uploads\/2020\/12\/logo-de-mist-records-rond.png","contentUrl":"https:\/\/demistrecords.nl\/wp-content\/uploads\/2020\/12\/logo-de-mist-records-rond.png","width":500,"height":500,"caption":"De Mist Records"},"image":{"@id":"https:\/\/demistrecords.nl\/#\/schema\/logo\/image\/"},"sameAs":["https:\/\/www.facebook.com\/demistrecordsnl","https:\/\/x.com\/deathroo1","https:\/\/www.instagram.com\/demist_records\/"]}]}},"_links":{"self":[{"href":"https:\/\/demistrecords.nl\/de\/wp-json\/wp\/v2\/product\/430","targetHints":{"allow":["GET"]}}],"collection":[{"href":"https:\/\/demistrecords.nl\/de\/wp-json\/wp\/v2\/product"}],"about":[{"href":"https:\/\/demistrecords.nl\/de\/wp-json\/wp\/v2\/types\/product"}],"replies":[{"embeddable":true,"href":"https:\/\/demistrecords.nl\/de\/wp-json\/wp\/v2\/comments?post=430"}],"wp:featuredmedia":[{"embeddable":true,"href":"https:\/\/demistrecords.nl\/de\/wp-json\/wp\/v2\/media\/431"}],"wp:attachment":[{"href":"https:\/\/demistrecords.nl\/de\/wp-json\/wp\/v2\/media?parent=430"}],"wp:term":[{"taxonomy":"product_brand","embeddable":true,"href":"https:\/\/demistrecords.nl\/de\/wp-json\/wp\/v2\/product_brand?post=430"},{"taxonomy":"product_cat","embeddable":true,"href":"https:\/\/demistrecords.nl\/de\/wp-json\/wp\/v2\/product_cat?post=430"},{"taxonomy":"product_tag","embeddable":true,"href":"https:\/\/demistrecords.nl\/de\/wp-json\/wp\/v2\/product_tag?post=430"}],"curies":[{"name":"wp","href":"https:\/\/api.w.org\/{rel}","templated":true}]}}