{"id":438,"date":"2021-03-03T11:08:51","date_gmt":"2021-03-03T10:08:51","guid":{"rendered":"https:\/\/demistrecords.nl\/?post_type=product&#038;p=438"},"modified":"2022-04-12T10:13:09","modified_gmt":"2022-04-12T08:13:09","slug":"explosion-in-the-sky-the-wilderness","status":"publish","type":"product","link":"https:\/\/demistrecords.nl\/de\/produkt\/explosion-in-the-sky-the-wilderness\/","title":{"rendered":"Explosion In The Sky &#8211; The Wilderness"},"content":{"rendered":"<p><iframe style=\"border: 0; width: 100%; height: 42px;\" src=\"https:\/\/bandcamp.com\/EmbeddedPlayer\/album=517385947\/size=small\/bgcol=333333\/linkcol=0f91ff\/transparent=true\/\" seamless=\"\"><a href=\"https:\/\/explosionsinthesky.bandcamp.com\/album\/the-wilderness\">The Wilderness by Explosions in the Sky<\/a><\/iframe><\/p>","protected":false},"excerpt":{"rendered":"<p>Mit einem Wort: Wunderbar! Dieses Album aus dem Jahr 2016 ist nicht nur ein musikalisches Meisterwerk, sondern auch die Perle in Ihrer Plattensammlung. Diese Doppel-LP wird in einer H\u00fclle geliefert und ist als Kreuz\u00f6ffnungs-Gatefold erh\u00e4ltlich (siehe Fotos). Das Album hat eine \"ge\u00e4tzte D-Seite\", was bedeutet, dass die Musik auf 3 der 4 Seiten gedr\u00fcckt wird. Sie erhalten au\u00dferdem den Download-Code, um das Album digital abspielen zu k\u00f6nnen.<br \/>\nMusikalisch ist dies die erste Nicht-Sound-Track-Ver\u00f6ffentlichung seit 2011 'Take care, take care, take care' und hier kommt alles zusammen. Es zeigt eine Band, die eindeutig aus ihrer Vergangenheit gelernt hat. Zum Beispiel, es wurde mehr Elektronik hinzugef\u00fcgt und wir h\u00f6ren weit weniger Crescendos. Ein faszinierendes Album, das aufgrund der offensichtlichen Synthesizer viel zu entdecken hat.<\/p>","protected":false},"featured_media":442,"comment_status":"closed","ping_status":"closed","template":"","meta":[],"product_brand":[],"product_cat":[16],"product_tag":[28],"class_list":{"0":"post-438","1":"product","2":"type-product","3":"status-publish","4":"has-post-thumbnail","6":"product_cat-vinyl-12-2xlp","7":"product_tag-post-rock","9":"first","10":"outofstock","11":"sold-individually","12":"taxable","13":"shipping-taxable","14":"purchasable","15":"product-type-simple"},"yoast_head":"<!-- This site is optimized with the Yoast SEO plugin v27.3 - https:\/\/yoast.com\/product\/yoast-seo-wordpress\/ -->\n<title>Explosion In The Sky - The Wilderness<\/title>\n<meta name=\"description\" content=\"In \u00e9\u00e9n woord: schitterend! Dit album uit 2016 is niet alleen een meesterwerk qua muziek, maar ook nog eens de parel in jou platencollectie. Deze dubbel-LP wordt geleverd in een sleeve en komt als een kruislings te openen gatefold, zie foto&#039;s. Het album heeft een &#039;etched D-side&#039;, hetgeen inhoudt dat de muziek op 3 van de 4 kanten is geperst. Bovendien ontvang je de download-code om het album ook digitaal af te kunnen spelen. Muzikaal is dit de eerste non-sountrack release sinds &#039;Take care, take care, take care&#039; uit 2011 en hier komt eigenlijk alles tesamen. het laat een band horen die duidelijk geleerd heeft van zijn verleden. Zo is meer elektronica toegevoegd en horen we veel minder crescendo&#039;s. Een intrigerend album dat door de overduidelijk aanwezige synths veel diepgang heeft meegekregen.\" \/>\n<meta name=\"robots\" content=\"index, follow, max-snippet:-1, max-image-preview:large, max-video-preview:-1\" \/>\n<link rel=\"canonical\" href=\"https:\/\/demistrecords.nl\/de\/produkt\/explosion-in-the-sky-the-wilderness\/\" \/>\n<meta property=\"og:locale\" content=\"de_DE\" \/>\n<meta property=\"og:type\" content=\"article\" \/>\n<meta property=\"og:title\" content=\"Explosion In The Sky - The Wilderness\" \/>\n<meta property=\"og:description\" content=\"In \u00e9\u00e9n woord: schitterend! Dit album uit 2016 is niet alleen een meesterwerk qua muziek, maar ook nog eens de parel in jou platencollectie. Deze dubbel-LP wordt geleverd in een sleeve en komt als een kruislings te openen gatefold, zie foto&#039;s. Het album heeft een &#039;etched D-side&#039;, hetgeen inhoudt dat de muziek op 3 van de 4 kanten is geperst. Bovendien ontvang je de download-code om het album ook digitaal af te kunnen spelen. Muzikaal is dit de eerste non-sountrack release sinds &#039;Take care, take care, take care&#039; uit 2011 en hier komt eigenlijk alles tesamen. het laat een band horen die duidelijk geleerd heeft van zijn verleden. Zo is meer elektronica toegevoegd en horen we veel minder crescendo&#039;s. Een intrigerend album dat door de overduidelijk aanwezige synths veel diepgang heeft meegekregen.\" \/>\n<meta property=\"og:url\" content=\"https:\/\/demistrecords.nl\/de\/produkt\/explosion-in-the-sky-the-wilderness\/\" \/>\n<meta property=\"og:site_name\" content=\"De Mist Records\" \/>\n<meta property=\"article:publisher\" content=\"https:\/\/www.facebook.com\/demistrecordsnl\" \/>\n<meta property=\"article:modified_time\" content=\"2022-04-12T08:13:09+00:00\" \/>\n<meta property=\"og:image\" content=\"https:\/\/demistrecords.nl\/wp-content\/uploads\/2021\/03\/Explosions-In-The-Sky-The-Wilderness.jpg\" \/>\n\t<meta property=\"og:image:width\" content=\"2120\" \/>\n\t<meta property=\"og:image:height\" content=\"2120\" \/>\n\t<meta property=\"og:image:type\" content=\"image\/jpeg\" \/>\n<meta name=\"twitter:card\" content=\"summary_large_image\" \/>\n<meta name=\"twitter:site\" content=\"@deathroo1\" \/>\n<script type=\"application\/ld+json\" class=\"yoast-schema-graph\">{\"@context\":\"https:\\\/\\\/schema.org\",\"@graph\":[{\"@type\":[\"WebPage\",\"ItemPage\"],\"@id\":\"https:\\\/\\\/demistrecords.nl\\\/product\\\/explosion-in-the-sky-the-wilderness\\\/\",\"url\":\"https:\\\/\\\/demistrecords.nl\\\/product\\\/explosion-in-the-sky-the-wilderness\\\/\",\"name\":\"Explosion In The Sky - The Wilderness\",\"isPartOf\":{\"@id\":\"https:\\\/\\\/demistrecords.nl\\\/#website\"},\"primaryImageOfPage\":{\"@id\":\"https:\\\/\\\/demistrecords.nl\\\/product\\\/explosion-in-the-sky-the-wilderness\\\/#primaryimage\"},\"image\":{\"@id\":\"https:\\\/\\\/demistrecords.nl\\\/product\\\/explosion-in-the-sky-the-wilderness\\\/#primaryimage\"},\"thumbnailUrl\":\"https:\\\/\\\/demistrecords.nl\\\/wp-content\\\/uploads\\\/2021\\\/03\\\/Explosions-In-The-Sky-The-Wilderness.jpg\",\"datePublished\":\"2021-03-03T10:08:51+00:00\",\"dateModified\":\"2022-04-12T08:13:09+00:00\",\"description\":\"In \u00e9\u00e9n woord: schitterend! Dit album uit 2016 is niet alleen een meesterwerk qua muziek, maar ook nog eens de parel in jou platencollectie. Deze dubbel-LP wordt geleverd in een sleeve en komt als een kruislings te openen gatefold, zie foto's. Het album heeft een 'etched D-side', hetgeen inhoudt dat de muziek op 3 van de 4 kanten is geperst. Bovendien ontvang je de download-code om het album ook digitaal af te kunnen spelen. Muzikaal is dit de eerste non-sountrack release sinds 'Take care, take care, take care' uit 2011 en hier komt eigenlijk alles tesamen. het laat een band horen die duidelijk geleerd heeft van zijn verleden. Zo is meer elektronica toegevoegd en horen we veel minder crescendo's. Een intrigerend album dat door de overduidelijk aanwezige synths veel diepgang heeft meegekregen.\",\"breadcrumb\":{\"@id\":\"https:\\\/\\\/demistrecords.nl\\\/product\\\/explosion-in-the-sky-the-wilderness\\\/#breadcrumb\"},\"inLanguage\":\"de\",\"potentialAction\":[{\"@type\":\"ReadAction\",\"target\":[\"https:\\\/\\\/demistrecords.nl\\\/product\\\/explosion-in-the-sky-the-wilderness\\\/\"]}]},{\"@type\":\"ImageObject\",\"inLanguage\":\"de\",\"@id\":\"https:\\\/\\\/demistrecords.nl\\\/product\\\/explosion-in-the-sky-the-wilderness\\\/#primaryimage\",\"url\":\"https:\\\/\\\/demistrecords.nl\\\/wp-content\\\/uploads\\\/2021\\\/03\\\/Explosions-In-The-Sky-The-Wilderness.jpg\",\"contentUrl\":\"https:\\\/\\\/demistrecords.nl\\\/wp-content\\\/uploads\\\/2021\\\/03\\\/Explosions-In-The-Sky-The-Wilderness.jpg\",\"width\":2120,\"height\":2120},{\"@type\":\"BreadcrumbList\",\"@id\":\"https:\\\/\\\/demistrecords.nl\\\/product\\\/explosion-in-the-sky-the-wilderness\\\/#breadcrumb\",\"itemListElement\":[{\"@type\":\"ListItem\",\"position\":1,\"name\":\"Home\",\"item\":\"https:\\\/\\\/demistrecords.nl\\\/\"},{\"@type\":\"ListItem\",\"position\":2,\"name\":\"Shop\",\"item\":\"https:\\\/\\\/demistrecords.nl\\\/shop\\\/\"},{\"@type\":\"ListItem\",\"position\":3,\"name\":\"Explosion In The Sky &#8211; The Wilderness\"}]},{\"@type\":\"WebSite\",\"@id\":\"https:\\\/\\\/demistrecords.nl\\\/#website\",\"url\":\"https:\\\/\\\/demistrecords.nl\\\/\",\"name\":\"De Mist Records\",\"description\":\"Post-rock and related music\",\"publisher\":{\"@id\":\"https:\\\/\\\/demistrecords.nl\\\/#organization\"},\"potentialAction\":[{\"@type\":\"SearchAction\",\"target\":{\"@type\":\"EntryPoint\",\"urlTemplate\":\"https:\\\/\\\/demistrecords.nl\\\/?s={search_term_string}\"},\"query-input\":{\"@type\":\"PropertyValueSpecification\",\"valueRequired\":true,\"valueName\":\"search_term_string\"}}],\"inLanguage\":\"de\"},{\"@type\":\"Organization\",\"@id\":\"https:\\\/\\\/demistrecords.nl\\\/#organization\",\"name\":\"De Mist Records\",\"url\":\"https:\\\/\\\/demistrecords.nl\\\/\",\"logo\":{\"@type\":\"ImageObject\",\"inLanguage\":\"de\",\"@id\":\"https:\\\/\\\/demistrecords.nl\\\/#\\\/schema\\\/logo\\\/image\\\/\",\"url\":\"https:\\\/\\\/demistrecords.nl\\\/wp-content\\\/uploads\\\/2020\\\/12\\\/logo-de-mist-records-rond.png\",\"contentUrl\":\"https:\\\/\\\/demistrecords.nl\\\/wp-content\\\/uploads\\\/2020\\\/12\\\/logo-de-mist-records-rond.png\",\"width\":500,\"height\":500,\"caption\":\"De Mist Records\"},\"image\":{\"@id\":\"https:\\\/\\\/demistrecords.nl\\\/#\\\/schema\\\/logo\\\/image\\\/\"},\"sameAs\":[\"https:\\\/\\\/www.facebook.com\\\/demistrecordsnl\",\"https:\\\/\\\/x.com\\\/deathroo1\",\"https:\\\/\\\/www.instagram.com\\\/demist_records\\\/\"]}]}<\/script>\n<!-- \/ Yoast SEO plugin. -->","yoast_head_json":{"title":"Explosion In The Sky - The Wilderness","description":"In \u00e9\u00e9n woord: schitterend! Dit album uit 2016 is niet alleen een meesterwerk qua muziek, maar ook nog eens de parel in jou platencollectie. Deze dubbel-LP wordt geleverd in een sleeve en komt als een kruislings te openen gatefold, zie foto's. Het album heeft een 'etched D-side', hetgeen inhoudt dat de muziek op 3 van de 4 kanten is geperst. Bovendien ontvang je de download-code om het album ook digitaal af te kunnen spelen. Muzikaal is dit de eerste non-sountrack release sinds 'Take care, take care, take care' uit 2011 en hier komt eigenlijk alles tesamen. het laat een band horen die duidelijk geleerd heeft van zijn verleden. Zo is meer elektronica toegevoegd en horen we veel minder crescendo's. Een intrigerend album dat door de overduidelijk aanwezige synths veel diepgang heeft meegekregen.","robots":{"index":"index","follow":"follow","max-snippet":"max-snippet:-1","max-image-preview":"max-image-preview:large","max-video-preview":"max-video-preview:-1"},"canonical":"https:\/\/demistrecords.nl\/de\/produkt\/explosion-in-the-sky-the-wilderness\/","og_locale":"de_DE","og_type":"article","og_title":"Explosion In The Sky - The Wilderness","og_description":"In \u00e9\u00e9n woord: schitterend! Dit album uit 2016 is niet alleen een meesterwerk qua muziek, maar ook nog eens de parel in jou platencollectie. Deze dubbel-LP wordt geleverd in een sleeve en komt als een kruislings te openen gatefold, zie foto's. Het album heeft een 'etched D-side', hetgeen inhoudt dat de muziek op 3 van de 4 kanten is geperst. Bovendien ontvang je de download-code om het album ook digitaal af te kunnen spelen. Muzikaal is dit de eerste non-sountrack release sinds 'Take care, take care, take care' uit 2011 en hier komt eigenlijk alles tesamen. het laat een band horen die duidelijk geleerd heeft van zijn verleden. Zo is meer elektronica toegevoegd en horen we veel minder crescendo's. Een intrigerend album dat door de overduidelijk aanwezige synths veel diepgang heeft meegekregen.","og_url":"https:\/\/demistrecords.nl\/de\/produkt\/explosion-in-the-sky-the-wilderness\/","og_site_name":"De Mist Records","article_publisher":"https:\/\/www.facebook.com\/demistrecordsnl","article_modified_time":"2022-04-12T08:13:09+00:00","og_image":[{"width":2120,"height":2120,"url":"https:\/\/demistrecords.nl\/wp-content\/uploads\/2021\/03\/Explosions-In-The-Sky-The-Wilderness.jpg","type":"image\/jpeg"}],"twitter_card":"summary_large_image","twitter_site":"@deathroo1","schema":{"@context":"https:\/\/schema.org","@graph":[{"@type":["WebPage","ItemPage"],"@id":"https:\/\/demistrecords.nl\/product\/explosion-in-the-sky-the-wilderness\/","url":"https:\/\/demistrecords.nl\/product\/explosion-in-the-sky-the-wilderness\/","name":"Explosion In The Sky - The Wilderness","isPartOf":{"@id":"https:\/\/demistrecords.nl\/#website"},"primaryImageOfPage":{"@id":"https:\/\/demistrecords.nl\/product\/explosion-in-the-sky-the-wilderness\/#primaryimage"},"image":{"@id":"https:\/\/demistrecords.nl\/product\/explosion-in-the-sky-the-wilderness\/#primaryimage"},"thumbnailUrl":"https:\/\/demistrecords.nl\/wp-content\/uploads\/2021\/03\/Explosions-In-The-Sky-The-Wilderness.jpg","datePublished":"2021-03-03T10:08:51+00:00","dateModified":"2022-04-12T08:13:09+00:00","description":"In \u00e9\u00e9n woord: schitterend! Dit album uit 2016 is niet alleen een meesterwerk qua muziek, maar ook nog eens de parel in jou platencollectie. Deze dubbel-LP wordt geleverd in een sleeve en komt als een kruislings te openen gatefold, zie foto's. Het album heeft een 'etched D-side', hetgeen inhoudt dat de muziek op 3 van de 4 kanten is geperst. Bovendien ontvang je de download-code om het album ook digitaal af te kunnen spelen. Muzikaal is dit de eerste non-sountrack release sinds 'Take care, take care, take care' uit 2011 en hier komt eigenlijk alles tesamen. het laat een band horen die duidelijk geleerd heeft van zijn verleden. Zo is meer elektronica toegevoegd en horen we veel minder crescendo's. Een intrigerend album dat door de overduidelijk aanwezige synths veel diepgang heeft meegekregen.","breadcrumb":{"@id":"https:\/\/demistrecords.nl\/product\/explosion-in-the-sky-the-wilderness\/#breadcrumb"},"inLanguage":"de","potentialAction":[{"@type":"ReadAction","target":["https:\/\/demistrecords.nl\/product\/explosion-in-the-sky-the-wilderness\/"]}]},{"@type":"ImageObject","inLanguage":"de","@id":"https:\/\/demistrecords.nl\/product\/explosion-in-the-sky-the-wilderness\/#primaryimage","url":"https:\/\/demistrecords.nl\/wp-content\/uploads\/2021\/03\/Explosions-In-The-Sky-The-Wilderness.jpg","contentUrl":"https:\/\/demistrecords.nl\/wp-content\/uploads\/2021\/03\/Explosions-In-The-Sky-The-Wilderness.jpg","width":2120,"height":2120},{"@type":"BreadcrumbList","@id":"https:\/\/demistrecords.nl\/product\/explosion-in-the-sky-the-wilderness\/#breadcrumb","itemListElement":[{"@type":"ListItem","position":1,"name":"Home","item":"https:\/\/demistrecords.nl\/"},{"@type":"ListItem","position":2,"name":"Shop","item":"https:\/\/demistrecords.nl\/shop\/"},{"@type":"ListItem","position":3,"name":"Explosion In The Sky &#8211; The Wilderness"}]},{"@type":"WebSite","@id":"https:\/\/demistrecords.nl\/#website","url":"https:\/\/demistrecords.nl\/","name":"De Mist Records","description":"Post-rock and related music","publisher":{"@id":"https:\/\/demistrecords.nl\/#organization"},"potentialAction":[{"@type":"SearchAction","target":{"@type":"EntryPoint","urlTemplate":"https:\/\/demistrecords.nl\/?s={search_term_string}"},"query-input":{"@type":"PropertyValueSpecification","valueRequired":true,"valueName":"search_term_string"}}],"inLanguage":"de"},{"@type":"Organization","@id":"https:\/\/demistrecords.nl\/#organization","name":"De Mist Records","url":"https:\/\/demistrecords.nl\/","logo":{"@type":"ImageObject","inLanguage":"de","@id":"https:\/\/demistrecords.nl\/#\/schema\/logo\/image\/","url":"https:\/\/demistrecords.nl\/wp-content\/uploads\/2020\/12\/logo-de-mist-records-rond.png","contentUrl":"https:\/\/demistrecords.nl\/wp-content\/uploads\/2020\/12\/logo-de-mist-records-rond.png","width":500,"height":500,"caption":"De Mist Records"},"image":{"@id":"https:\/\/demistrecords.nl\/#\/schema\/logo\/image\/"},"sameAs":["https:\/\/www.facebook.com\/demistrecordsnl","https:\/\/x.com\/deathroo1","https:\/\/www.instagram.com\/demist_records\/"]}]}},"_links":{"self":[{"href":"https:\/\/demistrecords.nl\/de\/wp-json\/wp\/v2\/product\/438","targetHints":{"allow":["GET"]}}],"collection":[{"href":"https:\/\/demistrecords.nl\/de\/wp-json\/wp\/v2\/product"}],"about":[{"href":"https:\/\/demistrecords.nl\/de\/wp-json\/wp\/v2\/types\/product"}],"replies":[{"embeddable":true,"href":"https:\/\/demistrecords.nl\/de\/wp-json\/wp\/v2\/comments?post=438"}],"wp:featuredmedia":[{"embeddable":true,"href":"https:\/\/demistrecords.nl\/de\/wp-json\/wp\/v2\/media\/442"}],"wp:attachment":[{"href":"https:\/\/demistrecords.nl\/de\/wp-json\/wp\/v2\/media?parent=438"}],"wp:term":[{"taxonomy":"product_brand","embeddable":true,"href":"https:\/\/demistrecords.nl\/de\/wp-json\/wp\/v2\/product_brand?post=438"},{"taxonomy":"product_cat","embeddable":true,"href":"https:\/\/demistrecords.nl\/de\/wp-json\/wp\/v2\/product_cat?post=438"},{"taxonomy":"product_tag","embeddable":true,"href":"https:\/\/demistrecords.nl\/de\/wp-json\/wp\/v2\/product_tag?post=438"}],"curies":[{"name":"wp","href":"https:\/\/api.w.org\/{rel}","templated":true}]}}