{"id":443,"date":"2021-03-03T11:33:15","date_gmt":"2021-03-03T10:33:15","guid":{"rendered":"https:\/\/demistrecords.nl\/?post_type=product&#038;p=443"},"modified":"2021-11-22T19:03:07","modified_gmt":"2021-11-22T18:03:07","slug":"wolfredt-tides","status":"publish","type":"product","link":"https:\/\/demistrecords.nl\/de\/produkt\/wolfredt-tides\/","title":{"rendered":"Wolfredt &#8211; Tides"},"content":{"rendered":"<p><iframe style=\"border: 0; width: 100%; height: 42px;\" src=\"https:\/\/bandcamp.com\/EmbeddedPlayer\/album=3030586891\/size=small\/bgcol=333333\/linkcol=0f91ff\/transparent=true\/\" seamless=\"\"><a href=\"https:\/\/wolfredt.bandcamp.com\/album\/tides\">Tides by Wolfredt<\/a><\/iframe><\/p>","protected":false},"excerpt":{"rendered":"<p>Ein wundersch\u00f6nes Album, das sich mit dem wiederkehrenden Auf und Ab befasst. Diese Gezeiten sind als Metapher f\u00fcr all die H\u00f6hen und Tiefen gedacht, die wir Menschen in der Vergangenheit erlebt haben, die Gegenwart erleben und sogar in der Zukunft erleben werden.<br \/>\nWolfredt aus Tallinn, Estland, entstand als Soloprojekt von Margus Voolpriit, hat sich aber zu einer vollwertigen Band entwickelt. F\u00fcr Fans von Russian Circles, We Lost The Sea oder Caspian.<\/p>","protected":false},"featured_media":444,"comment_status":"closed","ping_status":"closed","template":"","meta":[],"product_brand":[],"product_cat":[15],"product_tag":[26,28,37],"class_list":{"0":"post-443","1":"product","2":"type-product","3":"status-publish","4":"has-post-thumbnail","6":"product_cat-vinyl-12-lp","7":"product_tag-post-metal","8":"product_tag-post-rock","9":"product_tag-shoegaze","11":"first","12":"outofstock","13":"taxable","14":"shipping-taxable","15":"purchasable","16":"product-type-simple"},"bundled_by":[],"bundle_stock_status":"outofstock","bundle_stock_quantity":0,"bundle_virtual":false,"bundle_layout":"","bundle_add_to_cart_form_location":"","bundle_editable_in_cart":false,"bundle_sold_individually_context":"","bundle_item_grouping":"","bundle_min_size":"","bundle_max_size":"","bundle_price":[],"bundled_items":[],"bundle_sell_ids":[],"yoast_head":"<!-- This site is optimized with the Yoast SEO plugin v27.4 - https:\/\/yoast.com\/product\/yoast-seo-wordpress\/ -->\n<title>Wolfredt - Tides<\/title>\n<meta name=\"description\" content=\"Een prachtig album, handelend rondom de eeuwig wederkerende eb en vloed. Dit getijde is bedoeld als metafoor voor alle ups en downs die we als mens hebben meegemaakt in het verleden, het heden en zelfs in de toekomst nog mee zullen gaan maken. Wolfredt uit Tallinn, Estland is ontstaan als solo-project van Margus Voolpriit, maar is uitgegroeid tot een volwaardige band. Voor fans van Russian Circles, We Lost The Sea of Caspian.\" \/>\n<meta name=\"robots\" content=\"index, follow, max-snippet:-1, max-image-preview:large, max-video-preview:-1\" \/>\n<link rel=\"canonical\" href=\"https:\/\/demistrecords.nl\/de\/produkt\/wolfredt-tides\/\" \/>\n<meta property=\"og:locale\" content=\"de_DE\" \/>\n<meta property=\"og:type\" content=\"article\" \/>\n<meta property=\"og:title\" content=\"Wolfredt - Tides\" \/>\n<meta property=\"og:description\" content=\"Een prachtig album, handelend rondom de eeuwig wederkerende eb en vloed. Dit getijde is bedoeld als metafoor voor alle ups en downs die we als mens hebben meegemaakt in het verleden, het heden en zelfs in de toekomst nog mee zullen gaan maken. Wolfredt uit Tallinn, Estland is ontstaan als solo-project van Margus Voolpriit, maar is uitgegroeid tot een volwaardige band. Voor fans van Russian Circles, We Lost The Sea of Caspian.\" \/>\n<meta property=\"og:url\" content=\"https:\/\/demistrecords.nl\/de\/produkt\/wolfredt-tides\/\" \/>\n<meta property=\"og:site_name\" content=\"De Mist Records\" \/>\n<meta property=\"article:publisher\" content=\"https:\/\/www.facebook.com\/demistrecordsnl\" \/>\n<meta property=\"article:modified_time\" content=\"2021-11-22T18:03:07+00:00\" \/>\n<meta property=\"og:image\" content=\"https:\/\/demistrecords.nl\/wp-content\/uploads\/2021\/03\/Wolfredt-Tides.jpg\" \/>\n\t<meta property=\"og:image:width\" content=\"2120\" \/>\n\t<meta property=\"og:image:height\" content=\"2120\" \/>\n\t<meta property=\"og:image:type\" content=\"image\/jpeg\" \/>\n<meta name=\"twitter:card\" content=\"summary_large_image\" \/>\n<meta name=\"twitter:site\" content=\"@deathroo1\" \/>\n<script type=\"application\/ld+json\" class=\"yoast-schema-graph\">{\"@context\":\"https:\\\/\\\/schema.org\",\"@graph\":[{\"@type\":[\"WebPage\",\"ItemPage\"],\"@id\":\"https:\\\/\\\/demistrecords.nl\\\/product\\\/wolfredt-tides\\\/\",\"url\":\"https:\\\/\\\/demistrecords.nl\\\/product\\\/wolfredt-tides\\\/\",\"name\":\"Wolfredt - Tides\",\"isPartOf\":{\"@id\":\"https:\\\/\\\/demistrecords.nl\\\/#website\"},\"primaryImageOfPage\":{\"@id\":\"https:\\\/\\\/demistrecords.nl\\\/product\\\/wolfredt-tides\\\/#primaryimage\"},\"image\":{\"@id\":\"https:\\\/\\\/demistrecords.nl\\\/product\\\/wolfredt-tides\\\/#primaryimage\"},\"thumbnailUrl\":\"https:\\\/\\\/demistrecords.nl\\\/wp-content\\\/uploads\\\/2021\\\/03\\\/Wolfredt-Tides.jpg\",\"datePublished\":\"2021-03-03T10:33:15+00:00\",\"dateModified\":\"2021-11-22T18:03:07+00:00\",\"description\":\"Een prachtig album, handelend rondom de eeuwig wederkerende eb en vloed. Dit getijde is bedoeld als metafoor voor alle ups en downs die we als mens hebben meegemaakt in het verleden, het heden en zelfs in de toekomst nog mee zullen gaan maken. Wolfredt uit Tallinn, Estland is ontstaan als solo-project van Margus Voolpriit, maar is uitgegroeid tot een volwaardige band. Voor fans van Russian Circles, We Lost The Sea of Caspian.\",\"breadcrumb\":{\"@id\":\"https:\\\/\\\/demistrecords.nl\\\/product\\\/wolfredt-tides\\\/#breadcrumb\"},\"inLanguage\":\"de\",\"potentialAction\":[{\"@type\":\"ReadAction\",\"target\":[\"https:\\\/\\\/demistrecords.nl\\\/product\\\/wolfredt-tides\\\/\"]}]},{\"@type\":\"ImageObject\",\"inLanguage\":\"de\",\"@id\":\"https:\\\/\\\/demistrecords.nl\\\/product\\\/wolfredt-tides\\\/#primaryimage\",\"url\":\"https:\\\/\\\/demistrecords.nl\\\/wp-content\\\/uploads\\\/2021\\\/03\\\/Wolfredt-Tides.jpg\",\"contentUrl\":\"https:\\\/\\\/demistrecords.nl\\\/wp-content\\\/uploads\\\/2021\\\/03\\\/Wolfredt-Tides.jpg\",\"width\":2120,\"height\":2120},{\"@type\":\"BreadcrumbList\",\"@id\":\"https:\\\/\\\/demistrecords.nl\\\/product\\\/wolfredt-tides\\\/#breadcrumb\",\"itemListElement\":[{\"@type\":\"ListItem\",\"position\":1,\"name\":\"Home\",\"item\":\"https:\\\/\\\/demistrecords.nl\\\/\"},{\"@type\":\"ListItem\",\"position\":2,\"name\":\"Shop\",\"item\":\"https:\\\/\\\/demistrecords.nl\\\/shop\\\/\"},{\"@type\":\"ListItem\",\"position\":3,\"name\":\"Wolfredt &#8211; Tides\"}]},{\"@type\":\"WebSite\",\"@id\":\"https:\\\/\\\/demistrecords.nl\\\/#website\",\"url\":\"https:\\\/\\\/demistrecords.nl\\\/\",\"name\":\"De Mist Records\",\"description\":\"Post-rock and related music\",\"publisher\":{\"@id\":\"https:\\\/\\\/demistrecords.nl\\\/#organization\"},\"potentialAction\":[{\"@type\":\"SearchAction\",\"target\":{\"@type\":\"EntryPoint\",\"urlTemplate\":\"https:\\\/\\\/demistrecords.nl\\\/?s={search_term_string}\"},\"query-input\":{\"@type\":\"PropertyValueSpecification\",\"valueRequired\":true,\"valueName\":\"search_term_string\"}}],\"inLanguage\":\"de\"},{\"@type\":\"Organization\",\"@id\":\"https:\\\/\\\/demistrecords.nl\\\/#organization\",\"name\":\"De Mist Records\",\"url\":\"https:\\\/\\\/demistrecords.nl\\\/\",\"logo\":{\"@type\":\"ImageObject\",\"inLanguage\":\"de\",\"@id\":\"https:\\\/\\\/demistrecords.nl\\\/#\\\/schema\\\/logo\\\/image\\\/\",\"url\":\"https:\\\/\\\/demistrecords.nl\\\/wp-content\\\/uploads\\\/2020\\\/12\\\/logo-de-mist-records-rond.png\",\"contentUrl\":\"https:\\\/\\\/demistrecords.nl\\\/wp-content\\\/uploads\\\/2020\\\/12\\\/logo-de-mist-records-rond.png\",\"width\":500,\"height\":500,\"caption\":\"De Mist Records\"},\"image\":{\"@id\":\"https:\\\/\\\/demistrecords.nl\\\/#\\\/schema\\\/logo\\\/image\\\/\"},\"sameAs\":[\"https:\\\/\\\/www.facebook.com\\\/demistrecordsnl\",\"https:\\\/\\\/x.com\\\/deathroo1\",\"https:\\\/\\\/www.instagram.com\\\/demist_records\\\/\"]}]}<\/script>\n<!-- \/ Yoast SEO plugin. -->","yoast_head_json":{"title":"Wolfredt - Tides","description":"Een prachtig album, handelend rondom de eeuwig wederkerende eb en vloed. Dit getijde is bedoeld als metafoor voor alle ups en downs die we als mens hebben meegemaakt in het verleden, het heden en zelfs in de toekomst nog mee zullen gaan maken. Wolfredt uit Tallinn, Estland is ontstaan als solo-project van Margus Voolpriit, maar is uitgegroeid tot een volwaardige band. Voor fans van Russian Circles, We Lost The Sea of Caspian.","robots":{"index":"index","follow":"follow","max-snippet":"max-snippet:-1","max-image-preview":"max-image-preview:large","max-video-preview":"max-video-preview:-1"},"canonical":"https:\/\/demistrecords.nl\/de\/produkt\/wolfredt-tides\/","og_locale":"de_DE","og_type":"article","og_title":"Wolfredt - Tides","og_description":"Een prachtig album, handelend rondom de eeuwig wederkerende eb en vloed. Dit getijde is bedoeld als metafoor voor alle ups en downs die we als mens hebben meegemaakt in het verleden, het heden en zelfs in de toekomst nog mee zullen gaan maken. Wolfredt uit Tallinn, Estland is ontstaan als solo-project van Margus Voolpriit, maar is uitgegroeid tot een volwaardige band. Voor fans van Russian Circles, We Lost The Sea of Caspian.","og_url":"https:\/\/demistrecords.nl\/de\/produkt\/wolfredt-tides\/","og_site_name":"De Mist Records","article_publisher":"https:\/\/www.facebook.com\/demistrecordsnl","article_modified_time":"2021-11-22T18:03:07+00:00","og_image":[{"width":2120,"height":2120,"url":"https:\/\/demistrecords.nl\/wp-content\/uploads\/2021\/03\/Wolfredt-Tides.jpg","type":"image\/jpeg"}],"twitter_card":"summary_large_image","twitter_site":"@deathroo1","schema":{"@context":"https:\/\/schema.org","@graph":[{"@type":["WebPage","ItemPage"],"@id":"https:\/\/demistrecords.nl\/product\/wolfredt-tides\/","url":"https:\/\/demistrecords.nl\/product\/wolfredt-tides\/","name":"Wolfredt - Tides","isPartOf":{"@id":"https:\/\/demistrecords.nl\/#website"},"primaryImageOfPage":{"@id":"https:\/\/demistrecords.nl\/product\/wolfredt-tides\/#primaryimage"},"image":{"@id":"https:\/\/demistrecords.nl\/product\/wolfredt-tides\/#primaryimage"},"thumbnailUrl":"https:\/\/demistrecords.nl\/wp-content\/uploads\/2021\/03\/Wolfredt-Tides.jpg","datePublished":"2021-03-03T10:33:15+00:00","dateModified":"2021-11-22T18:03:07+00:00","description":"Een prachtig album, handelend rondom de eeuwig wederkerende eb en vloed. Dit getijde is bedoeld als metafoor voor alle ups en downs die we als mens hebben meegemaakt in het verleden, het heden en zelfs in de toekomst nog mee zullen gaan maken. Wolfredt uit Tallinn, Estland is ontstaan als solo-project van Margus Voolpriit, maar is uitgegroeid tot een volwaardige band. Voor fans van Russian Circles, We Lost The Sea of Caspian.","breadcrumb":{"@id":"https:\/\/demistrecords.nl\/product\/wolfredt-tides\/#breadcrumb"},"inLanguage":"de","potentialAction":[{"@type":"ReadAction","target":["https:\/\/demistrecords.nl\/product\/wolfredt-tides\/"]}]},{"@type":"ImageObject","inLanguage":"de","@id":"https:\/\/demistrecords.nl\/product\/wolfredt-tides\/#primaryimage","url":"https:\/\/demistrecords.nl\/wp-content\/uploads\/2021\/03\/Wolfredt-Tides.jpg","contentUrl":"https:\/\/demistrecords.nl\/wp-content\/uploads\/2021\/03\/Wolfredt-Tides.jpg","width":2120,"height":2120},{"@type":"BreadcrumbList","@id":"https:\/\/demistrecords.nl\/product\/wolfredt-tides\/#breadcrumb","itemListElement":[{"@type":"ListItem","position":1,"name":"Home","item":"https:\/\/demistrecords.nl\/"},{"@type":"ListItem","position":2,"name":"Shop","item":"https:\/\/demistrecords.nl\/shop\/"},{"@type":"ListItem","position":3,"name":"Wolfredt &#8211; Tides"}]},{"@type":"WebSite","@id":"https:\/\/demistrecords.nl\/#website","url":"https:\/\/demistrecords.nl\/","name":"De Mist Records","description":"Post-rock and related music","publisher":{"@id":"https:\/\/demistrecords.nl\/#organization"},"potentialAction":[{"@type":"SearchAction","target":{"@type":"EntryPoint","urlTemplate":"https:\/\/demistrecords.nl\/?s={search_term_string}"},"query-input":{"@type":"PropertyValueSpecification","valueRequired":true,"valueName":"search_term_string"}}],"inLanguage":"de"},{"@type":"Organization","@id":"https:\/\/demistrecords.nl\/#organization","name":"De Mist Records","url":"https:\/\/demistrecords.nl\/","logo":{"@type":"ImageObject","inLanguage":"de","@id":"https:\/\/demistrecords.nl\/#\/schema\/logo\/image\/","url":"https:\/\/demistrecords.nl\/wp-content\/uploads\/2020\/12\/logo-de-mist-records-rond.png","contentUrl":"https:\/\/demistrecords.nl\/wp-content\/uploads\/2020\/12\/logo-de-mist-records-rond.png","width":500,"height":500,"caption":"De Mist Records"},"image":{"@id":"https:\/\/demistrecords.nl\/#\/schema\/logo\/image\/"},"sameAs":["https:\/\/www.facebook.com\/demistrecordsnl","https:\/\/x.com\/deathroo1","https:\/\/www.instagram.com\/demist_records\/"]}]}},"_links":{"self":[{"href":"https:\/\/demistrecords.nl\/de\/wp-json\/wp\/v2\/product\/443","targetHints":{"allow":["GET"]}}],"collection":[{"href":"https:\/\/demistrecords.nl\/de\/wp-json\/wp\/v2\/product"}],"about":[{"href":"https:\/\/demistrecords.nl\/de\/wp-json\/wp\/v2\/types\/product"}],"replies":[{"embeddable":true,"href":"https:\/\/demistrecords.nl\/de\/wp-json\/wp\/v2\/comments?post=443"}],"wp:featuredmedia":[{"embeddable":true,"href":"https:\/\/demistrecords.nl\/de\/wp-json\/wp\/v2\/media\/444"}],"wp:attachment":[{"href":"https:\/\/demistrecords.nl\/de\/wp-json\/wp\/v2\/media?parent=443"}],"wp:term":[{"taxonomy":"product_brand","embeddable":true,"href":"https:\/\/demistrecords.nl\/de\/wp-json\/wp\/v2\/product_brand?post=443"},{"taxonomy":"product_cat","embeddable":true,"href":"https:\/\/demistrecords.nl\/de\/wp-json\/wp\/v2\/product_cat?post=443"},{"taxonomy":"product_tag","embeddable":true,"href":"https:\/\/demistrecords.nl\/de\/wp-json\/wp\/v2\/product_tag?post=443"}],"curies":[{"name":"wp","href":"https:\/\/api.w.org\/{rel}","templated":true}]}}