{"id":447,"date":"2021-03-03T13:12:51","date_gmt":"2021-03-03T12:12:51","guid":{"rendered":"https:\/\/demistrecords.nl\/?post_type=product&#038;p=447"},"modified":"2024-03-18T13:27:16","modified_gmt":"2024-03-18T12:27:16","slug":"a-burial-at-sea-a-burial-at-sea","status":"publish","type":"product","link":"https:\/\/demistrecords.nl\/de\/produkt\/a-burial-at-sea-a-burial-at-sea\/","title":{"rendered":"A Burial At Sea &#8211; A Burial At Sea"},"content":{"rendered":"<p><iframe style=\"border: 0; width: 100%; height: 42px;\" src=\"https:\/\/bandcamp.com\/EmbeddedPlayer\/album=2890351220\/size=small\/bgcol=333333\/linkcol=0f91ff\/transparent=true\/\" seamless=\"\"><a href=\"https:\/\/momentofcollapserecords.bandcamp.com\/album\/a-burial-at-sea\">A Burial At Sea by A BURIAL AT SEA<\/a><\/iframe><\/p>","protected":false},"excerpt":{"rendered":"<p>A Burial At Sea aus Liverpool hat zwei H\u00f6rner in der Band und selten haben wir eine so gro\u00dfartige Erg\u00e4nzung zum Blechbl\u00e4ser geh\u00f6rt. Die warmen Kl\u00e4nge der Trompete bilden einen gro\u00dfen Kontrast zum manchmal schweren Post Rock. Musikalisch bewegt sich die Band offenbar m\u00fchelos zwischen Post Rock, Jazz Prog Rock und Post Metal. Infolgedessen ist die Band nicht leicht in eine Schublade zu stecken und sie scheinen ihr eigenes Genre entwickelt zu haben, wir nennen es einfach Trumpet-core.<br \/>\nFans von Bands wie Whale Fall, *Shels, Coastlands oder Eleanora sollten mal reinh\u00f6ren!<\/p>","protected":false},"featured_media":448,"comment_status":"closed","ping_status":"closed","template":"","meta":[],"product_brand":[],"product_cat":[15],"product_tag":[26,34,35],"class_list":{"0":"post-447","1":"product","2":"type-product","3":"status-publish","4":"has-post-thumbnail","6":"product_cat-vinyl-12-lp","7":"product_tag-post-metal","8":"product_tag-posthardcore","9":"product_tag-progrock","11":"first","12":"outofstock","13":"sale","14":"taxable","15":"shipping-taxable","16":"purchasable","17":"product-type-simple"},"yoast_head":"<!-- This site is optimized with the Yoast SEO plugin v27.3 - https:\/\/yoast.com\/product\/yoast-seo-wordpress\/ -->\n<title>A Burial At Sea - A Burial At Sea<\/title>\n<meta name=\"description\" content=\"A Burial At Sea uit Liverpool heeft twee koperblazers binnen de band en zelden hebben we zo&#039;n geweldige toevoeging van het koperwerk gehoord. De warme klanken van de trompet vormen een geweldig contrast met de soms stevig aangezette postrock. Muzikaal beweegt de band ogenschijnlijk moeiteloos tussen postrock, jazzy progrock en postmetal. Daardoor is de band niet eenvoudig weg te stoppen in een hokje en lijken ze wel een eigen genre te hebben ontwikkeld, we noemen het maar trumpet-core. Fans van bands als Whale Fall, *Shels, Coastlands en Eleanora kunnen hier zeker iets mee!\" \/>\n<meta name=\"robots\" content=\"index, follow, max-snippet:-1, max-image-preview:large, max-video-preview:-1\" \/>\n<link rel=\"canonical\" href=\"https:\/\/demistrecords.nl\/de\/produkt\/a-burial-at-sea-a-burial-at-sea\/\" \/>\n<meta property=\"og:locale\" content=\"de_DE\" \/>\n<meta property=\"og:type\" content=\"article\" \/>\n<meta property=\"og:title\" content=\"A Burial At Sea - A Burial At Sea\" \/>\n<meta property=\"og:description\" content=\"A Burial At Sea uit Liverpool heeft twee koperblazers binnen de band en zelden hebben we zo&#039;n geweldige toevoeging van het koperwerk gehoord. De warme klanken van de trompet vormen een geweldig contrast met de soms stevig aangezette postrock. Muzikaal beweegt de band ogenschijnlijk moeiteloos tussen postrock, jazzy progrock en postmetal. Daardoor is de band niet eenvoudig weg te stoppen in een hokje en lijken ze wel een eigen genre te hebben ontwikkeld, we noemen het maar trumpet-core. Fans van bands als Whale Fall, *Shels, Coastlands en Eleanora kunnen hier zeker iets mee!\" \/>\n<meta property=\"og:url\" content=\"https:\/\/demistrecords.nl\/de\/produkt\/a-burial-at-sea-a-burial-at-sea\/\" \/>\n<meta property=\"og:site_name\" content=\"De Mist Records\" \/>\n<meta property=\"article:publisher\" content=\"https:\/\/www.facebook.com\/demistrecordsnl\" \/>\n<meta property=\"article:modified_time\" content=\"2024-03-18T12:27:16+00:00\" \/>\n<meta property=\"og:image\" content=\"https:\/\/demistrecords.nl\/wp-content\/uploads\/2021\/03\/A-Burial-At-Sea-A-Burial-At-Sea.jpg\" \/>\n\t<meta property=\"og:image:width\" content=\"2120\" \/>\n\t<meta property=\"og:image:height\" content=\"2120\" \/>\n\t<meta property=\"og:image:type\" content=\"image\/jpeg\" \/>\n<meta name=\"twitter:card\" content=\"summary_large_image\" \/>\n<meta name=\"twitter:site\" content=\"@deathroo1\" \/>\n<meta name=\"twitter:label1\" content=\"Gesch\u00e4tzte Lesezeit\" \/>\n\t<meta name=\"twitter:data1\" content=\"1\u00a0Minute\" \/>\n<script type=\"application\/ld+json\" class=\"yoast-schema-graph\">{\"@context\":\"https:\\\/\\\/schema.org\",\"@graph\":[{\"@type\":[\"WebPage\",\"ItemPage\"],\"@id\":\"https:\\\/\\\/demistrecords.nl\\\/product\\\/a-burial-at-sea-a-burial-at-sea\\\/\",\"url\":\"https:\\\/\\\/demistrecords.nl\\\/product\\\/a-burial-at-sea-a-burial-at-sea\\\/\",\"name\":\"A Burial At Sea - A Burial At Sea\",\"isPartOf\":{\"@id\":\"https:\\\/\\\/demistrecords.nl\\\/#website\"},\"primaryImageOfPage\":{\"@id\":\"https:\\\/\\\/demistrecords.nl\\\/product\\\/a-burial-at-sea-a-burial-at-sea\\\/#primaryimage\"},\"image\":{\"@id\":\"https:\\\/\\\/demistrecords.nl\\\/product\\\/a-burial-at-sea-a-burial-at-sea\\\/#primaryimage\"},\"thumbnailUrl\":\"https:\\\/\\\/demistrecords.nl\\\/wp-content\\\/uploads\\\/2021\\\/03\\\/A-Burial-At-Sea-A-Burial-At-Sea.jpg\",\"datePublished\":\"2021-03-03T12:12:51+00:00\",\"dateModified\":\"2024-03-18T12:27:16+00:00\",\"description\":\"A Burial At Sea uit Liverpool heeft twee koperblazers binnen de band en zelden hebben we zo'n geweldige toevoeging van het koperwerk gehoord. De warme klanken van de trompet vormen een geweldig contrast met de soms stevig aangezette postrock. Muzikaal beweegt de band ogenschijnlijk moeiteloos tussen postrock, jazzy progrock en postmetal. Daardoor is de band niet eenvoudig weg te stoppen in een hokje en lijken ze wel een eigen genre te hebben ontwikkeld, we noemen het maar trumpet-core. Fans van bands als Whale Fall, *Shels, Coastlands en Eleanora kunnen hier zeker iets mee!\",\"breadcrumb\":{\"@id\":\"https:\\\/\\\/demistrecords.nl\\\/product\\\/a-burial-at-sea-a-burial-at-sea\\\/#breadcrumb\"},\"inLanguage\":\"de\",\"potentialAction\":[{\"@type\":\"ReadAction\",\"target\":[\"https:\\\/\\\/demistrecords.nl\\\/product\\\/a-burial-at-sea-a-burial-at-sea\\\/\"]}]},{\"@type\":\"ImageObject\",\"inLanguage\":\"de\",\"@id\":\"https:\\\/\\\/demistrecords.nl\\\/product\\\/a-burial-at-sea-a-burial-at-sea\\\/#primaryimage\",\"url\":\"https:\\\/\\\/demistrecords.nl\\\/wp-content\\\/uploads\\\/2021\\\/03\\\/A-Burial-At-Sea-A-Burial-At-Sea.jpg\",\"contentUrl\":\"https:\\\/\\\/demistrecords.nl\\\/wp-content\\\/uploads\\\/2021\\\/03\\\/A-Burial-At-Sea-A-Burial-At-Sea.jpg\",\"width\":2120,\"height\":2120},{\"@type\":\"BreadcrumbList\",\"@id\":\"https:\\\/\\\/demistrecords.nl\\\/product\\\/a-burial-at-sea-a-burial-at-sea\\\/#breadcrumb\",\"itemListElement\":[{\"@type\":\"ListItem\",\"position\":1,\"name\":\"Home\",\"item\":\"https:\\\/\\\/demistrecords.nl\\\/\"},{\"@type\":\"ListItem\",\"position\":2,\"name\":\"Shop\",\"item\":\"https:\\\/\\\/demistrecords.nl\\\/shop\\\/\"},{\"@type\":\"ListItem\",\"position\":3,\"name\":\"A Burial At Sea &#8211; A Burial At Sea\"}]},{\"@type\":\"WebSite\",\"@id\":\"https:\\\/\\\/demistrecords.nl\\\/#website\",\"url\":\"https:\\\/\\\/demistrecords.nl\\\/\",\"name\":\"De Mist Records\",\"description\":\"Post-rock and related music\",\"publisher\":{\"@id\":\"https:\\\/\\\/demistrecords.nl\\\/#organization\"},\"potentialAction\":[{\"@type\":\"SearchAction\",\"target\":{\"@type\":\"EntryPoint\",\"urlTemplate\":\"https:\\\/\\\/demistrecords.nl\\\/?s={search_term_string}\"},\"query-input\":{\"@type\":\"PropertyValueSpecification\",\"valueRequired\":true,\"valueName\":\"search_term_string\"}}],\"inLanguage\":\"de\"},{\"@type\":\"Organization\",\"@id\":\"https:\\\/\\\/demistrecords.nl\\\/#organization\",\"name\":\"De Mist Records\",\"url\":\"https:\\\/\\\/demistrecords.nl\\\/\",\"logo\":{\"@type\":\"ImageObject\",\"inLanguage\":\"de\",\"@id\":\"https:\\\/\\\/demistrecords.nl\\\/#\\\/schema\\\/logo\\\/image\\\/\",\"url\":\"https:\\\/\\\/demistrecords.nl\\\/wp-content\\\/uploads\\\/2020\\\/12\\\/logo-de-mist-records-rond.png\",\"contentUrl\":\"https:\\\/\\\/demistrecords.nl\\\/wp-content\\\/uploads\\\/2020\\\/12\\\/logo-de-mist-records-rond.png\",\"width\":500,\"height\":500,\"caption\":\"De Mist Records\"},\"image\":{\"@id\":\"https:\\\/\\\/demistrecords.nl\\\/#\\\/schema\\\/logo\\\/image\\\/\"},\"sameAs\":[\"https:\\\/\\\/www.facebook.com\\\/demistrecordsnl\",\"https:\\\/\\\/x.com\\\/deathroo1\",\"https:\\\/\\\/www.instagram.com\\\/demist_records\\\/\"]}]}<\/script>\n<!-- \/ Yoast SEO plugin. -->","yoast_head_json":{"title":"A Burial At Sea - A Burial At Sea","description":"A Burial At Sea uit Liverpool heeft twee koperblazers binnen de band en zelden hebben we zo'n geweldige toevoeging van het koperwerk gehoord. De warme klanken van de trompet vormen een geweldig contrast met de soms stevig aangezette postrock. Muzikaal beweegt de band ogenschijnlijk moeiteloos tussen postrock, jazzy progrock en postmetal. Daardoor is de band niet eenvoudig weg te stoppen in een hokje en lijken ze wel een eigen genre te hebben ontwikkeld, we noemen het maar trumpet-core. Fans van bands als Whale Fall, *Shels, Coastlands en Eleanora kunnen hier zeker iets mee!","robots":{"index":"index","follow":"follow","max-snippet":"max-snippet:-1","max-image-preview":"max-image-preview:large","max-video-preview":"max-video-preview:-1"},"canonical":"https:\/\/demistrecords.nl\/de\/produkt\/a-burial-at-sea-a-burial-at-sea\/","og_locale":"de_DE","og_type":"article","og_title":"A Burial At Sea - A Burial At Sea","og_description":"A Burial At Sea uit Liverpool heeft twee koperblazers binnen de band en zelden hebben we zo'n geweldige toevoeging van het koperwerk gehoord. De warme klanken van de trompet vormen een geweldig contrast met de soms stevig aangezette postrock. Muzikaal beweegt de band ogenschijnlijk moeiteloos tussen postrock, jazzy progrock en postmetal. Daardoor is de band niet eenvoudig weg te stoppen in een hokje en lijken ze wel een eigen genre te hebben ontwikkeld, we noemen het maar trumpet-core. Fans van bands als Whale Fall, *Shels, Coastlands en Eleanora kunnen hier zeker iets mee!","og_url":"https:\/\/demistrecords.nl\/de\/produkt\/a-burial-at-sea-a-burial-at-sea\/","og_site_name":"De Mist Records","article_publisher":"https:\/\/www.facebook.com\/demistrecordsnl","article_modified_time":"2024-03-18T12:27:16+00:00","og_image":[{"width":2120,"height":2120,"url":"https:\/\/demistrecords.nl\/wp-content\/uploads\/2021\/03\/A-Burial-At-Sea-A-Burial-At-Sea.jpg","type":"image\/jpeg"}],"twitter_card":"summary_large_image","twitter_site":"@deathroo1","twitter_misc":{"Gesch\u00e4tzte Lesezeit":"1\u00a0Minute"},"schema":{"@context":"https:\/\/schema.org","@graph":[{"@type":["WebPage","ItemPage"],"@id":"https:\/\/demistrecords.nl\/product\/a-burial-at-sea-a-burial-at-sea\/","url":"https:\/\/demistrecords.nl\/product\/a-burial-at-sea-a-burial-at-sea\/","name":"A Burial At Sea - A Burial At Sea","isPartOf":{"@id":"https:\/\/demistrecords.nl\/#website"},"primaryImageOfPage":{"@id":"https:\/\/demistrecords.nl\/product\/a-burial-at-sea-a-burial-at-sea\/#primaryimage"},"image":{"@id":"https:\/\/demistrecords.nl\/product\/a-burial-at-sea-a-burial-at-sea\/#primaryimage"},"thumbnailUrl":"https:\/\/demistrecords.nl\/wp-content\/uploads\/2021\/03\/A-Burial-At-Sea-A-Burial-At-Sea.jpg","datePublished":"2021-03-03T12:12:51+00:00","dateModified":"2024-03-18T12:27:16+00:00","description":"A Burial At Sea uit Liverpool heeft twee koperblazers binnen de band en zelden hebben we zo'n geweldige toevoeging van het koperwerk gehoord. De warme klanken van de trompet vormen een geweldig contrast met de soms stevig aangezette postrock. Muzikaal beweegt de band ogenschijnlijk moeiteloos tussen postrock, jazzy progrock en postmetal. Daardoor is de band niet eenvoudig weg te stoppen in een hokje en lijken ze wel een eigen genre te hebben ontwikkeld, we noemen het maar trumpet-core. Fans van bands als Whale Fall, *Shels, Coastlands en Eleanora kunnen hier zeker iets mee!","breadcrumb":{"@id":"https:\/\/demistrecords.nl\/product\/a-burial-at-sea-a-burial-at-sea\/#breadcrumb"},"inLanguage":"de","potentialAction":[{"@type":"ReadAction","target":["https:\/\/demistrecords.nl\/product\/a-burial-at-sea-a-burial-at-sea\/"]}]},{"@type":"ImageObject","inLanguage":"de","@id":"https:\/\/demistrecords.nl\/product\/a-burial-at-sea-a-burial-at-sea\/#primaryimage","url":"https:\/\/demistrecords.nl\/wp-content\/uploads\/2021\/03\/A-Burial-At-Sea-A-Burial-At-Sea.jpg","contentUrl":"https:\/\/demistrecords.nl\/wp-content\/uploads\/2021\/03\/A-Burial-At-Sea-A-Burial-At-Sea.jpg","width":2120,"height":2120},{"@type":"BreadcrumbList","@id":"https:\/\/demistrecords.nl\/product\/a-burial-at-sea-a-burial-at-sea\/#breadcrumb","itemListElement":[{"@type":"ListItem","position":1,"name":"Home","item":"https:\/\/demistrecords.nl\/"},{"@type":"ListItem","position":2,"name":"Shop","item":"https:\/\/demistrecords.nl\/shop\/"},{"@type":"ListItem","position":3,"name":"A Burial At Sea &#8211; A Burial At Sea"}]},{"@type":"WebSite","@id":"https:\/\/demistrecords.nl\/#website","url":"https:\/\/demistrecords.nl\/","name":"De Mist Records","description":"Post-rock and related music","publisher":{"@id":"https:\/\/demistrecords.nl\/#organization"},"potentialAction":[{"@type":"SearchAction","target":{"@type":"EntryPoint","urlTemplate":"https:\/\/demistrecords.nl\/?s={search_term_string}"},"query-input":{"@type":"PropertyValueSpecification","valueRequired":true,"valueName":"search_term_string"}}],"inLanguage":"de"},{"@type":"Organization","@id":"https:\/\/demistrecords.nl\/#organization","name":"De Mist Records","url":"https:\/\/demistrecords.nl\/","logo":{"@type":"ImageObject","inLanguage":"de","@id":"https:\/\/demistrecords.nl\/#\/schema\/logo\/image\/","url":"https:\/\/demistrecords.nl\/wp-content\/uploads\/2020\/12\/logo-de-mist-records-rond.png","contentUrl":"https:\/\/demistrecords.nl\/wp-content\/uploads\/2020\/12\/logo-de-mist-records-rond.png","width":500,"height":500,"caption":"De Mist Records"},"image":{"@id":"https:\/\/demistrecords.nl\/#\/schema\/logo\/image\/"},"sameAs":["https:\/\/www.facebook.com\/demistrecordsnl","https:\/\/x.com\/deathroo1","https:\/\/www.instagram.com\/demist_records\/"]}]}},"_links":{"self":[{"href":"https:\/\/demistrecords.nl\/de\/wp-json\/wp\/v2\/product\/447","targetHints":{"allow":["GET"]}}],"collection":[{"href":"https:\/\/demistrecords.nl\/de\/wp-json\/wp\/v2\/product"}],"about":[{"href":"https:\/\/demistrecords.nl\/de\/wp-json\/wp\/v2\/types\/product"}],"replies":[{"embeddable":true,"href":"https:\/\/demistrecords.nl\/de\/wp-json\/wp\/v2\/comments?post=447"}],"wp:featuredmedia":[{"embeddable":true,"href":"https:\/\/demistrecords.nl\/de\/wp-json\/wp\/v2\/media\/448"}],"wp:attachment":[{"href":"https:\/\/demistrecords.nl\/de\/wp-json\/wp\/v2\/media?parent=447"}],"wp:term":[{"taxonomy":"product_brand","embeddable":true,"href":"https:\/\/demistrecords.nl\/de\/wp-json\/wp\/v2\/product_brand?post=447"},{"taxonomy":"product_cat","embeddable":true,"href":"https:\/\/demistrecords.nl\/de\/wp-json\/wp\/v2\/product_cat?post=447"},{"taxonomy":"product_tag","embeddable":true,"href":"https:\/\/demistrecords.nl\/de\/wp-json\/wp\/v2\/product_tag?post=447"}],"curies":[{"name":"wp","href":"https:\/\/api.w.org\/{rel}","templated":true}]}}