{"id":500,"date":"2021-03-19T12:53:06","date_gmt":"2021-03-19T11:53:06","guid":{"rendered":"https:\/\/demistrecords.nl\/?post_type=product&#038;p=500"},"modified":"2021-11-11T18:57:04","modified_gmt":"2021-11-11T17:57:04","slug":"ranges-confusion-of-tongues","status":"publish","type":"product","link":"https:\/\/demistrecords.nl\/de\/produkt\/ranges-confusion-of-tongues\/","title":{"rendered":"Ranges &#8211; Confusion Of Tongues"},"content":{"rendered":"<p>Dieses wundersch\u00f6n gestaltete Album wurde als Erg\u00e4nzung zum Album Babel ver\u00f6ffentlicht. Die drei Songs auf diesem Album wurden w\u00e4hrend derselben Aufnahmesitzung aufgenommen und geh\u00f6ren daher zusammen. Jede LP enth\u00e4lt einen Song und hat eine siebgedruckte B-Seite und eine eigene farbige Innenh\u00fclle. Alle drei LPs werden mit 180 g gepresst. Gold Vinyl.<\/p>\n<p><iframe style=\"border: 0; width: 100%; height: 42px;\" src=\"https:\/\/bandcamp.com\/EmbeddedPlayer\/album=3730463953\/size=small\/bgcol=333333\/linkcol=0f91ff\/transparent=true\/\" seamless><a href=\"https:\/\/ranges.bandcamp.com\/album\/confusion-of-tongues\">Confusion of Tongues by Ranges<\/a><\/iframe><\/p>","protected":false},"excerpt":{"rendered":"<p>Mit Confusion Of Tongues erhalten Sie ein einzigartiges Exemplar, da diese Auflage weltweit auf 300 St\u00fcck limitiert ist.<\/p>","protected":false},"featured_media":511,"comment_status":"closed","ping_status":"closed","template":"","meta":[],"product_brand":[],"product_cat":[33],"product_tag":[28],"class_list":{"0":"post-500","1":"product","2":"type-product","3":"status-publish","4":"has-post-thumbnail","6":"product_cat-vinyl-12-3xlp","7":"product_tag-post-rock","9":"first","10":"outofstock","11":"taxable","12":"shipping-taxable","13":"purchasable","14":"product-type-simple"},"yoast_head":"<!-- This site is optimized with the Yoast SEO plugin v27.3 - https:\/\/yoast.com\/product\/yoast-seo-wordpress\/ -->\n<title>Ranges - Confusion Of Tongues<\/title>\n<meta name=\"description\" content=\"Met Confusion Of Tongues haal je een uniek exemplaar in huis, want deze oplage is gelimiteerd tot 300 stuks wereldwijd.\" \/>\n<meta name=\"robots\" content=\"index, follow, max-snippet:-1, max-image-preview:large, max-video-preview:-1\" \/>\n<link rel=\"canonical\" href=\"http:\/\/demistrecords.nl\/de\/produkt\/ranges-confusion-of-tongues\/\" \/>\n<meta property=\"og:locale\" content=\"de_DE\" \/>\n<meta property=\"og:type\" content=\"article\" \/>\n<meta property=\"og:title\" content=\"Ranges - Confusion Of Tongues\" \/>\n<meta property=\"og:description\" content=\"Met Confusion Of Tongues haal je een uniek exemplaar in huis, want deze oplage is gelimiteerd tot 300 stuks wereldwijd.\" \/>\n<meta property=\"og:url\" content=\"http:\/\/demistrecords.nl\/de\/produkt\/ranges-confusion-of-tongues\/\" \/>\n<meta property=\"og:site_name\" content=\"De Mist Records\" \/>\n<meta property=\"article:publisher\" content=\"https:\/\/www.facebook.com\/demistrecordsnl\" \/>\n<meta property=\"article:modified_time\" content=\"2021-11-11T17:57:04+00:00\" \/>\n<meta property=\"og:image\" content=\"https:\/\/demistrecords.nl\/wp-content\/uploads\/2021\/03\/confusion_triple-vinyl.jpeg\" \/>\n\t<meta property=\"og:image:width\" content=\"2120\" \/>\n\t<meta property=\"og:image:height\" content=\"2120\" \/>\n\t<meta property=\"og:image:type\" content=\"image\/jpeg\" \/>\n<meta name=\"twitter:card\" content=\"summary_large_image\" \/>\n<meta name=\"twitter:site\" content=\"@deathroo1\" \/>\n<meta name=\"twitter:label1\" content=\"Gesch\u00e4tzte Lesezeit\" \/>\n\t<meta name=\"twitter:data1\" content=\"1\u00a0Minute\" \/>\n<script type=\"application\/ld+json\" class=\"yoast-schema-graph\">{\"@context\":\"https:\\\/\\\/schema.org\",\"@graph\":[{\"@type\":[\"WebPage\",\"ItemPage\"],\"@id\":\"http:\\\/\\\/demistrecords.nl\\\/en\\\/product\\\/ranges-confusion-of-tongues\\\/\",\"url\":\"http:\\\/\\\/demistrecords.nl\\\/en\\\/product\\\/ranges-confusion-of-tongues\\\/\",\"name\":\"Ranges - Confusion Of Tongues\",\"isPartOf\":{\"@id\":\"https:\\\/\\\/demistrecords.nl\\\/#website\"},\"primaryImageOfPage\":{\"@id\":\"http:\\\/\\\/demistrecords.nl\\\/en\\\/product\\\/ranges-confusion-of-tongues\\\/#primaryimage\"},\"image\":{\"@id\":\"http:\\\/\\\/demistrecords.nl\\\/en\\\/product\\\/ranges-confusion-of-tongues\\\/#primaryimage\"},\"thumbnailUrl\":\"https:\\\/\\\/demistrecords.nl\\\/wp-content\\\/uploads\\\/2021\\\/03\\\/confusion_triple-vinyl.jpeg\",\"datePublished\":\"2021-03-19T11:53:06+00:00\",\"dateModified\":\"2021-11-11T17:57:04+00:00\",\"description\":\"Met Confusion Of Tongues haal je een uniek exemplaar in huis, want deze oplage is gelimiteerd tot 300 stuks wereldwijd.\",\"breadcrumb\":{\"@id\":\"http:\\\/\\\/demistrecords.nl\\\/en\\\/product\\\/ranges-confusion-of-tongues\\\/#breadcrumb\"},\"inLanguage\":\"de\",\"potentialAction\":[{\"@type\":\"ReadAction\",\"target\":[\"http:\\\/\\\/demistrecords.nl\\\/en\\\/product\\\/ranges-confusion-of-tongues\\\/\"]}]},{\"@type\":\"ImageObject\",\"inLanguage\":\"de\",\"@id\":\"http:\\\/\\\/demistrecords.nl\\\/en\\\/product\\\/ranges-confusion-of-tongues\\\/#primaryimage\",\"url\":\"https:\\\/\\\/demistrecords.nl\\\/wp-content\\\/uploads\\\/2021\\\/03\\\/confusion_triple-vinyl.jpeg\",\"contentUrl\":\"https:\\\/\\\/demistrecords.nl\\\/wp-content\\\/uploads\\\/2021\\\/03\\\/confusion_triple-vinyl.jpeg\",\"width\":2120,\"height\":2120},{\"@type\":\"BreadcrumbList\",\"@id\":\"http:\\\/\\\/demistrecords.nl\\\/en\\\/product\\\/ranges-confusion-of-tongues\\\/#breadcrumb\",\"itemListElement\":[{\"@type\":\"ListItem\",\"position\":1,\"name\":\"Home\",\"item\":\"https:\\\/\\\/demistrecords.nl\\\/\"},{\"@type\":\"ListItem\",\"position\":2,\"name\":\"Shop\",\"item\":\"https:\\\/\\\/demistrecords.nl\\\/shop\\\/\"},{\"@type\":\"ListItem\",\"position\":3,\"name\":\"Ranges &#8211; Confusion Of Tongues\"}]},{\"@type\":\"WebSite\",\"@id\":\"https:\\\/\\\/demistrecords.nl\\\/#website\",\"url\":\"https:\\\/\\\/demistrecords.nl\\\/\",\"name\":\"De Mist Records\",\"description\":\"Post-rock and related music\",\"publisher\":{\"@id\":\"https:\\\/\\\/demistrecords.nl\\\/#organization\"},\"potentialAction\":[{\"@type\":\"SearchAction\",\"target\":{\"@type\":\"EntryPoint\",\"urlTemplate\":\"https:\\\/\\\/demistrecords.nl\\\/?s={search_term_string}\"},\"query-input\":{\"@type\":\"PropertyValueSpecification\",\"valueRequired\":true,\"valueName\":\"search_term_string\"}}],\"inLanguage\":\"de\"},{\"@type\":\"Organization\",\"@id\":\"https:\\\/\\\/demistrecords.nl\\\/#organization\",\"name\":\"De Mist Records\",\"url\":\"https:\\\/\\\/demistrecords.nl\\\/\",\"logo\":{\"@type\":\"ImageObject\",\"inLanguage\":\"de\",\"@id\":\"https:\\\/\\\/demistrecords.nl\\\/#\\\/schema\\\/logo\\\/image\\\/\",\"url\":\"https:\\\/\\\/demistrecords.nl\\\/wp-content\\\/uploads\\\/2020\\\/12\\\/logo-de-mist-records-rond.png\",\"contentUrl\":\"https:\\\/\\\/demistrecords.nl\\\/wp-content\\\/uploads\\\/2020\\\/12\\\/logo-de-mist-records-rond.png\",\"width\":500,\"height\":500,\"caption\":\"De Mist Records\"},\"image\":{\"@id\":\"https:\\\/\\\/demistrecords.nl\\\/#\\\/schema\\\/logo\\\/image\\\/\"},\"sameAs\":[\"https:\\\/\\\/www.facebook.com\\\/demistrecordsnl\",\"https:\\\/\\\/x.com\\\/deathroo1\",\"https:\\\/\\\/www.instagram.com\\\/demist_records\\\/\"]}]}<\/script>\n<!-- \/ Yoast SEO plugin. -->","yoast_head_json":{"title":"Ranges - Confusion Of Tongues","description":"Mit Confusion Of Tongues erhalten Sie ein einzigartiges Exemplar, da diese Auflage weltweit auf 300 St\u00fcck limitiert ist.","robots":{"index":"index","follow":"follow","max-snippet":"max-snippet:-1","max-image-preview":"max-image-preview:large","max-video-preview":"max-video-preview:-1"},"canonical":"http:\/\/demistrecords.nl\/de\/produkt\/ranges-confusion-of-tongues\/","og_locale":"de_DE","og_type":"article","og_title":"Ranges - Confusion Of Tongues","og_description":"Met Confusion Of Tongues haal je een uniek exemplaar in huis, want deze oplage is gelimiteerd tot 300 stuks wereldwijd.","og_url":"http:\/\/demistrecords.nl\/de\/produkt\/ranges-confusion-of-tongues\/","og_site_name":"De Mist Records","article_publisher":"https:\/\/www.facebook.com\/demistrecordsnl","article_modified_time":"2021-11-11T17:57:04+00:00","og_image":[{"width":2120,"height":2120,"url":"https:\/\/demistrecords.nl\/wp-content\/uploads\/2021\/03\/confusion_triple-vinyl.jpeg","type":"image\/jpeg"}],"twitter_card":"summary_large_image","twitter_site":"@deathroo1","twitter_misc":{"Gesch\u00e4tzte Lesezeit":"1\u00a0Minute"},"schema":{"@context":"https:\/\/schema.org","@graph":[{"@type":["WebPage","ItemPage"],"@id":"http:\/\/demistrecords.nl\/en\/product\/ranges-confusion-of-tongues\/","url":"http:\/\/demistrecords.nl\/en\/product\/ranges-confusion-of-tongues\/","name":"Ranges - Confusion Of Tongues","isPartOf":{"@id":"https:\/\/demistrecords.nl\/#website"},"primaryImageOfPage":{"@id":"http:\/\/demistrecords.nl\/en\/product\/ranges-confusion-of-tongues\/#primaryimage"},"image":{"@id":"http:\/\/demistrecords.nl\/en\/product\/ranges-confusion-of-tongues\/#primaryimage"},"thumbnailUrl":"https:\/\/demistrecords.nl\/wp-content\/uploads\/2021\/03\/confusion_triple-vinyl.jpeg","datePublished":"2021-03-19T11:53:06+00:00","dateModified":"2021-11-11T17:57:04+00:00","description":"Mit Confusion Of Tongues erhalten Sie ein einzigartiges Exemplar, da diese Auflage weltweit auf 300 St\u00fcck limitiert ist.","breadcrumb":{"@id":"http:\/\/demistrecords.nl\/en\/product\/ranges-confusion-of-tongues\/#breadcrumb"},"inLanguage":"de","potentialAction":[{"@type":"ReadAction","target":["http:\/\/demistrecords.nl\/en\/product\/ranges-confusion-of-tongues\/"]}]},{"@type":"ImageObject","inLanguage":"de","@id":"http:\/\/demistrecords.nl\/en\/product\/ranges-confusion-of-tongues\/#primaryimage","url":"https:\/\/demistrecords.nl\/wp-content\/uploads\/2021\/03\/confusion_triple-vinyl.jpeg","contentUrl":"https:\/\/demistrecords.nl\/wp-content\/uploads\/2021\/03\/confusion_triple-vinyl.jpeg","width":2120,"height":2120},{"@type":"BreadcrumbList","@id":"http:\/\/demistrecords.nl\/en\/product\/ranges-confusion-of-tongues\/#breadcrumb","itemListElement":[{"@type":"ListItem","position":1,"name":"Home","item":"https:\/\/demistrecords.nl\/"},{"@type":"ListItem","position":2,"name":"Shop","item":"https:\/\/demistrecords.nl\/shop\/"},{"@type":"ListItem","position":3,"name":"Ranges &#8211; Confusion Of Tongues"}]},{"@type":"WebSite","@id":"https:\/\/demistrecords.nl\/#website","url":"https:\/\/demistrecords.nl\/","name":"De Mist Records","description":"Post-rock and related music","publisher":{"@id":"https:\/\/demistrecords.nl\/#organization"},"potentialAction":[{"@type":"SearchAction","target":{"@type":"EntryPoint","urlTemplate":"https:\/\/demistrecords.nl\/?s={search_term_string}"},"query-input":{"@type":"PropertyValueSpecification","valueRequired":true,"valueName":"search_term_string"}}],"inLanguage":"de"},{"@type":"Organization","@id":"https:\/\/demistrecords.nl\/#organization","name":"De Mist Records","url":"https:\/\/demistrecords.nl\/","logo":{"@type":"ImageObject","inLanguage":"de","@id":"https:\/\/demistrecords.nl\/#\/schema\/logo\/image\/","url":"https:\/\/demistrecords.nl\/wp-content\/uploads\/2020\/12\/logo-de-mist-records-rond.png","contentUrl":"https:\/\/demistrecords.nl\/wp-content\/uploads\/2020\/12\/logo-de-mist-records-rond.png","width":500,"height":500,"caption":"De Mist Records"},"image":{"@id":"https:\/\/demistrecords.nl\/#\/schema\/logo\/image\/"},"sameAs":["https:\/\/www.facebook.com\/demistrecordsnl","https:\/\/x.com\/deathroo1","https:\/\/www.instagram.com\/demist_records\/"]}]}},"_links":{"self":[{"href":"https:\/\/demistrecords.nl\/de\/wp-json\/wp\/v2\/product\/500","targetHints":{"allow":["GET"]}}],"collection":[{"href":"https:\/\/demistrecords.nl\/de\/wp-json\/wp\/v2\/product"}],"about":[{"href":"https:\/\/demistrecords.nl\/de\/wp-json\/wp\/v2\/types\/product"}],"replies":[{"embeddable":true,"href":"https:\/\/demistrecords.nl\/de\/wp-json\/wp\/v2\/comments?post=500"}],"wp:featuredmedia":[{"embeddable":true,"href":"https:\/\/demistrecords.nl\/de\/wp-json\/wp\/v2\/media\/511"}],"wp:attachment":[{"href":"https:\/\/demistrecords.nl\/de\/wp-json\/wp\/v2\/media?parent=500"}],"wp:term":[{"taxonomy":"product_brand","embeddable":true,"href":"https:\/\/demistrecords.nl\/de\/wp-json\/wp\/v2\/product_brand?post=500"},{"taxonomy":"product_cat","embeddable":true,"href":"https:\/\/demistrecords.nl\/de\/wp-json\/wp\/v2\/product_cat?post=500"},{"taxonomy":"product_tag","embeddable":true,"href":"https:\/\/demistrecords.nl\/de\/wp-json\/wp\/v2\/product_tag?post=500"}],"curies":[{"name":"wp","href":"https:\/\/api.w.org\/{rel}","templated":true}]}}