{"id":525,"date":"2021-04-02T17:12:11","date_gmt":"2021-04-02T15:12:11","guid":{"rendered":"https:\/\/demistrecords.nl\/?post_type=product&#038;p=525"},"modified":"2024-07-25T13:46:04","modified_gmt":"2024-07-25T11:46:04","slug":"we-lost-the-sea-departure-songs","status":"publish","type":"product","link":"https:\/\/demistrecords.nl\/de\/produkt\/we-lost-the-sea-departure-songs\/","title":{"rendered":"We Lost The Sea &#8211; Departure Songs"},"content":{"rendered":"<p>Urspr\u00fcnglich wurde \"Departure Songs\" im Jahr 2015 ver\u00f6ffentlicht und ist seitdem ein wahrer Klassiker und oft begehrtes Album. Die Band aus Sidney macht den instrumentalen Post Rock auf diesem Album fast greifbar. Die Geschichte, die dieses Album erz\u00e4hlt, braucht daher keinen Text und keine Erkl\u00e4rung, aber dennoch enth\u00e4lt dieses fantastische Album ein wundersch\u00f6nes 12-seitiges Buch. Wenn es wieder so lange dauert, bis der n\u00e4chste Nachdruck erscheint, sollten Sie dieses Album jetzt besser im Schrank haben.<\/p>\n<p><iframe style=\"border: 0; width: 100%; height: 42px;\" src=\"https:\/\/bandcamp.com\/EmbeddedPlayer\/album=3408776844\/size=small\/bgcol=333333\/linkcol=0f91ff\/transparent=true\/\" seamless=\"\"><a href=\"https:\/\/welostthesea.bandcamp.com\/album\/departure-songs\">Departure Songs by We Lost The Sea<\/a><\/iframe><\/p>","protected":false},"excerpt":{"rendered":"<p>Dit betreft de 4e persing op 180grams vinyl in prachtig &#8216;sea green with milky pulsar&#8217;.<br \/>\nDieses fantastische Album enth\u00e4lt ein wundersch\u00f6nes 12-seitiges Buch.<\/p>","protected":false},"featured_media":527,"comment_status":"closed","ping_status":"closed","template":"","meta":[],"product_brand":[],"product_cat":[16],"product_tag":[28],"class_list":{"0":"post-525","1":"product","2":"type-product","3":"status-publish","4":"has-post-thumbnail","6":"product_cat-vinyl-12-2xlp","7":"product_tag-post-rock","9":"first","10":"outofstock","11":"taxable","12":"shipping-taxable","13":"purchasable","14":"product-type-simple"},"bundled_by":[],"bundle_stock_status":"outofstock","bundle_stock_quantity":0,"bundle_virtual":false,"bundle_layout":"","bundle_add_to_cart_form_location":"","bundle_editable_in_cart":false,"bundle_sold_individually_context":"","bundle_item_grouping":"","bundle_min_size":"","bundle_max_size":"","bundle_price":[],"bundled_items":[],"bundle_sell_ids":[],"yoast_head":"<!-- This site is optimized with the Yoast SEO plugin v27.4 - https:\/\/yoast.com\/product\/yoast-seo-wordpress\/ -->\n<title>We Lost The Sea - Departure Songs<\/title>\n<meta name=\"description\" content=\"Dit betreft de 4e persing op 180grams vinyl in prachtig &#039;sea green with milky pulsar&#039;. Wordt geleverd met een prachtig 12 pagina&#039;s tellend boek.\" \/>\n<meta name=\"robots\" content=\"index, follow, max-snippet:-1, max-image-preview:large, max-video-preview:-1\" \/>\n<link rel=\"canonical\" href=\"https:\/\/demistrecords.nl\/de\/produkt\/we-lost-the-sea-departure-songs\/\" \/>\n<meta property=\"og:locale\" content=\"de_DE\" \/>\n<meta property=\"og:type\" content=\"article\" \/>\n<meta property=\"og:title\" content=\"We Lost The Sea - Departure Songs\" \/>\n<meta property=\"og:description\" content=\"Dit betreft de 4e persing op 180grams vinyl in prachtig &#039;sea green with milky pulsar&#039;. Wordt geleverd met een prachtig 12 pagina&#039;s tellend boek.\" \/>\n<meta property=\"og:url\" content=\"https:\/\/demistrecords.nl\/de\/produkt\/we-lost-the-sea-departure-songs\/\" \/>\n<meta property=\"og:site_name\" content=\"De Mist Records\" \/>\n<meta property=\"article:publisher\" content=\"https:\/\/www.facebook.com\/demistrecordsnl\" \/>\n<meta property=\"article:modified_time\" content=\"2024-07-25T11:46:04+00:00\" \/>\n<meta property=\"og:image\" content=\"https:\/\/demistrecords.nl\/wp-content\/uploads\/2021\/04\/We-Lost-The-Sea-Departure-songs.jpg\" \/>\n\t<meta property=\"og:image:width\" content=\"1664\" \/>\n\t<meta property=\"og:image:height\" content=\"1664\" \/>\n\t<meta property=\"og:image:type\" content=\"image\/jpeg\" \/>\n<meta name=\"twitter:card\" content=\"summary_large_image\" \/>\n<meta name=\"twitter:site\" content=\"@deathroo1\" \/>\n<meta name=\"twitter:label1\" content=\"Gesch\u00e4tzte Lesezeit\" \/>\n\t<meta name=\"twitter:data1\" content=\"1\u00a0Minute\" \/>\n<script type=\"application\/ld+json\" class=\"yoast-schema-graph\">{\"@context\":\"https:\\\/\\\/schema.org\",\"@graph\":[{\"@type\":[\"WebPage\",\"ItemPage\"],\"@id\":\"https:\\\/\\\/demistrecords.nl\\\/product\\\/we-lost-the-sea-departure-songs\\\/\",\"url\":\"https:\\\/\\\/demistrecords.nl\\\/product\\\/we-lost-the-sea-departure-songs\\\/\",\"name\":\"We Lost The Sea - Departure Songs\",\"isPartOf\":{\"@id\":\"https:\\\/\\\/demistrecords.nl\\\/#website\"},\"primaryImageOfPage\":{\"@id\":\"https:\\\/\\\/demistrecords.nl\\\/product\\\/we-lost-the-sea-departure-songs\\\/#primaryimage\"},\"image\":{\"@id\":\"https:\\\/\\\/demistrecords.nl\\\/product\\\/we-lost-the-sea-departure-songs\\\/#primaryimage\"},\"thumbnailUrl\":\"https:\\\/\\\/demistrecords.nl\\\/wp-content\\\/uploads\\\/2021\\\/04\\\/We-Lost-The-Sea-Departure-songs.jpg\",\"datePublished\":\"2021-04-02T15:12:11+00:00\",\"dateModified\":\"2024-07-25T11:46:04+00:00\",\"description\":\"Dit betreft de 4e persing op 180grams vinyl in prachtig 'sea green with milky pulsar'. Wordt geleverd met een prachtig 12 pagina's tellend boek.\",\"breadcrumb\":{\"@id\":\"https:\\\/\\\/demistrecords.nl\\\/product\\\/we-lost-the-sea-departure-songs\\\/#breadcrumb\"},\"inLanguage\":\"de\",\"potentialAction\":[{\"@type\":\"ReadAction\",\"target\":[\"https:\\\/\\\/demistrecords.nl\\\/product\\\/we-lost-the-sea-departure-songs\\\/\"]}]},{\"@type\":\"ImageObject\",\"inLanguage\":\"de\",\"@id\":\"https:\\\/\\\/demistrecords.nl\\\/product\\\/we-lost-the-sea-departure-songs\\\/#primaryimage\",\"url\":\"https:\\\/\\\/demistrecords.nl\\\/wp-content\\\/uploads\\\/2021\\\/04\\\/We-Lost-The-Sea-Departure-songs.jpg\",\"contentUrl\":\"https:\\\/\\\/demistrecords.nl\\\/wp-content\\\/uploads\\\/2021\\\/04\\\/We-Lost-The-Sea-Departure-songs.jpg\",\"width\":1664,\"height\":1664},{\"@type\":\"BreadcrumbList\",\"@id\":\"https:\\\/\\\/demistrecords.nl\\\/product\\\/we-lost-the-sea-departure-songs\\\/#breadcrumb\",\"itemListElement\":[{\"@type\":\"ListItem\",\"position\":1,\"name\":\"Home\",\"item\":\"https:\\\/\\\/demistrecords.nl\\\/\"},{\"@type\":\"ListItem\",\"position\":2,\"name\":\"Shop\",\"item\":\"https:\\\/\\\/demistrecords.nl\\\/shop\\\/\"},{\"@type\":\"ListItem\",\"position\":3,\"name\":\"We Lost The Sea &#8211; Departure Songs\"}]},{\"@type\":\"WebSite\",\"@id\":\"https:\\\/\\\/demistrecords.nl\\\/#website\",\"url\":\"https:\\\/\\\/demistrecords.nl\\\/\",\"name\":\"De Mist Records\",\"description\":\"Post-rock and related music\",\"publisher\":{\"@id\":\"https:\\\/\\\/demistrecords.nl\\\/#organization\"},\"potentialAction\":[{\"@type\":\"SearchAction\",\"target\":{\"@type\":\"EntryPoint\",\"urlTemplate\":\"https:\\\/\\\/demistrecords.nl\\\/?s={search_term_string}\"},\"query-input\":{\"@type\":\"PropertyValueSpecification\",\"valueRequired\":true,\"valueName\":\"search_term_string\"}}],\"inLanguage\":\"de\"},{\"@type\":\"Organization\",\"@id\":\"https:\\\/\\\/demistrecords.nl\\\/#organization\",\"name\":\"De Mist Records\",\"url\":\"https:\\\/\\\/demistrecords.nl\\\/\",\"logo\":{\"@type\":\"ImageObject\",\"inLanguage\":\"de\",\"@id\":\"https:\\\/\\\/demistrecords.nl\\\/#\\\/schema\\\/logo\\\/image\\\/\",\"url\":\"https:\\\/\\\/demistrecords.nl\\\/wp-content\\\/uploads\\\/2020\\\/12\\\/logo-de-mist-records-rond.png\",\"contentUrl\":\"https:\\\/\\\/demistrecords.nl\\\/wp-content\\\/uploads\\\/2020\\\/12\\\/logo-de-mist-records-rond.png\",\"width\":500,\"height\":500,\"caption\":\"De Mist Records\"},\"image\":{\"@id\":\"https:\\\/\\\/demistrecords.nl\\\/#\\\/schema\\\/logo\\\/image\\\/\"},\"sameAs\":[\"https:\\\/\\\/www.facebook.com\\\/demistrecordsnl\",\"https:\\\/\\\/x.com\\\/deathroo1\",\"https:\\\/\\\/www.instagram.com\\\/demist_records\\\/\"]}]}<\/script>\n<!-- \/ Yoast SEO plugin. -->","yoast_head_json":{"title":"We Lost The Sea - Departure Songs","description":"Dit betreft de 4e persing op 180grams vinyl in prachtig 'sea green with milky pulsar'. Wordt geleverd met een prachtig 12 pagina's tellend boek.","robots":{"index":"index","follow":"follow","max-snippet":"max-snippet:-1","max-image-preview":"max-image-preview:large","max-video-preview":"max-video-preview:-1"},"canonical":"https:\/\/demistrecords.nl\/de\/produkt\/we-lost-the-sea-departure-songs\/","og_locale":"de_DE","og_type":"article","og_title":"We Lost The Sea - Departure Songs","og_description":"Dit betreft de 4e persing op 180grams vinyl in prachtig 'sea green with milky pulsar'. Wordt geleverd met een prachtig 12 pagina's tellend boek.","og_url":"https:\/\/demistrecords.nl\/de\/produkt\/we-lost-the-sea-departure-songs\/","og_site_name":"De Mist Records","article_publisher":"https:\/\/www.facebook.com\/demistrecordsnl","article_modified_time":"2024-07-25T11:46:04+00:00","og_image":[{"width":1664,"height":1664,"url":"https:\/\/demistrecords.nl\/wp-content\/uploads\/2021\/04\/We-Lost-The-Sea-Departure-songs.jpg","type":"image\/jpeg"}],"twitter_card":"summary_large_image","twitter_site":"@deathroo1","twitter_misc":{"Gesch\u00e4tzte Lesezeit":"1\u00a0Minute"},"schema":{"@context":"https:\/\/schema.org","@graph":[{"@type":["WebPage","ItemPage"],"@id":"https:\/\/demistrecords.nl\/product\/we-lost-the-sea-departure-songs\/","url":"https:\/\/demistrecords.nl\/product\/we-lost-the-sea-departure-songs\/","name":"We Lost The Sea - Departure Songs","isPartOf":{"@id":"https:\/\/demistrecords.nl\/#website"},"primaryImageOfPage":{"@id":"https:\/\/demistrecords.nl\/product\/we-lost-the-sea-departure-songs\/#primaryimage"},"image":{"@id":"https:\/\/demistrecords.nl\/product\/we-lost-the-sea-departure-songs\/#primaryimage"},"thumbnailUrl":"https:\/\/demistrecords.nl\/wp-content\/uploads\/2021\/04\/We-Lost-The-Sea-Departure-songs.jpg","datePublished":"2021-04-02T15:12:11+00:00","dateModified":"2024-07-25T11:46:04+00:00","description":"Dit betreft de 4e persing op 180grams vinyl in prachtig 'sea green with milky pulsar'. Wordt geleverd met een prachtig 12 pagina's tellend boek.","breadcrumb":{"@id":"https:\/\/demistrecords.nl\/product\/we-lost-the-sea-departure-songs\/#breadcrumb"},"inLanguage":"de","potentialAction":[{"@type":"ReadAction","target":["https:\/\/demistrecords.nl\/product\/we-lost-the-sea-departure-songs\/"]}]},{"@type":"ImageObject","inLanguage":"de","@id":"https:\/\/demistrecords.nl\/product\/we-lost-the-sea-departure-songs\/#primaryimage","url":"https:\/\/demistrecords.nl\/wp-content\/uploads\/2021\/04\/We-Lost-The-Sea-Departure-songs.jpg","contentUrl":"https:\/\/demistrecords.nl\/wp-content\/uploads\/2021\/04\/We-Lost-The-Sea-Departure-songs.jpg","width":1664,"height":1664},{"@type":"BreadcrumbList","@id":"https:\/\/demistrecords.nl\/product\/we-lost-the-sea-departure-songs\/#breadcrumb","itemListElement":[{"@type":"ListItem","position":1,"name":"Home","item":"https:\/\/demistrecords.nl\/"},{"@type":"ListItem","position":2,"name":"Shop","item":"https:\/\/demistrecords.nl\/shop\/"},{"@type":"ListItem","position":3,"name":"We Lost The Sea &#8211; Departure Songs"}]},{"@type":"WebSite","@id":"https:\/\/demistrecords.nl\/#website","url":"https:\/\/demistrecords.nl\/","name":"De Mist Records","description":"Post-rock and related music","publisher":{"@id":"https:\/\/demistrecords.nl\/#organization"},"potentialAction":[{"@type":"SearchAction","target":{"@type":"EntryPoint","urlTemplate":"https:\/\/demistrecords.nl\/?s={search_term_string}"},"query-input":{"@type":"PropertyValueSpecification","valueRequired":true,"valueName":"search_term_string"}}],"inLanguage":"de"},{"@type":"Organization","@id":"https:\/\/demistrecords.nl\/#organization","name":"De Mist Records","url":"https:\/\/demistrecords.nl\/","logo":{"@type":"ImageObject","inLanguage":"de","@id":"https:\/\/demistrecords.nl\/#\/schema\/logo\/image\/","url":"https:\/\/demistrecords.nl\/wp-content\/uploads\/2020\/12\/logo-de-mist-records-rond.png","contentUrl":"https:\/\/demistrecords.nl\/wp-content\/uploads\/2020\/12\/logo-de-mist-records-rond.png","width":500,"height":500,"caption":"De Mist Records"},"image":{"@id":"https:\/\/demistrecords.nl\/#\/schema\/logo\/image\/"},"sameAs":["https:\/\/www.facebook.com\/demistrecordsnl","https:\/\/x.com\/deathroo1","https:\/\/www.instagram.com\/demist_records\/"]}]}},"_links":{"self":[{"href":"https:\/\/demistrecords.nl\/de\/wp-json\/wp\/v2\/product\/525","targetHints":{"allow":["GET"]}}],"collection":[{"href":"https:\/\/demistrecords.nl\/de\/wp-json\/wp\/v2\/product"}],"about":[{"href":"https:\/\/demistrecords.nl\/de\/wp-json\/wp\/v2\/types\/product"}],"replies":[{"embeddable":true,"href":"https:\/\/demistrecords.nl\/de\/wp-json\/wp\/v2\/comments?post=525"}],"wp:featuredmedia":[{"embeddable":true,"href":"https:\/\/demistrecords.nl\/de\/wp-json\/wp\/v2\/media\/527"}],"wp:attachment":[{"href":"https:\/\/demistrecords.nl\/de\/wp-json\/wp\/v2\/media?parent=525"}],"wp:term":[{"taxonomy":"product_brand","embeddable":true,"href":"https:\/\/demistrecords.nl\/de\/wp-json\/wp\/v2\/product_brand?post=525"},{"taxonomy":"product_cat","embeddable":true,"href":"https:\/\/demistrecords.nl\/de\/wp-json\/wp\/v2\/product_cat?post=525"},{"taxonomy":"product_tag","embeddable":true,"href":"https:\/\/demistrecords.nl\/de\/wp-json\/wp\/v2\/product_tag?post=525"}],"curies":[{"name":"wp","href":"https:\/\/api.w.org\/{rel}","templated":true}]}}