{"id":532,"date":"2021-04-04T13:21:44","date_gmt":"2021-04-04T11:21:44","guid":{"rendered":"https:\/\/demistrecords.nl\/?post_type=product&#038;p=532"},"modified":"2025-09-12T13:32:44","modified_gmt":"2025-09-12T11:32:44","slug":"slipmat-vilt-12","status":"publish","type":"product","link":"https:\/\/demistrecords.nl\/de\/produkt\/slipmat-vilt-12\/","title":{"rendered":"Slipmat Filz 12\""},"content":{"rendered":"<p>De onderkant is verstevigd met een lichte grip laag, ideaal voor zowel de all-round DJ, als luisteraars.<\/p>\n<p>Unser Logo ist in der Gr\u00f6\u00dfe des Etiketts gedruckt, sodass Sie mit transparentem Vinyl nicht gest\u00f6rt werden. Diese wei\u00dfe Slipmat sorgt daf\u00fcr, dass Ihr Album noch besser zur Geltung kommt. Dar\u00fcber hinaus bietet es eine gute D\u00e4mpfung, wodurch die Klangqualit\u00e4t verbessert wird.<\/p>","protected":false},"excerpt":{"rendered":"<p>Material: Polyester \/ Filz<br \/>\nDurchmesser: 12inch \/ 30 cm<br \/>\nDicke: ca. 3 mm<br \/>\nGewicht: 41 Gramm (14,5oz)<\/p>","protected":false},"featured_media":533,"comment_status":"closed","ping_status":"closed","template":"","meta":[],"product_brand":[],"product_cat":[39,23],"product_tag":[],"class_list":{"0":"post-532","1":"product","2":"type-product","3":"status-publish","4":"has-post-thumbnail","6":"product_cat-accesoires","7":"product_cat-exclusief","9":"first","10":"instock","11":"taxable","12":"shipping-taxable","13":"purchasable","14":"product-type-simple"},"yoast_head":"<!-- This site is optimized with the Yoast SEO plugin v27.3 - https:\/\/yoast.com\/product\/yoast-seo-wordpress\/ -->\n<title>Slipmat vilt 12&quot;<\/title>\n<meta name=\"description\" content=\"Materiaal: Polyester\/Vilt Doorsnede: 12inch \/ 30cm Dikte: ca. 3mm Gewicht: 41 gram (14,5oz)\" \/>\n<meta name=\"robots\" content=\"index, follow, max-snippet:-1, max-image-preview:large, max-video-preview:-1\" \/>\n<link rel=\"canonical\" href=\"https:\/\/demistrecords.nl\/de\/produkt\/slipmat-vilt-12\/\" \/>\n<meta property=\"og:locale\" content=\"de_DE\" \/>\n<meta property=\"og:type\" content=\"article\" \/>\n<meta property=\"og:title\" content=\"Slipmat vilt 12&quot;\" \/>\n<meta property=\"og:description\" content=\"Materiaal: Polyester\/Vilt Doorsnede: 12inch \/ 30cm Dikte: ca. 3mm Gewicht: 41 gram (14,5oz)\" \/>\n<meta property=\"og:url\" content=\"https:\/\/demistrecords.nl\/de\/produkt\/slipmat-vilt-12\/\" \/>\n<meta property=\"og:site_name\" content=\"De Mist Records\" \/>\n<meta property=\"article:publisher\" content=\"https:\/\/www.facebook.com\/demistrecordsnl\" \/>\n<meta property=\"article:modified_time\" content=\"2025-09-12T11:32:44+00:00\" \/>\n<meta property=\"og:image\" content=\"https:\/\/demistrecords.nl\/wp-content\/uploads\/2021\/04\/Slipmat-uitgeknipt-scaled.jpg\" \/>\n\t<meta property=\"og:image:width\" content=\"2560\" \/>\n\t<meta property=\"og:image:height\" content=\"2364\" \/>\n\t<meta property=\"og:image:type\" content=\"image\/jpeg\" \/>\n<meta name=\"twitter:card\" content=\"summary_large_image\" \/>\n<meta name=\"twitter:site\" content=\"@deathroo1\" \/>\n<meta name=\"twitter:label1\" content=\"Gesch\u00e4tzte Lesezeit\" \/>\n\t<meta name=\"twitter:data1\" content=\"1\u00a0Minute\" \/>\n<script type=\"application\/ld+json\" class=\"yoast-schema-graph\">{\"@context\":\"https:\\\/\\\/schema.org\",\"@graph\":[{\"@type\":[\"WebPage\",\"ItemPage\"],\"@id\":\"https:\\\/\\\/demistrecords.nl\\\/product\\\/slipmat-vilt-12\\\/\",\"url\":\"https:\\\/\\\/demistrecords.nl\\\/product\\\/slipmat-vilt-12\\\/\",\"name\":\"Slipmat vilt 12\\\"\",\"isPartOf\":{\"@id\":\"https:\\\/\\\/demistrecords.nl\\\/#website\"},\"primaryImageOfPage\":{\"@id\":\"https:\\\/\\\/demistrecords.nl\\\/product\\\/slipmat-vilt-12\\\/#primaryimage\"},\"image\":{\"@id\":\"https:\\\/\\\/demistrecords.nl\\\/product\\\/slipmat-vilt-12\\\/#primaryimage\"},\"thumbnailUrl\":\"https:\\\/\\\/demistrecords.nl\\\/wp-content\\\/uploads\\\/2021\\\/04\\\/Slipmat-uitgeknipt-scaled.jpg\",\"datePublished\":\"2021-04-04T11:21:44+00:00\",\"dateModified\":\"2025-09-12T11:32:44+00:00\",\"description\":\"Materiaal: Polyester\\\/Vilt Doorsnede: 12inch \\\/ 30cm Dikte: ca. 3mm Gewicht: 41 gram (14,5oz)\",\"breadcrumb\":{\"@id\":\"https:\\\/\\\/demistrecords.nl\\\/product\\\/slipmat-vilt-12\\\/#breadcrumb\"},\"inLanguage\":\"de\",\"potentialAction\":[{\"@type\":\"ReadAction\",\"target\":[\"https:\\\/\\\/demistrecords.nl\\\/product\\\/slipmat-vilt-12\\\/\"]}]},{\"@type\":\"ImageObject\",\"inLanguage\":\"de\",\"@id\":\"https:\\\/\\\/demistrecords.nl\\\/product\\\/slipmat-vilt-12\\\/#primaryimage\",\"url\":\"https:\\\/\\\/demistrecords.nl\\\/wp-content\\\/uploads\\\/2021\\\/04\\\/Slipmat-uitgeknipt-scaled.jpg\",\"contentUrl\":\"https:\\\/\\\/demistrecords.nl\\\/wp-content\\\/uploads\\\/2021\\\/04\\\/Slipmat-uitgeknipt-scaled.jpg\",\"width\":2560,\"height\":2364},{\"@type\":\"BreadcrumbList\",\"@id\":\"https:\\\/\\\/demistrecords.nl\\\/product\\\/slipmat-vilt-12\\\/#breadcrumb\",\"itemListElement\":[{\"@type\":\"ListItem\",\"position\":1,\"name\":\"Home\",\"item\":\"https:\\\/\\\/demistrecords.nl\\\/\"},{\"@type\":\"ListItem\",\"position\":2,\"name\":\"Shop\",\"item\":\"https:\\\/\\\/demistrecords.nl\\\/shop\\\/\"},{\"@type\":\"ListItem\",\"position\":3,\"name\":\"Slipmat vilt 12&#8243;\"}]},{\"@type\":\"WebSite\",\"@id\":\"https:\\\/\\\/demistrecords.nl\\\/#website\",\"url\":\"https:\\\/\\\/demistrecords.nl\\\/\",\"name\":\"De Mist Records\",\"description\":\"Post-rock and related music\",\"publisher\":{\"@id\":\"https:\\\/\\\/demistrecords.nl\\\/#organization\"},\"potentialAction\":[{\"@type\":\"SearchAction\",\"target\":{\"@type\":\"EntryPoint\",\"urlTemplate\":\"https:\\\/\\\/demistrecords.nl\\\/?s={search_term_string}\"},\"query-input\":{\"@type\":\"PropertyValueSpecification\",\"valueRequired\":true,\"valueName\":\"search_term_string\"}}],\"inLanguage\":\"de\"},{\"@type\":\"Organization\",\"@id\":\"https:\\\/\\\/demistrecords.nl\\\/#organization\",\"name\":\"De Mist Records\",\"url\":\"https:\\\/\\\/demistrecords.nl\\\/\",\"logo\":{\"@type\":\"ImageObject\",\"inLanguage\":\"de\",\"@id\":\"https:\\\/\\\/demistrecords.nl\\\/#\\\/schema\\\/logo\\\/image\\\/\",\"url\":\"https:\\\/\\\/demistrecords.nl\\\/wp-content\\\/uploads\\\/2020\\\/12\\\/logo-de-mist-records-rond.png\",\"contentUrl\":\"https:\\\/\\\/demistrecords.nl\\\/wp-content\\\/uploads\\\/2020\\\/12\\\/logo-de-mist-records-rond.png\",\"width\":500,\"height\":500,\"caption\":\"De Mist Records\"},\"image\":{\"@id\":\"https:\\\/\\\/demistrecords.nl\\\/#\\\/schema\\\/logo\\\/image\\\/\"},\"sameAs\":[\"https:\\\/\\\/www.facebook.com\\\/demistrecordsnl\",\"https:\\\/\\\/x.com\\\/deathroo1\",\"https:\\\/\\\/www.instagram.com\\\/demist_records\\\/\"]}]}<\/script>\n<!-- \/ Yoast SEO plugin. -->","yoast_head_json":{"title":"Slipmat vilt 12\"","description":"Materiaal: Polyester\/Vilt Doorsnede: 12inch \/ 30cm Dikte: ca. 3mm Gewicht: 41 gram (14,5oz)","robots":{"index":"index","follow":"follow","max-snippet":"max-snippet:-1","max-image-preview":"max-image-preview:large","max-video-preview":"max-video-preview:-1"},"canonical":"https:\/\/demistrecords.nl\/de\/produkt\/slipmat-vilt-12\/","og_locale":"de_DE","og_type":"article","og_title":"Slipmat vilt 12\"","og_description":"Materiaal: Polyester\/Vilt Doorsnede: 12inch \/ 30cm Dikte: ca. 3mm Gewicht: 41 gram (14,5oz)","og_url":"https:\/\/demistrecords.nl\/de\/produkt\/slipmat-vilt-12\/","og_site_name":"De Mist Records","article_publisher":"https:\/\/www.facebook.com\/demistrecordsnl","article_modified_time":"2025-09-12T11:32:44+00:00","og_image":[{"width":2560,"height":2364,"url":"https:\/\/demistrecords.nl\/wp-content\/uploads\/2021\/04\/Slipmat-uitgeknipt-scaled.jpg","type":"image\/jpeg"}],"twitter_card":"summary_large_image","twitter_site":"@deathroo1","twitter_misc":{"Gesch\u00e4tzte Lesezeit":"1\u00a0Minute"},"schema":{"@context":"https:\/\/schema.org","@graph":[{"@type":["WebPage","ItemPage"],"@id":"https:\/\/demistrecords.nl\/product\/slipmat-vilt-12\/","url":"https:\/\/demistrecords.nl\/product\/slipmat-vilt-12\/","name":"Slipmat vilt 12\"","isPartOf":{"@id":"https:\/\/demistrecords.nl\/#website"},"primaryImageOfPage":{"@id":"https:\/\/demistrecords.nl\/product\/slipmat-vilt-12\/#primaryimage"},"image":{"@id":"https:\/\/demistrecords.nl\/product\/slipmat-vilt-12\/#primaryimage"},"thumbnailUrl":"https:\/\/demistrecords.nl\/wp-content\/uploads\/2021\/04\/Slipmat-uitgeknipt-scaled.jpg","datePublished":"2021-04-04T11:21:44+00:00","dateModified":"2025-09-12T11:32:44+00:00","description":"Materiaal: Polyester\/Vilt Doorsnede: 12inch \/ 30cm Dikte: ca. 3mm Gewicht: 41 gram (14,5oz)","breadcrumb":{"@id":"https:\/\/demistrecords.nl\/product\/slipmat-vilt-12\/#breadcrumb"},"inLanguage":"de","potentialAction":[{"@type":"ReadAction","target":["https:\/\/demistrecords.nl\/product\/slipmat-vilt-12\/"]}]},{"@type":"ImageObject","inLanguage":"de","@id":"https:\/\/demistrecords.nl\/product\/slipmat-vilt-12\/#primaryimage","url":"https:\/\/demistrecords.nl\/wp-content\/uploads\/2021\/04\/Slipmat-uitgeknipt-scaled.jpg","contentUrl":"https:\/\/demistrecords.nl\/wp-content\/uploads\/2021\/04\/Slipmat-uitgeknipt-scaled.jpg","width":2560,"height":2364},{"@type":"BreadcrumbList","@id":"https:\/\/demistrecords.nl\/product\/slipmat-vilt-12\/#breadcrumb","itemListElement":[{"@type":"ListItem","position":1,"name":"Home","item":"https:\/\/demistrecords.nl\/"},{"@type":"ListItem","position":2,"name":"Shop","item":"https:\/\/demistrecords.nl\/shop\/"},{"@type":"ListItem","position":3,"name":"Slipmat vilt 12&#8243;"}]},{"@type":"WebSite","@id":"https:\/\/demistrecords.nl\/#website","url":"https:\/\/demistrecords.nl\/","name":"De Mist Records","description":"Post-rock and related music","publisher":{"@id":"https:\/\/demistrecords.nl\/#organization"},"potentialAction":[{"@type":"SearchAction","target":{"@type":"EntryPoint","urlTemplate":"https:\/\/demistrecords.nl\/?s={search_term_string}"},"query-input":{"@type":"PropertyValueSpecification","valueRequired":true,"valueName":"search_term_string"}}],"inLanguage":"de"},{"@type":"Organization","@id":"https:\/\/demistrecords.nl\/#organization","name":"De Mist Records","url":"https:\/\/demistrecords.nl\/","logo":{"@type":"ImageObject","inLanguage":"de","@id":"https:\/\/demistrecords.nl\/#\/schema\/logo\/image\/","url":"https:\/\/demistrecords.nl\/wp-content\/uploads\/2020\/12\/logo-de-mist-records-rond.png","contentUrl":"https:\/\/demistrecords.nl\/wp-content\/uploads\/2020\/12\/logo-de-mist-records-rond.png","width":500,"height":500,"caption":"De Mist Records"},"image":{"@id":"https:\/\/demistrecords.nl\/#\/schema\/logo\/image\/"},"sameAs":["https:\/\/www.facebook.com\/demistrecordsnl","https:\/\/x.com\/deathroo1","https:\/\/www.instagram.com\/demist_records\/"]}]}},"_links":{"self":[{"href":"https:\/\/demistrecords.nl\/de\/wp-json\/wp\/v2\/product\/532","targetHints":{"allow":["GET"]}}],"collection":[{"href":"https:\/\/demistrecords.nl\/de\/wp-json\/wp\/v2\/product"}],"about":[{"href":"https:\/\/demistrecords.nl\/de\/wp-json\/wp\/v2\/types\/product"}],"replies":[{"embeddable":true,"href":"https:\/\/demistrecords.nl\/de\/wp-json\/wp\/v2\/comments?post=532"}],"wp:featuredmedia":[{"embeddable":true,"href":"https:\/\/demistrecords.nl\/de\/wp-json\/wp\/v2\/media\/533"}],"wp:attachment":[{"href":"https:\/\/demistrecords.nl\/de\/wp-json\/wp\/v2\/media?parent=532"}],"wp:term":[{"taxonomy":"product_brand","embeddable":true,"href":"https:\/\/demistrecords.nl\/de\/wp-json\/wp\/v2\/product_brand?post=532"},{"taxonomy":"product_cat","embeddable":true,"href":"https:\/\/demistrecords.nl\/de\/wp-json\/wp\/v2\/product_cat?post=532"},{"taxonomy":"product_tag","embeddable":true,"href":"https:\/\/demistrecords.nl\/de\/wp-json\/wp\/v2\/product_tag?post=532"}],"curies":[{"name":"wp","href":"https:\/\/api.w.org\/{rel}","templated":true}]}}