{"id":592,"date":"2021-04-19T09:30:25","date_gmt":"2021-04-19T07:30:25","guid":{"rendered":"https:\/\/demistrecords.nl\/?post_type=product&#038;p=592"},"modified":"2022-03-09T12:20:00","modified_gmt":"2022-03-09T11:20:00","slug":"sagor-som-leder-mot-slutet-ii","status":"publish","type":"product","link":"https:\/\/demistrecords.nl\/de\/produkt\/sagor-som-leder-mot-slutet-ii\/","title":{"rendered":"Sagor Som Leder Mot Slutet &#8211; II"},"content":{"rendered":"<p>Dieses gro\u00dfartige Post-Rock-Album wurde im Januar 2018 von der schwedischen Band Sagor Som Leder Mot Slutet ver\u00f6ffentlicht. Die Band verwendet eine Vielzahl von Instrumenten, um die Musik anzutreiben. Sie k\u00f6nnen Streicher, Keyboards, Blechblasinstrumente h\u00f6ren, vor allem aber viele Gitarren. Von ruhigen, atmosph\u00e4rischen Passagen bis hin zu schweren Gitarrenparts kann man alles erwarten und wurde von Magnus Lindberg (PG.Lost, Russian Circles, Cult Of Luna) perfekt in den Mix aufgenommen.<br \/>\nF\u00fcr Fans von Le Temps Du Loup, Alpha Du Centaure und PG.Lost<\/p>\n<p><iframe style=\"border: 0; width: 100%; height: 42px;\" src=\"https:\/\/bandcamp.com\/EmbeddedPlayer\/album=2435013804\/size=small\/bgcol=333333\/linkcol=0f91ff\/transparent=true\/\" seamless=\"\"><a href=\"https:\/\/sagorsomledermotslutet.bandcamp.com\/album\/ii\">II by Sagor Som Leder Mot Slutet<\/a><\/iframe><\/p>","protected":false},"excerpt":{"rendered":"<p>Limitierte Auflage von 200 St\u00fcck.<br \/>\nGepresst in 2-farbig marmoriertem Vinyl mit 12\" Premium 3mm Spined Sleeves.<\/p>","protected":false},"featured_media":593,"comment_status":"closed","ping_status":"closed","template":"","meta":[],"product_brand":[],"product_cat":[15],"product_tag":[26,28],"class_list":{"0":"post-592","1":"product","2":"type-product","3":"status-publish","4":"has-post-thumbnail","6":"product_cat-vinyl-12-lp","7":"product_tag-post-metal","8":"product_tag-post-rock","10":"first","11":"outofstock","12":"taxable","13":"shipping-taxable","14":"purchasable","15":"product-type-simple"},"bundled_by":[],"bundle_stock_status":"outofstock","bundle_stock_quantity":0,"bundle_virtual":false,"bundle_layout":"","bundle_add_to_cart_form_location":"","bundle_editable_in_cart":false,"bundle_sold_individually_context":"","bundle_item_grouping":"","bundle_min_size":"","bundle_max_size":"","bundle_price":[],"bundled_items":[],"bundle_sell_ids":[],"yoast_head":"<!-- This site is optimized with the Yoast SEO plugin v27.4 - https:\/\/yoast.com\/product\/yoast-seo-wordpress\/ -->\n<title>Sagor Som Leder Mot Slutet - II<\/title>\n<meta name=\"description\" content=\"Gelimiteerde oplage van 200 stuks. Geperst in 2-kleuren gemarmerd vinyl met 12&quot; Premium 3mm Spined Sleeves.\" \/>\n<meta name=\"robots\" content=\"index, follow, max-snippet:-1, max-image-preview:large, max-video-preview:-1\" \/>\n<link rel=\"canonical\" href=\"http:\/\/demistrecords.nl\/de\/produkt\/sagor-som-leder-mot-slutet-ii\/\" \/>\n<meta property=\"og:locale\" content=\"de_DE\" \/>\n<meta property=\"og:type\" content=\"article\" \/>\n<meta property=\"og:title\" content=\"Sagor Som Leder Mot Slutet - II\" \/>\n<meta property=\"og:description\" content=\"Gelimiteerde oplage van 200 stuks. Geperst in 2-kleuren gemarmerd vinyl met 12&quot; Premium 3mm Spined Sleeves.\" \/>\n<meta property=\"og:url\" content=\"http:\/\/demistrecords.nl\/de\/produkt\/sagor-som-leder-mot-slutet-ii\/\" \/>\n<meta property=\"og:site_name\" content=\"De Mist Records\" \/>\n<meta property=\"article:publisher\" content=\"https:\/\/www.facebook.com\/demistrecordsnl\" \/>\n<meta property=\"article:modified_time\" content=\"2022-03-09T11:20:00+00:00\" \/>\n<meta property=\"og:image\" content=\"https:\/\/demistrecords.nl\/wp-content\/uploads\/2021\/04\/Sagor-Som-Leder-Mot-Slutet-II.jpg\" \/>\n\t<meta property=\"og:image:width\" content=\"2120\" \/>\n\t<meta property=\"og:image:height\" content=\"2120\" \/>\n\t<meta property=\"og:image:type\" content=\"image\/jpeg\" \/>\n<meta name=\"twitter:card\" content=\"summary_large_image\" \/>\n<meta name=\"twitter:site\" content=\"@deathroo1\" \/>\n<meta name=\"twitter:label1\" content=\"Gesch\u00e4tzte Lesezeit\" \/>\n\t<meta name=\"twitter:data1\" content=\"1\u00a0Minute\" \/>\n<script type=\"application\/ld+json\" class=\"yoast-schema-graph\">{\"@context\":\"https:\\\/\\\/schema.org\",\"@graph\":[{\"@type\":[\"WebPage\",\"ItemPage\"],\"@id\":\"http:\\\/\\\/demistrecords.nl\\\/en\\\/product\\\/sagor-som-leder-mot-slutet-ii\\\/\",\"url\":\"http:\\\/\\\/demistrecords.nl\\\/en\\\/product\\\/sagor-som-leder-mot-slutet-ii\\\/\",\"name\":\"Sagor Som Leder Mot Slutet - II\",\"isPartOf\":{\"@id\":\"https:\\\/\\\/demistrecords.nl\\\/#website\"},\"primaryImageOfPage\":{\"@id\":\"http:\\\/\\\/demistrecords.nl\\\/en\\\/product\\\/sagor-som-leder-mot-slutet-ii\\\/#primaryimage\"},\"image\":{\"@id\":\"http:\\\/\\\/demistrecords.nl\\\/en\\\/product\\\/sagor-som-leder-mot-slutet-ii\\\/#primaryimage\"},\"thumbnailUrl\":\"https:\\\/\\\/demistrecords.nl\\\/wp-content\\\/uploads\\\/2021\\\/04\\\/Sagor-Som-Leder-Mot-Slutet-II.jpg\",\"datePublished\":\"2021-04-19T07:30:25+00:00\",\"dateModified\":\"2022-03-09T11:20:00+00:00\",\"description\":\"Gelimiteerde oplage van 200 stuks. Geperst in 2-kleuren gemarmerd vinyl met 12\\\" Premium 3mm Spined Sleeves.\",\"breadcrumb\":{\"@id\":\"http:\\\/\\\/demistrecords.nl\\\/en\\\/product\\\/sagor-som-leder-mot-slutet-ii\\\/#breadcrumb\"},\"inLanguage\":\"de\",\"potentialAction\":[{\"@type\":\"ReadAction\",\"target\":[\"http:\\\/\\\/demistrecords.nl\\\/en\\\/product\\\/sagor-som-leder-mot-slutet-ii\\\/\"]}]},{\"@type\":\"ImageObject\",\"inLanguage\":\"de\",\"@id\":\"http:\\\/\\\/demistrecords.nl\\\/en\\\/product\\\/sagor-som-leder-mot-slutet-ii\\\/#primaryimage\",\"url\":\"https:\\\/\\\/demistrecords.nl\\\/wp-content\\\/uploads\\\/2021\\\/04\\\/Sagor-Som-Leder-Mot-Slutet-II.jpg\",\"contentUrl\":\"https:\\\/\\\/demistrecords.nl\\\/wp-content\\\/uploads\\\/2021\\\/04\\\/Sagor-Som-Leder-Mot-Slutet-II.jpg\",\"width\":2120,\"height\":2120},{\"@type\":\"BreadcrumbList\",\"@id\":\"http:\\\/\\\/demistrecords.nl\\\/en\\\/product\\\/sagor-som-leder-mot-slutet-ii\\\/#breadcrumb\",\"itemListElement\":[{\"@type\":\"ListItem\",\"position\":1,\"name\":\"Home\",\"item\":\"https:\\\/\\\/demistrecords.nl\\\/\"},{\"@type\":\"ListItem\",\"position\":2,\"name\":\"Shop\",\"item\":\"https:\\\/\\\/demistrecords.nl\\\/shop\\\/\"},{\"@type\":\"ListItem\",\"position\":3,\"name\":\"Sagor Som Leder Mot Slutet &#8211; II\"}]},{\"@type\":\"WebSite\",\"@id\":\"https:\\\/\\\/demistrecords.nl\\\/#website\",\"url\":\"https:\\\/\\\/demistrecords.nl\\\/\",\"name\":\"De Mist Records\",\"description\":\"Post-rock and related music\",\"publisher\":{\"@id\":\"https:\\\/\\\/demistrecords.nl\\\/#organization\"},\"potentialAction\":[{\"@type\":\"SearchAction\",\"target\":{\"@type\":\"EntryPoint\",\"urlTemplate\":\"https:\\\/\\\/demistrecords.nl\\\/?s={search_term_string}\"},\"query-input\":{\"@type\":\"PropertyValueSpecification\",\"valueRequired\":true,\"valueName\":\"search_term_string\"}}],\"inLanguage\":\"de\"},{\"@type\":\"Organization\",\"@id\":\"https:\\\/\\\/demistrecords.nl\\\/#organization\",\"name\":\"De Mist Records\",\"url\":\"https:\\\/\\\/demistrecords.nl\\\/\",\"logo\":{\"@type\":\"ImageObject\",\"inLanguage\":\"de\",\"@id\":\"https:\\\/\\\/demistrecords.nl\\\/#\\\/schema\\\/logo\\\/image\\\/\",\"url\":\"https:\\\/\\\/demistrecords.nl\\\/wp-content\\\/uploads\\\/2020\\\/12\\\/logo-de-mist-records-rond.png\",\"contentUrl\":\"https:\\\/\\\/demistrecords.nl\\\/wp-content\\\/uploads\\\/2020\\\/12\\\/logo-de-mist-records-rond.png\",\"width\":500,\"height\":500,\"caption\":\"De Mist Records\"},\"image\":{\"@id\":\"https:\\\/\\\/demistrecords.nl\\\/#\\\/schema\\\/logo\\\/image\\\/\"},\"sameAs\":[\"https:\\\/\\\/www.facebook.com\\\/demistrecordsnl\",\"https:\\\/\\\/x.com\\\/deathroo1\",\"https:\\\/\\\/www.instagram.com\\\/demist_records\\\/\"]}]}<\/script>\n<!-- \/ Yoast SEO plugin. -->","yoast_head_json":{"title":"Sagor Som Leder Mot Slutet - II","description":"Gelimiteerde oplage van 200 stuks. Geperst in 2-kleuren gemarmerd vinyl met 12\" Premium 3mm Spined Sleeves.","robots":{"index":"index","follow":"follow","max-snippet":"max-snippet:-1","max-image-preview":"max-image-preview:large","max-video-preview":"max-video-preview:-1"},"canonical":"http:\/\/demistrecords.nl\/de\/produkt\/sagor-som-leder-mot-slutet-ii\/","og_locale":"de_DE","og_type":"article","og_title":"Sagor Som Leder Mot Slutet - II","og_description":"Gelimiteerde oplage van 200 stuks. Geperst in 2-kleuren gemarmerd vinyl met 12\" Premium 3mm Spined Sleeves.","og_url":"http:\/\/demistrecords.nl\/de\/produkt\/sagor-som-leder-mot-slutet-ii\/","og_site_name":"De Mist Records","article_publisher":"https:\/\/www.facebook.com\/demistrecordsnl","article_modified_time":"2022-03-09T11:20:00+00:00","og_image":[{"width":2120,"height":2120,"url":"https:\/\/demistrecords.nl\/wp-content\/uploads\/2021\/04\/Sagor-Som-Leder-Mot-Slutet-II.jpg","type":"image\/jpeg"}],"twitter_card":"summary_large_image","twitter_site":"@deathroo1","twitter_misc":{"Gesch\u00e4tzte Lesezeit":"1\u00a0Minute"},"schema":{"@context":"https:\/\/schema.org","@graph":[{"@type":["WebPage","ItemPage"],"@id":"http:\/\/demistrecords.nl\/en\/product\/sagor-som-leder-mot-slutet-ii\/","url":"http:\/\/demistrecords.nl\/en\/product\/sagor-som-leder-mot-slutet-ii\/","name":"Sagor Som Leder Mot Slutet - II","isPartOf":{"@id":"https:\/\/demistrecords.nl\/#website"},"primaryImageOfPage":{"@id":"http:\/\/demistrecords.nl\/en\/product\/sagor-som-leder-mot-slutet-ii\/#primaryimage"},"image":{"@id":"http:\/\/demistrecords.nl\/en\/product\/sagor-som-leder-mot-slutet-ii\/#primaryimage"},"thumbnailUrl":"https:\/\/demistrecords.nl\/wp-content\/uploads\/2021\/04\/Sagor-Som-Leder-Mot-Slutet-II.jpg","datePublished":"2021-04-19T07:30:25+00:00","dateModified":"2022-03-09T11:20:00+00:00","description":"Gelimiteerde oplage van 200 stuks. Geperst in 2-kleuren gemarmerd vinyl met 12\" Premium 3mm Spined Sleeves.","breadcrumb":{"@id":"http:\/\/demistrecords.nl\/en\/product\/sagor-som-leder-mot-slutet-ii\/#breadcrumb"},"inLanguage":"de","potentialAction":[{"@type":"ReadAction","target":["http:\/\/demistrecords.nl\/en\/product\/sagor-som-leder-mot-slutet-ii\/"]}]},{"@type":"ImageObject","inLanguage":"de","@id":"http:\/\/demistrecords.nl\/en\/product\/sagor-som-leder-mot-slutet-ii\/#primaryimage","url":"https:\/\/demistrecords.nl\/wp-content\/uploads\/2021\/04\/Sagor-Som-Leder-Mot-Slutet-II.jpg","contentUrl":"https:\/\/demistrecords.nl\/wp-content\/uploads\/2021\/04\/Sagor-Som-Leder-Mot-Slutet-II.jpg","width":2120,"height":2120},{"@type":"BreadcrumbList","@id":"http:\/\/demistrecords.nl\/en\/product\/sagor-som-leder-mot-slutet-ii\/#breadcrumb","itemListElement":[{"@type":"ListItem","position":1,"name":"Home","item":"https:\/\/demistrecords.nl\/"},{"@type":"ListItem","position":2,"name":"Shop","item":"https:\/\/demistrecords.nl\/shop\/"},{"@type":"ListItem","position":3,"name":"Sagor Som Leder Mot Slutet &#8211; II"}]},{"@type":"WebSite","@id":"https:\/\/demistrecords.nl\/#website","url":"https:\/\/demistrecords.nl\/","name":"De Mist Records","description":"Post-rock and related music","publisher":{"@id":"https:\/\/demistrecords.nl\/#organization"},"potentialAction":[{"@type":"SearchAction","target":{"@type":"EntryPoint","urlTemplate":"https:\/\/demistrecords.nl\/?s={search_term_string}"},"query-input":{"@type":"PropertyValueSpecification","valueRequired":true,"valueName":"search_term_string"}}],"inLanguage":"de"},{"@type":"Organization","@id":"https:\/\/demistrecords.nl\/#organization","name":"De Mist Records","url":"https:\/\/demistrecords.nl\/","logo":{"@type":"ImageObject","inLanguage":"de","@id":"https:\/\/demistrecords.nl\/#\/schema\/logo\/image\/","url":"https:\/\/demistrecords.nl\/wp-content\/uploads\/2020\/12\/logo-de-mist-records-rond.png","contentUrl":"https:\/\/demistrecords.nl\/wp-content\/uploads\/2020\/12\/logo-de-mist-records-rond.png","width":500,"height":500,"caption":"De Mist Records"},"image":{"@id":"https:\/\/demistrecords.nl\/#\/schema\/logo\/image\/"},"sameAs":["https:\/\/www.facebook.com\/demistrecordsnl","https:\/\/x.com\/deathroo1","https:\/\/www.instagram.com\/demist_records\/"]}]}},"_links":{"self":[{"href":"https:\/\/demistrecords.nl\/de\/wp-json\/wp\/v2\/product\/592","targetHints":{"allow":["GET"]}}],"collection":[{"href":"https:\/\/demistrecords.nl\/de\/wp-json\/wp\/v2\/product"}],"about":[{"href":"https:\/\/demistrecords.nl\/de\/wp-json\/wp\/v2\/types\/product"}],"replies":[{"embeddable":true,"href":"https:\/\/demistrecords.nl\/de\/wp-json\/wp\/v2\/comments?post=592"}],"wp:featuredmedia":[{"embeddable":true,"href":"https:\/\/demistrecords.nl\/de\/wp-json\/wp\/v2\/media\/593"}],"wp:attachment":[{"href":"https:\/\/demistrecords.nl\/de\/wp-json\/wp\/v2\/media?parent=592"}],"wp:term":[{"taxonomy":"product_brand","embeddable":true,"href":"https:\/\/demistrecords.nl\/de\/wp-json\/wp\/v2\/product_brand?post=592"},{"taxonomy":"product_cat","embeddable":true,"href":"https:\/\/demistrecords.nl\/de\/wp-json\/wp\/v2\/product_cat?post=592"},{"taxonomy":"product_tag","embeddable":true,"href":"https:\/\/demistrecords.nl\/de\/wp-json\/wp\/v2\/product_tag?post=592"}],"curies":[{"name":"wp","href":"https:\/\/api.w.org\/{rel}","templated":true}]}}