{"id":619,"date":"2021-04-24T17:45:27","date_gmt":"2021-04-24T15:45:27","guid":{"rendered":"https:\/\/demistrecords.nl\/?post_type=product&#038;p=619"},"modified":"2022-03-07T13:22:04","modified_gmt":"2022-03-07T12:22:04","slug":"les-discrets-septembre-et-ses-dernieres-pensees","status":"publish","type":"product","link":"https:\/\/demistrecords.nl\/de\/produkt\/les-discrets-septembre-et-ses-dernieres-pensees\/","title":{"rendered":"Les Discrets &#8211; Septembre Et Ses Derni\u00e8res Pens\u00e9es"},"content":{"rendered":"<p>Dieses angesehene Deb\u00fctalbum von Les Discrets wurde 10 Jahre nach seiner urspr\u00fcnglichen Ver\u00f6ffentlichung erneut ver\u00f6ffentlicht. Der Shoegaze in Kombination mit Post Rock wird manchmal durch Einfl\u00fcsse von Trip Hop, Folk und Indie Rock erg\u00e4nzt. Das Konzeptalbum besch\u00e4ftigt sich mit der Dreifaltigkeit von Natur, Liebe und Tod. Sehr zu empfehlen, wenn Sie ein Fan von Bands wie Alcest, Lantl\u00f4s, Ghost Brigade oder Woods Of Ypres sind.<\/p>\n<p><iframe style=\"border: 0; width: 100%; height: 42px;\" src=\"https:\/\/bandcamp.com\/EmbeddedPlayer\/album=3025531630\/size=small\/bgcol=333333\/linkcol=0f91ff\/transparent=true\/\" seamless=\"\"><a href=\"https:\/\/les-discrets.bandcamp.com\/album\/septembre-et-ses-derni-res-pens-es\">Septembre Et Ses Derni\u00e8res Pens\u00e9es by Les Discrets<\/a><\/iframe><\/p>","protected":false},"excerpt":{"rendered":"<p>Limitierte Auflage von 500 St\u00fcck auf 180 g violettem transparentem Vinyl mit bedruckter Innenh\u00fclle und Schutzh\u00fclle.<\/p>","protected":false},"featured_media":621,"comment_status":"closed","ping_status":"closed","template":"","meta":[],"product_brand":[],"product_cat":[15],"product_tag":[27,28,37],"class_list":{"0":"post-619","1":"product","2":"type-product","3":"status-publish","4":"has-post-thumbnail","6":"product_cat-vinyl-12-lp","7":"product_tag-post-black-metal","8":"product_tag-post-rock","9":"product_tag-shoegaze","11":"first","12":"outofstock","13":"taxable","14":"shipping-taxable","15":"purchasable","16":"product-type-simple"},"bundled_by":[],"bundle_stock_status":"outofstock","bundle_stock_quantity":0,"bundle_virtual":false,"bundle_layout":"","bundle_add_to_cart_form_location":"","bundle_editable_in_cart":false,"bundle_sold_individually_context":"","bundle_item_grouping":"","bundle_min_size":"","bundle_max_size":"","bundle_price":[],"bundled_items":[],"bundle_sell_ids":[],"yoast_head":"<!-- This site is optimized with the Yoast SEO plugin v27.3 - https:\/\/yoast.com\/product\/yoast-seo-wordpress\/ -->\n<title>Les Discrets - Septembre Et Ses Derni\u00e8res Pens\u00e9es<\/title>\n<meta name=\"description\" content=\"Gelimiteerde oplage van 500 stuks op 180gr violet transparant vinyl met bedrukte binnenhoes en beschermhoes.\" \/>\n<meta name=\"robots\" content=\"index, follow, max-snippet:-1, max-image-preview:large, max-video-preview:-1\" \/>\n<link rel=\"canonical\" href=\"https:\/\/demistrecords.nl\/de\/produkt\/les-discrets-septembre-et-ses-dernieres-pensees\/\" \/>\n<meta property=\"og:locale\" content=\"de_DE\" \/>\n<meta property=\"og:type\" content=\"article\" \/>\n<meta property=\"og:title\" content=\"Les Discrets - Septembre Et Ses Derni\u00e8res Pens\u00e9es\" \/>\n<meta property=\"og:description\" content=\"Gelimiteerde oplage van 500 stuks op 180gr violet transparant vinyl met bedrukte binnenhoes en beschermhoes.\" \/>\n<meta property=\"og:url\" content=\"https:\/\/demistrecords.nl\/de\/produkt\/les-discrets-septembre-et-ses-dernieres-pensees\/\" \/>\n<meta property=\"og:site_name\" content=\"De Mist Records\" \/>\n<meta property=\"article:publisher\" content=\"https:\/\/www.facebook.com\/demistrecordsnl\" \/>\n<meta property=\"article:modified_time\" content=\"2022-03-07T12:22:04+00:00\" \/>\n<meta property=\"og:image\" content=\"https:\/\/demistrecords.nl\/wp-content\/uploads\/2021\/04\/Les-Discrets-Septembre-Et-Ses-Dernieres-Pensees.jpg\" \/>\n\t<meta property=\"og:image:width\" content=\"2120\" \/>\n\t<meta property=\"og:image:height\" content=\"2120\" \/>\n\t<meta property=\"og:image:type\" content=\"image\/jpeg\" \/>\n<meta name=\"twitter:card\" content=\"summary_large_image\" \/>\n<meta name=\"twitter:site\" content=\"@deathroo1\" \/>\n<script type=\"application\/ld+json\" class=\"yoast-schema-graph\">{\"@context\":\"https:\\\/\\\/schema.org\",\"@graph\":[{\"@type\":[\"WebPage\",\"ItemPage\"],\"@id\":\"https:\\\/\\\/demistrecords.nl\\\/product\\\/les-discrets-septembre-et-ses-dernieres-pensees\\\/\",\"url\":\"https:\\\/\\\/demistrecords.nl\\\/product\\\/les-discrets-septembre-et-ses-dernieres-pensees\\\/\",\"name\":\"Les Discrets - Septembre Et Ses Derni\u00e8res Pens\u00e9es\",\"isPartOf\":{\"@id\":\"https:\\\/\\\/demistrecords.nl\\\/#website\"},\"primaryImageOfPage\":{\"@id\":\"https:\\\/\\\/demistrecords.nl\\\/product\\\/les-discrets-septembre-et-ses-dernieres-pensees\\\/#primaryimage\"},\"image\":{\"@id\":\"https:\\\/\\\/demistrecords.nl\\\/product\\\/les-discrets-septembre-et-ses-dernieres-pensees\\\/#primaryimage\"},\"thumbnailUrl\":\"https:\\\/\\\/demistrecords.nl\\\/wp-content\\\/uploads\\\/2021\\\/04\\\/Les-Discrets-Septembre-Et-Ses-Dernieres-Pensees.jpg\",\"datePublished\":\"2021-04-24T15:45:27+00:00\",\"dateModified\":\"2022-03-07T12:22:04+00:00\",\"description\":\"Gelimiteerde oplage van 500 stuks op 180gr violet transparant vinyl met bedrukte binnenhoes en beschermhoes.\",\"breadcrumb\":{\"@id\":\"https:\\\/\\\/demistrecords.nl\\\/product\\\/les-discrets-septembre-et-ses-dernieres-pensees\\\/#breadcrumb\"},\"inLanguage\":\"de\",\"potentialAction\":[{\"@type\":\"ReadAction\",\"target\":[\"https:\\\/\\\/demistrecords.nl\\\/product\\\/les-discrets-septembre-et-ses-dernieres-pensees\\\/\"]}]},{\"@type\":\"ImageObject\",\"inLanguage\":\"de\",\"@id\":\"https:\\\/\\\/demistrecords.nl\\\/product\\\/les-discrets-septembre-et-ses-dernieres-pensees\\\/#primaryimage\",\"url\":\"https:\\\/\\\/demistrecords.nl\\\/wp-content\\\/uploads\\\/2021\\\/04\\\/Les-Discrets-Septembre-Et-Ses-Dernieres-Pensees.jpg\",\"contentUrl\":\"https:\\\/\\\/demistrecords.nl\\\/wp-content\\\/uploads\\\/2021\\\/04\\\/Les-Discrets-Septembre-Et-Ses-Dernieres-Pensees.jpg\",\"width\":2120,\"height\":2120},{\"@type\":\"BreadcrumbList\",\"@id\":\"https:\\\/\\\/demistrecords.nl\\\/product\\\/les-discrets-septembre-et-ses-dernieres-pensees\\\/#breadcrumb\",\"itemListElement\":[{\"@type\":\"ListItem\",\"position\":1,\"name\":\"Home\",\"item\":\"https:\\\/\\\/demistrecords.nl\\\/\"},{\"@type\":\"ListItem\",\"position\":2,\"name\":\"Shop\",\"item\":\"https:\\\/\\\/demistrecords.nl\\\/shop\\\/\"},{\"@type\":\"ListItem\",\"position\":3,\"name\":\"Les Discrets &#8211; Septembre Et Ses Derni\u00e8res Pens\u00e9es\"}]},{\"@type\":\"WebSite\",\"@id\":\"https:\\\/\\\/demistrecords.nl\\\/#website\",\"url\":\"https:\\\/\\\/demistrecords.nl\\\/\",\"name\":\"De Mist Records\",\"description\":\"Post-rock and related music\",\"publisher\":{\"@id\":\"https:\\\/\\\/demistrecords.nl\\\/#organization\"},\"potentialAction\":[{\"@type\":\"SearchAction\",\"target\":{\"@type\":\"EntryPoint\",\"urlTemplate\":\"https:\\\/\\\/demistrecords.nl\\\/?s={search_term_string}\"},\"query-input\":{\"@type\":\"PropertyValueSpecification\",\"valueRequired\":true,\"valueName\":\"search_term_string\"}}],\"inLanguage\":\"de\"},{\"@type\":\"Organization\",\"@id\":\"https:\\\/\\\/demistrecords.nl\\\/#organization\",\"name\":\"De Mist Records\",\"url\":\"https:\\\/\\\/demistrecords.nl\\\/\",\"logo\":{\"@type\":\"ImageObject\",\"inLanguage\":\"de\",\"@id\":\"https:\\\/\\\/demistrecords.nl\\\/#\\\/schema\\\/logo\\\/image\\\/\",\"url\":\"https:\\\/\\\/demistrecords.nl\\\/wp-content\\\/uploads\\\/2020\\\/12\\\/logo-de-mist-records-rond.png\",\"contentUrl\":\"https:\\\/\\\/demistrecords.nl\\\/wp-content\\\/uploads\\\/2020\\\/12\\\/logo-de-mist-records-rond.png\",\"width\":500,\"height\":500,\"caption\":\"De Mist Records\"},\"image\":{\"@id\":\"https:\\\/\\\/demistrecords.nl\\\/#\\\/schema\\\/logo\\\/image\\\/\"},\"sameAs\":[\"https:\\\/\\\/www.facebook.com\\\/demistrecordsnl\",\"https:\\\/\\\/x.com\\\/deathroo1\",\"https:\\\/\\\/www.instagram.com\\\/demist_records\\\/\"]}]}<\/script>\n<!-- \/ Yoast SEO plugin. -->","yoast_head_json":{"title":"Les Discrets - Septembre Et Ses Derni\u00e8res Pens\u00e9es","description":"Limitierte Auflage von 500 St\u00fcck auf 180 g violettem transparentem Vinyl mit bedruckter Innenh\u00fclle und Schutzh\u00fclle.","robots":{"index":"index","follow":"follow","max-snippet":"max-snippet:-1","max-image-preview":"max-image-preview:large","max-video-preview":"max-video-preview:-1"},"canonical":"https:\/\/demistrecords.nl\/de\/produkt\/les-discrets-septembre-et-ses-dernieres-pensees\/","og_locale":"de_DE","og_type":"article","og_title":"Les Discrets - Septembre Et Ses Derni\u00e8res Pens\u00e9es","og_description":"Gelimiteerde oplage van 500 stuks op 180gr violet transparant vinyl met bedrukte binnenhoes en beschermhoes.","og_url":"https:\/\/demistrecords.nl\/de\/produkt\/les-discrets-septembre-et-ses-dernieres-pensees\/","og_site_name":"De Mist Records","article_publisher":"https:\/\/www.facebook.com\/demistrecordsnl","article_modified_time":"2022-03-07T12:22:04+00:00","og_image":[{"width":2120,"height":2120,"url":"https:\/\/demistrecords.nl\/wp-content\/uploads\/2021\/04\/Les-Discrets-Septembre-Et-Ses-Dernieres-Pensees.jpg","type":"image\/jpeg"}],"twitter_card":"summary_large_image","twitter_site":"@deathroo1","schema":{"@context":"https:\/\/schema.org","@graph":[{"@type":["WebPage","ItemPage"],"@id":"https:\/\/demistrecords.nl\/product\/les-discrets-septembre-et-ses-dernieres-pensees\/","url":"https:\/\/demistrecords.nl\/product\/les-discrets-septembre-et-ses-dernieres-pensees\/","name":"Les Discrets - Septembre Et Ses Derni\u00e8res Pens\u00e9es","isPartOf":{"@id":"https:\/\/demistrecords.nl\/#website"},"primaryImageOfPage":{"@id":"https:\/\/demistrecords.nl\/product\/les-discrets-septembre-et-ses-dernieres-pensees\/#primaryimage"},"image":{"@id":"https:\/\/demistrecords.nl\/product\/les-discrets-septembre-et-ses-dernieres-pensees\/#primaryimage"},"thumbnailUrl":"https:\/\/demistrecords.nl\/wp-content\/uploads\/2021\/04\/Les-Discrets-Septembre-Et-Ses-Dernieres-Pensees.jpg","datePublished":"2021-04-24T15:45:27+00:00","dateModified":"2022-03-07T12:22:04+00:00","description":"Limitierte Auflage von 500 St\u00fcck auf 180 g violettem transparentem Vinyl mit bedruckter Innenh\u00fclle und Schutzh\u00fclle.","breadcrumb":{"@id":"https:\/\/demistrecords.nl\/product\/les-discrets-septembre-et-ses-dernieres-pensees\/#breadcrumb"},"inLanguage":"de","potentialAction":[{"@type":"ReadAction","target":["https:\/\/demistrecords.nl\/product\/les-discrets-septembre-et-ses-dernieres-pensees\/"]}]},{"@type":"ImageObject","inLanguage":"de","@id":"https:\/\/demistrecords.nl\/product\/les-discrets-septembre-et-ses-dernieres-pensees\/#primaryimage","url":"https:\/\/demistrecords.nl\/wp-content\/uploads\/2021\/04\/Les-Discrets-Septembre-Et-Ses-Dernieres-Pensees.jpg","contentUrl":"https:\/\/demistrecords.nl\/wp-content\/uploads\/2021\/04\/Les-Discrets-Septembre-Et-Ses-Dernieres-Pensees.jpg","width":2120,"height":2120},{"@type":"BreadcrumbList","@id":"https:\/\/demistrecords.nl\/product\/les-discrets-septembre-et-ses-dernieres-pensees\/#breadcrumb","itemListElement":[{"@type":"ListItem","position":1,"name":"Home","item":"https:\/\/demistrecords.nl\/"},{"@type":"ListItem","position":2,"name":"Shop","item":"https:\/\/demistrecords.nl\/shop\/"},{"@type":"ListItem","position":3,"name":"Les Discrets &#8211; Septembre Et Ses Derni\u00e8res Pens\u00e9es"}]},{"@type":"WebSite","@id":"https:\/\/demistrecords.nl\/#website","url":"https:\/\/demistrecords.nl\/","name":"De Mist Records","description":"Post-rock and related music","publisher":{"@id":"https:\/\/demistrecords.nl\/#organization"},"potentialAction":[{"@type":"SearchAction","target":{"@type":"EntryPoint","urlTemplate":"https:\/\/demistrecords.nl\/?s={search_term_string}"},"query-input":{"@type":"PropertyValueSpecification","valueRequired":true,"valueName":"search_term_string"}}],"inLanguage":"de"},{"@type":"Organization","@id":"https:\/\/demistrecords.nl\/#organization","name":"De Mist Records","url":"https:\/\/demistrecords.nl\/","logo":{"@type":"ImageObject","inLanguage":"de","@id":"https:\/\/demistrecords.nl\/#\/schema\/logo\/image\/","url":"https:\/\/demistrecords.nl\/wp-content\/uploads\/2020\/12\/logo-de-mist-records-rond.png","contentUrl":"https:\/\/demistrecords.nl\/wp-content\/uploads\/2020\/12\/logo-de-mist-records-rond.png","width":500,"height":500,"caption":"De Mist Records"},"image":{"@id":"https:\/\/demistrecords.nl\/#\/schema\/logo\/image\/"},"sameAs":["https:\/\/www.facebook.com\/demistrecordsnl","https:\/\/x.com\/deathroo1","https:\/\/www.instagram.com\/demist_records\/"]}]}},"_links":{"self":[{"href":"https:\/\/demistrecords.nl\/de\/wp-json\/wp\/v2\/product\/619","targetHints":{"allow":["GET"]}}],"collection":[{"href":"https:\/\/demistrecords.nl\/de\/wp-json\/wp\/v2\/product"}],"about":[{"href":"https:\/\/demistrecords.nl\/de\/wp-json\/wp\/v2\/types\/product"}],"replies":[{"embeddable":true,"href":"https:\/\/demistrecords.nl\/de\/wp-json\/wp\/v2\/comments?post=619"}],"wp:featuredmedia":[{"embeddable":true,"href":"https:\/\/demistrecords.nl\/de\/wp-json\/wp\/v2\/media\/621"}],"wp:attachment":[{"href":"https:\/\/demistrecords.nl\/de\/wp-json\/wp\/v2\/media?parent=619"}],"wp:term":[{"taxonomy":"product_brand","embeddable":true,"href":"https:\/\/demistrecords.nl\/de\/wp-json\/wp\/v2\/product_brand?post=619"},{"taxonomy":"product_cat","embeddable":true,"href":"https:\/\/demistrecords.nl\/de\/wp-json\/wp\/v2\/product_cat?post=619"},{"taxonomy":"product_tag","embeddable":true,"href":"https:\/\/demistrecords.nl\/de\/wp-json\/wp\/v2\/product_tag?post=619"}],"curies":[{"name":"wp","href":"https:\/\/api.w.org\/{rel}","templated":true}]}}