{"id":636,"date":"2021-05-06T22:10:23","date_gmt":"2021-05-06T20:10:23","guid":{"rendered":"https:\/\/demistrecords.nl\/?post_type=product&#038;p=636"},"modified":"2021-11-11T16:42:06","modified_gmt":"2021-11-11T15:42:06","slug":"whale-fall-sondersongs","status":"publish","type":"product","link":"https:\/\/demistrecords.nl\/de\/produkt\/whale-fall-sondersongs\/","title":{"rendered":"Whale Fall &#8211; Sondersongs"},"content":{"rendered":"<p>Sondersongs ist das dritte Album von Whale Fall aus LA. Der Keyboarder spielt auch Kornett, Fl\u00fcgelhorn und Glockenspiel und das gibt der Musik eine zus\u00e4tzliche Ebene, die diese Band so besonders macht.<\/p>\n<p><iframe style=\"border: 0; width: 100%; height: 42px;\" src=\"https:\/\/bandcamp.com\/EmbeddedPlayer\/album=2520862068\/size=small\/bgcol=333333\/linkcol=0f91ff\/transparent=true\/\" seamless><a href=\"https:\/\/whalefall.bandcamp.com\/album\/sondersongs\">Sondersongs by Whale Fall<\/a><\/iframe><\/p>","protected":false},"excerpt":{"rendered":"<p>Einzigartig f\u00fcr Europa und nur bei uns erh\u00e4ltlich! Die Variante auf wei\u00dfem Vinyl ist \u00fcberall ausverkauft, die letzten konnten wir bekommen. Die zweite auf schwarzes Vinyl Pressen ist auch nur in begrenztem Ma\u00df zur Verf\u00fcgung.<\/p>","protected":false},"featured_media":639,"comment_status":"closed","ping_status":"closed","template":"","meta":[],"product_brand":[],"product_cat":[23,15],"product_tag":[28],"class_list":{"0":"post-636","1":"product","2":"type-product","3":"status-publish","4":"has-post-thumbnail","6":"product_cat-exclusief","7":"product_cat-vinyl-12-lp","8":"product_tag-post-rock","10":"first","11":"outofstock","12":"taxable","13":"shipping-taxable","14":"purchasable","15":"product-type-variable","16":"has-default-attributes"},"bundled_by":[],"bundle_stock_status":"outofstock","bundle_stock_quantity":null,"bundle_virtual":false,"bundle_layout":"","bundle_add_to_cart_form_location":"","bundle_editable_in_cart":false,"bundle_sold_individually_context":"","bundle_item_grouping":"","bundle_min_size":"","bundle_max_size":"","bundle_price":[],"bundled_items":[],"bundle_sell_ids":[],"yoast_head":"<!-- This site is optimized with the Yoast SEO plugin v27.4 - https:\/\/yoast.com\/product\/yoast-seo-wordpress\/ -->\n<title>Whale Fall - Sondersongs<\/title>\n<meta name=\"description\" content=\"Uniek voor Europa en alleen verkrijgbaar bij ons! De variant op wit vinyl is overal uitverkocht, wij hebben de laatsten kunnen bemachtigen. De tweede persing op zwart vinyl is ook nog maar beperkt beschikbaar. Op=op!\" \/>\n<meta name=\"robots\" content=\"index, follow, max-snippet:-1, max-image-preview:large, max-video-preview:-1\" \/>\n<link rel=\"canonical\" href=\"https:\/\/demistrecords.nl\/de\/produkt\/whale-fall-sondersongs\/\" \/>\n<meta property=\"og:locale\" content=\"de_DE\" \/>\n<meta property=\"og:type\" content=\"article\" \/>\n<meta property=\"og:title\" content=\"Whale Fall - Sondersongs\" \/>\n<meta property=\"og:description\" content=\"Uniek voor Europa en alleen verkrijgbaar bij ons! De variant op wit vinyl is overal uitverkocht, wij hebben de laatsten kunnen bemachtigen. De tweede persing op zwart vinyl is ook nog maar beperkt beschikbaar. Op=op!\" \/>\n<meta property=\"og:url\" content=\"https:\/\/demistrecords.nl\/de\/produkt\/whale-fall-sondersongs\/\" \/>\n<meta property=\"og:site_name\" content=\"De Mist Records\" \/>\n<meta property=\"article:publisher\" content=\"https:\/\/www.facebook.com\/demistrecordsnl\" \/>\n<meta property=\"article:modified_time\" content=\"2021-11-11T15:42:06+00:00\" \/>\n<meta property=\"og:image\" content=\"https:\/\/demistrecords.nl\/wp-content\/uploads\/2021\/05\/Whale-Fall-Sondersongs-white.jpg\" \/>\n\t<meta property=\"og:image:width\" content=\"2120\" \/>\n\t<meta property=\"og:image:height\" content=\"2120\" \/>\n\t<meta property=\"og:image:type\" content=\"image\/jpeg\" \/>\n<meta name=\"twitter:card\" content=\"summary_large_image\" \/>\n<meta name=\"twitter:site\" content=\"@deathroo1\" \/>\n<script type=\"application\/ld+json\" class=\"yoast-schema-graph\">{\"@context\":\"https:\\\/\\\/schema.org\",\"@graph\":[{\"@type\":[\"WebPage\",\"ItemPage\"],\"@id\":\"https:\\\/\\\/demistrecords.nl\\\/en\\\/product\\\/whale-fall-sondersongs\\\/\",\"url\":\"https:\\\/\\\/demistrecords.nl\\\/en\\\/product\\\/whale-fall-sondersongs\\\/\",\"name\":\"Whale Fall - Sondersongs\",\"isPartOf\":{\"@id\":\"https:\\\/\\\/demistrecords.nl\\\/#website\"},\"primaryImageOfPage\":{\"@id\":\"https:\\\/\\\/demistrecords.nl\\\/en\\\/product\\\/whale-fall-sondersongs\\\/#primaryimage\"},\"image\":{\"@id\":\"https:\\\/\\\/demistrecords.nl\\\/en\\\/product\\\/whale-fall-sondersongs\\\/#primaryimage\"},\"thumbnailUrl\":\"https:\\\/\\\/demistrecords.nl\\\/wp-content\\\/uploads\\\/2021\\\/05\\\/Whale-Fall-Sondersongs-white.jpg\",\"datePublished\":\"2021-05-06T20:10:23+00:00\",\"dateModified\":\"2021-11-11T15:42:06+00:00\",\"description\":\"Uniek voor Europa en alleen verkrijgbaar bij ons! De variant op wit vinyl is overal uitverkocht, wij hebben de laatsten kunnen bemachtigen. De tweede persing op zwart vinyl is ook nog maar beperkt beschikbaar. Op=op!\",\"breadcrumb\":{\"@id\":\"https:\\\/\\\/demistrecords.nl\\\/en\\\/product\\\/whale-fall-sondersongs\\\/#breadcrumb\"},\"inLanguage\":\"de\",\"potentialAction\":[{\"@type\":\"ReadAction\",\"target\":[\"https:\\\/\\\/demistrecords.nl\\\/en\\\/product\\\/whale-fall-sondersongs\\\/\"]}]},{\"@type\":\"ImageObject\",\"inLanguage\":\"de\",\"@id\":\"https:\\\/\\\/demistrecords.nl\\\/en\\\/product\\\/whale-fall-sondersongs\\\/#primaryimage\",\"url\":\"https:\\\/\\\/demistrecords.nl\\\/wp-content\\\/uploads\\\/2021\\\/05\\\/Whale-Fall-Sondersongs-white.jpg\",\"contentUrl\":\"https:\\\/\\\/demistrecords.nl\\\/wp-content\\\/uploads\\\/2021\\\/05\\\/Whale-Fall-Sondersongs-white.jpg\",\"width\":2120,\"height\":2120},{\"@type\":\"BreadcrumbList\",\"@id\":\"https:\\\/\\\/demistrecords.nl\\\/en\\\/product\\\/whale-fall-sondersongs\\\/#breadcrumb\",\"itemListElement\":[{\"@type\":\"ListItem\",\"position\":1,\"name\":\"Home\",\"item\":\"https:\\\/\\\/demistrecords.nl\\\/\"},{\"@type\":\"ListItem\",\"position\":2,\"name\":\"Shop\",\"item\":\"https:\\\/\\\/demistrecords.nl\\\/shop\\\/\"},{\"@type\":\"ListItem\",\"position\":3,\"name\":\"Whale Fall &#8211; Sondersongs\"}]},{\"@type\":\"WebSite\",\"@id\":\"https:\\\/\\\/demistrecords.nl\\\/#website\",\"url\":\"https:\\\/\\\/demistrecords.nl\\\/\",\"name\":\"De Mist Records\",\"description\":\"Post-rock and related music\",\"publisher\":{\"@id\":\"https:\\\/\\\/demistrecords.nl\\\/#organization\"},\"potentialAction\":[{\"@type\":\"SearchAction\",\"target\":{\"@type\":\"EntryPoint\",\"urlTemplate\":\"https:\\\/\\\/demistrecords.nl\\\/?s={search_term_string}\"},\"query-input\":{\"@type\":\"PropertyValueSpecification\",\"valueRequired\":true,\"valueName\":\"search_term_string\"}}],\"inLanguage\":\"de\"},{\"@type\":\"Organization\",\"@id\":\"https:\\\/\\\/demistrecords.nl\\\/#organization\",\"name\":\"De Mist Records\",\"url\":\"https:\\\/\\\/demistrecords.nl\\\/\",\"logo\":{\"@type\":\"ImageObject\",\"inLanguage\":\"de\",\"@id\":\"https:\\\/\\\/demistrecords.nl\\\/#\\\/schema\\\/logo\\\/image\\\/\",\"url\":\"https:\\\/\\\/demistrecords.nl\\\/wp-content\\\/uploads\\\/2020\\\/12\\\/logo-de-mist-records-rond.png\",\"contentUrl\":\"https:\\\/\\\/demistrecords.nl\\\/wp-content\\\/uploads\\\/2020\\\/12\\\/logo-de-mist-records-rond.png\",\"width\":500,\"height\":500,\"caption\":\"De Mist Records\"},\"image\":{\"@id\":\"https:\\\/\\\/demistrecords.nl\\\/#\\\/schema\\\/logo\\\/image\\\/\"},\"sameAs\":[\"https:\\\/\\\/www.facebook.com\\\/demistrecordsnl\",\"https:\\\/\\\/x.com\\\/deathroo1\",\"https:\\\/\\\/www.instagram.com\\\/demist_records\\\/\"]}]}<\/script>\n<!-- \/ Yoast SEO plugin. -->","yoast_head_json":{"title":"Whale Fall - Sondersongs","description":"Einzigartig f\u00fcr Europa und nur bei uns erh\u00e4ltlich! Die Variante auf wei\u00dfem Vinyl ist \u00fcberall ausverkauft, die letzten konnten wir bekommen. Die zweite auf schwarzes Vinyl Pressen ist auch nur in begrenztem Ma\u00df zur Verf\u00fcgung.","robots":{"index":"index","follow":"follow","max-snippet":"max-snippet:-1","max-image-preview":"max-image-preview:large","max-video-preview":"max-video-preview:-1"},"canonical":"https:\/\/demistrecords.nl\/de\/produkt\/whale-fall-sondersongs\/","og_locale":"de_DE","og_type":"article","og_title":"Whale Fall - Sondersongs","og_description":"Uniek voor Europa en alleen verkrijgbaar bij ons! De variant op wit vinyl is overal uitverkocht, wij hebben de laatsten kunnen bemachtigen. De tweede persing op zwart vinyl is ook nog maar beperkt beschikbaar. Op=op!","og_url":"https:\/\/demistrecords.nl\/de\/produkt\/whale-fall-sondersongs\/","og_site_name":"De Mist Records","article_publisher":"https:\/\/www.facebook.com\/demistrecordsnl","article_modified_time":"2021-11-11T15:42:06+00:00","og_image":[{"width":2120,"height":2120,"url":"https:\/\/demistrecords.nl\/wp-content\/uploads\/2021\/05\/Whale-Fall-Sondersongs-white.jpg","type":"image\/jpeg"}],"twitter_card":"summary_large_image","twitter_site":"@deathroo1","schema":{"@context":"https:\/\/schema.org","@graph":[{"@type":["WebPage","ItemPage"],"@id":"https:\/\/demistrecords.nl\/en\/product\/whale-fall-sondersongs\/","url":"https:\/\/demistrecords.nl\/en\/product\/whale-fall-sondersongs\/","name":"Whale Fall - Sondersongs","isPartOf":{"@id":"https:\/\/demistrecords.nl\/#website"},"primaryImageOfPage":{"@id":"https:\/\/demistrecords.nl\/en\/product\/whale-fall-sondersongs\/#primaryimage"},"image":{"@id":"https:\/\/demistrecords.nl\/en\/product\/whale-fall-sondersongs\/#primaryimage"},"thumbnailUrl":"https:\/\/demistrecords.nl\/wp-content\/uploads\/2021\/05\/Whale-Fall-Sondersongs-white.jpg","datePublished":"2021-05-06T20:10:23+00:00","dateModified":"2021-11-11T15:42:06+00:00","description":"Einzigartig f\u00fcr Europa und nur bei uns erh\u00e4ltlich! Die Variante auf wei\u00dfem Vinyl ist \u00fcberall ausverkauft, die letzten konnten wir bekommen. Die zweite auf schwarzes Vinyl Pressen ist auch nur in begrenztem Ma\u00df zur Verf\u00fcgung.","breadcrumb":{"@id":"https:\/\/demistrecords.nl\/en\/product\/whale-fall-sondersongs\/#breadcrumb"},"inLanguage":"de","potentialAction":[{"@type":"ReadAction","target":["https:\/\/demistrecords.nl\/en\/product\/whale-fall-sondersongs\/"]}]},{"@type":"ImageObject","inLanguage":"de","@id":"https:\/\/demistrecords.nl\/en\/product\/whale-fall-sondersongs\/#primaryimage","url":"https:\/\/demistrecords.nl\/wp-content\/uploads\/2021\/05\/Whale-Fall-Sondersongs-white.jpg","contentUrl":"https:\/\/demistrecords.nl\/wp-content\/uploads\/2021\/05\/Whale-Fall-Sondersongs-white.jpg","width":2120,"height":2120},{"@type":"BreadcrumbList","@id":"https:\/\/demistrecords.nl\/en\/product\/whale-fall-sondersongs\/#breadcrumb","itemListElement":[{"@type":"ListItem","position":1,"name":"Home","item":"https:\/\/demistrecords.nl\/"},{"@type":"ListItem","position":2,"name":"Shop","item":"https:\/\/demistrecords.nl\/shop\/"},{"@type":"ListItem","position":3,"name":"Whale Fall &#8211; Sondersongs"}]},{"@type":"WebSite","@id":"https:\/\/demistrecords.nl\/#website","url":"https:\/\/demistrecords.nl\/","name":"De Mist Records","description":"Post-rock and related music","publisher":{"@id":"https:\/\/demistrecords.nl\/#organization"},"potentialAction":[{"@type":"SearchAction","target":{"@type":"EntryPoint","urlTemplate":"https:\/\/demistrecords.nl\/?s={search_term_string}"},"query-input":{"@type":"PropertyValueSpecification","valueRequired":true,"valueName":"search_term_string"}}],"inLanguage":"de"},{"@type":"Organization","@id":"https:\/\/demistrecords.nl\/#organization","name":"De Mist Records","url":"https:\/\/demistrecords.nl\/","logo":{"@type":"ImageObject","inLanguage":"de","@id":"https:\/\/demistrecords.nl\/#\/schema\/logo\/image\/","url":"https:\/\/demistrecords.nl\/wp-content\/uploads\/2020\/12\/logo-de-mist-records-rond.png","contentUrl":"https:\/\/demistrecords.nl\/wp-content\/uploads\/2020\/12\/logo-de-mist-records-rond.png","width":500,"height":500,"caption":"De Mist Records"},"image":{"@id":"https:\/\/demistrecords.nl\/#\/schema\/logo\/image\/"},"sameAs":["https:\/\/www.facebook.com\/demistrecordsnl","https:\/\/x.com\/deathroo1","https:\/\/www.instagram.com\/demist_records\/"]}]}},"_links":{"self":[{"href":"https:\/\/demistrecords.nl\/de\/wp-json\/wp\/v2\/product\/636","targetHints":{"allow":["GET"]}}],"collection":[{"href":"https:\/\/demistrecords.nl\/de\/wp-json\/wp\/v2\/product"}],"about":[{"href":"https:\/\/demistrecords.nl\/de\/wp-json\/wp\/v2\/types\/product"}],"replies":[{"embeddable":true,"href":"https:\/\/demistrecords.nl\/de\/wp-json\/wp\/v2\/comments?post=636"}],"wp:featuredmedia":[{"embeddable":true,"href":"https:\/\/demistrecords.nl\/de\/wp-json\/wp\/v2\/media\/639"}],"wp:attachment":[{"href":"https:\/\/demistrecords.nl\/de\/wp-json\/wp\/v2\/media?parent=636"}],"wp:term":[{"taxonomy":"product_brand","embeddable":true,"href":"https:\/\/demistrecords.nl\/de\/wp-json\/wp\/v2\/product_brand?post=636"},{"taxonomy":"product_cat","embeddable":true,"href":"https:\/\/demistrecords.nl\/de\/wp-json\/wp\/v2\/product_cat?post=636"},{"taxonomy":"product_tag","embeddable":true,"href":"https:\/\/demistrecords.nl\/de\/wp-json\/wp\/v2\/product_tag?post=636"}],"curies":[{"name":"wp","href":"https:\/\/api.w.org\/{rel}","templated":true}]}}