{"id":694,"date":"2021-06-10T11:10:36","date_gmt":"2021-06-10T09:10:36","guid":{"rendered":"https:\/\/demistrecords.nl\/?post_type=product&#038;p=694"},"modified":"2022-02-16T09:26:21","modified_gmt":"2022-02-16T08:26:21","slug":"whale-fall-the-madrean","status":"publish","type":"product","link":"https:\/\/demistrecords.nl\/de\/produkt\/whale-fall-the-madrean\/","title":{"rendered":"Whale Fall &#8211; The Madrean"},"content":{"rendered":"<p>Dieses weithin respektierte Deb\u00fctalbum von Whale Fall wurde 2014 ver\u00f6ffentlicht und war eine Bombe. Der filmische Post-Rock der Band aus LA mit der Zugabe von Kornett und Fl\u00fcgelhorn hinterlie\u00df weltweit einen vernichtenden Eindruck und machte dieses Album zu einem wahren Klassiker. Tracks wie 'The Dawn Thief' und 'I Shall Sail No More (No More Shall I Sail)' sind mittlerweile Teil unseres kollektiven Ged\u00e4chtnisses. <\/p>\n<p>Dieses Album ist zum ersten Mal in Europa erh\u00e4ltlich, unser Lagerbestand ist jedoch auf nur 5 St\u00fcck begrenzt. <\/p>\n<p><iframe style=\"border: 0; width: 100%; height: 42px;\" src=\"https:\/\/bandcamp.com\/EmbeddedPlayer\/album=3805352776\/size=small\/bgcol=333333\/linkcol=0f91ff\/transparent=true\/\" seamless><a href=\"https:\/\/whalefall.bandcamp.com\/album\/the-madrean\">The Madrean by Whale Fall<\/a><\/iframe><\/p>","protected":false},"excerpt":{"rendered":"<p>Exklusiv in Europa!<\/p>\n<p>Diese Ver\u00f6ffentlichung enth\u00e4lt das Album auf 2 schwarzen 12-Zoll-LPs, verpackt in einem sch\u00f6nen Gatefold-Cover, einschlie\u00dflich eines 10-seitigen, farbigen Booklets mit dem Artwork des preisgekr\u00f6nten Designers Jordan W. Lee.<\/p>","protected":false},"featured_media":695,"comment_status":"closed","ping_status":"closed","template":"","meta":[],"product_brand":[],"product_cat":[23,16],"product_tag":[28],"class_list":{"0":"post-694","1":"product","2":"type-product","3":"status-publish","4":"has-post-thumbnail","6":"product_cat-exclusief","7":"product_cat-vinyl-12-2xlp","8":"product_tag-post-rock","10":"first","11":"outofstock","12":"taxable","13":"shipping-taxable","14":"purchasable","15":"product-type-simple"},"bundled_by":[],"bundle_stock_status":"outofstock","bundle_stock_quantity":0,"bundle_virtual":false,"bundle_layout":"","bundle_add_to_cart_form_location":"","bundle_editable_in_cart":false,"bundle_sold_individually_context":"","bundle_item_grouping":"","bundle_min_size":"","bundle_max_size":"","bundle_price":[],"bundled_items":[],"bundle_sell_ids":[],"yoast_head":"<!-- This site is optimized with the Yoast SEO plugin v27.4 - https:\/\/yoast.com\/product\/yoast-seo-wordpress\/ -->\n<title>Whale Fall - The Madrean<\/title>\n<meta name=\"description\" content=\"Exclusief voor Europa  Deze uitgave bevat het album op 2 zwarte 12-inch LP&#039;s, verpakt in een prachtige gatefold cover inclusief 10 pagina&#039;s tellend full-colour boekwerk met het artwork van de bekroonde ontwerper Jordan W. Lee.\" \/>\n<meta name=\"robots\" content=\"index, follow, max-snippet:-1, max-image-preview:large, max-video-preview:-1\" \/>\n<link rel=\"canonical\" href=\"http:\/\/demistrecords.nl\/de\/produkt\/whale-fall-the-madrean\/\" \/>\n<meta property=\"og:locale\" content=\"de_DE\" \/>\n<meta property=\"og:type\" content=\"article\" \/>\n<meta property=\"og:title\" content=\"Whale Fall - The Madrean\" \/>\n<meta property=\"og:description\" content=\"Exclusief voor Europa  Deze uitgave bevat het album op 2 zwarte 12-inch LP&#039;s, verpakt in een prachtige gatefold cover inclusief 10 pagina&#039;s tellend full-colour boekwerk met het artwork van de bekroonde ontwerper Jordan W. Lee.\" \/>\n<meta property=\"og:url\" content=\"http:\/\/demistrecords.nl\/de\/produkt\/whale-fall-the-madrean\/\" \/>\n<meta property=\"og:site_name\" content=\"De Mist Records\" \/>\n<meta property=\"article:publisher\" content=\"https:\/\/www.facebook.com\/demistrecordsnl\" \/>\n<meta property=\"article:modified_time\" content=\"2022-02-16T08:26:21+00:00\" \/>\n<meta property=\"og:image\" content=\"https:\/\/demistrecords.nl\/wp-content\/uploads\/2021\/06\/Whale-Fall-The-Madrean.jpg\" \/>\n\t<meta property=\"og:image:width\" content=\"2120\" \/>\n\t<meta property=\"og:image:height\" content=\"2120\" \/>\n\t<meta property=\"og:image:type\" content=\"image\/jpeg\" \/>\n<meta name=\"twitter:card\" content=\"summary_large_image\" \/>\n<meta name=\"twitter:site\" content=\"@deathroo1\" \/>\n<script type=\"application\/ld+json\" class=\"yoast-schema-graph\">{\"@context\":\"https:\\\/\\\/schema.org\",\"@graph\":[{\"@type\":[\"WebPage\",\"ItemPage\"],\"@id\":\"http:\\\/\\\/demistrecords.nl\\\/de\\\/produkt\\\/whale-fall-the-madrean\\\/\",\"url\":\"http:\\\/\\\/demistrecords.nl\\\/de\\\/produkt\\\/whale-fall-the-madrean\\\/\",\"name\":\"Whale Fall - The Madrean\",\"isPartOf\":{\"@id\":\"https:\\\/\\\/demistrecords.nl\\\/#website\"},\"primaryImageOfPage\":{\"@id\":\"http:\\\/\\\/demistrecords.nl\\\/de\\\/produkt\\\/whale-fall-the-madrean\\\/#primaryimage\"},\"image\":{\"@id\":\"http:\\\/\\\/demistrecords.nl\\\/de\\\/produkt\\\/whale-fall-the-madrean\\\/#primaryimage\"},\"thumbnailUrl\":\"https:\\\/\\\/demistrecords.nl\\\/wp-content\\\/uploads\\\/2021\\\/06\\\/Whale-Fall-The-Madrean.jpg\",\"datePublished\":\"2021-06-10T09:10:36+00:00\",\"dateModified\":\"2022-02-16T08:26:21+00:00\",\"description\":\"Exclusief voor Europa Deze uitgave bevat het album op 2 zwarte 12-inch LP's, verpakt in een prachtige gatefold cover inclusief 10 pagina's tellend full-colour boekwerk met het artwork van de bekroonde ontwerper Jordan W. Lee.\",\"breadcrumb\":{\"@id\":\"http:\\\/\\\/demistrecords.nl\\\/de\\\/produkt\\\/whale-fall-the-madrean\\\/#breadcrumb\"},\"inLanguage\":\"de\",\"potentialAction\":[{\"@type\":\"ReadAction\",\"target\":[\"http:\\\/\\\/demistrecords.nl\\\/de\\\/produkt\\\/whale-fall-the-madrean\\\/\"]}]},{\"@type\":\"ImageObject\",\"inLanguage\":\"de\",\"@id\":\"http:\\\/\\\/demistrecords.nl\\\/de\\\/produkt\\\/whale-fall-the-madrean\\\/#primaryimage\",\"url\":\"https:\\\/\\\/demistrecords.nl\\\/wp-content\\\/uploads\\\/2021\\\/06\\\/Whale-Fall-The-Madrean.jpg\",\"contentUrl\":\"https:\\\/\\\/demistrecords.nl\\\/wp-content\\\/uploads\\\/2021\\\/06\\\/Whale-Fall-The-Madrean.jpg\",\"width\":2120,\"height\":2120},{\"@type\":\"BreadcrumbList\",\"@id\":\"http:\\\/\\\/demistrecords.nl\\\/de\\\/produkt\\\/whale-fall-the-madrean\\\/#breadcrumb\",\"itemListElement\":[{\"@type\":\"ListItem\",\"position\":1,\"name\":\"Home\",\"item\":\"https:\\\/\\\/demistrecords.nl\\\/\"},{\"@type\":\"ListItem\",\"position\":2,\"name\":\"Shop\",\"item\":\"https:\\\/\\\/demistrecords.nl\\\/shop\\\/\"},{\"@type\":\"ListItem\",\"position\":3,\"name\":\"Whale Fall &#8211; The Madrean\"}]},{\"@type\":\"WebSite\",\"@id\":\"https:\\\/\\\/demistrecords.nl\\\/#website\",\"url\":\"https:\\\/\\\/demistrecords.nl\\\/\",\"name\":\"De Mist Records\",\"description\":\"Post-rock and related music\",\"publisher\":{\"@id\":\"https:\\\/\\\/demistrecords.nl\\\/#organization\"},\"potentialAction\":[{\"@type\":\"SearchAction\",\"target\":{\"@type\":\"EntryPoint\",\"urlTemplate\":\"https:\\\/\\\/demistrecords.nl\\\/?s={search_term_string}\"},\"query-input\":{\"@type\":\"PropertyValueSpecification\",\"valueRequired\":true,\"valueName\":\"search_term_string\"}}],\"inLanguage\":\"de\"},{\"@type\":\"Organization\",\"@id\":\"https:\\\/\\\/demistrecords.nl\\\/#organization\",\"name\":\"De Mist Records\",\"url\":\"https:\\\/\\\/demistrecords.nl\\\/\",\"logo\":{\"@type\":\"ImageObject\",\"inLanguage\":\"de\",\"@id\":\"https:\\\/\\\/demistrecords.nl\\\/#\\\/schema\\\/logo\\\/image\\\/\",\"url\":\"https:\\\/\\\/demistrecords.nl\\\/wp-content\\\/uploads\\\/2020\\\/12\\\/logo-de-mist-records-rond.png\",\"contentUrl\":\"https:\\\/\\\/demistrecords.nl\\\/wp-content\\\/uploads\\\/2020\\\/12\\\/logo-de-mist-records-rond.png\",\"width\":500,\"height\":500,\"caption\":\"De Mist Records\"},\"image\":{\"@id\":\"https:\\\/\\\/demistrecords.nl\\\/#\\\/schema\\\/logo\\\/image\\\/\"},\"sameAs\":[\"https:\\\/\\\/www.facebook.com\\\/demistrecordsnl\",\"https:\\\/\\\/x.com\\\/deathroo1\",\"https:\\\/\\\/www.instagram.com\\\/demist_records\\\/\"]}]}<\/script>\n<!-- \/ Yoast SEO plugin. -->","yoast_head_json":{"title":"Whale Fall - The Madrean","description":"Exclusief voor Europa  Deze uitgave bevat het album op 2 zwarte 12-inch LP's, verpakt in een prachtige gatefold cover inclusief 10 pagina's tellend full-colour boekwerk met het artwork van de bekroonde ontwerper Jordan W. Lee.","robots":{"index":"index","follow":"follow","max-snippet":"max-snippet:-1","max-image-preview":"max-image-preview:large","max-video-preview":"max-video-preview:-1"},"canonical":"http:\/\/demistrecords.nl\/de\/produkt\/whale-fall-the-madrean\/","og_locale":"de_DE","og_type":"article","og_title":"Whale Fall - The Madrean","og_description":"Exclusief voor Europa  Deze uitgave bevat het album op 2 zwarte 12-inch LP's, verpakt in een prachtige gatefold cover inclusief 10 pagina's tellend full-colour boekwerk met het artwork van de bekroonde ontwerper Jordan W. Lee.","og_url":"http:\/\/demistrecords.nl\/de\/produkt\/whale-fall-the-madrean\/","og_site_name":"De Mist Records","article_publisher":"https:\/\/www.facebook.com\/demistrecordsnl","article_modified_time":"2022-02-16T08:26:21+00:00","og_image":[{"width":2120,"height":2120,"url":"https:\/\/demistrecords.nl\/wp-content\/uploads\/2021\/06\/Whale-Fall-The-Madrean.jpg","type":"image\/jpeg"}],"twitter_card":"summary_large_image","twitter_site":"@deathroo1","schema":{"@context":"https:\/\/schema.org","@graph":[{"@type":["WebPage","ItemPage"],"@id":"http:\/\/demistrecords.nl\/de\/produkt\/whale-fall-the-madrean\/","url":"http:\/\/demistrecords.nl\/de\/produkt\/whale-fall-the-madrean\/","name":"Whale Fall - The Madrean","isPartOf":{"@id":"https:\/\/demistrecords.nl\/#website"},"primaryImageOfPage":{"@id":"http:\/\/demistrecords.nl\/de\/produkt\/whale-fall-the-madrean\/#primaryimage"},"image":{"@id":"http:\/\/demistrecords.nl\/de\/produkt\/whale-fall-the-madrean\/#primaryimage"},"thumbnailUrl":"https:\/\/demistrecords.nl\/wp-content\/uploads\/2021\/06\/Whale-Fall-The-Madrean.jpg","datePublished":"2021-06-10T09:10:36+00:00","dateModified":"2022-02-16T08:26:21+00:00","description":"Exclusief voor Europa Deze uitgave bevat het album op 2 zwarte 12-inch LP's, verpakt in een prachtige gatefold cover inclusief 10 pagina's tellend full-colour boekwerk met het artwork van de bekroonde ontwerper Jordan W. Lee.","breadcrumb":{"@id":"http:\/\/demistrecords.nl\/de\/produkt\/whale-fall-the-madrean\/#breadcrumb"},"inLanguage":"de","potentialAction":[{"@type":"ReadAction","target":["http:\/\/demistrecords.nl\/de\/produkt\/whale-fall-the-madrean\/"]}]},{"@type":"ImageObject","inLanguage":"de","@id":"http:\/\/demistrecords.nl\/de\/produkt\/whale-fall-the-madrean\/#primaryimage","url":"https:\/\/demistrecords.nl\/wp-content\/uploads\/2021\/06\/Whale-Fall-The-Madrean.jpg","contentUrl":"https:\/\/demistrecords.nl\/wp-content\/uploads\/2021\/06\/Whale-Fall-The-Madrean.jpg","width":2120,"height":2120},{"@type":"BreadcrumbList","@id":"http:\/\/demistrecords.nl\/de\/produkt\/whale-fall-the-madrean\/#breadcrumb","itemListElement":[{"@type":"ListItem","position":1,"name":"Home","item":"https:\/\/demistrecords.nl\/"},{"@type":"ListItem","position":2,"name":"Shop","item":"https:\/\/demistrecords.nl\/shop\/"},{"@type":"ListItem","position":3,"name":"Whale Fall &#8211; The Madrean"}]},{"@type":"WebSite","@id":"https:\/\/demistrecords.nl\/#website","url":"https:\/\/demistrecords.nl\/","name":"De Mist Records","description":"Post-rock and related music","publisher":{"@id":"https:\/\/demistrecords.nl\/#organization"},"potentialAction":[{"@type":"SearchAction","target":{"@type":"EntryPoint","urlTemplate":"https:\/\/demistrecords.nl\/?s={search_term_string}"},"query-input":{"@type":"PropertyValueSpecification","valueRequired":true,"valueName":"search_term_string"}}],"inLanguage":"de"},{"@type":"Organization","@id":"https:\/\/demistrecords.nl\/#organization","name":"De Mist Records","url":"https:\/\/demistrecords.nl\/","logo":{"@type":"ImageObject","inLanguage":"de","@id":"https:\/\/demistrecords.nl\/#\/schema\/logo\/image\/","url":"https:\/\/demistrecords.nl\/wp-content\/uploads\/2020\/12\/logo-de-mist-records-rond.png","contentUrl":"https:\/\/demistrecords.nl\/wp-content\/uploads\/2020\/12\/logo-de-mist-records-rond.png","width":500,"height":500,"caption":"De Mist Records"},"image":{"@id":"https:\/\/demistrecords.nl\/#\/schema\/logo\/image\/"},"sameAs":["https:\/\/www.facebook.com\/demistrecordsnl","https:\/\/x.com\/deathroo1","https:\/\/www.instagram.com\/demist_records\/"]}]}},"_links":{"self":[{"href":"https:\/\/demistrecords.nl\/de\/wp-json\/wp\/v2\/product\/694","targetHints":{"allow":["GET"]}}],"collection":[{"href":"https:\/\/demistrecords.nl\/de\/wp-json\/wp\/v2\/product"}],"about":[{"href":"https:\/\/demistrecords.nl\/de\/wp-json\/wp\/v2\/types\/product"}],"replies":[{"embeddable":true,"href":"https:\/\/demistrecords.nl\/de\/wp-json\/wp\/v2\/comments?post=694"}],"wp:featuredmedia":[{"embeddable":true,"href":"https:\/\/demistrecords.nl\/de\/wp-json\/wp\/v2\/media\/695"}],"wp:attachment":[{"href":"https:\/\/demistrecords.nl\/de\/wp-json\/wp\/v2\/media?parent=694"}],"wp:term":[{"taxonomy":"product_brand","embeddable":true,"href":"https:\/\/demistrecords.nl\/de\/wp-json\/wp\/v2\/product_brand?post=694"},{"taxonomy":"product_cat","embeddable":true,"href":"https:\/\/demistrecords.nl\/de\/wp-json\/wp\/v2\/product_cat?post=694"},{"taxonomy":"product_tag","embeddable":true,"href":"https:\/\/demistrecords.nl\/de\/wp-json\/wp\/v2\/product_tag?post=694"}],"curies":[{"name":"wp","href":"https:\/\/api.w.org\/{rel}","templated":true}]}}