{"id":725,"date":"2021-07-15T20:07:50","date_gmt":"2021-07-15T18:07:50","guid":{"rendered":"https:\/\/demistrecords.nl\/?post_type=product&#038;p=725"},"modified":"2021-12-01T18:26:04","modified_gmt":"2021-12-01T17:26:04","slug":"mono-requiem-for-hell","status":"publish","type":"product","link":"https:\/\/demistrecords.nl\/de\/produkt\/mono-requiem-for-hell\/","title":{"rendered":"Mono &#8211; Requiem for hell"},"content":{"rendered":"<p>Urspr\u00fcnglich 2016 ver\u00f6ffentlicht. Dieses Album spiegelt alle m\u00f6glichen immateriellen Kontraste wider. Von der Geburt bis zum Tod, von Verlust, Glauben und Hoffnungslosigkeit. Mono ist eine Band, die es versteht, diese Gef\u00fchle wie keine andere in ihrer Musik einzufangen. Das neunte Album der japanischen Band wurde daher zu Recht wiederver\u00f6ffentlicht. Die Band f\u00fchrt die Streicher auf diesem Album wieder ein und das sorgt f\u00fcr einen sch\u00f6nen breiten und dynamischen Sound.<\/p>\n<p><iframe style=\"border: 0; width: 100%; height: 42px;\" src=\"https:\/\/bandcamp.com\/EmbeddedPlayer\/album=100296899\/size=small\/bgcol=333333\/linkcol=0f91ff\/license_id=144\/transparent=true\/\" seamless><a href=\"https:\/\/monoofjapan.bandcamp.com\/album\/requiem-for-hell\">Requiem For Hell by MONO<\/a><\/iframe><\/p>","protected":false},"excerpt":{"rendered":"<p>Rebirth-Edition: Limitierte Auflage von 100 St\u00fcck!<\/p>","protected":false},"featured_media":726,"comment_status":"closed","ping_status":"closed","template":"","meta":[],"product_brand":[],"product_cat":[16],"product_tag":[28],"class_list":{"0":"post-725","1":"product","2":"type-product","3":"status-publish","4":"has-post-thumbnail","6":"product_cat-vinyl-12-2xlp","7":"product_tag-post-rock","9":"first","10":"outofstock","11":"taxable","12":"shipping-taxable","13":"purchasable","14":"product-type-simple"},"bundled_by":[],"bundle_stock_status":"outofstock","bundle_stock_quantity":0,"bundle_virtual":false,"bundle_layout":"","bundle_add_to_cart_form_location":"","bundle_editable_in_cart":false,"bundle_sold_individually_context":"","bundle_item_grouping":"","bundle_min_size":"","bundle_max_size":"","bundle_price":[],"bundled_items":[],"bundle_sell_ids":[],"yoast_head":"<!-- This site is optimized with the Yoast SEO plugin v27.3 - https:\/\/yoast.com\/product\/yoast-seo-wordpress\/ -->\n<title>Mono - Requiem for hell<\/title>\n<meta name=\"description\" content=\"Rebirth edition: Gelimiteerde oplage van 100 stuks!\" \/>\n<meta name=\"robots\" content=\"index, follow, max-snippet:-1, max-image-preview:large, max-video-preview:-1\" \/>\n<link rel=\"canonical\" href=\"http:\/\/demistrecords.nl\/de\/produkt\/mono-requiem-for-hell\/\" \/>\n<meta property=\"og:locale\" content=\"de_DE\" \/>\n<meta property=\"og:type\" content=\"article\" \/>\n<meta property=\"og:title\" content=\"Mono - Requiem for hell\" \/>\n<meta property=\"og:description\" content=\"Rebirth edition: Gelimiteerde oplage van 100 stuks!\" \/>\n<meta property=\"og:url\" content=\"http:\/\/demistrecords.nl\/de\/produkt\/mono-requiem-for-hell\/\" \/>\n<meta property=\"og:site_name\" content=\"De Mist Records\" \/>\n<meta property=\"article:publisher\" content=\"https:\/\/www.facebook.com\/demistrecordsnl\" \/>\n<meta property=\"article:modified_time\" content=\"2021-12-01T17:26:04+00:00\" \/>\n<meta property=\"og:image\" content=\"https:\/\/demistrecords.nl\/wp-content\/uploads\/2021\/07\/Mono-Requiem-for-hell.jpg\" \/>\n\t<meta property=\"og:image:width\" content=\"2000\" \/>\n\t<meta property=\"og:image:height\" content=\"2000\" \/>\n\t<meta property=\"og:image:type\" content=\"image\/jpeg\" \/>\n<meta name=\"twitter:card\" content=\"summary_large_image\" \/>\n<meta name=\"twitter:site\" content=\"@deathroo1\" \/>\n<script type=\"application\/ld+json\" class=\"yoast-schema-graph\">{\"@context\":\"https:\\\/\\\/schema.org\",\"@graph\":[{\"@type\":[\"WebPage\",\"ItemPage\"],\"@id\":\"http:\\\/\\\/demistrecords.nl\\\/en\\\/product\\\/mono-requiem-for-hell\\\/\",\"url\":\"http:\\\/\\\/demistrecords.nl\\\/en\\\/product\\\/mono-requiem-for-hell\\\/\",\"name\":\"Mono - Requiem for hell\",\"isPartOf\":{\"@id\":\"https:\\\/\\\/demistrecords.nl\\\/#website\"},\"primaryImageOfPage\":{\"@id\":\"http:\\\/\\\/demistrecords.nl\\\/en\\\/product\\\/mono-requiem-for-hell\\\/#primaryimage\"},\"image\":{\"@id\":\"http:\\\/\\\/demistrecords.nl\\\/en\\\/product\\\/mono-requiem-for-hell\\\/#primaryimage\"},\"thumbnailUrl\":\"https:\\\/\\\/demistrecords.nl\\\/wp-content\\\/uploads\\\/2021\\\/07\\\/Mono-Requiem-for-hell.jpg\",\"datePublished\":\"2021-07-15T18:07:50+00:00\",\"dateModified\":\"2021-12-01T17:26:04+00:00\",\"description\":\"Rebirth edition: Gelimiteerde oplage van 100 stuks!\",\"breadcrumb\":{\"@id\":\"http:\\\/\\\/demistrecords.nl\\\/en\\\/product\\\/mono-requiem-for-hell\\\/#breadcrumb\"},\"inLanguage\":\"de\",\"potentialAction\":[{\"@type\":\"ReadAction\",\"target\":[\"http:\\\/\\\/demistrecords.nl\\\/en\\\/product\\\/mono-requiem-for-hell\\\/\"]}]},{\"@type\":\"ImageObject\",\"inLanguage\":\"de\",\"@id\":\"http:\\\/\\\/demistrecords.nl\\\/en\\\/product\\\/mono-requiem-for-hell\\\/#primaryimage\",\"url\":\"https:\\\/\\\/demistrecords.nl\\\/wp-content\\\/uploads\\\/2021\\\/07\\\/Mono-Requiem-for-hell.jpg\",\"contentUrl\":\"https:\\\/\\\/demistrecords.nl\\\/wp-content\\\/uploads\\\/2021\\\/07\\\/Mono-Requiem-for-hell.jpg\",\"width\":2000,\"height\":2000},{\"@type\":\"BreadcrumbList\",\"@id\":\"http:\\\/\\\/demistrecords.nl\\\/en\\\/product\\\/mono-requiem-for-hell\\\/#breadcrumb\",\"itemListElement\":[{\"@type\":\"ListItem\",\"position\":1,\"name\":\"Home\",\"item\":\"https:\\\/\\\/demistrecords.nl\\\/\"},{\"@type\":\"ListItem\",\"position\":2,\"name\":\"Shop\",\"item\":\"https:\\\/\\\/demistrecords.nl\\\/shop\\\/\"},{\"@type\":\"ListItem\",\"position\":3,\"name\":\"Mono &#8211; Requiem for hell\"}]},{\"@type\":\"WebSite\",\"@id\":\"https:\\\/\\\/demistrecords.nl\\\/#website\",\"url\":\"https:\\\/\\\/demistrecords.nl\\\/\",\"name\":\"De Mist Records\",\"description\":\"Post-rock and related music\",\"publisher\":{\"@id\":\"https:\\\/\\\/demistrecords.nl\\\/#organization\"},\"potentialAction\":[{\"@type\":\"SearchAction\",\"target\":{\"@type\":\"EntryPoint\",\"urlTemplate\":\"https:\\\/\\\/demistrecords.nl\\\/?s={search_term_string}\"},\"query-input\":{\"@type\":\"PropertyValueSpecification\",\"valueRequired\":true,\"valueName\":\"search_term_string\"}}],\"inLanguage\":\"de\"},{\"@type\":\"Organization\",\"@id\":\"https:\\\/\\\/demistrecords.nl\\\/#organization\",\"name\":\"De Mist Records\",\"url\":\"https:\\\/\\\/demistrecords.nl\\\/\",\"logo\":{\"@type\":\"ImageObject\",\"inLanguage\":\"de\",\"@id\":\"https:\\\/\\\/demistrecords.nl\\\/#\\\/schema\\\/logo\\\/image\\\/\",\"url\":\"https:\\\/\\\/demistrecords.nl\\\/wp-content\\\/uploads\\\/2020\\\/12\\\/logo-de-mist-records-rond.png\",\"contentUrl\":\"https:\\\/\\\/demistrecords.nl\\\/wp-content\\\/uploads\\\/2020\\\/12\\\/logo-de-mist-records-rond.png\",\"width\":500,\"height\":500,\"caption\":\"De Mist Records\"},\"image\":{\"@id\":\"https:\\\/\\\/demistrecords.nl\\\/#\\\/schema\\\/logo\\\/image\\\/\"},\"sameAs\":[\"https:\\\/\\\/www.facebook.com\\\/demistrecordsnl\",\"https:\\\/\\\/x.com\\\/deathroo1\",\"https:\\\/\\\/www.instagram.com\\\/demist_records\\\/\"]}]}<\/script>\n<!-- \/ Yoast SEO plugin. -->","yoast_head_json":{"title":"Mono - Requiem for hell","description":"Rebirth-Edition: Limitierte Auflage von 100 St\u00fcck!","robots":{"index":"index","follow":"follow","max-snippet":"max-snippet:-1","max-image-preview":"max-image-preview:large","max-video-preview":"max-video-preview:-1"},"canonical":"http:\/\/demistrecords.nl\/de\/produkt\/mono-requiem-for-hell\/","og_locale":"de_DE","og_type":"article","og_title":"Mono - Requiem for hell","og_description":"Rebirth edition: Gelimiteerde oplage van 100 stuks!","og_url":"http:\/\/demistrecords.nl\/de\/produkt\/mono-requiem-for-hell\/","og_site_name":"De Mist Records","article_publisher":"https:\/\/www.facebook.com\/demistrecordsnl","article_modified_time":"2021-12-01T17:26:04+00:00","og_image":[{"width":2000,"height":2000,"url":"https:\/\/demistrecords.nl\/wp-content\/uploads\/2021\/07\/Mono-Requiem-for-hell.jpg","type":"image\/jpeg"}],"twitter_card":"summary_large_image","twitter_site":"@deathroo1","schema":{"@context":"https:\/\/schema.org","@graph":[{"@type":["WebPage","ItemPage"],"@id":"http:\/\/demistrecords.nl\/en\/product\/mono-requiem-for-hell\/","url":"http:\/\/demistrecords.nl\/en\/product\/mono-requiem-for-hell\/","name":"Mono - Requiem for hell","isPartOf":{"@id":"https:\/\/demistrecords.nl\/#website"},"primaryImageOfPage":{"@id":"http:\/\/demistrecords.nl\/en\/product\/mono-requiem-for-hell\/#primaryimage"},"image":{"@id":"http:\/\/demistrecords.nl\/en\/product\/mono-requiem-for-hell\/#primaryimage"},"thumbnailUrl":"https:\/\/demistrecords.nl\/wp-content\/uploads\/2021\/07\/Mono-Requiem-for-hell.jpg","datePublished":"2021-07-15T18:07:50+00:00","dateModified":"2021-12-01T17:26:04+00:00","description":"Rebirth-Edition: Limitierte Auflage von 100 St\u00fcck!","breadcrumb":{"@id":"http:\/\/demistrecords.nl\/en\/product\/mono-requiem-for-hell\/#breadcrumb"},"inLanguage":"de","potentialAction":[{"@type":"ReadAction","target":["http:\/\/demistrecords.nl\/en\/product\/mono-requiem-for-hell\/"]}]},{"@type":"ImageObject","inLanguage":"de","@id":"http:\/\/demistrecords.nl\/en\/product\/mono-requiem-for-hell\/#primaryimage","url":"https:\/\/demistrecords.nl\/wp-content\/uploads\/2021\/07\/Mono-Requiem-for-hell.jpg","contentUrl":"https:\/\/demistrecords.nl\/wp-content\/uploads\/2021\/07\/Mono-Requiem-for-hell.jpg","width":2000,"height":2000},{"@type":"BreadcrumbList","@id":"http:\/\/demistrecords.nl\/en\/product\/mono-requiem-for-hell\/#breadcrumb","itemListElement":[{"@type":"ListItem","position":1,"name":"Home","item":"https:\/\/demistrecords.nl\/"},{"@type":"ListItem","position":2,"name":"Shop","item":"https:\/\/demistrecords.nl\/shop\/"},{"@type":"ListItem","position":3,"name":"Mono &#8211; Requiem for hell"}]},{"@type":"WebSite","@id":"https:\/\/demistrecords.nl\/#website","url":"https:\/\/demistrecords.nl\/","name":"De Mist Records","description":"Post-rock and related music","publisher":{"@id":"https:\/\/demistrecords.nl\/#organization"},"potentialAction":[{"@type":"SearchAction","target":{"@type":"EntryPoint","urlTemplate":"https:\/\/demistrecords.nl\/?s={search_term_string}"},"query-input":{"@type":"PropertyValueSpecification","valueRequired":true,"valueName":"search_term_string"}}],"inLanguage":"de"},{"@type":"Organization","@id":"https:\/\/demistrecords.nl\/#organization","name":"De Mist Records","url":"https:\/\/demistrecords.nl\/","logo":{"@type":"ImageObject","inLanguage":"de","@id":"https:\/\/demistrecords.nl\/#\/schema\/logo\/image\/","url":"https:\/\/demistrecords.nl\/wp-content\/uploads\/2020\/12\/logo-de-mist-records-rond.png","contentUrl":"https:\/\/demistrecords.nl\/wp-content\/uploads\/2020\/12\/logo-de-mist-records-rond.png","width":500,"height":500,"caption":"De Mist Records"},"image":{"@id":"https:\/\/demistrecords.nl\/#\/schema\/logo\/image\/"},"sameAs":["https:\/\/www.facebook.com\/demistrecordsnl","https:\/\/x.com\/deathroo1","https:\/\/www.instagram.com\/demist_records\/"]}]}},"_links":{"self":[{"href":"https:\/\/demistrecords.nl\/de\/wp-json\/wp\/v2\/product\/725","targetHints":{"allow":["GET"]}}],"collection":[{"href":"https:\/\/demistrecords.nl\/de\/wp-json\/wp\/v2\/product"}],"about":[{"href":"https:\/\/demistrecords.nl\/de\/wp-json\/wp\/v2\/types\/product"}],"replies":[{"embeddable":true,"href":"https:\/\/demistrecords.nl\/de\/wp-json\/wp\/v2\/comments?post=725"}],"wp:featuredmedia":[{"embeddable":true,"href":"https:\/\/demistrecords.nl\/de\/wp-json\/wp\/v2\/media\/726"}],"wp:attachment":[{"href":"https:\/\/demistrecords.nl\/de\/wp-json\/wp\/v2\/media?parent=725"}],"wp:term":[{"taxonomy":"product_brand","embeddable":true,"href":"https:\/\/demistrecords.nl\/de\/wp-json\/wp\/v2\/product_brand?post=725"},{"taxonomy":"product_cat","embeddable":true,"href":"https:\/\/demistrecords.nl\/de\/wp-json\/wp\/v2\/product_cat?post=725"},{"taxonomy":"product_tag","embeddable":true,"href":"https:\/\/demistrecords.nl\/de\/wp-json\/wp\/v2\/product_tag?post=725"}],"curies":[{"name":"wp","href":"https:\/\/api.w.org\/{rel}","templated":true}]}}