{"id":795,"date":"2021-08-26T12:47:58","date_gmt":"2021-08-26T10:47:58","guid":{"rendered":"https:\/\/demistrecords.nl\/?post_type=product&#038;p=795"},"modified":"2025-09-27T18:34:39","modified_gmt":"2025-09-27T16:34:39","slug":"horte-maa-antaa-yon-vaientaa","status":"publish","type":"product","link":"https:\/\/demistrecords.nl\/de\/produkt\/horte-maa-antaa-yon-vaientaa\/","title":{"rendered":"Horte &#8211; Maa Antaa Y\u00f6n Vaientaa"},"content":{"rendered":"<p>Maa Antaa Y\u00f6n Vaientaa (\"Lass die Erde nachts verstummen\") ist eine Mischung aus Emotionen, die zu mehreren Wellen von G\u00e4nsehaut f\u00fchrt. Es kann unheimlich, charmant, melancholisch, dunkel und \u00e4therisch zugleich sein. Die Musik ist schwer zu beschreiben, hat aber durchaus einen experimentellen Charakter. Es enth\u00e4lt Elemente von Dark Ambient, Shoegaze, Kraut und Psychedelia. Im Allgemeinen ist es sehr atmosph\u00e4risch und es ist am besten, es in einem St\u00fcck zu h\u00f6ren, nicht in einzelnen Songs. G\u00f6nnen Sie sich dieses einzigartige Musikerlebnis.<\/p>\n<p><iframe style=\"border: 0; width: 100%; height: 42px;\" src=\"https:\/\/bandcamp.com\/EmbeddedPlayer\/album=3139801037\/size=small\/bgcol=333333\/linkcol=0f91ff\/transparent=true\/\" seamless=\"\"><a href=\"https:\/\/horte.bandcamp.com\/album\/maa-antaa-y-n-vaientaa\">Maa Antaa Y\u00f6n Vaientaa by Horte<\/a><\/iframe><\/p>","protected":false},"excerpt":{"rendered":"<p>Erh\u00e4ltlich in zwei Versionen, beide limitiert auf nur 100 St\u00fcck pro Edition.<br \/>\nErscheinungsdatum: 27. August 2021<\/p>","protected":false},"featured_media":798,"comment_status":"closed","ping_status":"closed","template":"","meta":[],"product_brand":[],"product_cat":[22,15],"product_tag":[40,41,37],"class_list":{"0":"post-795","1":"product","2":"type-product","3":"status-publish","4":"has-post-thumbnail","6":"product_cat-sale","7":"product_cat-vinyl-12-lp","8":"product_tag-dark-wave","9":"product_tag-folk","10":"product_tag-shoegaze","12":"first","13":"instock","14":"sale","15":"taxable","16":"shipping-taxable","17":"purchasable","18":"product-type-variable","19":"has-default-attributes"},"yoast_head":"<!-- This site is optimized with the Yoast SEO plugin v27.3 - https:\/\/yoast.com\/product\/yoast-seo-wordpress\/ -->\n<title>Horte - Maa Antaa Y\u00f6n Vaientaa<\/title>\n<meta name=\"description\" content=\"Verkrijgbaar in twee versies, beide beperkt tot slechts 100 items per editie. Releasedatum: 27-08-2021\" \/>\n<meta name=\"robots\" content=\"index, follow, max-snippet:-1, max-image-preview:large, max-video-preview:-1\" \/>\n<link rel=\"canonical\" href=\"https:\/\/demistrecords.nl\/de\/produkt\/horte-maa-antaa-yon-vaientaa\/\" \/>\n<meta property=\"og:locale\" content=\"de_DE\" \/>\n<meta property=\"og:type\" content=\"article\" \/>\n<meta property=\"og:title\" content=\"Horte - Maa Antaa Y\u00f6n Vaientaa\" \/>\n<meta property=\"og:description\" content=\"Verkrijgbaar in twee versies, beide beperkt tot slechts 100 items per editie. Releasedatum: 27-08-2021\" \/>\n<meta property=\"og:url\" content=\"https:\/\/demistrecords.nl\/de\/produkt\/horte-maa-antaa-yon-vaientaa\/\" \/>\n<meta property=\"og:site_name\" content=\"De Mist Records\" \/>\n<meta property=\"article:publisher\" content=\"https:\/\/www.facebook.com\/demistrecordsnl\" \/>\n<meta property=\"article:modified_time\" content=\"2025-09-27T16:34:39+00:00\" \/>\n<meta property=\"og:image\" content=\"https:\/\/demistrecords.nl\/wp-content\/uploads\/2021\/08\/Horte-Maa-Antaa-Yon-Vaientaa-kun-joki-haihtuu.png\" \/>\n\t<meta property=\"og:image:width\" content=\"2120\" \/>\n\t<meta property=\"og:image:height\" content=\"2120\" \/>\n\t<meta property=\"og:image:type\" content=\"image\/png\" \/>\n<meta name=\"twitter:card\" content=\"summary_large_image\" \/>\n<meta name=\"twitter:site\" content=\"@deathroo1\" \/>\n<meta name=\"twitter:label1\" content=\"Gesch\u00e4tzte Lesezeit\" \/>\n\t<meta name=\"twitter:data1\" content=\"1\u00a0Minute\" \/>\n<script type=\"application\/ld+json\" class=\"yoast-schema-graph\">{\"@context\":\"https:\\\/\\\/schema.org\",\"@graph\":[{\"@type\":[\"WebPage\",\"ItemPage\"],\"@id\":\"https:\\\/\\\/demistrecords.nl\\\/product\\\/horte-maa-antaa-yon-vaientaa\\\/\",\"url\":\"https:\\\/\\\/demistrecords.nl\\\/product\\\/horte-maa-antaa-yon-vaientaa\\\/\",\"name\":\"Horte - Maa Antaa Y\u00f6n Vaientaa\",\"isPartOf\":{\"@id\":\"https:\\\/\\\/demistrecords.nl\\\/#website\"},\"primaryImageOfPage\":{\"@id\":\"https:\\\/\\\/demistrecords.nl\\\/product\\\/horte-maa-antaa-yon-vaientaa\\\/#primaryimage\"},\"image\":{\"@id\":\"https:\\\/\\\/demistrecords.nl\\\/product\\\/horte-maa-antaa-yon-vaientaa\\\/#primaryimage\"},\"thumbnailUrl\":\"https:\\\/\\\/demistrecords.nl\\\/wp-content\\\/uploads\\\/2021\\\/08\\\/Horte-Maa-Antaa-Yon-Vaientaa-kun-joki-haihtuu.png\",\"datePublished\":\"2021-08-26T10:47:58+00:00\",\"dateModified\":\"2025-09-27T16:34:39+00:00\",\"description\":\"Verkrijgbaar in twee versies, beide beperkt tot slechts 100 items per editie. Releasedatum: 27-08-2021\",\"breadcrumb\":{\"@id\":\"https:\\\/\\\/demistrecords.nl\\\/product\\\/horte-maa-antaa-yon-vaientaa\\\/#breadcrumb\"},\"inLanguage\":\"de\",\"potentialAction\":[{\"@type\":\"ReadAction\",\"target\":[\"https:\\\/\\\/demistrecords.nl\\\/product\\\/horte-maa-antaa-yon-vaientaa\\\/\"]}]},{\"@type\":\"ImageObject\",\"inLanguage\":\"de\",\"@id\":\"https:\\\/\\\/demistrecords.nl\\\/product\\\/horte-maa-antaa-yon-vaientaa\\\/#primaryimage\",\"url\":\"https:\\\/\\\/demistrecords.nl\\\/wp-content\\\/uploads\\\/2021\\\/08\\\/Horte-Maa-Antaa-Yon-Vaientaa-kun-joki-haihtuu.png\",\"contentUrl\":\"https:\\\/\\\/demistrecords.nl\\\/wp-content\\\/uploads\\\/2021\\\/08\\\/Horte-Maa-Antaa-Yon-Vaientaa-kun-joki-haihtuu.png\",\"width\":2120,\"height\":2120},{\"@type\":\"BreadcrumbList\",\"@id\":\"https:\\\/\\\/demistrecords.nl\\\/product\\\/horte-maa-antaa-yon-vaientaa\\\/#breadcrumb\",\"itemListElement\":[{\"@type\":\"ListItem\",\"position\":1,\"name\":\"Home\",\"item\":\"https:\\\/\\\/demistrecords.nl\\\/\"},{\"@type\":\"ListItem\",\"position\":2,\"name\":\"Shop\",\"item\":\"https:\\\/\\\/demistrecords.nl\\\/shop\\\/\"},{\"@type\":\"ListItem\",\"position\":3,\"name\":\"Horte &#8211; Maa Antaa Y\u00f6n Vaientaa\"}]},{\"@type\":\"WebSite\",\"@id\":\"https:\\\/\\\/demistrecords.nl\\\/#website\",\"url\":\"https:\\\/\\\/demistrecords.nl\\\/\",\"name\":\"De Mist Records\",\"description\":\"Post-rock and related music\",\"publisher\":{\"@id\":\"https:\\\/\\\/demistrecords.nl\\\/#organization\"},\"potentialAction\":[{\"@type\":\"SearchAction\",\"target\":{\"@type\":\"EntryPoint\",\"urlTemplate\":\"https:\\\/\\\/demistrecords.nl\\\/?s={search_term_string}\"},\"query-input\":{\"@type\":\"PropertyValueSpecification\",\"valueRequired\":true,\"valueName\":\"search_term_string\"}}],\"inLanguage\":\"de\"},{\"@type\":\"Organization\",\"@id\":\"https:\\\/\\\/demistrecords.nl\\\/#organization\",\"name\":\"De Mist Records\",\"url\":\"https:\\\/\\\/demistrecords.nl\\\/\",\"logo\":{\"@type\":\"ImageObject\",\"inLanguage\":\"de\",\"@id\":\"https:\\\/\\\/demistrecords.nl\\\/#\\\/schema\\\/logo\\\/image\\\/\",\"url\":\"https:\\\/\\\/demistrecords.nl\\\/wp-content\\\/uploads\\\/2020\\\/12\\\/logo-de-mist-records-rond.png\",\"contentUrl\":\"https:\\\/\\\/demistrecords.nl\\\/wp-content\\\/uploads\\\/2020\\\/12\\\/logo-de-mist-records-rond.png\",\"width\":500,\"height\":500,\"caption\":\"De Mist Records\"},\"image\":{\"@id\":\"https:\\\/\\\/demistrecords.nl\\\/#\\\/schema\\\/logo\\\/image\\\/\"},\"sameAs\":[\"https:\\\/\\\/www.facebook.com\\\/demistrecordsnl\",\"https:\\\/\\\/x.com\\\/deathroo1\",\"https:\\\/\\\/www.instagram.com\\\/demist_records\\\/\"]}]}<\/script>\n<!-- \/ Yoast SEO plugin. -->","yoast_head_json":{"title":"Horte - Maa Antaa Y\u00f6n Vaientaa","description":"Verkrijgbaar in twee versies, beide beperkt tot slechts 100 items per editie. Releasedatum: 27-08-2021","robots":{"index":"index","follow":"follow","max-snippet":"max-snippet:-1","max-image-preview":"max-image-preview:large","max-video-preview":"max-video-preview:-1"},"canonical":"https:\/\/demistrecords.nl\/de\/produkt\/horte-maa-antaa-yon-vaientaa\/","og_locale":"de_DE","og_type":"article","og_title":"Horte - Maa Antaa Y\u00f6n Vaientaa","og_description":"Verkrijgbaar in twee versies, beide beperkt tot slechts 100 items per editie. Releasedatum: 27-08-2021","og_url":"https:\/\/demistrecords.nl\/de\/produkt\/horte-maa-antaa-yon-vaientaa\/","og_site_name":"De Mist Records","article_publisher":"https:\/\/www.facebook.com\/demistrecordsnl","article_modified_time":"2025-09-27T16:34:39+00:00","og_image":[{"width":2120,"height":2120,"url":"https:\/\/demistrecords.nl\/wp-content\/uploads\/2021\/08\/Horte-Maa-Antaa-Yon-Vaientaa-kun-joki-haihtuu.png","type":"image\/png"}],"twitter_card":"summary_large_image","twitter_site":"@deathroo1","twitter_misc":{"Gesch\u00e4tzte Lesezeit":"1\u00a0Minute"},"schema":{"@context":"https:\/\/schema.org","@graph":[{"@type":["WebPage","ItemPage"],"@id":"https:\/\/demistrecords.nl\/product\/horte-maa-antaa-yon-vaientaa\/","url":"https:\/\/demistrecords.nl\/product\/horte-maa-antaa-yon-vaientaa\/","name":"Horte - Maa Antaa Y\u00f6n Vaientaa","isPartOf":{"@id":"https:\/\/demistrecords.nl\/#website"},"primaryImageOfPage":{"@id":"https:\/\/demistrecords.nl\/product\/horte-maa-antaa-yon-vaientaa\/#primaryimage"},"image":{"@id":"https:\/\/demistrecords.nl\/product\/horte-maa-antaa-yon-vaientaa\/#primaryimage"},"thumbnailUrl":"https:\/\/demistrecords.nl\/wp-content\/uploads\/2021\/08\/Horte-Maa-Antaa-Yon-Vaientaa-kun-joki-haihtuu.png","datePublished":"2021-08-26T10:47:58+00:00","dateModified":"2025-09-27T16:34:39+00:00","description":"Verkrijgbaar in twee versies, beide beperkt tot slechts 100 items per editie. Releasedatum: 27-08-2021","breadcrumb":{"@id":"https:\/\/demistrecords.nl\/product\/horte-maa-antaa-yon-vaientaa\/#breadcrumb"},"inLanguage":"de","potentialAction":[{"@type":"ReadAction","target":["https:\/\/demistrecords.nl\/product\/horte-maa-antaa-yon-vaientaa\/"]}]},{"@type":"ImageObject","inLanguage":"de","@id":"https:\/\/demistrecords.nl\/product\/horte-maa-antaa-yon-vaientaa\/#primaryimage","url":"https:\/\/demistrecords.nl\/wp-content\/uploads\/2021\/08\/Horte-Maa-Antaa-Yon-Vaientaa-kun-joki-haihtuu.png","contentUrl":"https:\/\/demistrecords.nl\/wp-content\/uploads\/2021\/08\/Horte-Maa-Antaa-Yon-Vaientaa-kun-joki-haihtuu.png","width":2120,"height":2120},{"@type":"BreadcrumbList","@id":"https:\/\/demistrecords.nl\/product\/horte-maa-antaa-yon-vaientaa\/#breadcrumb","itemListElement":[{"@type":"ListItem","position":1,"name":"Home","item":"https:\/\/demistrecords.nl\/"},{"@type":"ListItem","position":2,"name":"Shop","item":"https:\/\/demistrecords.nl\/shop\/"},{"@type":"ListItem","position":3,"name":"Horte &#8211; Maa Antaa Y\u00f6n Vaientaa"}]},{"@type":"WebSite","@id":"https:\/\/demistrecords.nl\/#website","url":"https:\/\/demistrecords.nl\/","name":"De Mist Records","description":"Post-rock and related music","publisher":{"@id":"https:\/\/demistrecords.nl\/#organization"},"potentialAction":[{"@type":"SearchAction","target":{"@type":"EntryPoint","urlTemplate":"https:\/\/demistrecords.nl\/?s={search_term_string}"},"query-input":{"@type":"PropertyValueSpecification","valueRequired":true,"valueName":"search_term_string"}}],"inLanguage":"de"},{"@type":"Organization","@id":"https:\/\/demistrecords.nl\/#organization","name":"De Mist Records","url":"https:\/\/demistrecords.nl\/","logo":{"@type":"ImageObject","inLanguage":"de","@id":"https:\/\/demistrecords.nl\/#\/schema\/logo\/image\/","url":"https:\/\/demistrecords.nl\/wp-content\/uploads\/2020\/12\/logo-de-mist-records-rond.png","contentUrl":"https:\/\/demistrecords.nl\/wp-content\/uploads\/2020\/12\/logo-de-mist-records-rond.png","width":500,"height":500,"caption":"De Mist Records"},"image":{"@id":"https:\/\/demistrecords.nl\/#\/schema\/logo\/image\/"},"sameAs":["https:\/\/www.facebook.com\/demistrecordsnl","https:\/\/x.com\/deathroo1","https:\/\/www.instagram.com\/demist_records\/"]}]}},"_links":{"self":[{"href":"https:\/\/demistrecords.nl\/de\/wp-json\/wp\/v2\/product\/795","targetHints":{"allow":["GET"]}}],"collection":[{"href":"https:\/\/demistrecords.nl\/de\/wp-json\/wp\/v2\/product"}],"about":[{"href":"https:\/\/demistrecords.nl\/de\/wp-json\/wp\/v2\/types\/product"}],"replies":[{"embeddable":true,"href":"https:\/\/demistrecords.nl\/de\/wp-json\/wp\/v2\/comments?post=795"}],"wp:featuredmedia":[{"embeddable":true,"href":"https:\/\/demistrecords.nl\/de\/wp-json\/wp\/v2\/media\/798"}],"wp:attachment":[{"href":"https:\/\/demistrecords.nl\/de\/wp-json\/wp\/v2\/media?parent=795"}],"wp:term":[{"taxonomy":"product_brand","embeddable":true,"href":"https:\/\/demistrecords.nl\/de\/wp-json\/wp\/v2\/product_brand?post=795"},{"taxonomy":"product_cat","embeddable":true,"href":"https:\/\/demistrecords.nl\/de\/wp-json\/wp\/v2\/product_cat?post=795"},{"taxonomy":"product_tag","embeddable":true,"href":"https:\/\/demistrecords.nl\/de\/wp-json\/wp\/v2\/product_tag?post=795"}],"curies":[{"name":"wp","href":"https:\/\/api.w.org\/{rel}","templated":true}]}}