{"id":882,"date":"2021-09-23T17:26:40","date_gmt":"2021-09-23T15:26:40","guid":{"rendered":"https:\/\/demistrecords.nl\/?post_type=product&#038;p=882"},"modified":"2025-09-24T16:18:58","modified_gmt":"2025-09-24T14:18:58","slug":"explosions-in-the-sky-big-bend-an-original-soundtrack-for-public-television","status":"publish","type":"product","link":"https:\/\/demistrecords.nl\/de\/produkt\/explosions-in-the-sky-big-bend-an-original-soundtrack-for-public-television\/","title":{"rendered":"Explosions In The Sky &#8211; Big Bend (An Original Soundtrack for Public Television)"},"content":{"rendered":"<p>Der Dokumentarfilm \"Big Bend: The Wild Frontier of Texas\" wurde Anfang 2021 auf PBS in den USA und auf mehreren Sendern in anderen L\u00e4ndern uraufgef\u00fchrt. Der einst\u00fcndige Film folgt dem Leben einheimischer Tiere inmitten weitl\u00e4ufiger Luftaufnahmen der ikonischen W\u00fcstenlandschaft, die eines der gr\u00f6\u00dften Naturwunder der Welt ist. Die Band platzierte diese Bilder auf einer inspirierten, melodischen und bedeutungsvollen Mischung aus Akustikgitarre, Slide-Gitarre, Streichern, Klavier, Glocken und Schlagzeug, die sich so lebendig, vielf\u00e4ltig, weitl\u00e4ufig und einsam anf\u00fchlt wie der Ort selbst.<\/p>\n<p>** Bitte beachten Sie, dass das Bild zu Illustrationszwecken ein Modell ist. Das gelieferte Album sieht etwas anders aus.<\/p>\n<p><iframe style=\"border: 0; width: 100%; height: 42px;\" src=\"https:\/\/bandcamp.com\/EmbeddedPlayer\/album=3728937736\/size=small\/bgcol=333333\/linkcol=0f91ff\/transparent=true\/\" seamless=\"\"><a href=\"https:\/\/explosionsinthesky.bandcamp.com\/album\/big-bend-an-original-soundtrack-for-public-television\">Big Bend (An Original Soundtrack for Public Television) by Explosions in the Sky<\/a><\/iframe><\/p>","protected":false},"excerpt":{"rendered":"<p>V\u00f6: 01.10.2021<br \/>\nKommt auf Sky Blue 180gr Vinyl.<\/p>","protected":false},"featured_media":883,"comment_status":"closed","ping_status":"closed","template":"","meta":[],"product_brand":[],"product_cat":[16],"product_tag":[31,28],"class_list":{"0":"post-882","1":"product","2":"type-product","3":"status-publish","4":"has-post-thumbnail","6":"product_cat-vinyl-12-2xlp","7":"product_tag-ambient","8":"product_tag-post-rock","10":"first","11":"outofstock","12":"sale","13":"taxable","14":"shipping-taxable","15":"purchasable","16":"product-type-simple"},"bundled_by":[],"bundle_stock_status":"outofstock","bundle_stock_quantity":0,"bundle_virtual":false,"bundle_layout":"","bundle_add_to_cart_form_location":"","bundle_editable_in_cart":false,"bundle_sold_individually_context":"","bundle_item_grouping":"","bundle_min_size":"","bundle_max_size":"","bundle_price":[],"bundled_items":[],"bundle_sell_ids":[],"yoast_head":"<!-- This site is optimized with the Yoast SEO plugin v27.4 - https:\/\/yoast.com\/product\/yoast-seo-wordpress\/ -->\n<title>Explosions In The Sky - Big Bend (An Original Soundtrack for Public Television)<\/title>\n<meta name=\"description\" content=\"Releasedatum: 1 oktober 2021 Komt op Sky Blue gekleurd 180gr vinyl.\" \/>\n<meta name=\"robots\" content=\"index, follow, max-snippet:-1, max-image-preview:large, max-video-preview:-1\" \/>\n<link rel=\"canonical\" href=\"https:\/\/demistrecords.nl\/de\/produkt\/explosions-in-the-sky-big-bend-an-original-soundtrack-for-public-television\/\" \/>\n<meta property=\"og:locale\" content=\"de_DE\" \/>\n<meta property=\"og:type\" content=\"article\" \/>\n<meta property=\"og:title\" content=\"Explosions In The Sky - Big Bend (An Original Soundtrack for Public Television)\" \/>\n<meta property=\"og:description\" content=\"Releasedatum: 1 oktober 2021 Komt op Sky Blue gekleurd 180gr vinyl.\" \/>\n<meta property=\"og:url\" content=\"https:\/\/demistrecords.nl\/de\/produkt\/explosions-in-the-sky-big-bend-an-original-soundtrack-for-public-television\/\" \/>\n<meta property=\"og:site_name\" content=\"De Mist Records\" \/>\n<meta property=\"article:publisher\" content=\"https:\/\/www.facebook.com\/demistrecordsnl\" \/>\n<meta property=\"article:modified_time\" content=\"2025-09-24T14:18:58+00:00\" \/>\n<meta property=\"og:image\" content=\"https:\/\/demistrecords.nl\/wp-content\/uploads\/2021\/09\/Explosions-In-The-Sky-Big-Bend-Blue-Sky.jpg\" \/>\n\t<meta property=\"og:image:width\" content=\"2120\" \/>\n\t<meta property=\"og:image:height\" content=\"2120\" \/>\n\t<meta property=\"og:image:type\" content=\"image\/jpeg\" \/>\n<meta name=\"twitter:card\" content=\"summary_large_image\" \/>\n<meta name=\"twitter:site\" content=\"@deathroo1\" \/>\n<meta name=\"twitter:label1\" content=\"Gesch\u00e4tzte Lesezeit\" \/>\n\t<meta name=\"twitter:data1\" content=\"1\u00a0Minute\" \/>\n<script type=\"application\/ld+json\" class=\"yoast-schema-graph\">{\"@context\":\"https:\\\/\\\/schema.org\",\"@graph\":[{\"@type\":[\"WebPage\",\"ItemPage\"],\"@id\":\"https:\\\/\\\/demistrecords.nl\\\/product\\\/explosions-in-the-sky-big-bend-an-original-soundtrack-for-public-television\\\/\",\"url\":\"https:\\\/\\\/demistrecords.nl\\\/product\\\/explosions-in-the-sky-big-bend-an-original-soundtrack-for-public-television\\\/\",\"name\":\"Explosions In The Sky - Big Bend (An Original Soundtrack for Public Television)\",\"isPartOf\":{\"@id\":\"https:\\\/\\\/demistrecords.nl\\\/#website\"},\"primaryImageOfPage\":{\"@id\":\"https:\\\/\\\/demistrecords.nl\\\/product\\\/explosions-in-the-sky-big-bend-an-original-soundtrack-for-public-television\\\/#primaryimage\"},\"image\":{\"@id\":\"https:\\\/\\\/demistrecords.nl\\\/product\\\/explosions-in-the-sky-big-bend-an-original-soundtrack-for-public-television\\\/#primaryimage\"},\"thumbnailUrl\":\"https:\\\/\\\/demistrecords.nl\\\/wp-content\\\/uploads\\\/2021\\\/09\\\/Explosions-In-The-Sky-Big-Bend-Blue-Sky.jpg\",\"datePublished\":\"2021-09-23T15:26:40+00:00\",\"dateModified\":\"2025-09-24T14:18:58+00:00\",\"description\":\"Releasedatum: 1 oktober 2021 Komt op Sky Blue gekleurd 180gr vinyl.\",\"breadcrumb\":{\"@id\":\"https:\\\/\\\/demistrecords.nl\\\/product\\\/explosions-in-the-sky-big-bend-an-original-soundtrack-for-public-television\\\/#breadcrumb\"},\"inLanguage\":\"de\",\"potentialAction\":[{\"@type\":\"ReadAction\",\"target\":[\"https:\\\/\\\/demistrecords.nl\\\/product\\\/explosions-in-the-sky-big-bend-an-original-soundtrack-for-public-television\\\/\"]}]},{\"@type\":\"ImageObject\",\"inLanguage\":\"de\",\"@id\":\"https:\\\/\\\/demistrecords.nl\\\/product\\\/explosions-in-the-sky-big-bend-an-original-soundtrack-for-public-television\\\/#primaryimage\",\"url\":\"https:\\\/\\\/demistrecords.nl\\\/wp-content\\\/uploads\\\/2021\\\/09\\\/Explosions-In-The-Sky-Big-Bend-Blue-Sky.jpg\",\"contentUrl\":\"https:\\\/\\\/demistrecords.nl\\\/wp-content\\\/uploads\\\/2021\\\/09\\\/Explosions-In-The-Sky-Big-Bend-Blue-Sky.jpg\",\"width\":2120,\"height\":2120,\"caption\":\"Explosions in the sky - Big Bend (An Original Soundtrack for Public Television)\"},{\"@type\":\"BreadcrumbList\",\"@id\":\"https:\\\/\\\/demistrecords.nl\\\/product\\\/explosions-in-the-sky-big-bend-an-original-soundtrack-for-public-television\\\/#breadcrumb\",\"itemListElement\":[{\"@type\":\"ListItem\",\"position\":1,\"name\":\"Home\",\"item\":\"https:\\\/\\\/demistrecords.nl\\\/\"},{\"@type\":\"ListItem\",\"position\":2,\"name\":\"Shop\",\"item\":\"https:\\\/\\\/demistrecords.nl\\\/shop\\\/\"},{\"@type\":\"ListItem\",\"position\":3,\"name\":\"Explosions In The Sky &#8211; Big Bend (An Original Soundtrack for Public Television)\"}]},{\"@type\":\"WebSite\",\"@id\":\"https:\\\/\\\/demistrecords.nl\\\/#website\",\"url\":\"https:\\\/\\\/demistrecords.nl\\\/\",\"name\":\"De Mist Records\",\"description\":\"Post-rock and related music\",\"publisher\":{\"@id\":\"https:\\\/\\\/demistrecords.nl\\\/#organization\"},\"potentialAction\":[{\"@type\":\"SearchAction\",\"target\":{\"@type\":\"EntryPoint\",\"urlTemplate\":\"https:\\\/\\\/demistrecords.nl\\\/?s={search_term_string}\"},\"query-input\":{\"@type\":\"PropertyValueSpecification\",\"valueRequired\":true,\"valueName\":\"search_term_string\"}}],\"inLanguage\":\"de\"},{\"@type\":\"Organization\",\"@id\":\"https:\\\/\\\/demistrecords.nl\\\/#organization\",\"name\":\"De Mist Records\",\"url\":\"https:\\\/\\\/demistrecords.nl\\\/\",\"logo\":{\"@type\":\"ImageObject\",\"inLanguage\":\"de\",\"@id\":\"https:\\\/\\\/demistrecords.nl\\\/#\\\/schema\\\/logo\\\/image\\\/\",\"url\":\"https:\\\/\\\/demistrecords.nl\\\/wp-content\\\/uploads\\\/2020\\\/12\\\/logo-de-mist-records-rond.png\",\"contentUrl\":\"https:\\\/\\\/demistrecords.nl\\\/wp-content\\\/uploads\\\/2020\\\/12\\\/logo-de-mist-records-rond.png\",\"width\":500,\"height\":500,\"caption\":\"De Mist Records\"},\"image\":{\"@id\":\"https:\\\/\\\/demistrecords.nl\\\/#\\\/schema\\\/logo\\\/image\\\/\"},\"sameAs\":[\"https:\\\/\\\/www.facebook.com\\\/demistrecordsnl\",\"https:\\\/\\\/x.com\\\/deathroo1\",\"https:\\\/\\\/www.instagram.com\\\/demist_records\\\/\"]}]}<\/script>\n<!-- \/ Yoast SEO plugin. -->","yoast_head_json":{"title":"Explosions In The Sky - Big Bend (An Original Soundtrack for Public Television)","description":"Releasedatum: 1 oktober 2021 Komt op Sky Blue gekleurd 180gr vinyl.","robots":{"index":"index","follow":"follow","max-snippet":"max-snippet:-1","max-image-preview":"max-image-preview:large","max-video-preview":"max-video-preview:-1"},"canonical":"https:\/\/demistrecords.nl\/de\/produkt\/explosions-in-the-sky-big-bend-an-original-soundtrack-for-public-television\/","og_locale":"de_DE","og_type":"article","og_title":"Explosions In The Sky - Big Bend (An Original Soundtrack for Public Television)","og_description":"Releasedatum: 1 oktober 2021 Komt op Sky Blue gekleurd 180gr vinyl.","og_url":"https:\/\/demistrecords.nl\/de\/produkt\/explosions-in-the-sky-big-bend-an-original-soundtrack-for-public-television\/","og_site_name":"De Mist Records","article_publisher":"https:\/\/www.facebook.com\/demistrecordsnl","article_modified_time":"2025-09-24T14:18:58+00:00","og_image":[{"width":2120,"height":2120,"url":"https:\/\/demistrecords.nl\/wp-content\/uploads\/2021\/09\/Explosions-In-The-Sky-Big-Bend-Blue-Sky.jpg","type":"image\/jpeg"}],"twitter_card":"summary_large_image","twitter_site":"@deathroo1","twitter_misc":{"Gesch\u00e4tzte Lesezeit":"1\u00a0Minute"},"schema":{"@context":"https:\/\/schema.org","@graph":[{"@type":["WebPage","ItemPage"],"@id":"https:\/\/demistrecords.nl\/product\/explosions-in-the-sky-big-bend-an-original-soundtrack-for-public-television\/","url":"https:\/\/demistrecords.nl\/product\/explosions-in-the-sky-big-bend-an-original-soundtrack-for-public-television\/","name":"Explosions In The Sky - Big Bend (An Original Soundtrack for Public Television)","isPartOf":{"@id":"https:\/\/demistrecords.nl\/#website"},"primaryImageOfPage":{"@id":"https:\/\/demistrecords.nl\/product\/explosions-in-the-sky-big-bend-an-original-soundtrack-for-public-television\/#primaryimage"},"image":{"@id":"https:\/\/demistrecords.nl\/product\/explosions-in-the-sky-big-bend-an-original-soundtrack-for-public-television\/#primaryimage"},"thumbnailUrl":"https:\/\/demistrecords.nl\/wp-content\/uploads\/2021\/09\/Explosions-In-The-Sky-Big-Bend-Blue-Sky.jpg","datePublished":"2021-09-23T15:26:40+00:00","dateModified":"2025-09-24T14:18:58+00:00","description":"Releasedatum: 1 oktober 2021 Komt op Sky Blue gekleurd 180gr vinyl.","breadcrumb":{"@id":"https:\/\/demistrecords.nl\/product\/explosions-in-the-sky-big-bend-an-original-soundtrack-for-public-television\/#breadcrumb"},"inLanguage":"de","potentialAction":[{"@type":"ReadAction","target":["https:\/\/demistrecords.nl\/product\/explosions-in-the-sky-big-bend-an-original-soundtrack-for-public-television\/"]}]},{"@type":"ImageObject","inLanguage":"de","@id":"https:\/\/demistrecords.nl\/product\/explosions-in-the-sky-big-bend-an-original-soundtrack-for-public-television\/#primaryimage","url":"https:\/\/demistrecords.nl\/wp-content\/uploads\/2021\/09\/Explosions-In-The-Sky-Big-Bend-Blue-Sky.jpg","contentUrl":"https:\/\/demistrecords.nl\/wp-content\/uploads\/2021\/09\/Explosions-In-The-Sky-Big-Bend-Blue-Sky.jpg","width":2120,"height":2120,"caption":"Explosions in the sky - Big Bend (An Original Soundtrack for Public Television)"},{"@type":"BreadcrumbList","@id":"https:\/\/demistrecords.nl\/product\/explosions-in-the-sky-big-bend-an-original-soundtrack-for-public-television\/#breadcrumb","itemListElement":[{"@type":"ListItem","position":1,"name":"Home","item":"https:\/\/demistrecords.nl\/"},{"@type":"ListItem","position":2,"name":"Shop","item":"https:\/\/demistrecords.nl\/shop\/"},{"@type":"ListItem","position":3,"name":"Explosions In The Sky &#8211; Big Bend (An Original Soundtrack for Public Television)"}]},{"@type":"WebSite","@id":"https:\/\/demistrecords.nl\/#website","url":"https:\/\/demistrecords.nl\/","name":"De Mist Records","description":"Post-rock and related music","publisher":{"@id":"https:\/\/demistrecords.nl\/#organization"},"potentialAction":[{"@type":"SearchAction","target":{"@type":"EntryPoint","urlTemplate":"https:\/\/demistrecords.nl\/?s={search_term_string}"},"query-input":{"@type":"PropertyValueSpecification","valueRequired":true,"valueName":"search_term_string"}}],"inLanguage":"de"},{"@type":"Organization","@id":"https:\/\/demistrecords.nl\/#organization","name":"De Mist Records","url":"https:\/\/demistrecords.nl\/","logo":{"@type":"ImageObject","inLanguage":"de","@id":"https:\/\/demistrecords.nl\/#\/schema\/logo\/image\/","url":"https:\/\/demistrecords.nl\/wp-content\/uploads\/2020\/12\/logo-de-mist-records-rond.png","contentUrl":"https:\/\/demistrecords.nl\/wp-content\/uploads\/2020\/12\/logo-de-mist-records-rond.png","width":500,"height":500,"caption":"De Mist Records"},"image":{"@id":"https:\/\/demistrecords.nl\/#\/schema\/logo\/image\/"},"sameAs":["https:\/\/www.facebook.com\/demistrecordsnl","https:\/\/x.com\/deathroo1","https:\/\/www.instagram.com\/demist_records\/"]}]}},"_links":{"self":[{"href":"https:\/\/demistrecords.nl\/de\/wp-json\/wp\/v2\/product\/882","targetHints":{"allow":["GET"]}}],"collection":[{"href":"https:\/\/demistrecords.nl\/de\/wp-json\/wp\/v2\/product"}],"about":[{"href":"https:\/\/demistrecords.nl\/de\/wp-json\/wp\/v2\/types\/product"}],"replies":[{"embeddable":true,"href":"https:\/\/demistrecords.nl\/de\/wp-json\/wp\/v2\/comments?post=882"}],"wp:featuredmedia":[{"embeddable":true,"href":"https:\/\/demistrecords.nl\/de\/wp-json\/wp\/v2\/media\/883"}],"wp:attachment":[{"href":"https:\/\/demistrecords.nl\/de\/wp-json\/wp\/v2\/media?parent=882"}],"wp:term":[{"taxonomy":"product_brand","embeddable":true,"href":"https:\/\/demistrecords.nl\/de\/wp-json\/wp\/v2\/product_brand?post=882"},{"taxonomy":"product_cat","embeddable":true,"href":"https:\/\/demistrecords.nl\/de\/wp-json\/wp\/v2\/product_cat?post=882"},{"taxonomy":"product_tag","embeddable":true,"href":"https:\/\/demistrecords.nl\/de\/wp-json\/wp\/v2\/product_tag?post=882"}],"curies":[{"name":"wp","href":"https:\/\/api.w.org\/{rel}","templated":true}]}}