{"id":904,"date":"2021-10-07T18:30:57","date_gmt":"2021-10-07T16:30:57","guid":{"rendered":"https:\/\/demistrecords.nl\/?post_type=product&#038;p=904"},"modified":"2022-09-12T01:43:58","modified_gmt":"2022-09-11T23:43:58","slug":"shy-low-snake-behind-the-sun","status":"publish","type":"product","link":"https:\/\/demistrecords.nl\/de\/produkt\/shy-low-snake-behind-the-sun\/","title":{"rendered":"Shy, Low &#8211; Snake behind the sun"},"content":{"rendered":"<p>Shy, Low aus Richmond (Virginia) liefert mit Snake Behind The Sun ein wundersch\u00f6nes Album ab, in dem eine fast perfekte Balance zwischen Ambient, Post-Metal und Sludge gefunden zu sein scheint. Es ergibt ein vielschichtiges Album, das nicht mit einem Dreh vollst\u00e4ndig erfasst werden kann. Die intensiven Musikst\u00fccke fordern Ihre Aufmerksamkeit und enth\u00fcllen erst dann ihre Geheimnisse.<\/p>\n<p>Fans von <a href=\"https:\/\/demistrecords.nl\/de\/produkt\/tacoma-narrows-bridge-disaster-the-world-inside\/\">Tacoma Narrows Bridge Disaster<\/a> werden diese Platte sicherlich zu sch\u00e4tzen wissen.<\/p>\n<p>** Bitte beachten Sie, dass das Bild zu Illustrationszwecken ein Modell ist. Das gelieferte Album sieht etwas anders aus.<\/p>\n<p><iframe style=\"border: 0; width: 100%; height: 42px;\" src=\"https:\/\/bandcamp.com\/EmbeddedPlayer\/album=1427219922\/size=small\/bgcol=333333\/linkcol=0f91ff\/transparent=true\/\" seamless=\"\"><a href=\"https:\/\/shylowmusic.bandcamp.com\/album\/snake-behind-the-sun\">Snake Behind The Sun by Shy, Low<\/a><\/iframe><\/p>","protected":false},"excerpt":{"rendered":"<p>V\u00f6: 08.10.2021<br \/>\nLight-Bender Version ist limitiert auf nur 150 St\u00fcck weltweit.<br \/>\nUmbra Version ist limitiert auf nur 100 St\u00fcck weltweit.<\/p>","protected":false},"featured_media":909,"comment_status":"closed","ping_status":"closed","template":"","meta":[],"product_brand":[],"product_cat":[23,16],"product_tag":[31,26,35,36],"class_list":{"0":"post-904","1":"product","2":"type-product","3":"status-publish","4":"has-post-thumbnail","6":"product_cat-exclusief","7":"product_cat-vinyl-12-2xlp","8":"product_tag-ambient","9":"product_tag-post-metal","10":"product_tag-progrock","11":"product_tag-sludge","13":"first","14":"outofstock","15":"taxable","16":"shipping-taxable","17":"purchasable","18":"product-type-variable","19":"has-default-attributes"},"bundled_by":[],"bundle_stock_status":"outofstock","bundle_stock_quantity":null,"bundle_virtual":false,"bundle_layout":"","bundle_add_to_cart_form_location":"","bundle_editable_in_cart":false,"bundle_sold_individually_context":"","bundle_item_grouping":"","bundle_min_size":"","bundle_max_size":"","bundle_price":[],"bundled_items":[],"bundle_sell_ids":[],"yoast_head":"<!-- This site is optimized with the Yoast SEO plugin v27.4 - https:\/\/yoast.com\/product\/yoast-seo-wordpress\/ -->\n<title>Shy, Low - Snake behind the sun - De Mist Records<\/title>\n<meta name=\"description\" content=\"Shy, Low uit Richmond (Virginia) levert met Snake Behind The Sun en prachtig album af. Verkrijgbaar in Lightbender en Umbra edition\" \/>\n<meta name=\"robots\" content=\"index, follow, max-snippet:-1, max-image-preview:large, max-video-preview:-1\" \/>\n<link rel=\"canonical\" href=\"https:\/\/demistrecords.nl\/de\/produkt\/shy-low-snake-behind-the-sun\/\" \/>\n<meta property=\"og:locale\" content=\"de_DE\" \/>\n<meta property=\"og:type\" content=\"article\" \/>\n<meta property=\"og:title\" content=\"Shy, Low - Snake behind the sun - De Mist Records\" \/>\n<meta property=\"og:description\" content=\"Shy, Low uit Richmond (Virginia) levert met Snake Behind The Sun en prachtig album af. Verkrijgbaar in Lightbender en Umbra edition\" \/>\n<meta property=\"og:url\" content=\"https:\/\/demistrecords.nl\/de\/produkt\/shy-low-snake-behind-the-sun\/\" \/>\n<meta property=\"og:site_name\" content=\"De Mist Records\" \/>\n<meta property=\"article:publisher\" content=\"https:\/\/www.facebook.com\/demistrecordsnl\" \/>\n<meta property=\"article:modified_time\" content=\"2022-09-11T23:43:58+00:00\" \/>\n<meta property=\"og:image\" content=\"https:\/\/demistrecords.nl\/wp-content\/uploads\/2021\/10\/Shy-Low-Snake-Behind-The-Sun-Light-bender-edition.jpg\" \/>\n\t<meta property=\"og:image:width\" content=\"2000\" \/>\n\t<meta property=\"og:image:height\" content=\"2000\" \/>\n\t<meta property=\"og:image:type\" content=\"image\/jpeg\" \/>\n<meta name=\"twitter:card\" content=\"summary_large_image\" \/>\n<meta name=\"twitter:site\" content=\"@deathroo1\" \/>\n<meta name=\"twitter:label1\" content=\"Gesch\u00e4tzte Lesezeit\" \/>\n\t<meta name=\"twitter:data1\" content=\"1\u00a0Minute\" \/>\n<script type=\"application\/ld+json\" class=\"yoast-schema-graph\">{\"@context\":\"https:\\\/\\\/schema.org\",\"@graph\":[{\"@type\":[\"WebPage\",\"ItemPage\"],\"@id\":\"https:\\\/\\\/demistrecords.nl\\\/product\\\/shy-low-snake-behind-the-sun\\\/\",\"url\":\"https:\\\/\\\/demistrecords.nl\\\/product\\\/shy-low-snake-behind-the-sun\\\/\",\"name\":\"Shy, Low - Snake behind the sun - De Mist Records\",\"isPartOf\":{\"@id\":\"https:\\\/\\\/demistrecords.nl\\\/#website\"},\"primaryImageOfPage\":{\"@id\":\"https:\\\/\\\/demistrecords.nl\\\/product\\\/shy-low-snake-behind-the-sun\\\/#primaryimage\"},\"image\":{\"@id\":\"https:\\\/\\\/demistrecords.nl\\\/product\\\/shy-low-snake-behind-the-sun\\\/#primaryimage\"},\"thumbnailUrl\":\"https:\\\/\\\/demistrecords.nl\\\/wp-content\\\/uploads\\\/2021\\\/10\\\/Shy-Low-Snake-Behind-The-Sun-Light-bender-edition.jpg\",\"datePublished\":\"2021-10-07T16:30:57+00:00\",\"dateModified\":\"2022-09-11T23:43:58+00:00\",\"description\":\"Shy, Low uit Richmond (Virginia) levert met Snake Behind The Sun en prachtig album af. Verkrijgbaar in Lightbender en Umbra edition\",\"breadcrumb\":{\"@id\":\"https:\\\/\\\/demistrecords.nl\\\/product\\\/shy-low-snake-behind-the-sun\\\/#breadcrumb\"},\"inLanguage\":\"de\",\"potentialAction\":[{\"@type\":\"ReadAction\",\"target\":[\"https:\\\/\\\/demistrecords.nl\\\/product\\\/shy-low-snake-behind-the-sun\\\/\"]}]},{\"@type\":\"ImageObject\",\"inLanguage\":\"de\",\"@id\":\"https:\\\/\\\/demistrecords.nl\\\/product\\\/shy-low-snake-behind-the-sun\\\/#primaryimage\",\"url\":\"https:\\\/\\\/demistrecords.nl\\\/wp-content\\\/uploads\\\/2021\\\/10\\\/Shy-Low-Snake-Behind-The-Sun-Light-bender-edition.jpg\",\"contentUrl\":\"https:\\\/\\\/demistrecords.nl\\\/wp-content\\\/uploads\\\/2021\\\/10\\\/Shy-Low-Snake-Behind-The-Sun-Light-bender-edition.jpg\",\"width\":2000,\"height\":2000,\"caption\":\"Shy, Low - Snake Behind The Sun - Light-bender edition\"},{\"@type\":\"BreadcrumbList\",\"@id\":\"https:\\\/\\\/demistrecords.nl\\\/product\\\/shy-low-snake-behind-the-sun\\\/#breadcrumb\",\"itemListElement\":[{\"@type\":\"ListItem\",\"position\":1,\"name\":\"Home\",\"item\":\"https:\\\/\\\/demistrecords.nl\\\/\"},{\"@type\":\"ListItem\",\"position\":2,\"name\":\"Shop\",\"item\":\"https:\\\/\\\/demistrecords.nl\\\/shop\\\/\"},{\"@type\":\"ListItem\",\"position\":3,\"name\":\"Shy, Low &#8211; Snake behind the sun\"}]},{\"@type\":\"WebSite\",\"@id\":\"https:\\\/\\\/demistrecords.nl\\\/#website\",\"url\":\"https:\\\/\\\/demistrecords.nl\\\/\",\"name\":\"De Mist Records\",\"description\":\"Post-rock and related music\",\"publisher\":{\"@id\":\"https:\\\/\\\/demistrecords.nl\\\/#organization\"},\"potentialAction\":[{\"@type\":\"SearchAction\",\"target\":{\"@type\":\"EntryPoint\",\"urlTemplate\":\"https:\\\/\\\/demistrecords.nl\\\/?s={search_term_string}\"},\"query-input\":{\"@type\":\"PropertyValueSpecification\",\"valueRequired\":true,\"valueName\":\"search_term_string\"}}],\"inLanguage\":\"de\"},{\"@type\":\"Organization\",\"@id\":\"https:\\\/\\\/demistrecords.nl\\\/#organization\",\"name\":\"De Mist Records\",\"url\":\"https:\\\/\\\/demistrecords.nl\\\/\",\"logo\":{\"@type\":\"ImageObject\",\"inLanguage\":\"de\",\"@id\":\"https:\\\/\\\/demistrecords.nl\\\/#\\\/schema\\\/logo\\\/image\\\/\",\"url\":\"https:\\\/\\\/demistrecords.nl\\\/wp-content\\\/uploads\\\/2020\\\/12\\\/logo-de-mist-records-rond.png\",\"contentUrl\":\"https:\\\/\\\/demistrecords.nl\\\/wp-content\\\/uploads\\\/2020\\\/12\\\/logo-de-mist-records-rond.png\",\"width\":500,\"height\":500,\"caption\":\"De Mist Records\"},\"image\":{\"@id\":\"https:\\\/\\\/demistrecords.nl\\\/#\\\/schema\\\/logo\\\/image\\\/\"},\"sameAs\":[\"https:\\\/\\\/www.facebook.com\\\/demistrecordsnl\",\"https:\\\/\\\/x.com\\\/deathroo1\",\"https:\\\/\\\/www.instagram.com\\\/demist_records\\\/\"]}]}<\/script>\n<!-- \/ Yoast SEO plugin. -->","yoast_head_json":{"title":"Shy, Low - Snake behind the sun - De Mist Records","description":"Shy, Low uit Richmond (Virginia) levert met Snake Behind The Sun en prachtig album af. Verkrijgbaar in Lightbender en Umbra edition","robots":{"index":"index","follow":"follow","max-snippet":"max-snippet:-1","max-image-preview":"max-image-preview:large","max-video-preview":"max-video-preview:-1"},"canonical":"https:\/\/demistrecords.nl\/de\/produkt\/shy-low-snake-behind-the-sun\/","og_locale":"de_DE","og_type":"article","og_title":"Shy, Low - Snake behind the sun - De Mist Records","og_description":"Shy, Low uit Richmond (Virginia) levert met Snake Behind The Sun en prachtig album af. Verkrijgbaar in Lightbender en Umbra edition","og_url":"https:\/\/demistrecords.nl\/de\/produkt\/shy-low-snake-behind-the-sun\/","og_site_name":"De Mist Records","article_publisher":"https:\/\/www.facebook.com\/demistrecordsnl","article_modified_time":"2022-09-11T23:43:58+00:00","og_image":[{"width":2000,"height":2000,"url":"https:\/\/demistrecords.nl\/wp-content\/uploads\/2021\/10\/Shy-Low-Snake-Behind-The-Sun-Light-bender-edition.jpg","type":"image\/jpeg"}],"twitter_card":"summary_large_image","twitter_site":"@deathroo1","twitter_misc":{"Gesch\u00e4tzte Lesezeit":"1\u00a0Minute"},"schema":{"@context":"https:\/\/schema.org","@graph":[{"@type":["WebPage","ItemPage"],"@id":"https:\/\/demistrecords.nl\/product\/shy-low-snake-behind-the-sun\/","url":"https:\/\/demistrecords.nl\/product\/shy-low-snake-behind-the-sun\/","name":"Shy, Low - Snake behind the sun - De Mist Records","isPartOf":{"@id":"https:\/\/demistrecords.nl\/#website"},"primaryImageOfPage":{"@id":"https:\/\/demistrecords.nl\/product\/shy-low-snake-behind-the-sun\/#primaryimage"},"image":{"@id":"https:\/\/demistrecords.nl\/product\/shy-low-snake-behind-the-sun\/#primaryimage"},"thumbnailUrl":"https:\/\/demistrecords.nl\/wp-content\/uploads\/2021\/10\/Shy-Low-Snake-Behind-The-Sun-Light-bender-edition.jpg","datePublished":"2021-10-07T16:30:57+00:00","dateModified":"2022-09-11T23:43:58+00:00","description":"Shy, Low uit Richmond (Virginia) levert met Snake Behind The Sun en prachtig album af. Verkrijgbaar in Lightbender en Umbra edition","breadcrumb":{"@id":"https:\/\/demistrecords.nl\/product\/shy-low-snake-behind-the-sun\/#breadcrumb"},"inLanguage":"de","potentialAction":[{"@type":"ReadAction","target":["https:\/\/demistrecords.nl\/product\/shy-low-snake-behind-the-sun\/"]}]},{"@type":"ImageObject","inLanguage":"de","@id":"https:\/\/demistrecords.nl\/product\/shy-low-snake-behind-the-sun\/#primaryimage","url":"https:\/\/demistrecords.nl\/wp-content\/uploads\/2021\/10\/Shy-Low-Snake-Behind-The-Sun-Light-bender-edition.jpg","contentUrl":"https:\/\/demistrecords.nl\/wp-content\/uploads\/2021\/10\/Shy-Low-Snake-Behind-The-Sun-Light-bender-edition.jpg","width":2000,"height":2000,"caption":"Shy, Low - Snake Behind The Sun - Light-bender edition"},{"@type":"BreadcrumbList","@id":"https:\/\/demistrecords.nl\/product\/shy-low-snake-behind-the-sun\/#breadcrumb","itemListElement":[{"@type":"ListItem","position":1,"name":"Home","item":"https:\/\/demistrecords.nl\/"},{"@type":"ListItem","position":2,"name":"Shop","item":"https:\/\/demistrecords.nl\/shop\/"},{"@type":"ListItem","position":3,"name":"Shy, Low &#8211; Snake behind the sun"}]},{"@type":"WebSite","@id":"https:\/\/demistrecords.nl\/#website","url":"https:\/\/demistrecords.nl\/","name":"De Mist Records","description":"Post-rock and related music","publisher":{"@id":"https:\/\/demistrecords.nl\/#organization"},"potentialAction":[{"@type":"SearchAction","target":{"@type":"EntryPoint","urlTemplate":"https:\/\/demistrecords.nl\/?s={search_term_string}"},"query-input":{"@type":"PropertyValueSpecification","valueRequired":true,"valueName":"search_term_string"}}],"inLanguage":"de"},{"@type":"Organization","@id":"https:\/\/demistrecords.nl\/#organization","name":"De Mist Records","url":"https:\/\/demistrecords.nl\/","logo":{"@type":"ImageObject","inLanguage":"de","@id":"https:\/\/demistrecords.nl\/#\/schema\/logo\/image\/","url":"https:\/\/demistrecords.nl\/wp-content\/uploads\/2020\/12\/logo-de-mist-records-rond.png","contentUrl":"https:\/\/demistrecords.nl\/wp-content\/uploads\/2020\/12\/logo-de-mist-records-rond.png","width":500,"height":500,"caption":"De Mist Records"},"image":{"@id":"https:\/\/demistrecords.nl\/#\/schema\/logo\/image\/"},"sameAs":["https:\/\/www.facebook.com\/demistrecordsnl","https:\/\/x.com\/deathroo1","https:\/\/www.instagram.com\/demist_records\/"]}]}},"_links":{"self":[{"href":"https:\/\/demistrecords.nl\/de\/wp-json\/wp\/v2\/product\/904","targetHints":{"allow":["GET"]}}],"collection":[{"href":"https:\/\/demistrecords.nl\/de\/wp-json\/wp\/v2\/product"}],"about":[{"href":"https:\/\/demistrecords.nl\/de\/wp-json\/wp\/v2\/types\/product"}],"replies":[{"embeddable":true,"href":"https:\/\/demistrecords.nl\/de\/wp-json\/wp\/v2\/comments?post=904"}],"wp:featuredmedia":[{"embeddable":true,"href":"https:\/\/demistrecords.nl\/de\/wp-json\/wp\/v2\/media\/909"}],"wp:attachment":[{"href":"https:\/\/demistrecords.nl\/de\/wp-json\/wp\/v2\/media?parent=904"}],"wp:term":[{"taxonomy":"product_brand","embeddable":true,"href":"https:\/\/demistrecords.nl\/de\/wp-json\/wp\/v2\/product_brand?post=904"},{"taxonomy":"product_cat","embeddable":true,"href":"https:\/\/demistrecords.nl\/de\/wp-json\/wp\/v2\/product_cat?post=904"},{"taxonomy":"product_tag","embeddable":true,"href":"https:\/\/demistrecords.nl\/de\/wp-json\/wp\/v2\/product_tag?post=904"}],"curies":[{"name":"wp","href":"https:\/\/api.w.org\/{rel}","templated":true}]}}