{"id":928,"date":"2021-10-22T10:39:25","date_gmt":"2021-10-22T08:39:25","guid":{"rendered":"https:\/\/demistrecords.nl\/?post_type=product&#038;p=928"},"modified":"2023-11-02T20:36:06","modified_gmt":"2023-11-02T19:36:06","slug":"leech-if-we-get-there-one-day-would-you-open-the-gates-remaster","status":"publish","type":"product","link":"https:\/\/demistrecords.nl\/de\/produkt\/leech-if-we-get-there-one-day-would-you-open-the-gates-remaster\/","title":{"rendered":"Leech &#8211; If We Get There One Day, Would You Open The Gates? (Remaster)"},"content":{"rendered":"<p>Dieses urspr\u00fcnglich in 2012 erschienene Album ist nun aufgrund der gro\u00dfen Nachfrage wieder erh\u00e4ltlich. Genie\u00dfen Sie erneut die vollst\u00e4ndig remasterten Versionen von Songs wie Turbolina oder Gravity Head. Als Nachfolger von The Stolen View, das innerhalb des Genres zu Recht als Klassiker bezeichnet werden kann, stehen die Songs diesmal mehr f\u00fcr sich. Die Schweizer Band hat mit diesem Album nur die Messlatte f\u00fcr sich selbst h\u00f6her gelegt.<\/p>\n<p><iframe style=\"border: 0; width: 100%; height: 42px;\" src=\"https:\/\/bandcamp.com\/EmbeddedPlayer\/album=1571052979\/size=small\/bgcol=333333\/linkcol=0f91ff\/transparent=true\/\" seamless=\"\"><a href=\"https:\/\/leechofficial.bandcamp.com\/album\/if-we-get-there-one-day-would-you-please-open-the-gates-remaster\">If We Get There One Day, Would You Please Open The Gates? (Remaster) by Leech<\/a><\/iframe><\/p>","protected":false},"excerpt":{"rendered":"<p>2LP Deluxe Doppelvinyl, 180g, Black Dust Splatter Vinyl, Gatefold mit Booklet<br \/>\nLimitiert auf nur 500 St\u00fcck weltweit.<br \/>\nIndividuell von Hand nummeriert<br \/>\nV\u00f6: 24.10.2021<\/p>","protected":false},"featured_media":930,"comment_status":"closed","ping_status":"closed","template":"","meta":[],"product_brand":[],"product_cat":[23,16],"product_tag":[28],"class_list":{"0":"post-928","1":"product","2":"type-product","3":"status-publish","4":"has-post-thumbnail","6":"product_cat-exclusief","7":"product_cat-vinyl-12-2xlp","8":"product_tag-post-rock","10":"first","11":"outofstock","12":"taxable","13":"shipping-taxable","14":"purchasable","15":"product-type-simple"},"bundled_by":[],"bundle_stock_status":"outofstock","bundle_stock_quantity":0,"bundle_virtual":false,"bundle_layout":"","bundle_add_to_cart_form_location":"","bundle_editable_in_cart":false,"bundle_sold_individually_context":"","bundle_item_grouping":"","bundle_min_size":"","bundle_max_size":"","bundle_price":[],"bundled_items":[],"bundle_sell_ids":[],"yoast_head":"<!-- This site is optimized with the Yoast SEO plugin v27.4 - https:\/\/yoast.com\/product\/yoast-seo-wordpress\/ -->\n<title>Leech - If We Get There One Day, Would You Open The Gates? (Remaster)<\/title>\n<meta name=\"description\" content=\"2LP Deluxe Double Vinyl, 180g, Black Dust Splatter Vinyl, Gatefold met boekje Wereldwijd gelimiteerd tot 500 stuks Individueel met de hand genummerd Releasedatum: 24 oktober 2021\" \/>\n<meta name=\"robots\" content=\"index, follow, max-snippet:-1, max-image-preview:large, max-video-preview:-1\" \/>\n<link rel=\"canonical\" href=\"https:\/\/demistrecords.nl\/de\/produkt\/leech-if-we-get-there-one-day-would-you-open-the-gates-remaster\/\" \/>\n<meta property=\"og:locale\" content=\"de_DE\" \/>\n<meta property=\"og:type\" content=\"article\" \/>\n<meta property=\"og:title\" content=\"Leech - If We Get There One Day, Would You Open The Gates? (Remaster)\" \/>\n<meta property=\"og:description\" content=\"2LP Deluxe Double Vinyl, 180g, Black Dust Splatter Vinyl, Gatefold met boekje Wereldwijd gelimiteerd tot 500 stuks Individueel met de hand genummerd Releasedatum: 24 oktober 2021\" \/>\n<meta property=\"og:url\" content=\"https:\/\/demistrecords.nl\/de\/produkt\/leech-if-we-get-there-one-day-would-you-open-the-gates-remaster\/\" \/>\n<meta property=\"og:site_name\" content=\"De Mist Records\" \/>\n<meta property=\"article:publisher\" content=\"https:\/\/www.facebook.com\/demistrecordsnl\" \/>\n<meta property=\"article:modified_time\" content=\"2023-11-02T19:36:06+00:00\" \/>\n<meta property=\"og:image\" content=\"https:\/\/demistrecords.nl\/wp-content\/uploads\/2021\/10\/Leech-If-We-Get-There-One-Day-Would-You-Open-The-Gates-remaster-1.jpg\" \/>\n\t<meta property=\"og:image:width\" content=\"2120\" \/>\n\t<meta property=\"og:image:height\" content=\"2120\" \/>\n\t<meta property=\"og:image:type\" content=\"image\/jpeg\" \/>\n<meta name=\"twitter:card\" content=\"summary_large_image\" \/>\n<meta name=\"twitter:site\" content=\"@deathroo1\" \/>\n<meta name=\"twitter:label1\" content=\"Gesch\u00e4tzte Lesezeit\" \/>\n\t<meta name=\"twitter:data1\" content=\"1\u00a0Minute\" \/>\n<script type=\"application\/ld+json\" class=\"yoast-schema-graph\">{\"@context\":\"https:\\\/\\\/schema.org\",\"@graph\":[{\"@type\":[\"WebPage\",\"ItemPage\"],\"@id\":\"https:\\\/\\\/demistrecords.nl\\\/product\\\/leech-if-we-get-there-one-day-would-you-open-the-gates-remaster\\\/\",\"url\":\"https:\\\/\\\/demistrecords.nl\\\/product\\\/leech-if-we-get-there-one-day-would-you-open-the-gates-remaster\\\/\",\"name\":\"Leech - If We Get There One Day, Would You Open The Gates? (Remaster)\",\"isPartOf\":{\"@id\":\"https:\\\/\\\/demistrecords.nl\\\/#website\"},\"primaryImageOfPage\":{\"@id\":\"https:\\\/\\\/demistrecords.nl\\\/product\\\/leech-if-we-get-there-one-day-would-you-open-the-gates-remaster\\\/#primaryimage\"},\"image\":{\"@id\":\"https:\\\/\\\/demistrecords.nl\\\/product\\\/leech-if-we-get-there-one-day-would-you-open-the-gates-remaster\\\/#primaryimage\"},\"thumbnailUrl\":\"https:\\\/\\\/demistrecords.nl\\\/wp-content\\\/uploads\\\/2021\\\/10\\\/Leech-If-We-Get-There-One-Day-Would-You-Open-The-Gates-remaster-1.jpg\",\"datePublished\":\"2021-10-22T08:39:25+00:00\",\"dateModified\":\"2023-11-02T19:36:06+00:00\",\"description\":\"2LP Deluxe Double Vinyl, 180g, Black Dust Splatter Vinyl, Gatefold met boekje Wereldwijd gelimiteerd tot 500 stuks Individueel met de hand genummerd Releasedatum: 24 oktober 2021\",\"breadcrumb\":{\"@id\":\"https:\\\/\\\/demistrecords.nl\\\/product\\\/leech-if-we-get-there-one-day-would-you-open-the-gates-remaster\\\/#breadcrumb\"},\"inLanguage\":\"de\",\"potentialAction\":[{\"@type\":\"ReadAction\",\"target\":[\"https:\\\/\\\/demistrecords.nl\\\/product\\\/leech-if-we-get-there-one-day-would-you-open-the-gates-remaster\\\/\"]}]},{\"@type\":\"ImageObject\",\"inLanguage\":\"de\",\"@id\":\"https:\\\/\\\/demistrecords.nl\\\/product\\\/leech-if-we-get-there-one-day-would-you-open-the-gates-remaster\\\/#primaryimage\",\"url\":\"https:\\\/\\\/demistrecords.nl\\\/wp-content\\\/uploads\\\/2021\\\/10\\\/Leech-If-We-Get-There-One-Day-Would-You-Open-The-Gates-remaster-1.jpg\",\"contentUrl\":\"https:\\\/\\\/demistrecords.nl\\\/wp-content\\\/uploads\\\/2021\\\/10\\\/Leech-If-We-Get-There-One-Day-Would-You-Open-The-Gates-remaster-1.jpg\",\"width\":2120,\"height\":2120},{\"@type\":\"BreadcrumbList\",\"@id\":\"https:\\\/\\\/demistrecords.nl\\\/product\\\/leech-if-we-get-there-one-day-would-you-open-the-gates-remaster\\\/#breadcrumb\",\"itemListElement\":[{\"@type\":\"ListItem\",\"position\":1,\"name\":\"Home\",\"item\":\"https:\\\/\\\/demistrecords.nl\\\/\"},{\"@type\":\"ListItem\",\"position\":2,\"name\":\"Shop\",\"item\":\"https:\\\/\\\/demistrecords.nl\\\/shop\\\/\"},{\"@type\":\"ListItem\",\"position\":3,\"name\":\"Leech &#8211; If We Get There One Day, Would You Open The Gates? (Remaster)\"}]},{\"@type\":\"WebSite\",\"@id\":\"https:\\\/\\\/demistrecords.nl\\\/#website\",\"url\":\"https:\\\/\\\/demistrecords.nl\\\/\",\"name\":\"De Mist Records\",\"description\":\"Post-rock and related music\",\"publisher\":{\"@id\":\"https:\\\/\\\/demistrecords.nl\\\/#organization\"},\"potentialAction\":[{\"@type\":\"SearchAction\",\"target\":{\"@type\":\"EntryPoint\",\"urlTemplate\":\"https:\\\/\\\/demistrecords.nl\\\/?s={search_term_string}\"},\"query-input\":{\"@type\":\"PropertyValueSpecification\",\"valueRequired\":true,\"valueName\":\"search_term_string\"}}],\"inLanguage\":\"de\"},{\"@type\":\"Organization\",\"@id\":\"https:\\\/\\\/demistrecords.nl\\\/#organization\",\"name\":\"De Mist Records\",\"url\":\"https:\\\/\\\/demistrecords.nl\\\/\",\"logo\":{\"@type\":\"ImageObject\",\"inLanguage\":\"de\",\"@id\":\"https:\\\/\\\/demistrecords.nl\\\/#\\\/schema\\\/logo\\\/image\\\/\",\"url\":\"https:\\\/\\\/demistrecords.nl\\\/wp-content\\\/uploads\\\/2020\\\/12\\\/logo-de-mist-records-rond.png\",\"contentUrl\":\"https:\\\/\\\/demistrecords.nl\\\/wp-content\\\/uploads\\\/2020\\\/12\\\/logo-de-mist-records-rond.png\",\"width\":500,\"height\":500,\"caption\":\"De Mist Records\"},\"image\":{\"@id\":\"https:\\\/\\\/demistrecords.nl\\\/#\\\/schema\\\/logo\\\/image\\\/\"},\"sameAs\":[\"https:\\\/\\\/www.facebook.com\\\/demistrecordsnl\",\"https:\\\/\\\/x.com\\\/deathroo1\",\"https:\\\/\\\/www.instagram.com\\\/demist_records\\\/\"]}]}<\/script>\n<!-- \/ Yoast SEO plugin. -->","yoast_head_json":{"title":"Leech - If We Get There One Day, Would You Open The Gates? (Remaster)","description":"2LP Deluxe Double Vinyl, 180g, Black Dust Splatter Vinyl, Gatefold met boekje Wereldwijd gelimiteerd tot 500 stuks Individueel met de hand genummerd Releasedatum: 24 oktober 2021","robots":{"index":"index","follow":"follow","max-snippet":"max-snippet:-1","max-image-preview":"max-image-preview:large","max-video-preview":"max-video-preview:-1"},"canonical":"https:\/\/demistrecords.nl\/de\/produkt\/leech-if-we-get-there-one-day-would-you-open-the-gates-remaster\/","og_locale":"de_DE","og_type":"article","og_title":"Leech - If We Get There One Day, Would You Open The Gates? (Remaster)","og_description":"2LP Deluxe Double Vinyl, 180g, Black Dust Splatter Vinyl, Gatefold met boekje Wereldwijd gelimiteerd tot 500 stuks Individueel met de hand genummerd Releasedatum: 24 oktober 2021","og_url":"https:\/\/demistrecords.nl\/de\/produkt\/leech-if-we-get-there-one-day-would-you-open-the-gates-remaster\/","og_site_name":"De Mist Records","article_publisher":"https:\/\/www.facebook.com\/demistrecordsnl","article_modified_time":"2023-11-02T19:36:06+00:00","og_image":[{"width":2120,"height":2120,"url":"https:\/\/demistrecords.nl\/wp-content\/uploads\/2021\/10\/Leech-If-We-Get-There-One-Day-Would-You-Open-The-Gates-remaster-1.jpg","type":"image\/jpeg"}],"twitter_card":"summary_large_image","twitter_site":"@deathroo1","twitter_misc":{"Gesch\u00e4tzte Lesezeit":"1\u00a0Minute"},"schema":{"@context":"https:\/\/schema.org","@graph":[{"@type":["WebPage","ItemPage"],"@id":"https:\/\/demistrecords.nl\/product\/leech-if-we-get-there-one-day-would-you-open-the-gates-remaster\/","url":"https:\/\/demistrecords.nl\/product\/leech-if-we-get-there-one-day-would-you-open-the-gates-remaster\/","name":"Leech - If We Get There One Day, Would You Open The Gates? (Remaster)","isPartOf":{"@id":"https:\/\/demistrecords.nl\/#website"},"primaryImageOfPage":{"@id":"https:\/\/demistrecords.nl\/product\/leech-if-we-get-there-one-day-would-you-open-the-gates-remaster\/#primaryimage"},"image":{"@id":"https:\/\/demistrecords.nl\/product\/leech-if-we-get-there-one-day-would-you-open-the-gates-remaster\/#primaryimage"},"thumbnailUrl":"https:\/\/demistrecords.nl\/wp-content\/uploads\/2021\/10\/Leech-If-We-Get-There-One-Day-Would-You-Open-The-Gates-remaster-1.jpg","datePublished":"2021-10-22T08:39:25+00:00","dateModified":"2023-11-02T19:36:06+00:00","description":"2LP Deluxe Double Vinyl, 180g, Black Dust Splatter Vinyl, Gatefold met boekje Wereldwijd gelimiteerd tot 500 stuks Individueel met de hand genummerd Releasedatum: 24 oktober 2021","breadcrumb":{"@id":"https:\/\/demistrecords.nl\/product\/leech-if-we-get-there-one-day-would-you-open-the-gates-remaster\/#breadcrumb"},"inLanguage":"de","potentialAction":[{"@type":"ReadAction","target":["https:\/\/demistrecords.nl\/product\/leech-if-we-get-there-one-day-would-you-open-the-gates-remaster\/"]}]},{"@type":"ImageObject","inLanguage":"de","@id":"https:\/\/demistrecords.nl\/product\/leech-if-we-get-there-one-day-would-you-open-the-gates-remaster\/#primaryimage","url":"https:\/\/demistrecords.nl\/wp-content\/uploads\/2021\/10\/Leech-If-We-Get-There-One-Day-Would-You-Open-The-Gates-remaster-1.jpg","contentUrl":"https:\/\/demistrecords.nl\/wp-content\/uploads\/2021\/10\/Leech-If-We-Get-There-One-Day-Would-You-Open-The-Gates-remaster-1.jpg","width":2120,"height":2120},{"@type":"BreadcrumbList","@id":"https:\/\/demistrecords.nl\/product\/leech-if-we-get-there-one-day-would-you-open-the-gates-remaster\/#breadcrumb","itemListElement":[{"@type":"ListItem","position":1,"name":"Home","item":"https:\/\/demistrecords.nl\/"},{"@type":"ListItem","position":2,"name":"Shop","item":"https:\/\/demistrecords.nl\/shop\/"},{"@type":"ListItem","position":3,"name":"Leech &#8211; If We Get There One Day, Would You Open The Gates? (Remaster)"}]},{"@type":"WebSite","@id":"https:\/\/demistrecords.nl\/#website","url":"https:\/\/demistrecords.nl\/","name":"De Mist Records","description":"Post-rock and related music","publisher":{"@id":"https:\/\/demistrecords.nl\/#organization"},"potentialAction":[{"@type":"SearchAction","target":{"@type":"EntryPoint","urlTemplate":"https:\/\/demistrecords.nl\/?s={search_term_string}"},"query-input":{"@type":"PropertyValueSpecification","valueRequired":true,"valueName":"search_term_string"}}],"inLanguage":"de"},{"@type":"Organization","@id":"https:\/\/demistrecords.nl\/#organization","name":"De Mist Records","url":"https:\/\/demistrecords.nl\/","logo":{"@type":"ImageObject","inLanguage":"de","@id":"https:\/\/demistrecords.nl\/#\/schema\/logo\/image\/","url":"https:\/\/demistrecords.nl\/wp-content\/uploads\/2020\/12\/logo-de-mist-records-rond.png","contentUrl":"https:\/\/demistrecords.nl\/wp-content\/uploads\/2020\/12\/logo-de-mist-records-rond.png","width":500,"height":500,"caption":"De Mist Records"},"image":{"@id":"https:\/\/demistrecords.nl\/#\/schema\/logo\/image\/"},"sameAs":["https:\/\/www.facebook.com\/demistrecordsnl","https:\/\/x.com\/deathroo1","https:\/\/www.instagram.com\/demist_records\/"]}]}},"_links":{"self":[{"href":"https:\/\/demistrecords.nl\/de\/wp-json\/wp\/v2\/product\/928","targetHints":{"allow":["GET"]}}],"collection":[{"href":"https:\/\/demistrecords.nl\/de\/wp-json\/wp\/v2\/product"}],"about":[{"href":"https:\/\/demistrecords.nl\/de\/wp-json\/wp\/v2\/types\/product"}],"replies":[{"embeddable":true,"href":"https:\/\/demistrecords.nl\/de\/wp-json\/wp\/v2\/comments?post=928"}],"wp:featuredmedia":[{"embeddable":true,"href":"https:\/\/demistrecords.nl\/de\/wp-json\/wp\/v2\/media\/930"}],"wp:attachment":[{"href":"https:\/\/demistrecords.nl\/de\/wp-json\/wp\/v2\/media?parent=928"}],"wp:term":[{"taxonomy":"product_brand","embeddable":true,"href":"https:\/\/demistrecords.nl\/de\/wp-json\/wp\/v2\/product_brand?post=928"},{"taxonomy":"product_cat","embeddable":true,"href":"https:\/\/demistrecords.nl\/de\/wp-json\/wp\/v2\/product_cat?post=928"},{"taxonomy":"product_tag","embeddable":true,"href":"https:\/\/demistrecords.nl\/de\/wp-json\/wp\/v2\/product_tag?post=928"}],"curies":[{"name":"wp","href":"https:\/\/api.w.org\/{rel}","templated":true}]}}