{"id":939,"date":"2021-10-28T14:55:37","date_gmt":"2021-10-28T12:55:37","guid":{"rendered":"https:\/\/demistrecords.nl\/?post_type=product&#038;p=939"},"modified":"2026-02-14T17:31:01","modified_gmt":"2026-02-14T16:31:01","slug":"immanu-el-distance","status":"publish","type":"product","link":"https:\/\/demistrecords.nl\/de\/produkt\/immanu-el-distance\/","title":{"rendered":"Immanu El &#8211; Distance"},"content":{"rendered":"<p>462 \/ 5000\nVertaalresultaten\nFast genau 5 Jahre nach dem Album Hibernation erscheint das Album Distance. Die schwedische 4-k\u00f6pfige Formation macht einmal mehr deutlich, warum sie in Sachen Ambient-orientiertem Post-Rock zur absoluten europ\u00e4ischen Spitze geh\u00f6ren. Die vertr\u00e4umte Musik wird gelegentlich durch fl\u00fcsternde Vocals erg\u00e4nzt und bietet eine zus\u00e4tzliche Dimension. Die Band hat schon mehr als 300 Shows in 30 verschiedenen L\u00e4ndern gespielt, was den Status der Band weiter best\u00e4tigt.<\/p>\n<p><iframe loading=\"lazy\" src=\"https:\/\/w.soundcloud.com\/player\/?url=https%3A\/\/api.soundcloud.com\/tracks\/1052110510&amp;color=%23ff5500&amp;auto_play=false&amp;hide_related=false&amp;show_comments=true&amp;show_user=true&amp;show_reposts=false&amp;show_teaser=true&amp;visual=true\" width=\"100%\" height=\"300\" frameborder=\"no\" scrolling=\"no\"><\/iframe><\/p>\n<div style=\"font-size: 10px; color: #cccccc; line-break: anywhere; word-break: normal; overflow: hidden; white-space: nowrap; text-overflow: ellipsis; font-family: Interstate,Lucida Grande,Lucida Sans Unicode,Lucida Sans,Garuda,Verdana,Tahoma,sans-serif; font-weight: 100;\"><a style=\"color: #cccccc; text-decoration: none;\" title=\"Immanu El\" href=\"https:\/\/soundcloud.com\/immanuelband\" target=\"_blank\" rel=\"noopener\">Immanu El<\/a> \u00b7 <a style=\"color: #cccccc; text-decoration: none;\" title=\"Breath Out Black Out Pt2\" href=\"https:\/\/soundcloud.com\/immanuelband\/breath-out-black-out-pt2\" target=\"_blank\" rel=\"noopener\">Breath Out Black Out Pt2<\/a><\/div>","protected":false},"excerpt":{"rendered":"<p>Erh\u00e4ltlich in EU- und US-Varianten:<br \/>\nBright Blue w\/ Black Smoke (EU)<br \/>\nUltra Clear Ros\u00e9 w\/ Black Smoke and Blue\/Black Splatter\/Blob (US)<\/p>\n<p>Ver\u00f6ffentlichung: 26. November 2021.<\/p>","protected":false},"featured_media":1085,"comment_status":"closed","ping_status":"closed","template":"","meta":[],"product_brand":[],"product_cat":[22,15],"product_tag":[31,28],"class_list":{"0":"post-939","1":"product","2":"type-product","3":"status-publish","4":"has-post-thumbnail","6":"product_cat-sale","7":"product_cat-vinyl-12-lp","8":"product_tag-ambient","9":"product_tag-post-rock","11":"first","12":"instock","13":"sale","14":"taxable","15":"shipping-taxable","16":"purchasable","17":"product-type-variable","18":"has-default-attributes"},"bundled_by":[],"bundle_stock_status":"instock","bundle_stock_quantity":null,"bundle_virtual":false,"bundle_layout":"","bundle_add_to_cart_form_location":"","bundle_editable_in_cart":false,"bundle_sold_individually_context":"","bundle_item_grouping":"","bundle_min_size":"","bundle_max_size":"","bundle_price":[],"bundled_items":[],"bundle_sell_ids":[],"yoast_head":"<!-- This site is optimized with the Yoast SEO plugin v27.5 - https:\/\/yoast.com\/product\/yoast-seo-wordpress\/ -->\n<title>Immanu El - Distance<\/title>\n<meta name=\"description\" content=\"Verkrijgbaar in EU and US varianten: Bright Blue w\/ Black Smoke (EU) Ultra Clear Ros\u00e9 w\/ Black Smoke and Blue\/Black Splatter\/Blob (US)  Releasedatum: 26 november 2021.\" \/>\n<meta name=\"robots\" content=\"index, follow, max-snippet:-1, max-image-preview:large, max-video-preview:-1\" \/>\n<link rel=\"canonical\" href=\"https:\/\/demistrecords.nl\/de\/produkt\/immanu-el-distance\/\" \/>\n<meta property=\"og:locale\" content=\"de_DE\" \/>\n<meta property=\"og:type\" content=\"article\" \/>\n<meta property=\"og:title\" content=\"Immanu El - Distance\" \/>\n<meta property=\"og:description\" content=\"Verkrijgbaar in EU and US varianten: Bright Blue w\/ Black Smoke (EU) Ultra Clear Ros\u00e9 w\/ Black Smoke and Blue\/Black Splatter\/Blob (US)  Releasedatum: 26 november 2021.\" \/>\n<meta property=\"og:url\" content=\"https:\/\/demistrecords.nl\/de\/produkt\/immanu-el-distance\/\" \/>\n<meta property=\"og:site_name\" content=\"De Mist Records\" \/>\n<meta property=\"article:publisher\" content=\"https:\/\/www.facebook.com\/demistrecordsnl\" \/>\n<meta property=\"article:modified_time\" content=\"2026-02-14T16:31:01+00:00\" \/>\n<meta property=\"og:image\" content=\"https:\/\/demistrecords.nl\/wp-content\/uploads\/2021\/10\/Immanu-El-Distance-EU.jpg\" \/>\n\t<meta property=\"og:image:width\" content=\"1800\" \/>\n\t<meta property=\"og:image:height\" content=\"1800\" \/>\n\t<meta property=\"og:image:type\" content=\"image\/jpeg\" \/>\n<meta name=\"twitter:card\" content=\"summary_large_image\" \/>\n<meta name=\"twitter:site\" content=\"@deathroo1\" \/>\n<meta name=\"twitter:label1\" content=\"Gesch\u00e4tzte Lesezeit\" \/>\n\t<meta name=\"twitter:data1\" content=\"1\u00a0Minute\" \/>\n<script type=\"application\/ld+json\" class=\"yoast-schema-graph\">{\"@context\":\"https:\\\/\\\/schema.org\",\"@graph\":[{\"@type\":[\"WebPage\",\"ItemPage\"],\"@id\":\"https:\\\/\\\/demistrecords.nl\\\/product\\\/immanu-el-distance\\\/\",\"url\":\"https:\\\/\\\/demistrecords.nl\\\/product\\\/immanu-el-distance\\\/\",\"name\":\"Immanu El - Distance\",\"isPartOf\":{\"@id\":\"https:\\\/\\\/demistrecords.nl\\\/#website\"},\"primaryImageOfPage\":{\"@id\":\"https:\\\/\\\/demistrecords.nl\\\/product\\\/immanu-el-distance\\\/#primaryimage\"},\"image\":{\"@id\":\"https:\\\/\\\/demistrecords.nl\\\/product\\\/immanu-el-distance\\\/#primaryimage\"},\"thumbnailUrl\":\"https:\\\/\\\/demistrecords.nl\\\/wp-content\\\/uploads\\\/2021\\\/10\\\/Immanu-El-Distance-EU.jpg\",\"datePublished\":\"2021-10-28T12:55:37+00:00\",\"dateModified\":\"2026-02-14T16:31:01+00:00\",\"description\":\"Verkrijgbaar in EU and US varianten: Bright Blue w\\\/ Black Smoke (EU) Ultra Clear Ros\u00e9 w\\\/ Black Smoke and Blue\\\/Black Splatter\\\/Blob (US) Releasedatum: 26 november 2021.\",\"breadcrumb\":{\"@id\":\"https:\\\/\\\/demistrecords.nl\\\/product\\\/immanu-el-distance\\\/#breadcrumb\"},\"inLanguage\":\"de\",\"potentialAction\":[{\"@type\":\"ReadAction\",\"target\":[\"https:\\\/\\\/demistrecords.nl\\\/product\\\/immanu-el-distance\\\/\"]}]},{\"@type\":\"ImageObject\",\"inLanguage\":\"de\",\"@id\":\"https:\\\/\\\/demistrecords.nl\\\/product\\\/immanu-el-distance\\\/#primaryimage\",\"url\":\"https:\\\/\\\/demistrecords.nl\\\/wp-content\\\/uploads\\\/2021\\\/10\\\/Immanu-El-Distance-EU.jpg\",\"contentUrl\":\"https:\\\/\\\/demistrecords.nl\\\/wp-content\\\/uploads\\\/2021\\\/10\\\/Immanu-El-Distance-EU.jpg\",\"width\":1800,\"height\":1800},{\"@type\":\"BreadcrumbList\",\"@id\":\"https:\\\/\\\/demistrecords.nl\\\/product\\\/immanu-el-distance\\\/#breadcrumb\",\"itemListElement\":[{\"@type\":\"ListItem\",\"position\":1,\"name\":\"Home\",\"item\":\"https:\\\/\\\/demistrecords.nl\\\/\"},{\"@type\":\"ListItem\",\"position\":2,\"name\":\"Shop\",\"item\":\"https:\\\/\\\/demistrecords.nl\\\/shop\\\/\"},{\"@type\":\"ListItem\",\"position\":3,\"name\":\"Immanu El &#8211; Distance\"}]},{\"@type\":\"WebSite\",\"@id\":\"https:\\\/\\\/demistrecords.nl\\\/#website\",\"url\":\"https:\\\/\\\/demistrecords.nl\\\/\",\"name\":\"De Mist Records\",\"description\":\"Post-rock and related music\",\"publisher\":{\"@id\":\"https:\\\/\\\/demistrecords.nl\\\/#organization\"},\"potentialAction\":[{\"@type\":\"SearchAction\",\"target\":{\"@type\":\"EntryPoint\",\"urlTemplate\":\"https:\\\/\\\/demistrecords.nl\\\/?s={search_term_string}\"},\"query-input\":{\"@type\":\"PropertyValueSpecification\",\"valueRequired\":true,\"valueName\":\"search_term_string\"}}],\"inLanguage\":\"de\"},{\"@type\":\"Organization\",\"@id\":\"https:\\\/\\\/demistrecords.nl\\\/#organization\",\"name\":\"De Mist Records\",\"url\":\"https:\\\/\\\/demistrecords.nl\\\/\",\"logo\":{\"@type\":\"ImageObject\",\"inLanguage\":\"de\",\"@id\":\"https:\\\/\\\/demistrecords.nl\\\/#\\\/schema\\\/logo\\\/image\\\/\",\"url\":\"https:\\\/\\\/demistrecords.nl\\\/wp-content\\\/uploads\\\/2020\\\/12\\\/logo-de-mist-records-rond.png\",\"contentUrl\":\"https:\\\/\\\/demistrecords.nl\\\/wp-content\\\/uploads\\\/2020\\\/12\\\/logo-de-mist-records-rond.png\",\"width\":500,\"height\":500,\"caption\":\"De Mist Records\"},\"image\":{\"@id\":\"https:\\\/\\\/demistrecords.nl\\\/#\\\/schema\\\/logo\\\/image\\\/\"},\"sameAs\":[\"https:\\\/\\\/www.facebook.com\\\/demistrecordsnl\",\"https:\\\/\\\/x.com\\\/deathroo1\",\"https:\\\/\\\/www.instagram.com\\\/demist_records\\\/\"]}]}<\/script>\n<!-- \/ Yoast SEO plugin. -->","yoast_head_json":{"title":"Immanu El - Distance","description":"Verkrijgbaar in EU and US varianten: Bright Blue w\/ Black Smoke (EU) Ultra Clear Ros\u00e9 w\/ Black Smoke and Blue\/Black Splatter\/Blob (US)  Releasedatum: 26 november 2021.","robots":{"index":"index","follow":"follow","max-snippet":"max-snippet:-1","max-image-preview":"max-image-preview:large","max-video-preview":"max-video-preview:-1"},"canonical":"https:\/\/demistrecords.nl\/de\/produkt\/immanu-el-distance\/","og_locale":"de_DE","og_type":"article","og_title":"Immanu El - Distance","og_description":"Verkrijgbaar in EU and US varianten: Bright Blue w\/ Black Smoke (EU) Ultra Clear Ros\u00e9 w\/ Black Smoke and Blue\/Black Splatter\/Blob (US)  Releasedatum: 26 november 2021.","og_url":"https:\/\/demistrecords.nl\/de\/produkt\/immanu-el-distance\/","og_site_name":"De Mist Records","article_publisher":"https:\/\/www.facebook.com\/demistrecordsnl","article_modified_time":"2026-02-14T16:31:01+00:00","og_image":[{"width":1800,"height":1800,"url":"https:\/\/demistrecords.nl\/wp-content\/uploads\/2021\/10\/Immanu-El-Distance-EU.jpg","type":"image\/jpeg"}],"twitter_card":"summary_large_image","twitter_site":"@deathroo1","twitter_misc":{"Gesch\u00e4tzte Lesezeit":"1\u00a0Minute"},"schema":{"@context":"https:\/\/schema.org","@graph":[{"@type":["WebPage","ItemPage"],"@id":"https:\/\/demistrecords.nl\/product\/immanu-el-distance\/","url":"https:\/\/demistrecords.nl\/product\/immanu-el-distance\/","name":"Immanu El - Distance","isPartOf":{"@id":"https:\/\/demistrecords.nl\/#website"},"primaryImageOfPage":{"@id":"https:\/\/demistrecords.nl\/product\/immanu-el-distance\/#primaryimage"},"image":{"@id":"https:\/\/demistrecords.nl\/product\/immanu-el-distance\/#primaryimage"},"thumbnailUrl":"https:\/\/demistrecords.nl\/wp-content\/uploads\/2021\/10\/Immanu-El-Distance-EU.jpg","datePublished":"2021-10-28T12:55:37+00:00","dateModified":"2026-02-14T16:31:01+00:00","description":"Verkrijgbaar in EU and US varianten: Bright Blue w\/ Black Smoke (EU) Ultra Clear Ros\u00e9 w\/ Black Smoke and Blue\/Black Splatter\/Blob (US) Releasedatum: 26 november 2021.","breadcrumb":{"@id":"https:\/\/demistrecords.nl\/product\/immanu-el-distance\/#breadcrumb"},"inLanguage":"de","potentialAction":[{"@type":"ReadAction","target":["https:\/\/demistrecords.nl\/product\/immanu-el-distance\/"]}]},{"@type":"ImageObject","inLanguage":"de","@id":"https:\/\/demistrecords.nl\/product\/immanu-el-distance\/#primaryimage","url":"https:\/\/demistrecords.nl\/wp-content\/uploads\/2021\/10\/Immanu-El-Distance-EU.jpg","contentUrl":"https:\/\/demistrecords.nl\/wp-content\/uploads\/2021\/10\/Immanu-El-Distance-EU.jpg","width":1800,"height":1800},{"@type":"BreadcrumbList","@id":"https:\/\/demistrecords.nl\/product\/immanu-el-distance\/#breadcrumb","itemListElement":[{"@type":"ListItem","position":1,"name":"Home","item":"https:\/\/demistrecords.nl\/"},{"@type":"ListItem","position":2,"name":"Shop","item":"https:\/\/demistrecords.nl\/shop\/"},{"@type":"ListItem","position":3,"name":"Immanu El &#8211; Distance"}]},{"@type":"WebSite","@id":"https:\/\/demistrecords.nl\/#website","url":"https:\/\/demistrecords.nl\/","name":"De Mist Records","description":"Post-rock and related music","publisher":{"@id":"https:\/\/demistrecords.nl\/#organization"},"potentialAction":[{"@type":"SearchAction","target":{"@type":"EntryPoint","urlTemplate":"https:\/\/demistrecords.nl\/?s={search_term_string}"},"query-input":{"@type":"PropertyValueSpecification","valueRequired":true,"valueName":"search_term_string"}}],"inLanguage":"de"},{"@type":"Organization","@id":"https:\/\/demistrecords.nl\/#organization","name":"De Mist Records","url":"https:\/\/demistrecords.nl\/","logo":{"@type":"ImageObject","inLanguage":"de","@id":"https:\/\/demistrecords.nl\/#\/schema\/logo\/image\/","url":"https:\/\/demistrecords.nl\/wp-content\/uploads\/2020\/12\/logo-de-mist-records-rond.png","contentUrl":"https:\/\/demistrecords.nl\/wp-content\/uploads\/2020\/12\/logo-de-mist-records-rond.png","width":500,"height":500,"caption":"De Mist Records"},"image":{"@id":"https:\/\/demistrecords.nl\/#\/schema\/logo\/image\/"},"sameAs":["https:\/\/www.facebook.com\/demistrecordsnl","https:\/\/x.com\/deathroo1","https:\/\/www.instagram.com\/demist_records\/"]}]}},"_links":{"self":[{"href":"https:\/\/demistrecords.nl\/de\/wp-json\/wp\/v2\/product\/939","targetHints":{"allow":["GET"]}}],"collection":[{"href":"https:\/\/demistrecords.nl\/de\/wp-json\/wp\/v2\/product"}],"about":[{"href":"https:\/\/demistrecords.nl\/de\/wp-json\/wp\/v2\/types\/product"}],"replies":[{"embeddable":true,"href":"https:\/\/demistrecords.nl\/de\/wp-json\/wp\/v2\/comments?post=939"}],"wp:featuredmedia":[{"embeddable":true,"href":"https:\/\/demistrecords.nl\/de\/wp-json\/wp\/v2\/media\/1085"}],"wp:attachment":[{"href":"https:\/\/demistrecords.nl\/de\/wp-json\/wp\/v2\/media?parent=939"}],"wp:term":[{"taxonomy":"product_brand","embeddable":true,"href":"https:\/\/demistrecords.nl\/de\/wp-json\/wp\/v2\/product_brand?post=939"},{"taxonomy":"product_cat","embeddable":true,"href":"https:\/\/demistrecords.nl\/de\/wp-json\/wp\/v2\/product_cat?post=939"},{"taxonomy":"product_tag","embeddable":true,"href":"https:\/\/demistrecords.nl\/de\/wp-json\/wp\/v2\/product_tag?post=939"}],"curies":[{"name":"wp","href":"https:\/\/api.w.org\/{rel}","templated":true}]}}