{"id":2360,"date":"2026-02-25T12:30:47","date_gmt":"2026-02-25T11:30:47","guid":{"rendered":"https:\/\/demistrecords.nl\/?post_type=product&#038;p=2360"},"modified":"2026-03-03T21:49:52","modified_gmt":"2026-03-03T20:49:52","slug":"alcest-ecailles-de-lune-multicolour-marble","status":"publish","type":"product","link":"https:\/\/demistrecords.nl\/en\/product\/alcest-ecailles-de-lune-multicolour-marble\/","title":{"rendered":"Alcest &#8211; \u00c9cailles De Lune (multicolour marble)"},"content":{"rendered":"<div class=\"otQkpb\" role=\"heading\" aria-level=\"3\" data-animation-nesting=\"\" data-sfc-cp=\"\" data-complete=\"true\" data-processed=\"true\" data-sae=\"\"><strong>Experience the masterpiece that put blackgaze on the map.<\/strong><br \/>\nWith their second album, \u00c9cailles de Lune (Moon Scales), French band Alcest perfected their signature sound: an otherworldly blend of dreamy shoegaze and the raw energy of black metal.<\/div>\n<div role=\"heading\" aria-level=\"3\" data-animation-nesting=\"\" data-sfc-cp=\"\" data-complete=\"true\" data-processed=\"true\" data-sae=\"\"><\/div>\n<div class=\"otQkpb\" role=\"heading\" aria-level=\"3\" data-animation-nesting=\"\" data-sfc-cp=\"\" data-complete=\"true\" data-processed=\"true\" data-sae=\"\">On <strong>\u00c9cailles De Lune<\/strong> mastermind Neige takes you on a spiritual journey to the ocean. The music flows like the tides, from serene acoustic passages to explosive eruptions of emotion. It's not darkness for the sake of darkness, but a transition to another reality\u2014beautiful, mysterious, and sometimes terrifying.<\/div>\n<p>&nbsp;<\/p>\n<div class=\"otQkpb\" role=\"heading\" aria-level=\"3\" data-animation-nesting=\"\" data-sfc-cp=\"\" data-complete=\"true\" data-processed=\"true\" data-sae=\"\"><strong>Why this release?<\/strong><\/div>\n<ul>\n<li class=\"otQkpb\" role=\"heading\" aria-level=\"3\" data-complete=\"true\" data-processed=\"true\"><strong>Unique Sound:<\/strong> The perfect balance of post-rock, shoegaze, and atmospheric black metal.<\/li>\n<li class=\"otQkpb\" role=\"heading\" aria-level=\"3\" data-complete=\"true\" data-processed=\"true\"><strong>Conceptual:<\/strong> A compelling story of transformation and the secrets of the night sea.<\/li>\n<li class=\"otQkpb\" role=\"heading\" aria-level=\"3\" data-complete=\"true\" data-processed=\"true\"><strong>A must-have for collectors:<\/strong> A stunning visual and auditory experience.<\/li>\n<\/ul>\n<p><strong>Specifications of this edition:<\/strong><\/p>\n<ul>\n<li><strong>Vinyl:<\/strong> Limited Edition blue marbled vinyl.<\/li>\n<li><strong>Extras:<\/strong> Includes an exclusive poster and printed inner sleeve.<\/li>\n<li><strong>Protection:<\/strong> Comes in a high-quality protective sleeve.<\/li>\n<\/ul>","protected":false},"excerpt":{"rendered":"<p>The perfect balance of post-rock, shoegaze, and atmospheric black metal.<\/p>\n<ul>\n<li><strong>Vinyl:<\/strong> Limited Edition blue marbled vinyl.<\/li>\n<li><strong>Extras:<\/strong> Includes an exclusive poster and printed inner sleeve.<\/li>\n<li><strong>Protection:<\/strong> Comes in a high-quality protective sleeve.<\/li>\n<\/ul>\n<p><strong><span style=\"color: #ed1c24;\">This is a pre-order: Release date is March 13, 2026.<\/span><\/strong><\/p>","protected":false},"featured_media":2361,"comment_status":"closed","ping_status":"closed","template":"","meta":[],"product_brand":[],"product_cat":[21,24,20,15],"product_tag":[27],"class_list":{"0":"post-2360","1":"product","2":"type-product","3":"status-publish","4":"has-post-thumbnail","6":"product_cat-nieuw","7":"product_cat-pre-order","8":"product_cat-verwacht","9":"product_cat-vinyl-12-lp","10":"product_tag-post-black-metal","12":"first","13":"instock","14":"taxable","15":"shipping-taxable","16":"purchasable","17":"product-type-simple"},"yoast_head":"<!-- This site is optimized with the Yoast SEO plugin v27.3 - https:\/\/yoast.com\/product\/yoast-seo-wordpress\/ -->\n<title>Alcest - \u00c9cailles De Lune (multicolour marble) limited edition multicolour marbled<\/title>\n<meta name=\"description\" content=\"Koop Alcest - \u00c9cailles de Lune op Limited Edition blauw gemarmerd vinyl. H\u00e9t blackgaze meesterwerk met poster en extra&#039;s. Bestel nu en ontdek deze dromerige LP!\" \/>\n<meta name=\"robots\" content=\"index, follow, max-snippet:-1, max-image-preview:large, max-video-preview:-1\" \/>\n<link rel=\"canonical\" href=\"https:\/\/demistrecords.nl\/en\/product\/alcest-ecailles-de-lune-multicolour-marble\/\" \/>\n<meta property=\"og:locale\" content=\"en_GB\" \/>\n<meta property=\"og:type\" content=\"article\" \/>\n<meta property=\"og:title\" content=\"Alcest - \u00c9cailles De Lune (multicolour marble) limited edition multicolour marbled\" \/>\n<meta property=\"og:description\" content=\"Koop Alcest - \u00c9cailles de Lune op Limited Edition blauw gemarmerd vinyl. H\u00e9t blackgaze meesterwerk met poster en extra&#039;s. Bestel nu en ontdek deze dromerige LP!\" \/>\n<meta property=\"og:url\" content=\"https:\/\/demistrecords.nl\/en\/product\/alcest-ecailles-de-lune-multicolour-marble\/\" \/>\n<meta property=\"og:site_name\" content=\"De Mist Records\" \/>\n<meta property=\"article:publisher\" content=\"https:\/\/www.facebook.com\/demistrecordsnl\" \/>\n<meta property=\"article:modified_time\" content=\"2026-03-03T20:49:52+00:00\" \/>\n<meta property=\"og:image\" content=\"https:\/\/demistrecords.nl\/wp-content\/uploads\/2026\/02\/alcest-ecailles-de-lune-multicolour-marble.jpg\" \/>\n\t<meta property=\"og:image:width\" content=\"800\" \/>\n\t<meta property=\"og:image:height\" content=\"800\" \/>\n\t<meta property=\"og:image:type\" content=\"image\/jpeg\" \/>\n<meta name=\"twitter:card\" content=\"summary_large_image\" \/>\n<meta name=\"twitter:site\" content=\"@deathroo1\" \/>\n<meta name=\"twitter:label1\" content=\"Estimated reading time\" \/>\n\t<meta name=\"twitter:data1\" content=\"1 minute\" \/>\n<script type=\"application\/ld+json\" class=\"yoast-schema-graph\">{\"@context\":\"https:\\\/\\\/schema.org\",\"@graph\":[{\"@type\":[\"WebPage\",\"ItemPage\"],\"@id\":\"https:\\\/\\\/demistrecords.nl\\\/product\\\/alcest-ecailles-de-lune-multicolour-marble\\\/\",\"url\":\"https:\\\/\\\/demistrecords.nl\\\/product\\\/alcest-ecailles-de-lune-multicolour-marble\\\/\",\"name\":\"Alcest - \u00c9cailles De Lune (multicolour marble) limited edition multicolour marbled\",\"isPartOf\":{\"@id\":\"https:\\\/\\\/demistrecords.nl\\\/#website\"},\"primaryImageOfPage\":{\"@id\":\"https:\\\/\\\/demistrecords.nl\\\/product\\\/alcest-ecailles-de-lune-multicolour-marble\\\/#primaryimage\"},\"image\":{\"@id\":\"https:\\\/\\\/demistrecords.nl\\\/product\\\/alcest-ecailles-de-lune-multicolour-marble\\\/#primaryimage\"},\"thumbnailUrl\":\"https:\\\/\\\/demistrecords.nl\\\/wp-content\\\/uploads\\\/2026\\\/02\\\/alcest-ecailles-de-lune-multicolour-marble.jpg\",\"datePublished\":\"2026-02-25T11:30:47+00:00\",\"dateModified\":\"2026-03-03T20:49:52+00:00\",\"description\":\"Koop Alcest - \u00c9cailles de Lune op Limited Edition blauw gemarmerd vinyl. H\u00e9t blackgaze meesterwerk met poster en extra's. Bestel nu en ontdek deze dromerige LP!\",\"breadcrumb\":{\"@id\":\"https:\\\/\\\/demistrecords.nl\\\/product\\\/alcest-ecailles-de-lune-multicolour-marble\\\/#breadcrumb\"},\"inLanguage\":\"en-GB\",\"potentialAction\":[{\"@type\":\"ReadAction\",\"target\":[\"https:\\\/\\\/demistrecords.nl\\\/product\\\/alcest-ecailles-de-lune-multicolour-marble\\\/\"]}]},{\"@type\":\"ImageObject\",\"inLanguage\":\"en-GB\",\"@id\":\"https:\\\/\\\/demistrecords.nl\\\/product\\\/alcest-ecailles-de-lune-multicolour-marble\\\/#primaryimage\",\"url\":\"https:\\\/\\\/demistrecords.nl\\\/wp-content\\\/uploads\\\/2026\\\/02\\\/alcest-ecailles-de-lune-multicolour-marble.jpg\",\"contentUrl\":\"https:\\\/\\\/demistrecords.nl\\\/wp-content\\\/uploads\\\/2026\\\/02\\\/alcest-ecailles-de-lune-multicolour-marble.jpg\",\"width\":800,\"height\":800},{\"@type\":\"BreadcrumbList\",\"@id\":\"https:\\\/\\\/demistrecords.nl\\\/product\\\/alcest-ecailles-de-lune-multicolour-marble\\\/#breadcrumb\",\"itemListElement\":[{\"@type\":\"ListItem\",\"position\":1,\"name\":\"Home\",\"item\":\"https:\\\/\\\/demistrecords.nl\\\/\"},{\"@type\":\"ListItem\",\"position\":2,\"name\":\"Shop\",\"item\":\"https:\\\/\\\/demistrecords.nl\\\/shop\\\/\"},{\"@type\":\"ListItem\",\"position\":3,\"name\":\"Alcest &#8211; \u00c9cailles De Lune (multicolour marble)\"}]},{\"@type\":\"WebSite\",\"@id\":\"https:\\\/\\\/demistrecords.nl\\\/#website\",\"url\":\"https:\\\/\\\/demistrecords.nl\\\/\",\"name\":\"De Mist Records\",\"description\":\"Post-rock and related music\",\"publisher\":{\"@id\":\"https:\\\/\\\/demistrecords.nl\\\/#organization\"},\"potentialAction\":[{\"@type\":\"SearchAction\",\"target\":{\"@type\":\"EntryPoint\",\"urlTemplate\":\"https:\\\/\\\/demistrecords.nl\\\/?s={search_term_string}\"},\"query-input\":{\"@type\":\"PropertyValueSpecification\",\"valueRequired\":true,\"valueName\":\"search_term_string\"}}],\"inLanguage\":\"en-GB\"},{\"@type\":\"Organization\",\"@id\":\"https:\\\/\\\/demistrecords.nl\\\/#organization\",\"name\":\"De Mist Records\",\"url\":\"https:\\\/\\\/demistrecords.nl\\\/\",\"logo\":{\"@type\":\"ImageObject\",\"inLanguage\":\"en-GB\",\"@id\":\"https:\\\/\\\/demistrecords.nl\\\/#\\\/schema\\\/logo\\\/image\\\/\",\"url\":\"https:\\\/\\\/demistrecords.nl\\\/wp-content\\\/uploads\\\/2020\\\/12\\\/logo-de-mist-records-rond.png\",\"contentUrl\":\"https:\\\/\\\/demistrecords.nl\\\/wp-content\\\/uploads\\\/2020\\\/12\\\/logo-de-mist-records-rond.png\",\"width\":500,\"height\":500,\"caption\":\"De Mist Records\"},\"image\":{\"@id\":\"https:\\\/\\\/demistrecords.nl\\\/#\\\/schema\\\/logo\\\/image\\\/\"},\"sameAs\":[\"https:\\\/\\\/www.facebook.com\\\/demistrecordsnl\",\"https:\\\/\\\/x.com\\\/deathroo1\",\"https:\\\/\\\/www.instagram.com\\\/demist_records\\\/\"]}]}<\/script>\n<!-- \/ Yoast SEO plugin. -->","yoast_head_json":{"title":"Alcest - \u00c9cailles De Lune (multicolour marble) limited edition multicolour marbled","description":"Koop Alcest - \u00c9cailles de Lune op Limited Edition blauw gemarmerd vinyl. H\u00e9t blackgaze meesterwerk met poster en extra's. Bestel nu en ontdek deze dromerige LP!","robots":{"index":"index","follow":"follow","max-snippet":"max-snippet:-1","max-image-preview":"max-image-preview:large","max-video-preview":"max-video-preview:-1"},"canonical":"https:\/\/demistrecords.nl\/en\/product\/alcest-ecailles-de-lune-multicolour-marble\/","og_locale":"en_GB","og_type":"article","og_title":"Alcest - \u00c9cailles De Lune (multicolour marble) limited edition multicolour marbled","og_description":"Koop Alcest - \u00c9cailles de Lune op Limited Edition blauw gemarmerd vinyl. H\u00e9t blackgaze meesterwerk met poster en extra's. Bestel nu en ontdek deze dromerige LP!","og_url":"https:\/\/demistrecords.nl\/en\/product\/alcest-ecailles-de-lune-multicolour-marble\/","og_site_name":"De Mist Records","article_publisher":"https:\/\/www.facebook.com\/demistrecordsnl","article_modified_time":"2026-03-03T20:49:52+00:00","og_image":[{"width":800,"height":800,"url":"https:\/\/demistrecords.nl\/wp-content\/uploads\/2026\/02\/alcest-ecailles-de-lune-multicolour-marble.jpg","type":"image\/jpeg"}],"twitter_card":"summary_large_image","twitter_site":"@deathroo1","twitter_misc":{"Estimated reading time":"1 minute"},"schema":{"@context":"https:\/\/schema.org","@graph":[{"@type":["WebPage","ItemPage"],"@id":"https:\/\/demistrecords.nl\/product\/alcest-ecailles-de-lune-multicolour-marble\/","url":"https:\/\/demistrecords.nl\/product\/alcest-ecailles-de-lune-multicolour-marble\/","name":"Alcest - \u00c9cailles De Lune (multicolour marble) limited edition multicolour marbled","isPartOf":{"@id":"https:\/\/demistrecords.nl\/#website"},"primaryImageOfPage":{"@id":"https:\/\/demistrecords.nl\/product\/alcest-ecailles-de-lune-multicolour-marble\/#primaryimage"},"image":{"@id":"https:\/\/demistrecords.nl\/product\/alcest-ecailles-de-lune-multicolour-marble\/#primaryimage"},"thumbnailUrl":"https:\/\/demistrecords.nl\/wp-content\/uploads\/2026\/02\/alcest-ecailles-de-lune-multicolour-marble.jpg","datePublished":"2026-02-25T11:30:47+00:00","dateModified":"2026-03-03T20:49:52+00:00","description":"Koop Alcest - \u00c9cailles de Lune op Limited Edition blauw gemarmerd vinyl. H\u00e9t blackgaze meesterwerk met poster en extra's. Bestel nu en ontdek deze dromerige LP!","breadcrumb":{"@id":"https:\/\/demistrecords.nl\/product\/alcest-ecailles-de-lune-multicolour-marble\/#breadcrumb"},"inLanguage":"en-GB","potentialAction":[{"@type":"ReadAction","target":["https:\/\/demistrecords.nl\/product\/alcest-ecailles-de-lune-multicolour-marble\/"]}]},{"@type":"ImageObject","inLanguage":"en-GB","@id":"https:\/\/demistrecords.nl\/product\/alcest-ecailles-de-lune-multicolour-marble\/#primaryimage","url":"https:\/\/demistrecords.nl\/wp-content\/uploads\/2026\/02\/alcest-ecailles-de-lune-multicolour-marble.jpg","contentUrl":"https:\/\/demistrecords.nl\/wp-content\/uploads\/2026\/02\/alcest-ecailles-de-lune-multicolour-marble.jpg","width":800,"height":800},{"@type":"BreadcrumbList","@id":"https:\/\/demistrecords.nl\/product\/alcest-ecailles-de-lune-multicolour-marble\/#breadcrumb","itemListElement":[{"@type":"ListItem","position":1,"name":"Home","item":"https:\/\/demistrecords.nl\/"},{"@type":"ListItem","position":2,"name":"Shop","item":"https:\/\/demistrecords.nl\/shop\/"},{"@type":"ListItem","position":3,"name":"Alcest &#8211; \u00c9cailles De Lune (multicolour marble)"}]},{"@type":"WebSite","@id":"https:\/\/demistrecords.nl\/#website","url":"https:\/\/demistrecords.nl\/","name":"De Mist Records","description":"Post-rock and related music","publisher":{"@id":"https:\/\/demistrecords.nl\/#organization"},"potentialAction":[{"@type":"SearchAction","target":{"@type":"EntryPoint","urlTemplate":"https:\/\/demistrecords.nl\/?s={search_term_string}"},"query-input":{"@type":"PropertyValueSpecification","valueRequired":true,"valueName":"search_term_string"}}],"inLanguage":"en-GB"},{"@type":"Organization","@id":"https:\/\/demistrecords.nl\/#organization","name":"De Mist Records","url":"https:\/\/demistrecords.nl\/","logo":{"@type":"ImageObject","inLanguage":"en-GB","@id":"https:\/\/demistrecords.nl\/#\/schema\/logo\/image\/","url":"https:\/\/demistrecords.nl\/wp-content\/uploads\/2020\/12\/logo-de-mist-records-rond.png","contentUrl":"https:\/\/demistrecords.nl\/wp-content\/uploads\/2020\/12\/logo-de-mist-records-rond.png","width":500,"height":500,"caption":"De Mist Records"},"image":{"@id":"https:\/\/demistrecords.nl\/#\/schema\/logo\/image\/"},"sameAs":["https:\/\/www.facebook.com\/demistrecordsnl","https:\/\/x.com\/deathroo1","https:\/\/www.instagram.com\/demist_records\/"]}]}},"_links":{"self":[{"href":"https:\/\/demistrecords.nl\/en\/wp-json\/wp\/v2\/product\/2360","targetHints":{"allow":["GET"]}}],"collection":[{"href":"https:\/\/demistrecords.nl\/en\/wp-json\/wp\/v2\/product"}],"about":[{"href":"https:\/\/demistrecords.nl\/en\/wp-json\/wp\/v2\/types\/product"}],"replies":[{"embeddable":true,"href":"https:\/\/demistrecords.nl\/en\/wp-json\/wp\/v2\/comments?post=2360"}],"wp:featuredmedia":[{"embeddable":true,"href":"https:\/\/demistrecords.nl\/en\/wp-json\/wp\/v2\/media\/2361"}],"wp:attachment":[{"href":"https:\/\/demistrecords.nl\/en\/wp-json\/wp\/v2\/media?parent=2360"}],"wp:term":[{"taxonomy":"product_brand","embeddable":true,"href":"https:\/\/demistrecords.nl\/en\/wp-json\/wp\/v2\/product_brand?post=2360"},{"taxonomy":"product_cat","embeddable":true,"href":"https:\/\/demistrecords.nl\/en\/wp-json\/wp\/v2\/product_cat?post=2360"},{"taxonomy":"product_tag","embeddable":true,"href":"https:\/\/demistrecords.nl\/en\/wp-json\/wp\/v2\/product_tag?post=2360"}],"curies":[{"name":"wp","href":"https:\/\/api.w.org\/{rel}","templated":true}]}}