{"id":384,"date":"2021-02-05T13:05:55","date_gmt":"2021-02-05T12:05:55","guid":{"rendered":"https:\/\/demistrecords.nl\/?post_type=product&#038;p=384"},"modified":"2022-02-25T23:35:33","modified_gmt":"2022-02-25T22:35:33","slug":"katla-allt-thetta-helvitis-myrkur","status":"publish","type":"product","link":"https:\/\/demistrecords.nl\/en\/product\/katla-allt-thetta-helvitis-myrkur\/","title":{"rendered":"Katla. &#8211; Allt \u00feetta Helv\u00edtis Myrkur"},"content":{"rendered":"<p><iframe style=\"border: 0; width: 100%; height: 42px;\" src=\"https:\/\/bandcamp.com\/EmbeddedPlayer\/album=3793961867\/size=small\/bgcol=333333\/linkcol=0f91ff\/transparent=true\/\" seamless=\"\"><a href=\"https:\/\/katlaiceland.bandcamp.com\/album\/allt-etta-helv-tis-myrkur\">Allt \u00feetta Helv\u00edtis Myrkur by Katla.<\/a><\/iframe><\/p>\n<p><iframe loading=\"lazy\" title=\"Katla - Hvitamyrkur [official music video]\" width=\"1020\" height=\"574\" src=\"https:\/\/www.youtube.com\/embed\/B6ky1rKHQfU?feature=oembed\" frameborder=\"0\" allow=\"accelerometer; autoplay; clipboard-write; encrypted-media; gyroscope; picture-in-picture\" allowfullscreen><\/iframe><\/p>\n","protected":false},"excerpt":{"rendered":"<p>Allt \u00feetta Helv\u00edtis Myrkur comes on 180gram black vinyl with printed inner sleeves and gatefold cover. This edition is limited to 400 pieces worldwide.<\/p>\n<p>Katla. is the musical collaboration between Einar Thorberg Gu\u00f0mundsson (FORT\u00cd\u00d0, POTENTIAM) and Gu\u00f0mundur \u00d3li P\u00e1lmason (ex-S\u00d3LSTAFIR) and is from Reykjavik, Iceland. Katla.'s music is pure Icelandic: dark, rough, rough, bombastic, melancholic, but above all pure and elusive. Influences come from folklore, 90's doom and black metal and psychedelic rock. A perfect ice-cold mix for an emotional rollercoaster ride.<\/p>","protected":false},"featured_media":386,"comment_status":"closed","ping_status":"closed","template":"","meta":[],"product_brand":[],"product_cat":[16],"product_tag":[38,27,26],"class_list":{"0":"post-384","1":"product","2":"type-product","3":"status-publish","4":"has-post-thumbnail","6":"product_cat-vinyl-12-2xlp","7":"product_tag-doom","8":"product_tag-post-black-metal","9":"product_tag-post-metal","11":"first","12":"outofstock","13":"taxable","14":"shipping-taxable","15":"purchasable","16":"product-type-simple"},"yoast_head":"<!-- This site is optimized with the Yoast SEO plugin v27.3 - https:\/\/yoast.com\/product\/yoast-seo-wordpress\/ -->\n<title>Katla. - Allt \u00feetta Helv\u00edtis Myrkur<\/title>\n<meta name=\"description\" content=\"Allt \u00feetta Helv\u00edtis Myrkur wordt geleverd op 180grams zwart vinyl met bedrukte binnenhoezen en gatefold cover. Dee oplage is gelimiteerd tot 400 stuks wereldwijd.  Katla. is de muzikale samenwerking tussen Einar Thorberg Gu\u00f0mundsson (FORT\u00cd\u00d0, POTENTIAM) en Gu\u00f0mundur \u00d3li P\u00e1lmason (ex-S\u00d3LSTAFIR) en is afkomstig uit Reykjavik, IJsland. De muziek van Katla. is puur IJslands: duister, ruw, ruig, bombastisch, melancholisch, maar vooral puur en ongrijpbaar. Invloeden komen uit folklore, 90&#039;s doom en blackmetal en psychedeliche rock. Een perfecte ijskoude mix voor een emotionele achtbaanrit.\" \/>\n<meta name=\"robots\" content=\"index, follow, max-snippet:-1, max-image-preview:large, max-video-preview:-1\" \/>\n<link rel=\"canonical\" href=\"http:\/\/demistrecords.nl\/en\/produkt\/katla-allt-thetta-helvitis-myrkur\/\" \/>\n<meta property=\"og:locale\" content=\"en_GB\" \/>\n<meta property=\"og:type\" content=\"article\" \/>\n<meta property=\"og:title\" content=\"Katla. - Allt \u00feetta Helv\u00edtis Myrkur\" \/>\n<meta property=\"og:description\" content=\"Allt \u00feetta Helv\u00edtis Myrkur wordt geleverd op 180grams zwart vinyl met bedrukte binnenhoezen en gatefold cover. Dee oplage is gelimiteerd tot 400 stuks wereldwijd.  Katla. is de muzikale samenwerking tussen Einar Thorberg Gu\u00f0mundsson (FORT\u00cd\u00d0, POTENTIAM) en Gu\u00f0mundur \u00d3li P\u00e1lmason (ex-S\u00d3LSTAFIR) en is afkomstig uit Reykjavik, IJsland. De muziek van Katla. is puur IJslands: duister, ruw, ruig, bombastisch, melancholisch, maar vooral puur en ongrijpbaar. Invloeden komen uit folklore, 90&#039;s doom en blackmetal en psychedeliche rock. Een perfecte ijskoude mix voor een emotionele achtbaanrit.\" \/>\n<meta property=\"og:url\" content=\"http:\/\/demistrecords.nl\/en\/produkt\/katla-allt-thetta-helvitis-myrkur\/\" \/>\n<meta property=\"og:site_name\" content=\"De Mist Records\" \/>\n<meta property=\"article:publisher\" content=\"https:\/\/www.facebook.com\/demistrecordsnl\" \/>\n<meta property=\"article:modified_time\" content=\"2022-02-25T22:35:33+00:00\" \/>\n<meta property=\"og:image\" content=\"https:\/\/demistrecords.nl\/wp-content\/uploads\/2021\/02\/Katla.-Allt-thetta-Helvitis-Myrkur.jpg\" \/>\n\t<meta property=\"og:image:width\" content=\"2120\" \/>\n\t<meta property=\"og:image:height\" content=\"2120\" \/>\n\t<meta property=\"og:image:type\" content=\"image\/jpeg\" \/>\n<meta name=\"twitter:card\" content=\"summary_large_image\" \/>\n<meta name=\"twitter:site\" content=\"@deathroo1\" \/>\n<meta name=\"twitter:label1\" content=\"Estimated reading time\" \/>\n\t<meta name=\"twitter:data1\" content=\"1 minute\" \/>\n<script type=\"application\/ld+json\" class=\"yoast-schema-graph\">{\"@context\":\"https:\\\/\\\/schema.org\",\"@graph\":[{\"@type\":[\"WebPage\",\"ItemPage\"],\"@id\":\"http:\\\/\\\/demistrecords.nl\\\/de\\\/produkt\\\/katla-allt-thetta-helvitis-myrkur\\\/\",\"url\":\"http:\\\/\\\/demistrecords.nl\\\/de\\\/produkt\\\/katla-allt-thetta-helvitis-myrkur\\\/\",\"name\":\"Katla. - Allt \u00feetta Helv\u00edtis Myrkur\",\"isPartOf\":{\"@id\":\"https:\\\/\\\/demistrecords.nl\\\/#website\"},\"primaryImageOfPage\":{\"@id\":\"http:\\\/\\\/demistrecords.nl\\\/de\\\/produkt\\\/katla-allt-thetta-helvitis-myrkur\\\/#primaryimage\"},\"image\":{\"@id\":\"http:\\\/\\\/demistrecords.nl\\\/de\\\/produkt\\\/katla-allt-thetta-helvitis-myrkur\\\/#primaryimage\"},\"thumbnailUrl\":\"https:\\\/\\\/demistrecords.nl\\\/wp-content\\\/uploads\\\/2021\\\/02\\\/Katla.-Allt-thetta-Helvitis-Myrkur.jpg\",\"datePublished\":\"2021-02-05T12:05:55+00:00\",\"dateModified\":\"2022-02-25T22:35:33+00:00\",\"description\":\"Allt \u00feetta Helv\u00edtis Myrkur wordt geleverd op 180grams zwart vinyl met bedrukte binnenhoezen en gatefold cover. Dee oplage is gelimiteerd tot 400 stuks wereldwijd. Katla. is de muzikale samenwerking tussen Einar Thorberg Gu\u00f0mundsson (FORT\u00cd\u00d0, POTENTIAM) en Gu\u00f0mundur \u00d3li P\u00e1lmason (ex-S\u00d3LSTAFIR) en is afkomstig uit Reykjavik, IJsland. De muziek van Katla. is puur IJslands: duister, ruw, ruig, bombastisch, melancholisch, maar vooral puur en ongrijpbaar. Invloeden komen uit folklore, 90's doom en blackmetal en psychedeliche rock. Een perfecte ijskoude mix voor een emotionele achtbaanrit.\",\"breadcrumb\":{\"@id\":\"http:\\\/\\\/demistrecords.nl\\\/de\\\/produkt\\\/katla-allt-thetta-helvitis-myrkur\\\/#breadcrumb\"},\"inLanguage\":\"en-GB\",\"potentialAction\":[{\"@type\":\"ReadAction\",\"target\":[\"http:\\\/\\\/demistrecords.nl\\\/de\\\/produkt\\\/katla-allt-thetta-helvitis-myrkur\\\/\"]}]},{\"@type\":\"ImageObject\",\"inLanguage\":\"en-GB\",\"@id\":\"http:\\\/\\\/demistrecords.nl\\\/de\\\/produkt\\\/katla-allt-thetta-helvitis-myrkur\\\/#primaryimage\",\"url\":\"https:\\\/\\\/demistrecords.nl\\\/wp-content\\\/uploads\\\/2021\\\/02\\\/Katla.-Allt-thetta-Helvitis-Myrkur.jpg\",\"contentUrl\":\"https:\\\/\\\/demistrecords.nl\\\/wp-content\\\/uploads\\\/2021\\\/02\\\/Katla.-Allt-thetta-Helvitis-Myrkur.jpg\",\"width\":2120,\"height\":2120},{\"@type\":\"BreadcrumbList\",\"@id\":\"http:\\\/\\\/demistrecords.nl\\\/de\\\/produkt\\\/katla-allt-thetta-helvitis-myrkur\\\/#breadcrumb\",\"itemListElement\":[{\"@type\":\"ListItem\",\"position\":1,\"name\":\"Home\",\"item\":\"https:\\\/\\\/demistrecords.nl\\\/\"},{\"@type\":\"ListItem\",\"position\":2,\"name\":\"Shop\",\"item\":\"https:\\\/\\\/demistrecords.nl\\\/shop\\\/\"},{\"@type\":\"ListItem\",\"position\":3,\"name\":\"Katla. &#8211; Allt \u00feetta Helv\u00edtis Myrkur\"}]},{\"@type\":\"WebSite\",\"@id\":\"https:\\\/\\\/demistrecords.nl\\\/#website\",\"url\":\"https:\\\/\\\/demistrecords.nl\\\/\",\"name\":\"De Mist Records\",\"description\":\"Post-rock and related music\",\"publisher\":{\"@id\":\"https:\\\/\\\/demistrecords.nl\\\/#organization\"},\"potentialAction\":[{\"@type\":\"SearchAction\",\"target\":{\"@type\":\"EntryPoint\",\"urlTemplate\":\"https:\\\/\\\/demistrecords.nl\\\/?s={search_term_string}\"},\"query-input\":{\"@type\":\"PropertyValueSpecification\",\"valueRequired\":true,\"valueName\":\"search_term_string\"}}],\"inLanguage\":\"en-GB\"},{\"@type\":\"Organization\",\"@id\":\"https:\\\/\\\/demistrecords.nl\\\/#organization\",\"name\":\"De Mist Records\",\"url\":\"https:\\\/\\\/demistrecords.nl\\\/\",\"logo\":{\"@type\":\"ImageObject\",\"inLanguage\":\"en-GB\",\"@id\":\"https:\\\/\\\/demistrecords.nl\\\/#\\\/schema\\\/logo\\\/image\\\/\",\"url\":\"https:\\\/\\\/demistrecords.nl\\\/wp-content\\\/uploads\\\/2020\\\/12\\\/logo-de-mist-records-rond.png\",\"contentUrl\":\"https:\\\/\\\/demistrecords.nl\\\/wp-content\\\/uploads\\\/2020\\\/12\\\/logo-de-mist-records-rond.png\",\"width\":500,\"height\":500,\"caption\":\"De Mist Records\"},\"image\":{\"@id\":\"https:\\\/\\\/demistrecords.nl\\\/#\\\/schema\\\/logo\\\/image\\\/\"},\"sameAs\":[\"https:\\\/\\\/www.facebook.com\\\/demistrecordsnl\",\"https:\\\/\\\/x.com\\\/deathroo1\",\"https:\\\/\\\/www.instagram.com\\\/demist_records\\\/\"]}]}<\/script>\n<!-- \/ Yoast SEO plugin. -->","yoast_head_json":{"title":"Katla. - Allt \u00feetta Helv\u00edtis Myrkur","description":"Allt \u00feetta Helv\u00edtis Myrkur wordt geleverd op 180grams zwart vinyl met bedrukte binnenhoezen en gatefold cover. Dee oplage is gelimiteerd tot 400 stuks wereldwijd.  Katla. is de muzikale samenwerking tussen Einar Thorberg Gu\u00f0mundsson (FORT\u00cd\u00d0, POTENTIAM) en Gu\u00f0mundur \u00d3li P\u00e1lmason (ex-S\u00d3LSTAFIR) en is afkomstig uit Reykjavik, IJsland. De muziek van Katla. is puur IJslands: duister, ruw, ruig, bombastisch, melancholisch, maar vooral puur en ongrijpbaar. Invloeden komen uit folklore, 90's doom en blackmetal en psychedeliche rock. Een perfecte ijskoude mix voor een emotionele achtbaanrit.","robots":{"index":"index","follow":"follow","max-snippet":"max-snippet:-1","max-image-preview":"max-image-preview:large","max-video-preview":"max-video-preview:-1"},"canonical":"http:\/\/demistrecords.nl\/en\/produkt\/katla-allt-thetta-helvitis-myrkur\/","og_locale":"en_GB","og_type":"article","og_title":"Katla. - Allt \u00feetta Helv\u00edtis Myrkur","og_description":"Allt \u00feetta Helv\u00edtis Myrkur wordt geleverd op 180grams zwart vinyl met bedrukte binnenhoezen en gatefold cover. Dee oplage is gelimiteerd tot 400 stuks wereldwijd.  Katla. is de muzikale samenwerking tussen Einar Thorberg Gu\u00f0mundsson (FORT\u00cd\u00d0, POTENTIAM) en Gu\u00f0mundur \u00d3li P\u00e1lmason (ex-S\u00d3LSTAFIR) en is afkomstig uit Reykjavik, IJsland. De muziek van Katla. is puur IJslands: duister, ruw, ruig, bombastisch, melancholisch, maar vooral puur en ongrijpbaar. Invloeden komen uit folklore, 90's doom en blackmetal en psychedeliche rock. Een perfecte ijskoude mix voor een emotionele achtbaanrit.","og_url":"http:\/\/demistrecords.nl\/en\/produkt\/katla-allt-thetta-helvitis-myrkur\/","og_site_name":"De Mist Records","article_publisher":"https:\/\/www.facebook.com\/demistrecordsnl","article_modified_time":"2022-02-25T22:35:33+00:00","og_image":[{"width":2120,"height":2120,"url":"https:\/\/demistrecords.nl\/wp-content\/uploads\/2021\/02\/Katla.-Allt-thetta-Helvitis-Myrkur.jpg","type":"image\/jpeg"}],"twitter_card":"summary_large_image","twitter_site":"@deathroo1","twitter_misc":{"Estimated reading time":"1 minute"},"schema":{"@context":"https:\/\/schema.org","@graph":[{"@type":["WebPage","ItemPage"],"@id":"http:\/\/demistrecords.nl\/de\/produkt\/katla-allt-thetta-helvitis-myrkur\/","url":"http:\/\/demistrecords.nl\/de\/produkt\/katla-allt-thetta-helvitis-myrkur\/","name":"Katla. - Allt \u00feetta Helv\u00edtis Myrkur","isPartOf":{"@id":"https:\/\/demistrecords.nl\/#website"},"primaryImageOfPage":{"@id":"http:\/\/demistrecords.nl\/de\/produkt\/katla-allt-thetta-helvitis-myrkur\/#primaryimage"},"image":{"@id":"http:\/\/demistrecords.nl\/de\/produkt\/katla-allt-thetta-helvitis-myrkur\/#primaryimage"},"thumbnailUrl":"https:\/\/demistrecords.nl\/wp-content\/uploads\/2021\/02\/Katla.-Allt-thetta-Helvitis-Myrkur.jpg","datePublished":"2021-02-05T12:05:55+00:00","dateModified":"2022-02-25T22:35:33+00:00","description":"Allt \u00feetta Helv\u00edtis Myrkur wordt geleverd op 180grams zwart vinyl met bedrukte binnenhoezen en gatefold cover. Dee oplage is gelimiteerd tot 400 stuks wereldwijd. Katla. is de muzikale samenwerking tussen Einar Thorberg Gu\u00f0mundsson (FORT\u00cd\u00d0, POTENTIAM) en Gu\u00f0mundur \u00d3li P\u00e1lmason (ex-S\u00d3LSTAFIR) en is afkomstig uit Reykjavik, IJsland. De muziek van Katla. is puur IJslands: duister, ruw, ruig, bombastisch, melancholisch, maar vooral puur en ongrijpbaar. Invloeden komen uit folklore, 90's doom en blackmetal en psychedeliche rock. Een perfecte ijskoude mix voor een emotionele achtbaanrit.","breadcrumb":{"@id":"http:\/\/demistrecords.nl\/de\/produkt\/katla-allt-thetta-helvitis-myrkur\/#breadcrumb"},"inLanguage":"en-GB","potentialAction":[{"@type":"ReadAction","target":["http:\/\/demistrecords.nl\/de\/produkt\/katla-allt-thetta-helvitis-myrkur\/"]}]},{"@type":"ImageObject","inLanguage":"en-GB","@id":"http:\/\/demistrecords.nl\/de\/produkt\/katla-allt-thetta-helvitis-myrkur\/#primaryimage","url":"https:\/\/demistrecords.nl\/wp-content\/uploads\/2021\/02\/Katla.-Allt-thetta-Helvitis-Myrkur.jpg","contentUrl":"https:\/\/demistrecords.nl\/wp-content\/uploads\/2021\/02\/Katla.-Allt-thetta-Helvitis-Myrkur.jpg","width":2120,"height":2120},{"@type":"BreadcrumbList","@id":"http:\/\/demistrecords.nl\/de\/produkt\/katla-allt-thetta-helvitis-myrkur\/#breadcrumb","itemListElement":[{"@type":"ListItem","position":1,"name":"Home","item":"https:\/\/demistrecords.nl\/"},{"@type":"ListItem","position":2,"name":"Shop","item":"https:\/\/demistrecords.nl\/shop\/"},{"@type":"ListItem","position":3,"name":"Katla. &#8211; Allt \u00feetta Helv\u00edtis Myrkur"}]},{"@type":"WebSite","@id":"https:\/\/demistrecords.nl\/#website","url":"https:\/\/demistrecords.nl\/","name":"De Mist Records","description":"Post-rock and related music","publisher":{"@id":"https:\/\/demistrecords.nl\/#organization"},"potentialAction":[{"@type":"SearchAction","target":{"@type":"EntryPoint","urlTemplate":"https:\/\/demistrecords.nl\/?s={search_term_string}"},"query-input":{"@type":"PropertyValueSpecification","valueRequired":true,"valueName":"search_term_string"}}],"inLanguage":"en-GB"},{"@type":"Organization","@id":"https:\/\/demistrecords.nl\/#organization","name":"De Mist Records","url":"https:\/\/demistrecords.nl\/","logo":{"@type":"ImageObject","inLanguage":"en-GB","@id":"https:\/\/demistrecords.nl\/#\/schema\/logo\/image\/","url":"https:\/\/demistrecords.nl\/wp-content\/uploads\/2020\/12\/logo-de-mist-records-rond.png","contentUrl":"https:\/\/demistrecords.nl\/wp-content\/uploads\/2020\/12\/logo-de-mist-records-rond.png","width":500,"height":500,"caption":"De Mist Records"},"image":{"@id":"https:\/\/demistrecords.nl\/#\/schema\/logo\/image\/"},"sameAs":["https:\/\/www.facebook.com\/demistrecordsnl","https:\/\/x.com\/deathroo1","https:\/\/www.instagram.com\/demist_records\/"]}]}},"_links":{"self":[{"href":"https:\/\/demistrecords.nl\/en\/wp-json\/wp\/v2\/product\/384","targetHints":{"allow":["GET"]}}],"collection":[{"href":"https:\/\/demistrecords.nl\/en\/wp-json\/wp\/v2\/product"}],"about":[{"href":"https:\/\/demistrecords.nl\/en\/wp-json\/wp\/v2\/types\/product"}],"replies":[{"embeddable":true,"href":"https:\/\/demistrecords.nl\/en\/wp-json\/wp\/v2\/comments?post=384"}],"wp:featuredmedia":[{"embeddable":true,"href":"https:\/\/demistrecords.nl\/en\/wp-json\/wp\/v2\/media\/386"}],"wp:attachment":[{"href":"https:\/\/demistrecords.nl\/en\/wp-json\/wp\/v2\/media?parent=384"}],"wp:term":[{"taxonomy":"product_brand","embeddable":true,"href":"https:\/\/demistrecords.nl\/en\/wp-json\/wp\/v2\/product_brand?post=384"},{"taxonomy":"product_cat","embeddable":true,"href":"https:\/\/demistrecords.nl\/en\/wp-json\/wp\/v2\/product_cat?post=384"},{"taxonomy":"product_tag","embeddable":true,"href":"https:\/\/demistrecords.nl\/en\/wp-json\/wp\/v2\/product_tag?post=384"}],"curies":[{"name":"wp","href":"https:\/\/api.w.org\/{rel}","templated":true}]}}